{"id":1306,"date":"2018-05-30T20:01:06","date_gmt":"2018-05-30T20:01:06","guid":{"rendered":"https:\/\/www.parquetantauco.cl\/?page_id=1306"},"modified":"2025-02-28T18:27:45","modified_gmt":"2025-02-28T18:27:45","slug":"flora-y-fauna","status":"publish","type":"page","link":"https:\/\/parquetantauco.cl\/en\/flora-y-fauna\/","title":{"rendered":"Flora y Fauna"},"content":{"rendered":"<div id=\"pl-1306\"  class=\"panel-layout\" ><div id=\"pg-1306-0\"  class=\"panel-grid panel-has-style\" ><div class=\"panel-row-style panel-row-style-for-1306-0\" ><div id=\"pgc-1306-0-0\"  class=\"panel-grid-cell\" ><div id=\"panel-1306-0-0-0\" class=\"so-panel widget widget_sow-editor panel-first-child panel-last-child\" data-index=\"0\" ><div\n\t\t\t\n\t\t\tclass=\"so-widget-sow-editor so-widget-sow-editor-base\"\n\t\t\t\n\t\t>\n<div class=\"siteorigin-widget-tinymce textwidget\">\n\t<p style=\"text-align: left;\"><span style=\"color: #636363;\"><span style=\"line-height: 160%;\">Tantauco est\u00e1 ubicado en el \u201cSitio Chaiguata\u201d, definido por la CONAMA (Corporaci\u00f3n Nacional del Medio Ambiente) como sitio prioritario para la conservaci\u00f3n de la biodiversidad en la Estrategia de Biodiversidad Nacional (Conama, 2003).<\/span><\/span><\/p>\n<p style=\"text-align: left;\"><span style=\"color: #636363;\">El paisaje vegetacional en la zona sur de Chilo\u00e9 es exuberante y variado en especies arb\u00f3reas de gran talla. Los ecosistemas est\u00e1n dominados por Selva Valdiviana, Siempreverde o Selva de Chilo\u00e9, existiendo en el Parque grandes extensiones de Bosque Nativo.<\/span><\/p>\n<p style=\"text-align: left;\"><span style=\"color: #636363;\"><span style=\"line-height: 160%;\">En cuanto a la flora del Parque, destaca la presencia de especies amenazadas como el Cipr\u00e9s de las Guaitecas y el Olivillo Costero; y en la fauna, el Huill\u00edn, el Zorro Chilote y la ranita de Darwin.<\/span><\/span><\/p>\n<\/div>\n<\/div><\/div><\/div><\/div><\/div><div id=\"pg-1306-1\"  class=\"panel-grid panel-no-style\" ><div id=\"pgc-1306-1-0\"  class=\"panel-grid-cell\" ><div id=\"panel-1306-1-0-0\" class=\"so-panel widget widget_sow-editor panel-first-child panel-last-child\" data-index=\"1\" ><div\n\t\t\t\n\t\t\tclass=\"so-widget-sow-editor so-widget-sow-editor-base\"\n\t\t\t\n\t\t>\n<div class=\"siteorigin-widget-tinymce textwidget\">\n\t<p><strong><span style=\"color: #636363;\">Cipr\u00e9s de las Guaitecas<\/span><\/strong><\/p>\n<p><span style=\"color: #636363;\"><b> <\/b><span style=\"font-weight: 400;\">(Pilgerodendron uviferum) El Cipr\u00e9s es la con\u00edfera m\u00e1s austral del mundo y la especie principal de las investigaciones del Parque. Es un \u00e1rbol de crecimiento lento que puede alcanzar los 20 m de altura, copa estrecha y tronco recto de hasta 1 m de di\u00e1metro, aunque la media se sit\u00faa principalmente entre los 15 y 18 m de altura y un di\u00e1metro de entre 30 y 50 cm.<\/span><\/span><\/p>\n<p><span style=\"font-weight: 400; color: #636363;\">La corteza es rugosa, de color casta\u00f1o rojizo, se descascara en l\u00e1minas gris\u00e1ceas y presenta fisuras longitudinales. El cipr\u00e9s de las Guaitecas tiene como caracter\u00edstica habitar en suelos con mal drenaje, pantanosos y con alta humedad.<\/span><\/p>\n<p><span style=\"font-weight: 400; color: #636363;\">En el Parque Tantauco habita esta emblem\u00e1tica especie, aunque \u00e9sta ha sido afectada por recurrentes incendios intencionales que afectaron grandes \u00e1reas del Parque en la d\u00e9cada de los 40s.<\/span><\/p>\n<\/div>\n<\/div><\/div><\/div><div id=\"pgc-1306-1-1\"  class=\"panel-grid-cell\" ><div id=\"panel-1306-1-1-0\" class=\"so-panel widget widget_sow-editor panel-first-child panel-last-child\" data-index=\"2\" ><div\n\t\t\t\n\t\t\tclass=\"so-widget-sow-editor so-widget-sow-editor-base\"\n\t\t\t\n\t\t>\n<div class=\"siteorigin-widget-tinymce textwidget\">\n\t<p><strong><span style=\"color: #636363;\">Huill\u00edn<\/span><\/strong><\/p>\n<p><span style=\"font-weight: 400; color: #636363;\">Se le llama tambi\u00e9n gato de r\u00edo, gato huill\u00edn o nutria de agua dulce, y es una especie de nutria que habita en el sur de Chile y Argentina. Aunque la llaman de \u201cagua dulce\u201d, se halla en ambos ambiente, marino y fluvial. Este animal de cuerpo mediano, tiene piel negra casta\u00f1a arriba, y beige en el vientre. Su dieta incluye peces, crust\u00e1ceos, moluscos y aves. \u00a0<\/span><\/p>\n<p><span style=\"font-weight: 400; color: #636363;\">Para vivir prefiere los r\u00edos, esteros, lagos, estuarios, canales y litoral rocoso, siempre que existan \u00e1rboles cerca. Este animal, al igual que muchos otros, se encuentra en peligro de extinci\u00f3n. Esto se debe a la caza ilegal para utilizar su piel, a la destrucci\u00f3n de su h\u00e1bitat, a la poluci\u00f3n de aguas y a la deforestaci\u00f3n. <\/span><\/p>\n<p><span style=\"font-weight: 400; color: #636363;\">Por esta raz\u00f3n, el Parque Tantauco lo estudia desde hace algunos a\u00f1os para generar mejores planes de conservaci\u00f3n y as\u00ed evitar su desaparici\u00f3n. Para ello, se han realizado investigaciones que ayudar a determinar su distribuci\u00f3n, el estudio de sus dietas y su estudio sanitario. Con ello se espera tambi\u00e9n poder hacer una estimaci\u00f3n de su poblaci\u00f3n.<\/span><\/p>\n<\/div>\n<\/div><\/div><\/div><\/div><div id=\"pg-1306-2\"  class=\"panel-grid panel-no-style\" ><div id=\"pgc-1306-2-0\"  class=\"panel-grid-cell\" ><div id=\"panel-1306-2-0-0\" class=\"so-panel widget widget_sow-editor panel-first-child panel-last-child\" data-index=\"3\" ><div\n\t\t\t\n\t\t\tclass=\"so-widget-sow-editor so-widget-sow-editor-base\"\n\t\t\t\n\t\t>\n<div class=\"siteorigin-widget-tinymce textwidget\">\n\t<p><strong><span style=\"color: #636363;\">Zorro de Darwin<\/span><\/strong><\/p>\n<p><span style=\"font-weight: 400; color: #636363;\">Es el c\u00e1nido m\u00e1s peque\u00f1o de Chile. Es de color gris oscuro, con manchas blancas en las patas y orejas rojizas, que habita en los bosques templados del sur de Chile. Este animal se encuentra en peligro de extinci\u00f3n, pues se estima quedan solo 500 ejemplares de \u00e9l en nuestro pa\u00eds.<\/span><\/p>\n<p><span style=\"font-weight: 400; color: #636363;\">Tantauco presenta varios ejemplares de esta especie y cada a\u00f1o se realizan monitoreos para conocer m\u00e1s sobre el estado de nuestra poblaci\u00f3n.<\/span><\/p>\n<\/div>\n<\/div><\/div><\/div><div id=\"pgc-1306-2-1\"  class=\"panel-grid-cell\" ><div id=\"panel-1306-2-1-0\" class=\"so-panel widget widget_sow-editor panel-first-child panel-last-child\" data-index=\"4\" ><div\n\t\t\t\n\t\t\tclass=\"so-widget-sow-editor so-widget-sow-editor-base\"\n\t\t\t\n\t\t>\n<div class=\"siteorigin-widget-tinymce textwidget\">\n\t<p><strong><span style=\"color: #636363;\">Olivillo Costero<\/span><\/strong><\/p>\n<p><span style=\"font-weight: 400; color: #636363;\">(Aextoxicon punctatum) es un \u00e1rbol siempreverde de follaje oscuro, capaz de alcanzar una altura sobre los 20 m., con di\u00e1metros mayores a 1,7 m y alcanzar edades de m\u00e1s de 270 a\u00f1os. Presenta corteza lisa y tonalidades opacas claras.<\/span><\/p>\n<p><span style=\"font-weight: 400; color: #636363;\">Presenta hojas ovaladas a alargadas con caracter\u00edsticos puntos visibles notoriamente por debajo de la hoja (env\u00e9s). Estos puntos son en verdad pelos o denominados tricomas, que al observarlos de cerca de aprecian como peque\u00f1as escamitas superficiales.<\/span><\/p>\n<\/div>\n<\/div><\/div><\/div><\/div><div id=\"pg-1306-3\"  class=\"panel-grid panel-no-style\" ><div id=\"pgc-1306-3-0\"  class=\"panel-grid-cell\" ><div id=\"panel-1306-3-0-0\" class=\"so-panel widget widget_sow-editor panel-first-child panel-last-child\" data-index=\"5\" ><div\n\t\t\t\n\t\t\tclass=\"so-widget-sow-editor so-widget-sow-editor-base\"\n\t\t\t\n\t\t>\n<div class=\"siteorigin-widget-tinymce textwidget\">\n\t<p>&nbsp;<\/p>\n<p><strong><span style=\"color: #636363;\">Ranita de Darwin<\/span><\/strong><\/p>\n<p><span style=\"color: #636363;\"><b><span style=\"font-weight: 400;\">Llamada as\u00ed por haber sido descubierta por Charles Darwin en su recorrido por la zona austral del pa\u00eds. Este especial y enigm\u00e1tico anfibio, de no m\u00e1s de 3 a 4 cent\u00edmetros de longitud, presenta una coloraci\u00f3n variable, desde caf\u00e9 oscuro hasta un hermoso verde. Su vientre posee un dise\u00f1o muy especial, de color blanco y negro, que utiliza para confundir a sus depredadores, ya que cuando se siente amenazada, salta hacia atr\u00e1s y cae de espalda, siendo esto un m\u00e9todo muy efectivo de disuasi\u00f3n. <\/span><\/b><\/span><\/p>\n<p>&nbsp;<\/p>\n<p><span style=\"font-weight: 400; color: #636363;\">Este animal es conocido en el mundo entero por su extra\u00f1a forma de incubaci\u00f3n, llamado Neomelia. Este consiste en que el macho, una vez que los huevos depositados por la hembra en el suelo eclosionan, los guarda en su \u201cbolsa gutural\u201d, la misma que utiliza para realizar el canto que atrae a las hembras. Una vez que los guarisapos han terminado la metamorfosis, salen de la bolsa de su padre totalmente convertidos en ranas, listos para la vida terrestre.<\/span><\/p>\n<p><span style=\"font-weight: 400; color: #636363;\">Las Ranitas est\u00e1n en gran peligro de extinci\u00f3n y en Tantauco tenemos identificado varios lugares donde se encuentran poblaciones estables para monitorearlas y protegerlas.<\/span><\/p>\n<p><span style=\"font-weight: 400; color: #636363;\">Cada visitante que viene a Tantauco y que recorre lugares donde se encuentran las Ranitas, deben pasar por un desinfectante en sus zapatos con el fin de proteger a esta especie del hongo qu\u00edtrido, que podr\u00eda venir en el barro, y que podr\u00eda ser mortal para las ranitas. Esta es una de las formas que tenemos para proteger a la especie de forma activa.<\/span><\/p>\n<p>&nbsp;<\/p>\nngg_shortcode_0_placeholder\n<\/div>\n<\/div><\/div><\/div><\/div><\/div>","protected":false},"excerpt":{"rendered":"<p>Tantauco est\u00e1 ubicado en el \u201cSitio Chaiguata\u201d, definido por la CONAMA (Corporaci\u00f3n Nacional del Medio Ambiente) como sitio prioritario para la conservaci\u00f3n de la biodiversidad en la Estrategia de Biodiversidad Nacional (Conama, 2003). El paisaje vegetacional en la zona sur de Chilo\u00e9 es exuberante y variado en especies arb\u00f3reas de gran talla. Los ecosistemas est\u00e1n [&hellip;]<\/p>\n","protected":false},"author":1,"featured_media":2753,"parent":0,"menu_order":0,"comment_status":"closed","ping_status":"closed","template":"","meta":{"_acf_changed":false,"inline_featured_image":false,"_uag_custom_page_level_css":"","ngg_post_thumbnail":0,"footnotes":""},"class_list":["post-1306","page","type-page","status-publish","has-post-thumbnail","hentry"],"acf":[],"aioseo_notices":[],"uagb_featured_image_src":{"full":["https:\/\/parquetantauco.cl\/wp-content\/uploads\/2021\/09\/X-Ranita-Darwin-AB.jpg",2288,1712,false],"thumbnail":["https:\/\/parquetantauco.cl\/wp-content\/uploads\/2021\/09\/X-Ranita-Darwin-AB-150x150.jpg",150,150,true],"medium":["https:\/\/parquetantauco.cl\/wp-content\/uploads\/2021\/09\/X-Ranita-Darwin-AB-300x224.jpg",300,224,true],"medium_large":["https:\/\/parquetantauco.cl\/wp-content\/uploads\/2021\/09\/X-Ranita-Darwin-AB-768x575.jpg",768,575,true],"large":["https:\/\/parquetantauco.cl\/wp-content\/uploads\/2021\/09\/X-Ranita-Darwin-AB-1024x766.jpg",770,576,true],"1536x1536":["https:\/\/parquetantauco.cl\/wp-content\/uploads\/2021\/09\/X-Ranita-Darwin-AB-1536x1149.jpg",1536,1149,true],"2048x2048":["https:\/\/parquetantauco.cl\/wp-content\/uploads\/2021\/09\/X-Ranita-Darwin-AB-2048x1532.jpg",2048,1532,true],"multimedia":["https:\/\/parquetantauco.cl\/wp-content\/uploads\/2021\/09\/X-Ranita-Darwin-AB-480x360.jpg",480,360,true],"multimedia-big":["https:\/\/parquetantauco.cl\/wp-content\/uploads\/2021\/09\/X-Ranita-Darwin-AB-770x770.jpg",770,770,true],"sow-carousel-default":["https:\/\/parquetantauco.cl\/wp-content\/uploads\/2021\/09\/X-Ranita-Darwin-AB-272x182.jpg",272,182,true]},"uagb_author_info":{"display_name":"tantauco","author_link":"https:\/\/parquetantauco.cl\/en\/author\/parque-tantauco\/"},"uagb_comment_info":0,"uagb_excerpt":"Tantauco est\u00e1 ubicado en el \u201cSitio Chaiguata\u201d, definido por la CONAMA (Corporaci\u00f3n Nacional del Medio Ambiente) como sitio prioritario para la conservaci\u00f3n de la biodiversidad en la Estrategia de Biodiversidad Nacional (Conama, 2003). El paisaje vegetacional en la zona sur de Chilo\u00e9 es exuberante y variado en especies arb\u00f3reas de gran talla. Los ecosistemas est\u00e1n&hellip;","_links":{"self":[{"href":"https:\/\/parquetantauco.cl\/en\/wp-json\/wp\/v2\/pages\/1306","targetHints":{"allow":["GET"]}}],"collection":[{"href":"https:\/\/parquetantauco.cl\/en\/wp-json\/wp\/v2\/pages"}],"about":[{"href":"https:\/\/parquetantauco.cl\/en\/wp-json\/wp\/v2\/types\/page"}],"author":[{"embeddable":true,"href":"https:\/\/parquetantauco.cl\/en\/wp-json\/wp\/v2\/users\/1"}],"replies":[{"embeddable":true,"href":"https:\/\/parquetantauco.cl\/en\/wp-json\/wp\/v2\/comments?post=1306"}],"version-history":[{"count":2,"href":"https:\/\/parquetantauco.cl\/en\/wp-json\/wp\/v2\/pages\/1306\/revisions"}],"predecessor-version":[{"id":6166,"href":"https:\/\/parquetantauco.cl\/en\/wp-json\/wp\/v2\/pages\/1306\/revisions\/6166"}],"wp:featuredmedia":[{"embeddable":true,"href":"https:\/\/parquetantauco.cl\/en\/wp-json\/wp\/v2\/media\/2753"}],"wp:attachment":[{"href":"https:\/\/parquetantauco.cl\/en\/wp-json\/wp\/v2\/media?parent=1306"}],"curies":[{"name":"wp","href":"https:\/\/api.w.org\/{rel}","templated":true}]}}