{"id":1308,"date":"2018-05-30T20:01:06","date_gmt":"2018-05-30T20:01:06","guid":{"rendered":"https:\/\/www.parquetantauco.cl\/?page_id=1308"},"modified":"2021-09-10T18:45:38","modified_gmt":"2021-09-10T18:45:38","slug":"alojamiento","status":"publish","type":"page","link":"https:\/\/parquetantauco.cl\/en\/alojamiento\/","title":{"rendered":"Alojamiento"},"content":{"rendered":"<div id=\"pl-1308\"  class=\"panel-layout\" ><div id=\"pg-1308-0\"  class=\"panel-grid panel-no-style\" ><div id=\"pgc-1308-0-0\"  class=\"panel-grid-cell\" ><div id=\"panel-1308-0-0-0\" class=\"so-panel widget widget_sow-slider panel-first-child panel-last-child\" data-index=\"0\" ><div class=\"panel-widget-style panel-widget-style-for-1308-0-0-0\" ><div\n\t\t\t\n\t\t\tclass=\"so-widget-sow-slider so-widget-sow-slider-default-6d39609536fd-1308\"\n\t\t\t\n\t\t>\t\t\t\t<div class=\"sow-slider-base\" style=\"display: none\" tabindex=\"0\">\n\t\t\t\t\t<ul\n\t\t\t\t\tclass=\"sow-slider-images\"\n\t\t\t\t\tdata-settings=\"{&quot;pagination&quot;:true,&quot;speed&quot;:800,&quot;timeout&quot;:8000,&quot;paused&quot;:false,&quot;pause_on_hover&quot;:false,&quot;swipe&quot;:true,&quot;nav_always_show_desktop&quot;:&quot;&quot;,&quot;nav_always_show_mobile&quot;:&quot;&quot;,&quot;breakpoint&quot;:&quot;780px&quot;,&quot;unmute&quot;:false,&quot;anchor&quot;:null}\"\n\t\t\t\t\t\t\t\t\t\tdata-anchor-id=\"\"\n\t\t\t\t>\t\t<li class=\"sow-slider-image\" style=\"visibility: visible;\" >\n\t\t\t\t\t\t<div class=\"sow-slider-image-container\">\n\t\t\t\t<div class=\"sow-slider-image-wrapper\" style=\"max-width: 1000px\">\n\t\t\t\t\t\t\t\t\t\t<div class=\"sow-slider-image-foreground-wrapper\">\n\t\t\t\t\t\t<img loading=\"lazy\" decoding=\"async\" width=\"1000\" height=\"667\" src=\"https:\/\/parquetantauco.cl\/wp-content\/uploads\/2018\/10\/camping1.jpg\" class=\"sow-slider-foreground-image\" alt=\"\" style=\"\" srcset=\"https:\/\/parquetantauco.cl\/wp-content\/uploads\/2018\/10\/camping1.jpg 1000w, https:\/\/parquetantauco.cl\/wp-content\/uploads\/2018\/10\/camping1-300x200.jpg 300w, https:\/\/parquetantauco.cl\/wp-content\/uploads\/2018\/10\/camping1-768x512.jpg 768w, https:\/\/parquetantauco.cl\/wp-content\/uploads\/2018\/10\/camping1-272x182.jpg 272w\" sizes=\"auto, (max-width: 1000px) 100vw, 1000px\" \/>\t\t\t\t\t<\/div>\n\t\t\t\t\t\t\t\t\t<\/div>\n\t\t\t<\/div>\n\t\t\t\t\t<\/li>\n\t\t\t\t<li class=\"sow-slider-image\" style=\"visibility: hidden;\" >\n\t\t\t\t\t\t<div class=\"sow-slider-image-container\">\n\t\t\t\t<div class=\"sow-slider-image-wrapper\" style=\"max-width: 1000px\">\n\t\t\t\t\t\t\t\t\t\t<div class=\"sow-slider-image-foreground-wrapper\">\n\t\t\t\t\t\t<img loading=\"lazy\" decoding=\"async\" width=\"1000\" height=\"667\" src=\"https:\/\/parquetantauco.cl\/wp-content\/uploads\/2018\/10\/camping2.jpg\" class=\"sow-slider-foreground-image\" alt=\"\" style=\"\" srcset=\"https:\/\/parquetantauco.cl\/wp-content\/uploads\/2018\/10\/camping2.jpg 1000w, https:\/\/parquetantauco.cl\/wp-content\/uploads\/2018\/10\/camping2-300x200.jpg 300w, https:\/\/parquetantauco.cl\/wp-content\/uploads\/2018\/10\/camping2-768x512.jpg 768w, https:\/\/parquetantauco.cl\/wp-content\/uploads\/2018\/10\/camping2-272x182.jpg 272w\" sizes=\"auto, (max-width: 1000px) 100vw, 1000px\" \/>\t\t\t\t\t<\/div>\n\t\t\t\t\t\t\t\t\t<\/div>\n\t\t\t<\/div>\n\t\t\t\t\t<\/li>\n\t\t<\/ul>\t\t\t\t<ol class=\"sow-slider-pagination\">\n\t\t\t\t\t\t\t\t\t\t\t<li><a href=\"#\" data-goto=\"0\" aria-label=\"Display slide 1\"><\/a><\/li>\n\t\t\t\t\t\t\t\t\t\t\t<li><a href=\"#\" data-goto=\"1\" aria-label=\"Display slide 2\"><\/a><\/li>\n\t\t\t\t\t\t\t\t\t<\/ol>\n\n\t\t\t\t<div class=\"sow-slide-nav sow-slide-nav-next\">\n\t\t\t\t\t<a href=\"#\" data-goto=\"next\" aria-label=\"Next slide\" data-action=\"next\">\n\t\t\t\t\t\t<em class=\"sow-sld-icon-thin-right\"><\/em>\n\t\t\t\t\t<\/a>\n\t\t\t\t<\/div>\n\n\t\t\t\t<div class=\"sow-slide-nav sow-slide-nav-prev\">\n\t\t\t\t\t<a href=\"#\" data-goto=\"previous\" aria-label=\"Previous slide\" data-action=\"prev\">\n\t\t\t\t\t\t<em class=\"sow-sld-icon-thin-left\"><\/em>\n\t\t\t\t\t<\/a>\n\t\t\t\t<\/div>\n\t\t\t\t<\/div><\/div><\/div><\/div><\/div><div id=\"pgc-1308-0-1\"  class=\"panel-grid-cell\" ><div id=\"panel-1308-0-1-0\" class=\"so-panel widget widget_sow-editor panel-first-child panel-last-child\" data-index=\"1\" ><div class=\"panel-widget-style panel-widget-style-for-1308-0-1-0\" ><div\n\t\t\t\n\t\t\tclass=\"so-widget-sow-editor so-widget-sow-editor-base\"\n\t\t\t\n\t\t>\n<div class=\"siteorigin-widget-tinymce textwidget\">\n\t<p>&nbsp;<\/p>\n<p>&nbsp;<\/p>\n<h3 style=\"text-align: left;\"><span style=\"color: #636363;\">CAMPING<\/span><\/h3>\n<p>&nbsp;<\/p>\n<p style=\"text-align: left;\"><span style=\"color: #636363;\"><span style=\"font-weight: 400;\">En la zona de <\/span>Chaiguata<span style=\"font-weight: 400;\"> tenemos 20 sitios de camping, los cuales cuentan con una mesa y techo que permite a los visitantes tener un espacio de refugio para comer y protegerse de la lluvia. Todos los visitantes del camping tienen acceso a ba\u00f1os con agua caliente a pocos metros y a un lugar de encuentro com\u00fan llamado Quelc\u00fan. En este lugar, se pueden realizar comidas comunitarias, asados y hay lugar para lavar los utensilios de cocina.<\/span><\/span><\/p>\n<p><span style=\"color: #636363;\"><span style=\"font-weight: 400;\">En <\/span>In\u00edo<span style=\"font-weight: 400;\">, contamos con 15 sitios de camping y ba\u00f1os con agua caliente a pocos metros. Existe un lugar de encuentro al costado del Fog\u00f3n de In\u00edo, donde los visitantes pueden compartir.<\/span><\/span><\/p>\n<p>&nbsp;<\/p>\n<p style=\"text-align: center;\">\n<\/div>\n<\/div><\/div><\/div><\/div><\/div><div id=\"pg-1308-1\"  class=\"panel-grid panel-no-style\" ><div id=\"pgc-1308-1-0\"  class=\"panel-grid-cell\" ><div id=\"panel-1308-1-0-0\" class=\"so-panel widget widget_sow-editor panel-first-child panel-last-child\" data-index=\"2\" ><div class=\"panel-widget-style panel-widget-style-for-1308-1-0-0\" ><div\n\t\t\t\n\t\t\tclass=\"so-widget-sow-editor so-widget-sow-editor-base\"\n\t\t\t\n\t\t>\n<div class=\"siteorigin-widget-tinymce textwidget\">\n\t<p>&nbsp;<\/p>\n<p>&nbsp;<\/p>\n<h3 style=\"text-align: left;\"><span style=\"color: #636363;\">DOMOS<\/span><\/h3>\n<p>&nbsp;<\/p>\n<p style=\"text-align: left;\"><span style=\"color: #636363;\"><span style=\"font-weight: 400;\">Para las personas que buscan un alojamiento m\u00e1s confortable en el sector de <\/span>Chaiguata<span style=\"font-weight: 400;\">, tenemos domos de distintos formatos. Existen <\/span>matrimoniales<span style=\"font-weight: 400;\"> que cuentan con una cama doble, una cama o sill\u00f3n lateral para descansar y un sector con mesa y pisos para comer.\u00a0<\/span><span style=\"font-weight: 400;\">Para los <\/span>grupos<span style=\"font-weight: 400;\"> m\u00e1s grandes tenemos domos para seis personas que incluyen ropa de cama. Cada domo tiene su ba\u00f1o privado con agua caliente, los cuales se encuentran a pocos pasos del domo.<\/span><\/span><\/p>\n<p>&nbsp;<\/p>\n<p style=\"text-align: center;\">\n<\/div>\n<\/div><\/div><\/div><\/div><div id=\"pgc-1308-1-1\"  class=\"panel-grid-cell\" ><div id=\"panel-1308-1-1-0\" class=\"so-panel widget widget_sow-slider panel-first-child panel-last-child\" data-index=\"3\" ><div class=\"panel-widget-style panel-widget-style-for-1308-1-1-0\" ><div\n\t\t\t\n\t\t\tclass=\"so-widget-sow-slider so-widget-sow-slider-default-6d39609536fd-1308\"\n\t\t\t\n\t\t>\t\t\t\t<div class=\"sow-slider-base\" style=\"display: none\" tabindex=\"0\">\n\t\t\t\t\t<ul\n\t\t\t\t\tclass=\"sow-slider-images\"\n\t\t\t\t\tdata-settings=\"{&quot;pagination&quot;:true,&quot;speed&quot;:800,&quot;timeout&quot;:8000,&quot;paused&quot;:false,&quot;pause_on_hover&quot;:false,&quot;swipe&quot;:true,&quot;nav_always_show_desktop&quot;:&quot;&quot;,&quot;nav_always_show_mobile&quot;:&quot;&quot;,&quot;breakpoint&quot;:&quot;780px&quot;,&quot;unmute&quot;:false,&quot;anchor&quot;:null}\"\n\t\t\t\t\t\t\t\t\t\tdata-anchor-id=\"\"\n\t\t\t\t>\t\t<li class=\"sow-slider-image\" style=\"visibility: visible;\" >\n\t\t\t\t\t\t<div class=\"sow-slider-image-container\">\n\t\t\t\t<div class=\"sow-slider-image-wrapper\" style=\"max-width: 1000px\">\n\t\t\t\t\t\t\t\t\t\t<div class=\"sow-slider-image-foreground-wrapper\">\n\t\t\t\t\t\t<img loading=\"lazy\" decoding=\"async\" width=\"1000\" height=\"667\" src=\"https:\/\/parquetantauco.cl\/wp-content\/uploads\/2018\/10\/domo1.jpeg\" class=\"sow-slider-foreground-image\" alt=\"\" style=\"\" srcset=\"https:\/\/parquetantauco.cl\/wp-content\/uploads\/2018\/10\/domo1.jpeg 1000w, https:\/\/parquetantauco.cl\/wp-content\/uploads\/2018\/10\/domo1-300x200.jpeg 300w, https:\/\/parquetantauco.cl\/wp-content\/uploads\/2018\/10\/domo1-768x512.jpeg 768w, https:\/\/parquetantauco.cl\/wp-content\/uploads\/2018\/10\/domo1-272x182.jpeg 272w\" sizes=\"auto, (max-width: 1000px) 100vw, 1000px\" \/>\t\t\t\t\t<\/div>\n\t\t\t\t\t\t\t\t\t<\/div>\n\t\t\t<\/div>\n\t\t\t\t\t<\/li>\n\t\t\t\t<li class=\"sow-slider-image\" style=\"visibility: hidden;\" >\n\t\t\t\t\t\t<div class=\"sow-slider-image-container\">\n\t\t\t\t<div class=\"sow-slider-image-wrapper\" style=\"max-width: 1000px\">\n\t\t\t\t\t\t\t\t\t\t<div class=\"sow-slider-image-foreground-wrapper\">\n\t\t\t\t\t\t<img loading=\"lazy\" decoding=\"async\" width=\"1000\" height=\"667\" src=\"https:\/\/parquetantauco.cl\/wp-content\/uploads\/2018\/10\/domo2.jpeg\" class=\"sow-slider-foreground-image\" alt=\"\" style=\"\" srcset=\"https:\/\/parquetantauco.cl\/wp-content\/uploads\/2018\/10\/domo2.jpeg 1000w, https:\/\/parquetantauco.cl\/wp-content\/uploads\/2018\/10\/domo2-300x200.jpeg 300w, https:\/\/parquetantauco.cl\/wp-content\/uploads\/2018\/10\/domo2-768x512.jpeg 768w, https:\/\/parquetantauco.cl\/wp-content\/uploads\/2018\/10\/domo2-272x182.jpeg 272w\" sizes=\"auto, (max-width: 1000px) 100vw, 1000px\" \/>\t\t\t\t\t<\/div>\n\t\t\t\t\t\t\t\t\t<\/div>\n\t\t\t<\/div>\n\t\t\t\t\t<\/li>\n\t\t\t\t<li class=\"sow-slider-image\" style=\"visibility: hidden;\" >\n\t\t\t\t\t\t<div class=\"sow-slider-image-container\">\n\t\t\t\t<div class=\"sow-slider-image-wrapper\" style=\"max-width: 1000px\">\n\t\t\t\t\t\t\t\t\t\t<div class=\"sow-slider-image-foreground-wrapper\">\n\t\t\t\t\t\t<img loading=\"lazy\" decoding=\"async\" width=\"1000\" height=\"667\" src=\"https:\/\/parquetantauco.cl\/wp-content\/uploads\/2018\/10\/domo3.jpeg\" class=\"sow-slider-foreground-image\" alt=\"\" style=\"\" srcset=\"https:\/\/parquetantauco.cl\/wp-content\/uploads\/2018\/10\/domo3.jpeg 1000w, https:\/\/parquetantauco.cl\/wp-content\/uploads\/2018\/10\/domo3-300x200.jpeg 300w, https:\/\/parquetantauco.cl\/wp-content\/uploads\/2018\/10\/domo3-768x512.jpeg 768w, https:\/\/parquetantauco.cl\/wp-content\/uploads\/2018\/10\/domo3-272x182.jpeg 272w\" sizes=\"auto, (max-width: 1000px) 100vw, 1000px\" \/>\t\t\t\t\t<\/div>\n\t\t\t\t\t\t\t\t\t<\/div>\n\t\t\t<\/div>\n\t\t\t\t\t<\/li>\n\t\t\t\t<li class=\"sow-slider-image\" style=\"visibility: hidden;\" >\n\t\t\t\t\t\t<div class=\"sow-slider-image-container\">\n\t\t\t\t<div class=\"sow-slider-image-wrapper\" style=\"max-width: 1000px\">\n\t\t\t\t\t\t\t\t\t\t<div class=\"sow-slider-image-foreground-wrapper\">\n\t\t\t\t\t\t<img loading=\"lazy\" decoding=\"async\" width=\"1000\" height=\"667\" src=\"https:\/\/parquetantauco.cl\/wp-content\/uploads\/2018\/10\/domo4.jpeg\" class=\"sow-slider-foreground-image\" alt=\"\" style=\"\" srcset=\"https:\/\/parquetantauco.cl\/wp-content\/uploads\/2018\/10\/domo4.jpeg 1000w, https:\/\/parquetantauco.cl\/wp-content\/uploads\/2018\/10\/domo4-300x200.jpeg 300w, https:\/\/parquetantauco.cl\/wp-content\/uploads\/2018\/10\/domo4-768x512.jpeg 768w, https:\/\/parquetantauco.cl\/wp-content\/uploads\/2018\/10\/domo4-272x182.jpeg 272w\" sizes=\"auto, (max-width: 1000px) 100vw, 1000px\" \/>\t\t\t\t\t<\/div>\n\t\t\t\t\t\t\t\t\t<\/div>\n\t\t\t<\/div>\n\t\t\t\t\t<\/li>\n\t\t<\/ul>\t\t\t\t<ol class=\"sow-slider-pagination\">\n\t\t\t\t\t\t\t\t\t\t\t<li><a href=\"#\" data-goto=\"0\" aria-label=\"Display slide 1\"><\/a><\/li>\n\t\t\t\t\t\t\t\t\t\t\t<li><a href=\"#\" data-goto=\"1\" aria-label=\"Display slide 2\"><\/a><\/li>\n\t\t\t\t\t\t\t\t\t\t\t<li><a href=\"#\" data-goto=\"2\" aria-label=\"Display slide 3\"><\/a><\/li>\n\t\t\t\t\t\t\t\t\t\t\t<li><a href=\"#\" data-goto=\"3\" aria-label=\"Display slide 4\"><\/a><\/li>\n\t\t\t\t\t\t\t\t\t<\/ol>\n\n\t\t\t\t<div class=\"sow-slide-nav sow-slide-nav-next\">\n\t\t\t\t\t<a href=\"#\" data-goto=\"next\" aria-label=\"Next slide\" data-action=\"next\">\n\t\t\t\t\t\t<em class=\"sow-sld-icon-thin-right\"><\/em>\n\t\t\t\t\t<\/a>\n\t\t\t\t<\/div>\n\n\t\t\t\t<div class=\"sow-slide-nav sow-slide-nav-prev\">\n\t\t\t\t\t<a href=\"#\" data-goto=\"previous\" aria-label=\"Previous slide\" data-action=\"prev\">\n\t\t\t\t\t\t<em class=\"sow-sld-icon-thin-left\"><\/em>\n\t\t\t\t\t<\/a>\n\t\t\t\t<\/div>\n\t\t\t\t<\/div><\/div><\/div><\/div><\/div><\/div><div id=\"pg-1308-2\"  class=\"panel-grid panel-no-style\" ><div id=\"pgc-1308-2-0\"  class=\"panel-grid-cell\" ><div id=\"panel-1308-2-0-0\" class=\"so-panel widget widget_sow-slider panel-first-child panel-last-child\" data-index=\"4\" ><div class=\"panel-widget-style panel-widget-style-for-1308-2-0-0\" ><div\n\t\t\t\n\t\t\tclass=\"so-widget-sow-slider so-widget-sow-slider-default-6d39609536fd-1308\"\n\t\t\t\n\t\t>\t\t\t\t<div class=\"sow-slider-base\" style=\"display: none\" tabindex=\"0\">\n\t\t\t\t\t<ul\n\t\t\t\t\tclass=\"sow-slider-images\"\n\t\t\t\t\tdata-settings=\"{&quot;pagination&quot;:true,&quot;speed&quot;:800,&quot;timeout&quot;:8000,&quot;paused&quot;:false,&quot;pause_on_hover&quot;:false,&quot;swipe&quot;:true,&quot;nav_always_show_desktop&quot;:&quot;&quot;,&quot;nav_always_show_mobile&quot;:&quot;&quot;,&quot;breakpoint&quot;:&quot;780px&quot;,&quot;unmute&quot;:false,&quot;anchor&quot;:null}\"\n\t\t\t\t\t\t\t\t\t\tdata-anchor-id=\"\"\n\t\t\t\t>\t\t<li class=\"sow-slider-image\" style=\"visibility: visible;\" >\n\t\t\t\t\t\t<div class=\"sow-slider-image-container\">\n\t\t\t\t<div class=\"sow-slider-image-wrapper\" style=\"max-width: 770px\">\n\t\t\t\t\t\t\t\t\t\t<div class=\"sow-slider-image-foreground-wrapper\">\n\t\t\t\t\t\t<img loading=\"lazy\" decoding=\"async\" width=\"770\" height=\"513\" src=\"https:\/\/parquetantauco.cl\/wp-content\/uploads\/2018\/10\/casa1-1.jpg\" class=\"sow-slider-foreground-image\" alt=\"\" style=\"\" srcset=\"https:\/\/parquetantauco.cl\/wp-content\/uploads\/2018\/10\/casa1-1.jpg 770w, https:\/\/parquetantauco.cl\/wp-content\/uploads\/2018\/10\/casa1-1-300x200.jpg 300w, https:\/\/parquetantauco.cl\/wp-content\/uploads\/2018\/10\/casa1-1-768x512.jpg 768w, https:\/\/parquetantauco.cl\/wp-content\/uploads\/2018\/10\/casa1-1-272x182.jpg 272w\" sizes=\"auto, (max-width: 770px) 100vw, 770px\" \/>\t\t\t\t\t<\/div>\n\t\t\t\t\t\t\t\t\t<\/div>\n\t\t\t<\/div>\n\t\t\t\t\t<\/li>\n\t\t\t\t<li class=\"sow-slider-image\" style=\"visibility: hidden;\" >\n\t\t\t\t\t\t<div class=\"sow-slider-image-container\">\n\t\t\t\t<div class=\"sow-slider-image-wrapper\" style=\"max-width: 770px\">\n\t\t\t\t\t\t\t\t\t\t<div class=\"sow-slider-image-foreground-wrapper\">\n\t\t\t\t\t\t<img loading=\"lazy\" decoding=\"async\" width=\"770\" height=\"513\" src=\"https:\/\/parquetantauco.cl\/wp-content\/uploads\/2018\/10\/casa2.jpg\" class=\"sow-slider-foreground-image\" alt=\"\" style=\"\" srcset=\"https:\/\/parquetantauco.cl\/wp-content\/uploads\/2018\/10\/casa2.jpg 770w, https:\/\/parquetantauco.cl\/wp-content\/uploads\/2018\/10\/casa2-300x200.jpg 300w, https:\/\/parquetantauco.cl\/wp-content\/uploads\/2018\/10\/casa2-768x512.jpg 768w, https:\/\/parquetantauco.cl\/wp-content\/uploads\/2018\/10\/casa2-272x182.jpg 272w\" sizes=\"auto, (max-width: 770px) 100vw, 770px\" \/>\t\t\t\t\t<\/div>\n\t\t\t\t\t\t\t\t\t<\/div>\n\t\t\t<\/div>\n\t\t\t\t\t<\/li>\n\t\t\t\t<li class=\"sow-slider-image\" style=\"visibility: hidden;\" >\n\t\t\t\t\t\t<div class=\"sow-slider-image-container\">\n\t\t\t\t<div class=\"sow-slider-image-wrapper\" style=\"max-width: 770px\">\n\t\t\t\t\t\t\t\t\t\t<div class=\"sow-slider-image-foreground-wrapper\">\n\t\t\t\t\t\t<img loading=\"lazy\" decoding=\"async\" width=\"770\" height=\"513\" src=\"https:\/\/parquetantauco.cl\/wp-content\/uploads\/2018\/10\/casa3.jpg\" class=\"sow-slider-foreground-image\" alt=\"\" style=\"\" srcset=\"https:\/\/parquetantauco.cl\/wp-content\/uploads\/2018\/10\/casa3.jpg 770w, https:\/\/parquetantauco.cl\/wp-content\/uploads\/2018\/10\/casa3-300x200.jpg 300w, https:\/\/parquetantauco.cl\/wp-content\/uploads\/2018\/10\/casa3-768x512.jpg 768w, https:\/\/parquetantauco.cl\/wp-content\/uploads\/2018\/10\/casa3-272x182.jpg 272w\" sizes=\"auto, (max-width: 770px) 100vw, 770px\" \/>\t\t\t\t\t<\/div>\n\t\t\t\t\t\t\t\t\t<\/div>\n\t\t\t<\/div>\n\t\t\t\t\t<\/li>\n\t\t<\/ul>\t\t\t\t<ol class=\"sow-slider-pagination\">\n\t\t\t\t\t\t\t\t\t\t\t<li><a href=\"#\" data-goto=\"0\" aria-label=\"Display slide 1\"><\/a><\/li>\n\t\t\t\t\t\t\t\t\t\t\t<li><a href=\"#\" data-goto=\"1\" aria-label=\"Display slide 2\"><\/a><\/li>\n\t\t\t\t\t\t\t\t\t\t\t<li><a href=\"#\" data-goto=\"2\" aria-label=\"Display slide 3\"><\/a><\/li>\n\t\t\t\t\t\t\t\t\t<\/ol>\n\n\t\t\t\t<div class=\"sow-slide-nav sow-slide-nav-next\">\n\t\t\t\t\t<a href=\"#\" data-goto=\"next\" aria-label=\"Next slide\" data-action=\"next\">\n\t\t\t\t\t\t<em class=\"sow-sld-icon-thin-right\"><\/em>\n\t\t\t\t\t<\/a>\n\t\t\t\t<\/div>\n\n\t\t\t\t<div class=\"sow-slide-nav sow-slide-nav-prev\">\n\t\t\t\t\t<a href=\"#\" data-goto=\"previous\" aria-label=\"Previous slide\" data-action=\"prev\">\n\t\t\t\t\t\t<em class=\"sow-sld-icon-thin-left\"><\/em>\n\t\t\t\t\t<\/a>\n\t\t\t\t<\/div>\n\t\t\t\t<\/div><\/div><\/div><\/div><\/div><div id=\"pgc-1308-2-1\"  class=\"panel-grid-cell\" ><div id=\"panel-1308-2-1-0\" class=\"so-panel widget widget_sow-editor panel-first-child panel-last-child\" data-index=\"5\" ><div class=\"panel-widget-style panel-widget-style-for-1308-2-1-0\" ><div\n\t\t\t\n\t\t\tclass=\"so-widget-sow-editor so-widget-sow-editor-base\"\n\t\t\t\n\t\t>\n<div class=\"siteorigin-widget-tinymce textwidget\">\n\t<p>&nbsp;<\/p>\n<p>&nbsp;<\/p>\n<h3 style=\"text-align: left;\"><span style=\"color: #636363;\">CASA DE HU\u00c9SPEDES<\/span><\/h3>\n<p>&nbsp;<\/p>\n<p style=\"text-align: left;\"><span style=\"font-weight: 400; color: #636363;\">Esta linda casa ubicada en In\u00edo, zona sur del parque, cuenta con cuatro habitaciones dobles, de las cuales tres son con ba\u00f1o privado y dos con ba\u00f1o compartido, y dos habitaciones matrimoniales con ba\u00f1o privado.<\/span><\/p>\n<p style=\"text-align: left;\"><span style=\"font-weight: 400; color: #636363;\">En el primer piso se cuenta con espacios comunes y una cocina americana equipada para que los visitantes puedan preparar sus alimentos. Se recomienda reservar con anticipaci\u00f3n ya que para llegar deber\u00e1 coordinar su viaje con la administraci\u00f3n del Parque, sobre todo en temporada alta.<\/span><\/p>\n<p>&nbsp;<\/p>\n<p style=\"text-align: center;\">\n<\/div>\n<\/div><\/div><\/div><\/div><\/div><\/div>","protected":false},"excerpt":{"rendered":"<p>&nbsp; &nbsp; CAMPING &nbsp; En la zona de Chaiguata tenemos 20 sitios de camping, los cuales cuentan con una mesa y techo que permite a los visitantes tener un espacio de refugio para comer y protegerse de la lluvia. Todos los visitantes del camping tienen acceso a ba\u00f1os con agua caliente a pocos metros y [&hellip;]<\/p>\n","protected":false},"author":1,"featured_media":2774,"parent":0,"menu_order":0,"comment_status":"closed","ping_status":"closed","template":"","meta":{"_acf_changed":false,"inline_featured_image":false,"_uag_custom_page_level_css":"","ngg_post_thumbnail":0,"footnotes":""},"class_list":["post-1308","page","type-page","status-publish","has-post-thumbnail","hentry"],"acf":[],"aioseo_notices":[],"uagb_featured_image_src":{"full":["https:\/\/parquetantauco.cl\/wp-content\/uploads\/2021\/09\/ParqueTantauco_domo2.jpg",2088,1191,false],"thumbnail":["https:\/\/parquetantauco.cl\/wp-content\/uploads\/2021\/09\/ParqueTantauco_domo2-150x150.jpg",150,150,true],"medium":["https:\/\/parquetantauco.cl\/wp-content\/uploads\/2021\/09\/ParqueTantauco_domo2-300x171.jpg",300,171,true],"medium_large":["https:\/\/parquetantauco.cl\/wp-content\/uploads\/2021\/09\/ParqueTantauco_domo2-768x438.jpg",768,438,true],"large":["https:\/\/parquetantauco.cl\/wp-content\/uploads\/2021\/09\/ParqueTantauco_domo2-1024x584.jpg",770,439,true],"1536x1536":["https:\/\/parquetantauco.cl\/wp-content\/uploads\/2021\/09\/ParqueTantauco_domo2-1536x876.jpg",1536,876,true],"2048x2048":["https:\/\/parquetantauco.cl\/wp-content\/uploads\/2021\/09\/ParqueTantauco_domo2-2048x1168.jpg",2048,1168,true],"multimedia":["https:\/\/parquetantauco.cl\/wp-content\/uploads\/2021\/09\/ParqueTantauco_domo2-480x360.jpg",480,360,true],"multimedia-big":["https:\/\/parquetantauco.cl\/wp-content\/uploads\/2021\/09\/ParqueTantauco_domo2-770x770.jpg",770,770,true],"sow-carousel-default":["https:\/\/parquetantauco.cl\/wp-content\/uploads\/2021\/09\/ParqueTantauco_domo2-272x182.jpg",272,182,true]},"uagb_author_info":{"display_name":"tantauco","author_link":"https:\/\/parquetantauco.cl\/en\/author\/parque-tantauco\/"},"uagb_comment_info":0,"uagb_excerpt":"&nbsp; &nbsp; CAMPING &nbsp; En la zona de Chaiguata tenemos 20 sitios de camping, los cuales cuentan con una mesa y techo que permite a los visitantes tener un espacio de refugio para comer y protegerse de la lluvia. Todos los visitantes del camping tienen acceso a ba\u00f1os con agua caliente a pocos metros y&hellip;","_links":{"self":[{"href":"https:\/\/parquetantauco.cl\/en\/wp-json\/wp\/v2\/pages\/1308","targetHints":{"allow":["GET"]}}],"collection":[{"href":"https:\/\/parquetantauco.cl\/en\/wp-json\/wp\/v2\/pages"}],"about":[{"href":"https:\/\/parquetantauco.cl\/en\/wp-json\/wp\/v2\/types\/page"}],"author":[{"embeddable":true,"href":"https:\/\/parquetantauco.cl\/en\/wp-json\/wp\/v2\/users\/1"}],"replies":[{"embeddable":true,"href":"https:\/\/parquetantauco.cl\/en\/wp-json\/wp\/v2\/comments?post=1308"}],"version-history":[{"count":8,"href":"https:\/\/parquetantauco.cl\/en\/wp-json\/wp\/v2\/pages\/1308\/revisions"}],"predecessor-version":[{"id":2776,"href":"https:\/\/parquetantauco.cl\/en\/wp-json\/wp\/v2\/pages\/1308\/revisions\/2776"}],"wp:featuredmedia":[{"embeddable":true,"href":"https:\/\/parquetantauco.cl\/en\/wp-json\/wp\/v2\/media\/2774"}],"wp:attachment":[{"href":"https:\/\/parquetantauco.cl\/en\/wp-json\/wp\/v2\/media?parent=1308"}],"curies":[{"name":"wp","href":"https:\/\/api.w.org\/{rel}","templated":true}]}}