{"id":1317,"date":"2018-05-30T20:01:06","date_gmt":"2018-05-30T20:01:06","guid":{"rendered":"https:\/\/www.parquetantauco.cl\/?page_id=1317"},"modified":"2024-05-06T14:42:06","modified_gmt":"2024-05-06T14:42:06","slug":"reservas","status":"publish","type":"page","link":"https:\/\/parquetantauco.cl\/en\/reservas\/","title":{"rendered":"Reservas"},"content":{"rendered":"<div id=\"pl-1317\"  class=\"panel-layout\" ><div id=\"pg-1317-0\"  class=\"panel-grid panel-no-style\" ><div id=\"pgc-1317-0-0\"  class=\"panel-grid-cell\" ><div id=\"panel-1317-0-0-0\" class=\"so-panel widget widget_sow-editor panel-first-child panel-last-child\" data-index=\"0\" ><div\n\t\t\t\n\t\t\tclass=\"so-widget-sow-editor so-widget-sow-editor-base\"\n\t\t\t\n\t\t>\n<div class=\"siteorigin-widget-tinymce textwidget\">\n\t<h4><i class=\"fa-solid fa-calendar green\"><\/i> Reservas al correo:<a href=\"mailto:info@parquetantauco.cl\"> info@parquetantauco.cl<\/a><\/h4>\n<hr \/>\n<p><strong>Administraci\u00f3n Castro:<\/strong><br \/>\nTel\u00e9fono <a href=\"tel:\">+56 65 2530741<\/a><br \/>\nDirecci\u00f3n: Pasaje las Delicias 270, Castro<\/p>\n<p><strong>Horario Verano:<\/strong><br \/>\nLunes a Viernes de 9\u00a0 a 18 hrs<br \/>\n<strong>Horario Invierno:<\/strong><br \/>\nLunes a Jueves 9 a 18 hrs<br \/>\nViernes de 9 a 13 hrs<\/p>\n<hr \/>\n<p><strong>Administraci\u00f3n Chaiguata:<\/strong><br \/>\n<strong>Whatsapp\u00a0<\/strong><br \/>\n+56 9 50628783<br \/>\nS\u00f3lo consultas, no reservas<br \/>\n<strong>Horarios:<\/strong><br \/>\nLunes a Domingo de 10 a 17 hrs<\/p>\n<hr \/>\n<p><strong>Administraci\u00f3n Inio:<\/strong><br \/>\n<strong>Whatsapp<\/strong><br \/>\n+56 9 4910 7998<br \/>\nS\u00f3lo consultas, no reservas<br \/>\n<strong>Horarios:<\/strong><br \/>\nLunes a Viernes de 10 a 17 hrs<\/p>\n<\/div>\n<\/div><\/div><\/div><div id=\"pgc-1317-0-1\"  class=\"panel-grid-cell\" ><div id=\"panel-1317-0-1-0\" class=\"widget_text so-panel widget widget_custom_html panel-first-child panel-last-child\" data-index=\"1\" ><div class=\"textwidget custom-html-widget\">\n<div class=\"wpcf7 no-js\" id=\"wpcf7-f160-o1\" lang=\"es-ES\" dir=\"ltr\" data-wpcf7-id=\"160\">\n<div class=\"screen-reader-response\"><p role=\"status\" aria-live=\"polite\" aria-atomic=\"true\"><\/p> <ul><\/ul><\/div>\n<form action=\"\/en\/wp-json\/wp\/v2\/pages\/1317#wpcf7-f160-o1\" method=\"post\" class=\"wpcf7-form init\" aria-label=\"Formulario de contacto\" novalidate=\"novalidate\" data-status=\"init\">\n<fieldset class=\"hidden-fields-container\"><input type=\"hidden\" name=\"_wpcf7\" value=\"160\" \/><input type=\"hidden\" name=\"_wpcf7_version\" value=\"6.1.5\" \/><input type=\"hidden\" name=\"_wpcf7_locale\" value=\"es_ES\" \/><input type=\"hidden\" name=\"_wpcf7_unit_tag\" value=\"wpcf7-f160-o1\" \/><input type=\"hidden\" name=\"_wpcf7_container_post\" value=\"0\" \/><input type=\"hidden\" name=\"_wpcf7_posted_data_hash\" value=\"\" \/>\n<\/fieldset>\n<div class=\"row\">\n\t<div class=\"col-md-12\">\n\t\t<div class=\"form-group\">\n\t\t\t<p><label>Nombre y Apellido<\/label><br \/>\n<span class=\"wpcf7-form-control-wrap\" data-name=\"your-name\"><input size=\"40\" maxlength=\"400\" class=\"wpcf7-form-control wpcf7-text wpcf7-validates-as-required form-control\" aria-required=\"true\" aria-invalid=\"false\" placeholder=\"Ingresa aqu\u00ed tu nombre y apellido\" value=\"\" type=\"text\" name=\"your-name\" \/><\/span>\n\t\t\t<\/p>\n\t\t<\/div>\n\t\t<div class=\"form-group\">\n\t\t\t<p><label>Correo<\/label><br \/>\n<span class=\"wpcf7-form-control-wrap\" data-name=\"your-email\"><input size=\"40\" maxlength=\"400\" class=\"wpcf7-form-control wpcf7-email wpcf7-validates-as-required wpcf7-text wpcf7-validates-as-email form-control\" aria-required=\"true\" aria-invalid=\"false\" placeholder=\"Ingresa aqu\u00ed tu email\" value=\"\" type=\"email\" name=\"your-email\" \/><\/span>\n\t\t\t<\/p>\n\t\t<\/div>\n\t<\/div>\n\t<div class=\"col-md-12\">\n\t\t<p><label>Tel\u00e9fono<\/label><br \/>\n<span class=\"wpcf7-form-control-wrap\" data-name=\"telefono\"><input size=\"40\" maxlength=\"400\" class=\"wpcf7-form-control wpcf7-tel wpcf7-validates-as-required wpcf7-text wpcf7-validates-as-tel form-control\" aria-required=\"true\" aria-invalid=\"false\" placeholder=\"Ingresa aqu\u00ed tu n\u00famero de tel\u00e9fono\" value=\"\" type=\"tel\" name=\"telefono\" \/><\/span>\n\t\t<\/p>\n\t<\/div>\n\t<div class=\"col-md-12\">\n\t\t<div class=\"form-group\">\n\t\t\t<p><label>Mensaje<\/label><br \/>\n<span class=\"wpcf7-form-control-wrap\" data-name=\"your-message\"><textarea cols=\"40\" rows=\"4\" maxlength=\"2000\" class=\"wpcf7-form-control wpcf7-textarea form-control\" aria-invalid=\"false\" placeholder=\"Ingresa aqu\u00ed tu comentario\" name=\"your-message\"><\/textarea><\/span>\n\t\t\t<\/p>\n\t\t<\/div>\n\t\t<div class=\"form-group\">\n\t\t\t<p><input class=\"wpcf7-form-control wpcf7-submit has-spinner btn btn-primary btn-green\" type=\"submit\" value=\"Enviar\" \/>\n\t\t\t<\/p>\n\t\t<\/div>\n\t<\/div>\n<\/div><div class=\"wpcf7-response-output\" aria-hidden=\"true\"><\/div>\n<\/form>\n<\/div>\n<\/div><\/div><\/div><\/div><div id=\"pg-1317-1\"  class=\"panel-grid panel-no-style\" ><div id=\"pgc-1317-1-0\"  class=\"panel-grid-cell\" ><div id=\"panel-1317-1-0-0\" class=\"so-panel widget widget_sow-editor panel-first-child panel-last-child\" data-index=\"2\" ><div\n\t\t\t\n\t\t\tclass=\"so-widget-sow-editor so-widget-sow-editor-base\"\n\t\t\t\n\t\t>\n<div class=\"siteorigin-widget-tinymce textwidget\">\n\t<hr \/>\n<h3 style=\"text-align: center;\">S\u00cdGUENOS EN NUESTRAS REDES SOCIALES<\/h3>\n<\/div>\n<\/div><\/div><\/div><\/div><div id=\"pg-1317-2\"  class=\"panel-grid panel-no-style\" ><div id=\"pgc-1317-2-0\"  class=\"panel-grid-cell\" ><div id=\"panel-1317-2-0-0\" class=\"so-panel widget widget_sow-button panel-first-child panel-last-child\" data-index=\"3\" ><div\n\t\t\t\n\t\t\tclass=\"so-widget-sow-button so-widget-sow-button-flat-f84cae50681d-1317\"\n\t\t\t\n\t\t><div class=\"ow-button-base ow-button-align-right\"\n>\n\t\t\t<a\n\t\t\t\t\thref=\"https:\/\/www.instagram.com\/parque_tantauco\/\"\n\t\t\t\t\tclass=\"sowb-button ow-icon-placement-left ow-button-hover\" target=\"_blank\" rel=\"noopener noreferrer\" \t>\n\t\t<span>\n\t\t\t<span class=\"sow-icon-fontawesome sow-fab\" data-sow-icon=\"&#xf16d;\"\n\t\tstyle=\"color: #dd2a7b\" \n\t\taria-hidden=\"true\"><\/span>\n\t\t\t@parque_tantauco\t\t<\/span>\n\t\t\t<\/a>\n\t<\/div>\n<\/div><\/div><\/div><div id=\"pgc-1317-2-1\"  class=\"panel-grid-cell\" ><div id=\"panel-1317-2-1-0\" class=\"so-panel widget widget_sow-button panel-first-child panel-last-child\" data-index=\"4\" ><div\n\t\t\t\n\t\t\tclass=\"so-widget-sow-button so-widget-sow-button-flat-552da801e594-1317\"\n\t\t\t\n\t\t><div class=\"ow-button-base ow-button-align-left\"\n>\n\t\t\t<a\n\t\t\t\t\thref=\"https:\/\/www.facebook.com\/tantaucochiloe\"\n\t\t\t\t\tclass=\"sowb-button ow-icon-placement-left ow-button-hover\" target=\"_blank\" rel=\"noopener noreferrer\" \t>\n\t\t<span>\n\t\t\t<span class=\"sow-icon-fontawesome sow-fab\" data-sow-icon=\"&#xf39e;\"\n\t\tstyle=\"color: #01529a\" \n\t\taria-hidden=\"true\"><\/span>\n\t\t\t@tantaucochiloe\t\t<\/span>\n\t\t\t<\/a>\n\t<\/div>\n<\/div><\/div><\/div><\/div><\/div>","protected":false},"excerpt":{"rendered":"<p>Reservas al correo: info@parquetantauco.cl Administraci\u00f3n Castro: Tel\u00e9fono +56 65 2530741 Direcci\u00f3n: Pasaje las Delicias 270, Castro Horario Verano: Lunes a Viernes de 9\u00a0 a 18 hrs Horario Invierno: Lunes a Jueves 9 a 18 hrs Viernes de 9 a 13 hrs Administraci\u00f3n Chaiguata: Whatsapp\u00a0 +56 9 50628783 S\u00f3lo consultas, no reservas Horarios: Lunes a Domingo [&hellip;]<\/p>\n","protected":false},"author":1,"featured_media":2763,"parent":0,"menu_order":0,"comment_status":"closed","ping_status":"closed","template":"","meta":{"_acf_changed":false,"inline_featured_image":false,"_uag_custom_page_level_css":"","ngg_post_thumbnail":0,"footnotes":""},"class_list":["post-1317","page","type-page","status-publish","has-post-thumbnail","hentry"],"acf":[],"aioseo_notices":[],"uagb_featured_image_src":{"full":["https:\/\/parquetantauco.cl\/wp-content\/uploads\/2021\/09\/IMG_20210324_192734-scaled.jpg",2560,1920,false],"thumbnail":["https:\/\/parquetantauco.cl\/wp-content\/uploads\/2021\/09\/IMG_20210324_192734-150x150.jpg",150,150,true],"medium":["https:\/\/parquetantauco.cl\/wp-content\/uploads\/2021\/09\/IMG_20210324_192734-300x225.jpg",300,225,true],"medium_large":["https:\/\/parquetantauco.cl\/wp-content\/uploads\/2021\/09\/IMG_20210324_192734-768x576.jpg",768,576,true],"large":["https:\/\/parquetantauco.cl\/wp-content\/uploads\/2021\/09\/IMG_20210324_192734-1024x768.jpg",770,578,true],"1536x1536":["https:\/\/parquetantauco.cl\/wp-content\/uploads\/2021\/09\/IMG_20210324_192734-1536x1152.jpg",1536,1152,true],"2048x2048":["https:\/\/parquetantauco.cl\/wp-content\/uploads\/2021\/09\/IMG_20210324_192734-2048x1536.jpg",2048,1536,true],"multimedia":["https:\/\/parquetantauco.cl\/wp-content\/uploads\/2021\/09\/IMG_20210324_192734-480x360.jpg",480,360,true],"multimedia-big":["https:\/\/parquetantauco.cl\/wp-content\/uploads\/2021\/09\/IMG_20210324_192734-770x770.jpg",770,770,true],"sow-carousel-default":["https:\/\/parquetantauco.cl\/wp-content\/uploads\/2021\/09\/IMG_20210324_192734-272x182.jpg",272,182,true]},"uagb_author_info":{"display_name":"tantauco","author_link":"https:\/\/parquetantauco.cl\/en\/author\/parque-tantauco\/"},"uagb_comment_info":0,"uagb_excerpt":"Reservas al correo: info@parquetantauco.cl Administraci\u00f3n Castro: Tel\u00e9fono +56 65 2530741 Direcci\u00f3n: Pasaje las Delicias 270, Castro Horario Verano: Lunes a Viernes de 9\u00a0 a 18 hrs Horario Invierno: Lunes a Jueves 9 a 18 hrs Viernes de 9 a 13 hrs Administraci\u00f3n Chaiguata: Whatsapp\u00a0 +56 9 50628783 S\u00f3lo consultas, no reservas Horarios: Lunes a Domingo&hellip;","_links":{"self":[{"href":"https:\/\/parquetantauco.cl\/en\/wp-json\/wp\/v2\/pages\/1317","targetHints":{"allow":["GET"]}}],"collection":[{"href":"https:\/\/parquetantauco.cl\/en\/wp-json\/wp\/v2\/pages"}],"about":[{"href":"https:\/\/parquetantauco.cl\/en\/wp-json\/wp\/v2\/types\/page"}],"author":[{"embeddable":true,"href":"https:\/\/parquetantauco.cl\/en\/wp-json\/wp\/v2\/users\/1"}],"replies":[{"embeddable":true,"href":"https:\/\/parquetantauco.cl\/en\/wp-json\/wp\/v2\/comments?post=1317"}],"version-history":[{"count":43,"href":"https:\/\/parquetantauco.cl\/en\/wp-json\/wp\/v2\/pages\/1317\/revisions"}],"predecessor-version":[{"id":5167,"href":"https:\/\/parquetantauco.cl\/en\/wp-json\/wp\/v2\/pages\/1317\/revisions\/5167"}],"wp:featuredmedia":[{"embeddable":true,"href":"https:\/\/parquetantauco.cl\/en\/wp-json\/wp\/v2\/media\/2763"}],"wp:attachment":[{"href":"https:\/\/parquetantauco.cl\/en\/wp-json\/wp\/v2\/media?parent=1317"}],"curies":[{"name":"wp","href":"https:\/\/api.w.org\/{rel}","templated":true}]}}