{"id":1318,"date":"2018-05-30T20:01:06","date_gmt":"2018-05-30T20:01:06","guid":{"rendered":"https:\/\/www.parquetantauco.cl\/?page_id=1318"},"modified":"2023-03-02T22:02:26","modified_gmt":"2023-03-02T22:02:26","slug":"tour-operadores","status":"publish","type":"page","link":"https:\/\/parquetantauco.cl\/en\/tour-operadores\/","title":{"rendered":"Tour operadores"},"content":{"rendered":"<div id=\"pl-1318\"  class=\"panel-layout\" ><div id=\"pg-1318-0\"  class=\"panel-grid panel-no-style\" ><div id=\"pgc-1318-0-0\"  class=\"panel-grid-cell\" ><div id=\"panel-1318-0-0-0\" class=\"so-panel widget widget_text panel-first-child panel-last-child\" data-index=\"0\" ><h3 class=\"widget-title\">TRASLADOS Y PROGRAMAS<\/h3>\t\t\t<div class=\"textwidget\"><p><strong>TRASLADOS Y PROGRAMAS<\/strong><\/p>\n<\/div>\n\t\t<\/div><\/div><\/div><div id=\"pg-1318-1\"  class=\"panel-grid panel-has-style\" ><div class=\"panel-row-style panel-row-style-for-1318-1\" ><div id=\"pgc-1318-1-0\"  class=\"panel-grid-cell\" ><div id=\"panel-1318-1-0-0\" class=\"so-panel widget widget_sow-editor panel-first-child panel-last-child\" data-index=\"1\" ><div\n\t\t\t\n\t\t\tclass=\"so-widget-sow-editor so-widget-sow-editor-base\"\n\t\t\t\n\t\t>\n<div class=\"siteorigin-widget-tinymce textwidget\">\n\t<p style=\"text-align: center;\"><img loading=\"lazy\" decoding=\"async\" class=\"aligncenter wp-image-1528 size-thumbnail\" src=\"https:\/\/www.parquetantauco.cl\/wp-content\/uploads\/2018\/06\/chiloe_natural_logo-150x150.png\" alt=\"\" width=\"150\" height=\"150\" srcset=\"https:\/\/parquetantauco.cl\/wp-content\/uploads\/2018\/06\/chiloe_natural_logo-150x150.png 150w, https:\/\/parquetantauco.cl\/wp-content\/uploads\/2018\/06\/chiloe_natural_logo.png 200w\" sizes=\"auto, (max-width: 150px) 100vw, 150px\" \/><\/p>\n<p>&nbsp;<\/p>\n<h4><\/h4>\n<h4 style=\"text-align: center;\"><span style=\"color: #636363;\">CHILOE NATURAL<\/span><\/h4>\n<p style=\"text-align: center;\"><span style=\"font-weight: 400; color: #636363;\">Contacto: tours@chiloenatural.com<\/span><\/p>\n<p style=\"text-align: center;\"><span style=\"font-weight: 400; color: #636363;\">Tel\u00e9fono: +569 6319 7388<\/span><\/p>\n<p style=\"text-align: center;\"><em><span style=\"color: #62ba2e;\"><a style=\"color: #62ba2e;\" href=\"http:\/\/www.chiloenatural.com\/\"><span style=\"font-weight: 400;\">www.chiloenatural.com<\/span><\/a><\/span><\/em><\/p>\n<\/div>\n<\/div><\/div><\/div><div id=\"pgc-1318-1-1\"  class=\"panel-grid-cell\" ><div id=\"panel-1318-1-1-0\" class=\"so-panel widget widget_sow-editor panel-first-child panel-last-child\" data-index=\"2\" ><div\n\t\t\t\n\t\t\tclass=\"so-widget-sow-editor so-widget-sow-editor-base\"\n\t\t\t\n\t\t>\n<div class=\"siteorigin-widget-tinymce textwidget\">\n\t<p style=\"text-align: center;\"><img loading=\"lazy\" decoding=\"async\" class=\"aligncenter wp-image-1526 size-thumbnail\" src=\"https:\/\/www.parquetantauco.cl\/wp-content\/uploads\/2018\/06\/chiloetnico_logo-150x150.png\" alt=\"\" width=\"150\" height=\"150\" srcset=\"https:\/\/parquetantauco.cl\/wp-content\/uploads\/2018\/06\/chiloetnico_logo-150x150.png 150w, https:\/\/parquetantauco.cl\/wp-content\/uploads\/2018\/06\/chiloetnico_logo.png 200w\" sizes=\"auto, (max-width: 150px) 100vw, 150px\" \/><\/p>\n<p>&nbsp;<\/p>\n<h4 style=\"text-align: center;\"><span style=\"color: #636363;\"><span style=\"font-weight: 400; font-size: 20px; line-height: 160%;\">CHILO\u00c9 TNICO<\/span><\/span><\/h4>\n<p style=\"text-align: center;\"><span style=\"font-weight: 400; color: #636363;\">Contacto: info@chiloetnico.cl<\/span><\/p>\n<p style=\"text-align: center;\"><span style=\"font-weight: 400; color: #636363;\">Tel\u00e9fono: +569 68492618<\/span><\/p>\n<p style=\"text-align: center;\"><em><span style=\"color: #62ba2e;\"><a style=\"color: #62ba2e;\" href=\"http:\/\/www.chiloetnico.cl\/\"><span style=\"font-weight: 400;\">www.chiloetnico.cl<\/span><\/a><\/span><\/em><\/p>\n<\/div>\n<\/div><\/div><\/div><div id=\"pgc-1318-1-2\"  class=\"panel-grid-cell\" ><div id=\"panel-1318-1-2-0\" class=\"so-panel widget widget_sow-editor panel-first-child panel-last-child\" data-index=\"3\" ><div\n\t\t\t\n\t\t\tclass=\"so-widget-sow-editor so-widget-sow-editor-base\"\n\t\t\t\n\t\t>\n<div class=\"siteorigin-widget-tinymce textwidget\">\n\t<p style=\"text-align: center;\"><img loading=\"lazy\" decoding=\"async\" class=\"aligncenter wp-image-1528 size-thumbnail\" src=\"https:\/\/www.parquetantauco.cl\/wp-content\/uploads\/2023\/02\/siempreverde_turismo.png\" alt=\"\" width=\"150\" height=\"150\" \/><\/p>\n<p>&nbsp;<\/p>\n<h4><\/h4>\n<h4 style=\"text-align: center;\"><span style=\"color: #636363;\">SIEMPRE VERDE TURISMO<\/span><\/h4>\n<p style=\"text-align: center;\"><span style=\"font-weight: 400; color: #636363;\">Contacto: siempreverdeturismo@gmail.com<\/span><\/p>\n<p style=\"text-align: center;\"><span style=\"font-weight: 400; color: #636363;\">Tel\u00e9fono: +569 5 365 0005<\/span><\/p>\n<p style=\"text-align: center;\"><em><span style=\"color: #62ba2e;\"><a style=\"color: #62ba2e;\" href=\"http:\/\/www.siempreverdeturismo.com\/\"><span style=\"font-weight: 400;\">www.siempreverdeturismo.com<\/span><\/a><\/span><\/em><\/p>\n<p>&nbsp;<\/p>\n<\/div>\n<\/div><\/div><\/div><\/div><\/div><div id=\"pg-1318-2\"  class=\"panel-grid panel-no-style\" ><div id=\"pgc-1318-2-0\"  class=\"panel-grid-cell\" ><div id=\"panel-1318-2-0-0\" class=\"so-panel widget widget_text panel-first-child\" data-index=\"4\" ><div class=\"panel-widget-style panel-widget-style-for-1318-2-0-0\" ><h3 class=\"widget-title\">PROGRAMAS<\/h3>\t\t\t<div class=\"textwidget\"><p><strong>PROGRAMAS<\/strong><\/p>\n<\/div>\n\t\t<\/div><\/div><div id=\"panel-1318-2-0-1\" class=\"so-panel widget widget_sow-editor panel-last-child\" data-index=\"5\" ><div\n\t\t\t\n\t\t\tclass=\"so-widget-sow-editor so-widget-sow-editor-base\"\n\t\t\t\n\t\t>\n<div class=\"siteorigin-widget-tinymce textwidget\">\n\t<p style=\"text-align: center;\"><a href=\"https:\/\/www.parquetantauco.cl\/wp-content\/uploads\/2021\/08\/Turismo-Pangue.png\"><img loading=\"lazy\" decoding=\"async\" class=\"alignnone size-full wp-image-2732\" src=\"https:\/\/www.parquetantauco.cl\/wp-content\/uploads\/2021\/08\/Turismo-Pangue.png\" alt=\"\" width=\"250\" height=\"89\" \/><\/a><\/p>\n<p>&nbsp;<\/p>\n<h4 style=\"text-align: center;\"><span style=\"color: #636363;\"><span style=\"font-weight: 400; font-size: 20px; line-height: 160%;\">TURISMO PANGUE<\/span><\/span><\/h4>\n<p style=\"text-align: center;\"><span style=\"font-weight: 400; color: #636363;\">Contacto: info@turismopangue.cl<\/span><\/p>\n<p style=\"text-align: center;\"><span style=\"font-weight: 400; color: #636363;\">Tel\u00e9fono: +569 8 502 0284<\/span><\/p>\n<p style=\"text-align: center;\"><span style=\"color: #99cc00;\"><em>\u00a0<a style=\"color: #99cc00;\" href=\"http:\/\/www.turismopangue.cl\">www.turismopangue.cl<\/a><\/em><\/span><\/p>\n<\/div>\n<\/div><\/div><\/div><div id=\"pgc-1318-2-1\"  class=\"panel-grid-cell\" ><div id=\"panel-1318-2-1-0\" class=\"so-panel widget widget_text panel-first-child\" data-index=\"6\" ><h3 class=\"widget-title\">TRASLADOS<\/h3>\t\t\t<div class=\"textwidget\"><p><strong>TRASLADOS<\/strong><\/p>\n<\/div>\n\t\t<\/div><div id=\"panel-1318-2-1-1\" class=\"so-panel widget widget_sow-editor panel-last-child\" data-index=\"7\" ><div\n\t\t\t\n\t\t\tclass=\"so-widget-sow-editor so-widget-sow-editor-base\"\n\t\t\t\n\t\t>\n<div class=\"siteorigin-widget-tinymce textwidget\">\n\t<p style=\"text-align: center;\"><img loading=\"lazy\" decoding=\"async\" class=\"aligncenter wp-image-3055 size-full\" src=\"https:\/\/www.parquetantauco.cl\/wp-content\/uploads\/2023\/02\/travelvan_chiloe.png\" alt=\"\" width=\"150\" height=\"150\" \/><\/p>\n<h4 style=\"text-align: center;\"><span style=\"color: #636363;\"><span style=\"font-weight: 400; font-size: 20px; line-height: 160%;\">TRAVEL CHILO\u00c9<\/span><\/span><\/h4>\n<p style=\"text-align: center;\"><span style=\"font-weight: 400; color: #636363;\">Contacto: infotravelvanchiloe.cl<\/span><\/p>\n<p style=\"text-align: center;\"><span style=\"font-weight: 400; color: #636363;\">Tel\u00e9fono: <\/span>+569 9 454 3144<\/p>\n<p style=\"text-align: center;\"><a href=\"https:\/\/travelvanchiloe.cl\/\"><span style=\"color: #99cc00;\" href=\"http:\/\/www.travelvanchiloe.cl\">travelvanchiloe.cl<\/span><\/a><\/p>\n<\/div>\n<\/div><\/div><\/div><\/div><\/div>","protected":false},"excerpt":{"rendered":"<p>TRASLADOS Y PROGRAMAS &nbsp; CHILOE NATURAL Contacto: tours@chiloenatural.com Tel\u00e9fono: +569 6319 7388 www.chiloenatural.com &nbsp; CHILO\u00c9 TNICO Contacto: info@chiloetnico.cl Tel\u00e9fono: +569 68492618 www.chiloetnico.cl &nbsp; SIEMPRE VERDE TURISMO Contacto: siempreverdeturismo@gmail.com Tel\u00e9fono: +569 5 365 0005 www.siempreverdeturismo.com &nbsp;<\/p>\n","protected":false},"author":1,"featured_media":246,"parent":0,"menu_order":0,"comment_status":"closed","ping_status":"closed","template":"","meta":{"_acf_changed":false,"inline_featured_image":false,"_uag_custom_page_level_css":"","ngg_post_thumbnail":0,"footnotes":""},"class_list":["post-1318","page","type-page","status-publish","has-post-thumbnail","hentry"],"acf":[],"aioseo_notices":[],"uagb_featured_image_src":{"full":["https:\/\/parquetantauco.cl\/wp-content\/uploads\/2015\/11\/DSC_5600.jpg",3008,2000,false],"thumbnail":["https:\/\/parquetantauco.cl\/wp-content\/uploads\/2015\/11\/DSC_5600-150x150.jpg",150,150,true],"medium":["https:\/\/parquetantauco.cl\/wp-content\/uploads\/2015\/11\/DSC_5600-300x199.jpg",300,199,true],"medium_large":["https:\/\/parquetantauco.cl\/wp-content\/uploads\/2015\/11\/DSC_5600.jpg",768,511,false],"large":["https:\/\/parquetantauco.cl\/wp-content\/uploads\/2015\/11\/DSC_5600-1024x681.jpg",770,512,true],"1536x1536":["https:\/\/parquetantauco.cl\/wp-content\/uploads\/2015\/11\/DSC_5600.jpg",1536,1021,false],"2048x2048":["https:\/\/parquetantauco.cl\/wp-content\/uploads\/2015\/11\/DSC_5600.jpg",2048,1362,false],"multimedia":["https:\/\/parquetantauco.cl\/wp-content\/uploads\/2015\/11\/DSC_5600-480x360.jpg",480,360,true],"multimedia-big":["https:\/\/parquetantauco.cl\/wp-content\/uploads\/2015\/11\/DSC_5600-770x770.jpg",770,770,true],"sow-carousel-default":["https:\/\/parquetantauco.cl\/wp-content\/uploads\/2015\/11\/DSC_5600.jpg",272,182,false]},"uagb_author_info":{"display_name":"tantauco","author_link":"https:\/\/parquetantauco.cl\/en\/author\/parque-tantauco\/"},"uagb_comment_info":0,"uagb_excerpt":"TRASLADOS Y PROGRAMAS &nbsp; CHILOE NATURAL Contacto: tours@chiloenatural.com Tel\u00e9fono: +569 6319 7388 www.chiloenatural.com &nbsp; CHILO\u00c9 TNICO Contacto: info@chiloetnico.cl Tel\u00e9fono: +569 68492618 www.chiloetnico.cl &nbsp; SIEMPRE VERDE TURISMO Contacto: siempreverdeturismo@gmail.com Tel\u00e9fono: +569 5 365 0005 www.siempreverdeturismo.com &nbsp;","_links":{"self":[{"href":"https:\/\/parquetantauco.cl\/en\/wp-json\/wp\/v2\/pages\/1318","targetHints":{"allow":["GET"]}}],"collection":[{"href":"https:\/\/parquetantauco.cl\/en\/wp-json\/wp\/v2\/pages"}],"about":[{"href":"https:\/\/parquetantauco.cl\/en\/wp-json\/wp\/v2\/types\/page"}],"author":[{"embeddable":true,"href":"https:\/\/parquetantauco.cl\/en\/wp-json\/wp\/v2\/users\/1"}],"replies":[{"embeddable":true,"href":"https:\/\/parquetantauco.cl\/en\/wp-json\/wp\/v2\/comments?post=1318"}],"version-history":[{"count":14,"href":"https:\/\/parquetantauco.cl\/en\/wp-json\/wp\/v2\/pages\/1318\/revisions"}],"predecessor-version":[{"id":4104,"href":"https:\/\/parquetantauco.cl\/en\/wp-json\/wp\/v2\/pages\/1318\/revisions\/4104"}],"wp:featuredmedia":[{"embeddable":true,"href":"https:\/\/parquetantauco.cl\/en\/wp-json\/wp\/v2\/media\/246"}],"wp:attachment":[{"href":"https:\/\/parquetantauco.cl\/en\/wp-json\/wp\/v2\/media?parent=1318"}],"curies":[{"name":"wp","href":"https:\/\/api.w.org\/{rel}","templated":true}]}}