{"id":2280,"date":"2018-11-20T19:35:08","date_gmt":"2018-11-20T19:35:08","guid":{"rendered":"https:\/\/www.parquetantauco.cl\/?page_id=2280"},"modified":"2026-01-26T19:31:42","modified_gmt":"2026-01-26T19:31:42","slug":"visitas-por-el-dia","status":"publish","type":"page","link":"https:\/\/parquetantauco.cl\/en\/visitas-por-el-dia\/","title":{"rendered":"(Espa\u00f1ol) Visitas por el d\u00eda"},"content":{"rendered":"<div id=\"pl-2280\"  class=\"panel-layout\" ><div id=\"pg-2280-0\"  class=\"panel-grid panel-no-style\" ><div id=\"pgc-2280-0-0\"  class=\"panel-grid-cell\" ><div id=\"panel-2280-0-0-0\" class=\"so-panel widget widget_sow-editor panel-first-child panel-last-child\" data-index=\"0\" ><div\n\t\t\t\n\t\t\tclass=\"so-widget-sow-editor so-widget-sow-editor-base\"\n\t\t\t\n\t\t>\n<div class=\"siteorigin-widget-tinymce textwidget\">\n\t<p>&nbsp;<\/p>\n<h3 style=\"text-align: left;\"><span style=\"color: #636363;\"><b>\u00c1REA NORTE<\/b><br \/>\n(acceso v\u00eda terrestre)<\/span><\/h3>\n<p>&nbsp;<\/p>\n<\/div>\n<\/div><\/div><\/div><\/div><div id=\"pg-2280-1\"  class=\"panel-grid panel-no-style\" ><div id=\"pgc-2280-1-0\"  class=\"panel-grid-cell\" ><div id=\"panel-2280-1-0-0\" class=\"so-panel widget widget_sow-editor panel-first-child panel-last-child\" data-index=\"1\" ><div\n\t\t\t\n\t\t\tclass=\"so-widget-sow-editor so-widget-sow-editor-base\"\n\t\t\t\n\t\t>\n<div class=\"siteorigin-widget-tinymce textwidget\">\n\t<h3 style=\"text-align: left;\"><span style=\"color: #636363;\">Lago Yaldad<\/span><\/h3>\n<p>&nbsp;<\/p>\n<p style=\"text-align: left;\"><span style=\"color: #636363;\"><span style=\"font-weight: 400;\">Este es el primer punto de la zona norte del parque y se encuentra a 18 km del cruce de la ruta 5 Sur (a una hora de Quell\u00f3n y a dos horas de Castro, por camino de ripio). Aqu\u00ed est\u00e1 el Centro de Visitantes Yaldad, el gran Ma\u00f1\u00edo Abuelo y tres senderos de corta duraci\u00f3n: sendero Siempreverde, sendero R\u00edo Yaldad y sendero de Darwin. Visitar este lugar por el d\u00eda no requiere reserva, pero recomendamos llamar a la oficina para informarse de cualquier detalle.<\/span><\/span><\/p>\n<\/div>\n<\/div><\/div><\/div><div id=\"pgc-2280-1-1\"  class=\"panel-grid-cell\" ><div id=\"panel-2280-1-1-0\" class=\"so-panel widget widget_media_image panel-first-child panel-last-child\" data-index=\"2\" ><img loading=\"lazy\" decoding=\"async\" width=\"800\" height=\"600\" src=\"https:\/\/parquetantauco.cl\/wp-content\/uploads\/2023\/03\/Lago_Yaldad_visita-por-el-dia_web.jpg\" class=\"image wp-image-4385  attachment-full size-full\" alt=\"\" style=\"max-width: 100%; height: auto;\" srcset=\"https:\/\/parquetantauco.cl\/wp-content\/uploads\/2023\/03\/Lago_Yaldad_visita-por-el-dia_web.jpg 800w, https:\/\/parquetantauco.cl\/wp-content\/uploads\/2023\/03\/Lago_Yaldad_visita-por-el-dia_web-300x225.jpg 300w, https:\/\/parquetantauco.cl\/wp-content\/uploads\/2023\/03\/Lago_Yaldad_visita-por-el-dia_web-768x576.jpg 768w, https:\/\/parquetantauco.cl\/wp-content\/uploads\/2023\/03\/Lago_Yaldad_visita-por-el-dia_web-480x360.jpg 480w\" sizes=\"auto, (max-width: 800px) 100vw, 800px\" \/><\/div><\/div><\/div><div id=\"pg-2280-2\"  class=\"panel-grid panel-no-style\" ><div id=\"pgc-2280-2-0\"  class=\"panel-grid-cell\" ><div id=\"panel-2280-2-0-0\" class=\"so-panel widget widget_sow-editor panel-first-child panel-last-child\" data-index=\"3\" ><div\n\t\t\t\n\t\t\tclass=\"so-widget-sow-editor so-widget-sow-editor-base\"\n\t\t\t\n\t\t>\n<div class=\"siteorigin-widget-tinymce textwidget\">\n\t<h3 style=\"text-align: left;\"><span style=\"color: #636363;\">Lago Chaiguata<\/span><\/h3>\n<p>&nbsp;<\/p>\n<p style=\"text-align: left;\"><span style=\"color: #636363;\"><span style=\"font-weight: 400;\">Este sector de la zona norte del parque est\u00e1 ubicado a 38 km del cruce de la Ruta 5 Sur (a una hora del centro de visitantes de Yaldad). Para visitarlo por el d\u00eda es recomendable llegar temprano. Se pueden realizar dos senderos de baja dificultad, el sendero Bosque Hundido (2 km) y el sendero Los \u00d1irres (5 km), tambi\u00e9n se arriendan kayaks, y existe un restaurant en temporada alta (enero y febrero). Los buenos caminantes pueden aventurarse a realizar el trekking de dificultad media hacia el refugio Chaiguaco (7,5 km), ida y vuelta en un d\u00eda.<\/span><\/span><\/p>\n<\/div>\n<\/div><\/div><\/div><div id=\"pgc-2280-2-1\"  class=\"panel-grid-cell\" ><div id=\"panel-2280-2-1-0\" class=\"so-panel widget widget_media_image panel-first-child panel-last-child\" data-index=\"4\" ><img loading=\"lazy\" decoding=\"async\" width=\"800\" height=\"600\" src=\"https:\/\/parquetantauco.cl\/wp-content\/uploads\/2023\/03\/Admision_chaiguata_visita_poreldia_web.png\" class=\"image wp-image-4381  attachment-full size-full\" alt=\"\" style=\"max-width: 100%; height: auto;\" srcset=\"https:\/\/parquetantauco.cl\/wp-content\/uploads\/2023\/03\/Admision_chaiguata_visita_poreldia_web.png 800w, https:\/\/parquetantauco.cl\/wp-content\/uploads\/2023\/03\/Admision_chaiguata_visita_poreldia_web-300x225.png 300w, https:\/\/parquetantauco.cl\/wp-content\/uploads\/2023\/03\/Admision_chaiguata_visita_poreldia_web-768x576.png 768w, https:\/\/parquetantauco.cl\/wp-content\/uploads\/2023\/03\/Admision_chaiguata_visita_poreldia_web-480x360.png 480w\" sizes=\"auto, (max-width: 800px) 100vw, 800px\" \/><\/div><\/div><\/div><div id=\"pg-2280-3\"  class=\"panel-grid panel-no-style\" ><div id=\"pgc-2280-3-0\"  class=\"panel-grid-cell\" ><div id=\"panel-2280-3-0-0\" class=\"so-panel widget widget_sow-editor panel-first-child panel-last-child\" data-index=\"5\" ><div\n\t\t\t\n\t\t\tclass=\"so-widget-sow-editor so-widget-sow-editor-base\"\n\t\t\t\n\t\t>\n<div class=\"siteorigin-widget-tinymce textwidget\">\n\t<p>&nbsp;<\/p>\n<h3 style=\"text-align: left;\"><span style=\"color: #636363;\"><b>\u00c1REA SUR<\/b><br \/>\n(acceso v\u00eda a\u00e9rea) <\/span><\/h3>\n<p>&nbsp;<\/p>\n<\/div>\n<\/div><\/div><\/div><\/div><div id=\"pg-2280-4\"  class=\"panel-grid panel-no-style\" ><div id=\"pgc-2280-4-0\"  class=\"panel-grid-cell\" ><div id=\"panel-2280-4-0-0\" class=\"so-panel widget widget_sow-editor panel-first-child panel-last-child\" data-index=\"6\" ><div\n\t\t\t\n\t\t\tclass=\"so-widget-sow-editor so-widget-sow-editor-base\"\n\t\t\t\n\t\t>\n<div class=\"siteorigin-widget-tinymce textwidget\">\n\t<h3 style=\"text-align: left;\"><span style=\"color: #636363;\">Caleta In\u00edo<\/span><\/h3>\n<p>La \u00fanica opci\u00f3n de visitar Caleta In\u00edo por el d\u00eda es por aire: en avioneta desde el Club A\u00e9reo de Castro, en un viaje \u00fanico, que permite conocer Chilo\u00e9 desde lo alto y aterrizar en el aer\u00f3dromo de la localidad m\u00e1s aislada de todo Chilo\u00e9. Una experiencia inolvidable, que dura aproximadamente 40 minutos desde el aer\u00f3dromo Gamboa. Se debe gestionar el vuelo con el Club A\u00e9reo de Castro y escribirnos al &nbsp;<a href=\"mailto:info@www.parquetantauco.cl\">info@parquetantauco.cl<\/a> para sepamos que va a llegar una avioneta con visitantes por el d\u00eda y podamos enviarte la informaci\u00f3n sobre los senderos que puedes recorrer y recomendaciones sobre qu\u00e9 llevar y d\u00f3nde comer.<\/p>\n<p>Sin embargo, lo m\u00e1s recomendable es quedarse a dormir en Caleta In\u00edo, debido a su lejan\u00eda y belleza desconocida. En caso de ir por varios d\u00edas, existen m\u00e1s opciones para llegar adem\u00e1s de la avioneta: una es&nbsp;<strong>caminando<\/strong>&nbsp;trav\u00e9s del Sendero Transversal (son 4-5 d\u00edas de duraci\u00f3n, en los que se recorre el parque de norte a sur); y la otra opci\u00f3n es&nbsp;<strong>por mar<\/strong>, Quell\u00f3n \u2013 Inio - Quell\u00f3n: Domingos y mi\u00e9rcoles saliendo a las 07:00 AM&nbsp; desde Quell\u00f3n y retornando a las 13:00 horas desde Inio. Tel\u00e9fono del capit\u00e1n: +56 9 6205 5769.&nbsp; Tarifa referencial: $1.100 por persona.<\/p>\n<\/div>\n<\/div><\/div><\/div><div id=\"pgc-2280-4-1\"  class=\"panel-grid-cell\" ><div id=\"panel-2280-4-1-0\" class=\"so-panel widget widget_media_image panel-first-child panel-last-child\" data-index=\"7\" ><img loading=\"lazy\" decoding=\"async\" width=\"800\" height=\"600\" src=\"https:\/\/parquetantauco.cl\/wp-content\/uploads\/2023\/03\/Plaza_Inio_visita-por-el-dia_web.jpg\" class=\"image wp-image-4384  attachment-full size-full\" alt=\"\" style=\"max-width: 100%; height: auto;\" srcset=\"https:\/\/parquetantauco.cl\/wp-content\/uploads\/2023\/03\/Plaza_Inio_visita-por-el-dia_web.jpg 800w, https:\/\/parquetantauco.cl\/wp-content\/uploads\/2023\/03\/Plaza_Inio_visita-por-el-dia_web-300x225.jpg 300w, https:\/\/parquetantauco.cl\/wp-content\/uploads\/2023\/03\/Plaza_Inio_visita-por-el-dia_web-768x576.jpg 768w, https:\/\/parquetantauco.cl\/wp-content\/uploads\/2023\/03\/Plaza_Inio_visita-por-el-dia_web-480x360.jpg 480w\" sizes=\"auto, (max-width: 800px) 100vw, 800px\" \/><\/div><\/div><\/div><div id=\"pg-2280-5\"  class=\"panel-grid panel-no-style\" ><div id=\"pgc-2280-5-0\"  class=\"panel-grid-cell\" ><div id=\"panel-2280-5-0-0\" class=\"so-panel widget widget_sow-editor panel-first-child panel-last-child\" data-index=\"8\" ><div\n\t\t\t\n\t\t\tclass=\"so-widget-sow-editor so-widget-sow-editor-base\"\n\t\t\t\n\t\t>\n<div class=\"siteorigin-widget-tinymce textwidget\">\n\t<hr style=\"width:100%;border: 1px solid #dadada;\"\/>\n&nbsp;<\/p>\n<p style=\"text-align: left;\"><span style=\"color: #636363;\"><br \/>\nVer m\u00e1s detalles sobre c\u00f3mo acceder a cada zona en <a href=\"https:\/\/www.parquetantauco.cl\/como-llegar\/\">\u00bfC\u00f3mo llegar?<\/a>, e informaci\u00f3n de los senderos que se pueden realizar por el d\u00eda en <a href=\"https:\/\/www.parquetantauco.cl\/por-el-dia\/\">Senderos Cortos<\/a>.<br \/>\n<\/span><\/p>\n<\/div>\n<\/div><\/div><\/div><\/div><\/div>","protected":false},"excerpt":{"rendered":"<p>&nbsp; \u00c1REA NORTE (acceso v\u00eda terrestre) &nbsp; Lago Yaldad &nbsp; Este es el primer punto de la zona norte del parque y se encuentra a 18 km del cruce de la ruta 5 Sur (a una hora de Quell\u00f3n y a dos horas de Castro, por camino de ripio). Aqu\u00ed est\u00e1 el Centro de Visitantes [&hellip;]<\/p>\n","protected":false},"author":1,"featured_media":2746,"parent":0,"menu_order":0,"comment_status":"closed","ping_status":"closed","template":"","meta":{"_acf_changed":false,"inline_featured_image":false,"_uag_custom_page_level_css":"","ngg_post_thumbnail":0,"footnotes":""},"class_list":["post-2280","page","type-page","status-publish","has-post-thumbnail","hentry"],"acf":[],"aioseo_notices":[],"uagb_featured_image_src":{"full":["https:\/\/parquetantauco.cl\/wp-content\/uploads\/2021\/09\/ParqueTantauco_pmou.ph-10-scaled.jpg",2560,1707,false],"thumbnail":["https:\/\/parquetantauco.cl\/wp-content\/uploads\/2021\/09\/ParqueTantauco_pmou.ph-10-150x150.jpg",150,150,true],"medium":["https:\/\/parquetantauco.cl\/wp-content\/uploads\/2021\/09\/ParqueTantauco_pmou.ph-10-300x200.jpg",300,200,true],"medium_large":["https:\/\/parquetantauco.cl\/wp-content\/uploads\/2021\/09\/ParqueTantauco_pmou.ph-10-768x512.jpg",768,512,true],"large":["https:\/\/parquetantauco.cl\/wp-content\/uploads\/2021\/09\/ParqueTantauco_pmou.ph-10-1024x683.jpg",770,514,true],"1536x1536":["https:\/\/parquetantauco.cl\/wp-content\/uploads\/2021\/09\/ParqueTantauco_pmou.ph-10-1536x1024.jpg",1536,1024,true],"2048x2048":["https:\/\/parquetantauco.cl\/wp-content\/uploads\/2021\/09\/ParqueTantauco_pmou.ph-10-2048x1365.jpg",2048,1365,true],"multimedia":["https:\/\/parquetantauco.cl\/wp-content\/uploads\/2021\/09\/ParqueTantauco_pmou.ph-10-480x360.jpg",480,360,true],"multimedia-big":["https:\/\/parquetantauco.cl\/wp-content\/uploads\/2021\/09\/ParqueTantauco_pmou.ph-10-770x770.jpg",770,770,true],"sow-carousel-default":["https:\/\/parquetantauco.cl\/wp-content\/uploads\/2021\/09\/ParqueTantauco_pmou.ph-10-272x182.jpg",272,182,true]},"uagb_author_info":{"display_name":"tantauco","author_link":"https:\/\/parquetantauco.cl\/en\/author\/parque-tantauco\/"},"uagb_comment_info":0,"uagb_excerpt":"&nbsp; \u00c1REA NORTE (acceso v\u00eda terrestre) &nbsp; Lago Yaldad &nbsp; Este es el primer punto de la zona norte del parque y se encuentra a 18 km del cruce de la ruta 5 Sur (a una hora de Quell\u00f3n y a dos horas de Castro, por camino de ripio). Aqu\u00ed est\u00e1 el Centro de Visitantes&hellip;","_links":{"self":[{"href":"https:\/\/parquetantauco.cl\/en\/wp-json\/wp\/v2\/pages\/2280","targetHints":{"allow":["GET"]}}],"collection":[{"href":"https:\/\/parquetantauco.cl\/en\/wp-json\/wp\/v2\/pages"}],"about":[{"href":"https:\/\/parquetantauco.cl\/en\/wp-json\/wp\/v2\/types\/page"}],"author":[{"embeddable":true,"href":"https:\/\/parquetantauco.cl\/en\/wp-json\/wp\/v2\/users\/1"}],"replies":[{"embeddable":true,"href":"https:\/\/parquetantauco.cl\/en\/wp-json\/wp\/v2\/comments?post=2280"}],"version-history":[{"count":31,"href":"https:\/\/parquetantauco.cl\/en\/wp-json\/wp\/v2\/pages\/2280\/revisions"}],"predecessor-version":[{"id":6827,"href":"https:\/\/parquetantauco.cl\/en\/wp-json\/wp\/v2\/pages\/2280\/revisions\/6827"}],"wp:featuredmedia":[{"embeddable":true,"href":"https:\/\/parquetantauco.cl\/en\/wp-json\/wp\/v2\/media\/2746"}],"wp:attachment":[{"href":"https:\/\/parquetantauco.cl\/en\/wp-json\/wp\/v2\/media?parent=2280"}],"curies":[{"name":"wp","href":"https:\/\/api.w.org\/{rel}","templated":true}]}}