{"id":2816,"date":"2022-07-19T21:04:20","date_gmt":"2022-07-19T21:04:20","guid":{"rendered":"https:\/\/www.parquetantauco.cl\/?page_id=2816"},"modified":"2023-12-15T20:21:13","modified_gmt":"2023-12-15T20:21:13","slug":"descubro-mi-quellon","status":"publish","type":"page","link":"https:\/\/parquetantauco.cl\/en\/programas-comunitarios\/parque-a-tu-encuentro\/descubro-mi-quellon\/","title":{"rendered":"Descubro mi Quell\u00f3n"},"content":{"rendered":"<div id=\"pl-2816\"  class=\"panel-layout\" ><div id=\"pg-2816-0\"  class=\"panel-grid panel-no-style\" ><div id=\"pgc-2816-0-0\"  class=\"panel-grid-cell\" ><div id=\"panel-2816-0-0-0\" class=\"so-panel widget widget_sow-editor panel-first-child\" data-index=\"0\" ><div\n\t\t\t\n\t\t\tclass=\"so-widget-sow-editor so-widget-sow-editor-base\"\n\t\t\t\n\t\t><h3 class=\"widget-title\">DESCUBRO MI QUELL\u00d3N<\/h3>\n<div class=\"siteorigin-widget-tinymce textwidget\">\n\t<p><span style=\"color: #636363;\"><strong>DESCUBRO MI QUELL\u00d3N<\/strong><\/span><\/p>\n<p><span style=\"font-weight: 400;\">Muestras con infograf\u00edas sobre la historia de la comuna de Quell\u00f3n, los principales hitos fundacionales, el folclore y mitolog\u00eda chilota, la cosmovisi\u00f3n de los pueblos originarios chono y huilliche, la flora y fauna en peligro de extinci\u00f3n, la oferta tur\u00edstica urbana y rural, los diversos recorridos y servicios de gastronom\u00eda, artesan\u00edas y sus festividades. La muestra se ha presentado en espacios p\u00fablicos de la comuna de Quell\u00f3n y toda la provincia, en establecimientos educacionales, bibliotecas, centros culturales, consultorios y lugares afines.\u00a0<\/span><\/p>\n<p><span style=\"font-weight: 400;\">Tambi\u00e9n est\u00e1 disponible para eventos realizados por organizaciones civiles, ofreciendo contenido sobre la importancia de la cultura y protecci\u00f3n medioambiental.<\/span><\/p>\n<\/div>\n<\/div><\/div><div id=\"panel-2816-0-0-1\" class=\"so-panel widget widget_sow-button\" data-index=\"1\" ><div\n\t\t\t\n\t\t\tclass=\"so-widget-sow-button so-widget-sow-button-flat-6e6104286043-2816\"\n\t\t\t\n\t\t><div class=\"ow-button-base ow-button-align-left\"\n>\n\t\t\t<a\n\t\t\t\t\thref=\"https:\/\/www.parquetantauco.cl\/wp-content\/uploads\/2023\/03\/EXPO-FLORA-Y-FAUNA_Quellon.pdf\"\n\t\t\t\t\tclass=\"sowb-button ow-icon-placement-left ow-button-hover\" target=\"_blank\" rel=\"noopener noreferrer\" download=\"\" \t>\n\t\t<span>\n\t\t\t\n\t\t\tDescubro Mi Quell\u00f3n\t\t<\/span>\n\t\t\t<\/a>\n\t<\/div>\n<\/div><\/div><div id=\"panel-2816-0-0-2\" class=\"so-panel widget widget_sow-button\" data-index=\"2\" ><div\n\t\t\t\n\t\t\tclass=\"so-widget-sow-button so-widget-sow-button-flat-6e6104286043-2816\"\n\t\t\t\n\t\t><div class=\"ow-button-base ow-button-align-left\"\n>\n\t\t\t<a\n\t\t\t\t\thref=\"https:\/\/www.parquetantauco.cl\/wp-content\/uploads\/2023\/03\/EXPO-HISTORIA-QUELLON.pdf\"\n\t\t\t\t\tclass=\"sowb-button ow-icon-placement-left ow-button-hover\" target=\"_blank\" rel=\"noopener noreferrer\" \t>\n\t\t<span>\n\t\t\t\n\t\t\tDescubro mi Quell\u00f3n - Historia\t\t<\/span>\n\t\t\t<\/a>\n\t<\/div>\n<\/div><\/div><div id=\"panel-2816-0-0-3\" class=\"so-panel widget widget_sow-button\" data-index=\"3\" ><div\n\t\t\t\n\t\t\tclass=\"so-widget-sow-button so-widget-sow-button-flat-6e6104286043-2816\"\n\t\t\t\n\t\t><div class=\"ow-button-base ow-button-align-left\"\n>\n\t\t\t<a\n\t\t\t\t\thref=\"https:\/\/www.parquetantauco.cl\/wp-content\/uploads\/2023\/03\/EXPO-RUTAS-TURISTICAS-QUELLON.pdf\"\n\t\t\t\t\tclass=\"sowb-button ow-icon-placement-left ow-button-hover\" target=\"_blank\" rel=\"noopener noreferrer\" \t>\n\t\t<span>\n\t\t\t\n\t\t\tDescubro mi Quell\u00f3n - Rutas Tur\u00edsticas\t\t<\/span>\n\t\t\t<\/a>\n\t<\/div>\n<\/div><\/div><div id=\"panel-2816-0-0-4\" class=\"so-panel widget widget_media_gallery panel-last-child\" data-index=\"4\" >\n\t\t<style type=\"text\/css\">\n\t\t\t#gallery-1 {\n\t\t\t\tmargin: auto;\n\t\t\t}\n\t\t\t#gallery-1 .gallery-item {\n\t\t\t\tfloat: left;\n\t\t\t\tmargin-top: 10px;\n\t\t\t\ttext-align: center;\n\t\t\t\twidth: 33%;\n\t\t\t}\n\t\t\t#gallery-1 img {\n\t\t\t\tborder: 2px solid #cfcfcf;\n\t\t\t}\n\t\t\t#gallery-1 .gallery-caption {\n\t\t\t\tmargin-left: 0;\n\t\t\t}\n\t\t\t\/* see gallery_shortcode() in wp-includes\/media.php *\/\n\t\t<\/style>\n\t\t<div id='gallery-1' class='gallery galleryid-2816 gallery-columns-3 gallery-size-thumbnail'><dl class='gallery-item'>\n\t\t\t<dt class='gallery-icon landscape'>\n\t\t\t\t<a href='https:\/\/parquetantauco.cl\/en\/programas-comunitarios\/parque-a-tu-encuentro\/descubro-mi-quellon\/img_5872\/#main'><img loading=\"lazy\" decoding=\"async\" width=\"150\" height=\"150\" src=\"https:\/\/parquetantauco.cl\/wp-content\/uploads\/2022\/07\/IMG_5872-150x150.jpg\" class=\"attachment-thumbnail size-thumbnail\" alt=\"\" \/><\/a>\n\t\t\t<\/dt><\/dl><dl class='gallery-item'>\n\t\t\t<dt class='gallery-icon landscape'>\n\t\t\t\t<a href='https:\/\/parquetantauco.cl\/en\/programas-comunitarios\/parque-a-tu-encuentro\/descubro-mi-quellon\/img_5874\/#main'><img loading=\"lazy\" decoding=\"async\" width=\"150\" height=\"150\" src=\"https:\/\/parquetantauco.cl\/wp-content\/uploads\/2022\/07\/IMG_5874-150x150.jpg\" class=\"attachment-thumbnail size-thumbnail\" alt=\"\" \/><\/a>\n\t\t\t<\/dt><\/dl><dl class='gallery-item'>\n\t\t\t<dt class='gallery-icon landscape'>\n\t\t\t\t<a href='https:\/\/parquetantauco.cl\/en\/programas-comunitarios\/parque-a-tu-encuentro\/descubro-mi-quellon\/img_6050\/#main'><img loading=\"lazy\" decoding=\"async\" width=\"150\" height=\"150\" src=\"https:\/\/parquetantauco.cl\/wp-content\/uploads\/2022\/07\/IMG_6050-150x150.jpg\" class=\"attachment-thumbnail size-thumbnail\" alt=\"\" \/><\/a>\n\t\t\t<\/dt><\/dl><br style=\"clear: both\" \/>\n\t\t<\/div>\n<\/div><\/div><\/div><div id=\"pg-2816-1\"  class=\"panel-grid panel-no-style\" ><div id=\"pgc-2816-1-0\"  class=\"panel-grid-cell panel-grid-cell-empty\" ><\/div><div id=\"pgc-2816-1-1\"  class=\"panel-grid-cell panel-grid-cell-empty panel-grid-cell-mobile-last\" ><\/div><div id=\"pgc-2816-1-2\"  class=\"panel-grid-cell panel-grid-cell-empty\" ><\/div><\/div><\/div>","protected":false},"excerpt":{"rendered":"<p>DESCUBRO MI QUELL\u00d3N Muestras con infograf\u00edas sobre la historia de la comuna de Quell\u00f3n, los principales hitos fundacionales, el folclore y mitolog\u00eda chilota, la cosmovisi\u00f3n de los pueblos originarios chono y huilliche, la flora y fauna en peligro de extinci\u00f3n, la oferta tur\u00edstica urbana y rural, los diversos recorridos y servicios de gastronom\u00eda, artesan\u00edas y [&hellip;]<\/p>\n","protected":false},"author":1,"featured_media":4851,"parent":3690,"menu_order":0,"comment_status":"closed","ping_status":"closed","template":"","meta":{"_acf_changed":false,"inline_featured_image":false,"_uag_custom_page_level_css":"","ngg_post_thumbnail":0,"footnotes":""},"class_list":["post-2816","page","type-page","status-publish","has-post-thumbnail","hentry"],"acf":[],"aioseo_notices":[],"uagb_featured_image_src":{"full":["https:\/\/parquetantauco.cl\/wp-content\/uploads\/2023\/12\/plaza-quellon.jpg",2016,1512,false],"thumbnail":["https:\/\/parquetantauco.cl\/wp-content\/uploads\/2023\/12\/plaza-quellon-150x150.jpg",150,150,true],"medium":["https:\/\/parquetantauco.cl\/wp-content\/uploads\/2023\/12\/plaza-quellon-300x225.jpg",300,225,true],"medium_large":["https:\/\/parquetantauco.cl\/wp-content\/uploads\/2023\/12\/plaza-quellon-768x576.jpg",768,576,true],"large":["https:\/\/parquetantauco.cl\/wp-content\/uploads\/2023\/12\/plaza-quellon-1024x768.jpg",770,578,true],"1536x1536":["https:\/\/parquetantauco.cl\/wp-content\/uploads\/2023\/12\/plaza-quellon-1536x1152.jpg",1536,1152,true],"2048x2048":["https:\/\/parquetantauco.cl\/wp-content\/uploads\/2023\/12\/plaza-quellon.jpg",2016,1512,false],"multimedia":["https:\/\/parquetantauco.cl\/wp-content\/uploads\/2023\/12\/plaza-quellon-480x360.jpg",480,360,true],"multimedia-big":["https:\/\/parquetantauco.cl\/wp-content\/uploads\/2023\/12\/plaza-quellon-770x770.jpg",770,770,true],"sow-carousel-default":["https:\/\/parquetantauco.cl\/wp-content\/uploads\/2023\/12\/plaza-quellon-272x182.jpg",272,182,true]},"uagb_author_info":{"display_name":"tantauco","author_link":"https:\/\/parquetantauco.cl\/en\/author\/parque-tantauco\/"},"uagb_comment_info":0,"uagb_excerpt":"DESCUBRO MI QUELL\u00d3N Muestras con infograf\u00edas sobre la historia de la comuna de Quell\u00f3n, los principales hitos fundacionales, el folclore y mitolog\u00eda chilota, la cosmovisi\u00f3n de los pueblos originarios chono y huilliche, la flora y fauna en peligro de extinci\u00f3n, la oferta tur\u00edstica urbana y rural, los diversos recorridos y servicios de gastronom\u00eda, artesan\u00edas y&hellip;","_links":{"self":[{"href":"https:\/\/parquetantauco.cl\/en\/wp-json\/wp\/v2\/pages\/2816","targetHints":{"allow":["GET"]}}],"collection":[{"href":"https:\/\/parquetantauco.cl\/en\/wp-json\/wp\/v2\/pages"}],"about":[{"href":"https:\/\/parquetantauco.cl\/en\/wp-json\/wp\/v2\/types\/page"}],"author":[{"embeddable":true,"href":"https:\/\/parquetantauco.cl\/en\/wp-json\/wp\/v2\/users\/1"}],"replies":[{"embeddable":true,"href":"https:\/\/parquetantauco.cl\/en\/wp-json\/wp\/v2\/comments?post=2816"}],"version-history":[{"count":27,"href":"https:\/\/parquetantauco.cl\/en\/wp-json\/wp\/v2\/pages\/2816\/revisions"}],"predecessor-version":[{"id":4852,"href":"https:\/\/parquetantauco.cl\/en\/wp-json\/wp\/v2\/pages\/2816\/revisions\/4852"}],"up":[{"embeddable":true,"href":"https:\/\/parquetantauco.cl\/en\/wp-json\/wp\/v2\/pages\/3690"}],"wp:featuredmedia":[{"embeddable":true,"href":"https:\/\/parquetantauco.cl\/en\/wp-json\/wp\/v2\/media\/4851"}],"wp:attachment":[{"href":"https:\/\/parquetantauco.cl\/en\/wp-json\/wp\/v2\/media?parent=2816"}],"curies":[{"name":"wp","href":"https:\/\/api.w.org\/{rel}","templated":true}]}}