{"id":2915,"date":"2022-07-29T14:45:00","date_gmt":"2022-07-29T14:45:00","guid":{"rendered":"https:\/\/www.parquetantauco.cl\/?page_id=2915"},"modified":"2025-07-01T20:50:59","modified_gmt":"2025-07-01T20:50:59","slug":"quienes-somos","status":"publish","type":"page","link":"https:\/\/parquetantauco.cl\/en\/quienes-somos\/","title":{"rendered":"How to get?"},"content":{"rendered":"<div id=\"pl-2915\"  class=\"panel-layout\" ><div id=\"pg-2915-0\"  class=\"panel-grid panel-no-style\" ><div id=\"pgc-2915-0-0\"  class=\"panel-grid-cell\" ><div id=\"panel-2915-0-0-0\" class=\"so-panel widget widget_sow-editor panel-first-child panel-last-child\" data-index=\"0\" ><div\n\t\t\t\n\t\t\tclass=\"so-widget-sow-editor so-widget-sow-editor-base\"\n\t\t\t\n\t\t>\n<div class=\"siteorigin-widget-tinymce textwidget\">\n\t<p>En la comuna de Quell\u00f3n, en el sur de la isla de Chilo\u00e9, se encuentra el Parque Tantauco. Este parque, que naci\u00f3 en 2005, es un proyecto de conservaci\u00f3n de m\u00e1s de 100.000 hect\u00e1reas que protege un extenso territorio de bosque nativo, turberas, lagos y humedales, el ecosistema menos intervenido del archipi\u00e9lago, que por la acci\u00f3n humana se encuentra en permanente peligro. Desde entonces , se han desarrollado diversos proyectos de cuidado del medio ambiente y proyectos de educaci\u00f3n y cient\u00edficos, adem\u00e1s de habilitar \u00e1reas de infraestructura -como senderos y miradores- manteniendo un parque abierto para el disfrute de la comunidad regional, nacional e internacional.<\/p>\n<p>En 2022, se crea la Fundaci\u00f3n Tantauco con la intenci\u00f3n de potenciar esta iniciativa filantr\u00f3pica y que ampare estos y otros proyectos, tales como \u201cTraves\u00eda al Parque Tantauco\u201d, \u201cTaller Docente al Parque Tantauco\u201d, \u201cDescubro mi Quell\u00f3n\u201d y \u201cTaller ciudadano al Parque Tantauco\u201d, realizados en alianza con <span style=\"color: #f1313b;\"><strong><a style=\"color: #f1313b;\" href=\"https:\/\/www.fundacionfuturo.cl\/\" target=\"_blank\" rel=\"noopener\">Fundaci\u00f3n Futuro<\/a><\/strong><\/span>. Todos ellos con la finalidad de poner a disposici\u00f3n de la comunidad de Chilo\u00e9 este proyecto de conservaci\u00f3n y cuidado del entorno cultural y ambiental donde est\u00e1 inserto.<\/p>\n<p>Nuestra misi\u00f3n es proteger y conservar el bosque siempre verde, la flora y fauna que vive al interior de este territorio, la puesta en valor de la cultura local, integrando a las comunidades para el disfrute, todo con el fin de mejorar la calidad de vida de las actuales y futuras generaciones.<\/p>\n<p>&nbsp;<\/p>\n<p><strong>EQUIPO<\/strong><\/p>\n<p><strong>FUNDADORES:<\/strong><br \/>\nLos fundadores de la Fundaci\u00f3n Tantauco son todos los miembros de la familia Pi\u00f1era Morel:<br \/>\nSebasti\u00e1n Pi\u00f1era Echenique, Cecilia Morel Montes, Magdalena Pi\u00f1era Morel, Cecilia Pi\u00f1era Morel, Sebasti\u00e1n Pi\u00f1era Morel y Crist\u00f3bal Pi\u00f1era Morel.<\/p>\n<p><strong>&nbsp;<\/strong><\/p>\n<p><strong>DIRECTORIO:<\/strong><\/p>\n<p><strong>Presidenta: <\/strong>Cecilia Pi\u00f1era Morel<\/p>\n<p><strong>Secretaria:<\/strong> Mar\u00eda Cecilia Guzm\u00e1n Ossa<\/p>\n<p><strong>Tesorero:<\/strong> Juan Guillermo Ag\u00fcero<\/p>\n<p><strong>Directora:<\/strong> Magdalena Pi\u00f1era Morel<\/p>\n<p><strong>Director:<\/strong> Sebasti\u00e1n Pi\u00f1era Morel<\/p>\n<p>&nbsp;<\/p>\n<p><strong>EQUIPO EJECUTIVO:<\/strong><\/p>\n<p><strong>Directora Ejecutiva:<\/strong> Magdalena Pi\u00f1era Morel<\/p>\n<p><strong>Administrador General: <\/strong>Alan Bannister Hepp<\/p>\n<p><strong>Administrador Zona Norte:<\/strong> Jorge Parra Pacheco<\/p>\n<p><strong>Administrador Zona Sur:<\/strong> Pablo Aguilar Mella<\/p>\n<p><strong>Jefe de Comunicaciones: <\/strong>Nicol\u00e1s Mes\u00edas Moreno<\/p>\n<p><strong>Coordinador Relaciones Institucionales:<\/strong> Vicente Parodi<\/p>\n<p><strong>Encargado de Contabilidad y RRHH:<\/strong>&nbsp;Ricardo Saldivia Avenda\u00f1o<\/p>\n<p><strong>Encargada Coordinaci\u00f3n de Visitantes<\/strong>: Javiera Lucero Gonz\u00e1les<\/p>\n<p><strong>Secretaria: <\/strong>Paula Trivi\u00f1o Torres<\/p>\n<p><strong>Encargada Difusi\u00f3n y Redes: <\/strong>&nbsp;Camila Ega\u00f1a Tomic<\/p>\n<p><strong>Encargada Programa Educaci\u00f3n Ambiental:<\/strong> Daniela Cuevas Olivares<\/p>\n<p><strong>Encargado Programa Comunidad y Extensi\u00f3n<\/strong>: Dami\u00e1n Vald\u00e9s Pi\u00f1era<\/p>\n<p><strong>&nbsp;<\/strong><\/p>\n<\/div>\n<\/div><\/div><\/div><\/div><div id=\"pg-2915-1\"  class=\"panel-grid panel-no-style\" ><div id=\"pgc-2915-1-0\"  class=\"panel-grid-cell panel-grid-cell-empty\" ><\/div><div id=\"pgc-2915-1-1\"  class=\"panel-grid-cell panel-grid-cell-empty panel-grid-cell-mobile-last\" ><\/div><div id=\"pgc-2915-1-2\"  class=\"panel-grid-cell panel-grid-cell-empty\" ><\/div><\/div><\/div>","protected":false},"excerpt":{"rendered":"<p>En la comuna de Quell\u00f3n, en el sur de la isla de Chilo\u00e9, se encuentra el Parque Tantauco. Este parque, que naci\u00f3 en 2005, es un proyecto de conservaci\u00f3n de m\u00e1s de 100.000 hect\u00e1reas que protege un extenso territorio de bosque nativo, turberas, lagos y humedales, el ecosistema menos intervenido del archipi\u00e9lago, que por la [&hellip;]<\/p>\n","protected":false},"author":1,"featured_media":2926,"parent":0,"menu_order":0,"comment_status":"closed","ping_status":"closed","template":"","meta":{"_acf_changed":false,"inline_featured_image":false,"_uag_custom_page_level_css":"","ngg_post_thumbnail":0,"footnotes":""},"class_list":["post-2915","page","type-page","status-publish","has-post-thumbnail","hentry"],"acf":[],"aioseo_notices":[],"uagb_featured_image_src":{"full":["https:\/\/parquetantauco.cl\/wp-content\/uploads\/2022\/07\/equipos.jpg",1336,752,false],"thumbnail":["https:\/\/parquetantauco.cl\/wp-content\/uploads\/2022\/07\/equipos-150x150.jpg",150,150,true],"medium":["https:\/\/parquetantauco.cl\/wp-content\/uploads\/2022\/07\/equipos-300x169.jpg",300,169,true],"medium_large":["https:\/\/parquetantauco.cl\/wp-content\/uploads\/2022\/07\/equipos-768x432.jpg",768,432,true],"large":["https:\/\/parquetantauco.cl\/wp-content\/uploads\/2022\/07\/equipos-1024x576.jpg",770,433,true],"1536x1536":["https:\/\/parquetantauco.cl\/wp-content\/uploads\/2022\/07\/equipos.jpg",1336,752,false],"2048x2048":["https:\/\/parquetantauco.cl\/wp-content\/uploads\/2022\/07\/equipos.jpg",1336,752,false],"multimedia":["https:\/\/parquetantauco.cl\/wp-content\/uploads\/2022\/07\/equipos-480x360.jpg",480,360,true],"multimedia-big":["https:\/\/parquetantauco.cl\/wp-content\/uploads\/2022\/07\/equipos-770x752.jpg",770,752,true],"sow-carousel-default":["https:\/\/parquetantauco.cl\/wp-content\/uploads\/2022\/07\/equipos-272x182.jpg",272,182,true]},"uagb_author_info":{"display_name":"tantauco","author_link":"https:\/\/parquetantauco.cl\/en\/author\/parque-tantauco\/"},"uagb_comment_info":0,"uagb_excerpt":"En la comuna de Quell\u00f3n, en el sur de la isla de Chilo\u00e9, se encuentra el Parque Tantauco. Este parque, que naci\u00f3 en 2005, es un proyecto de conservaci\u00f3n de m\u00e1s de 100.000 hect\u00e1reas que protege un extenso territorio de bosque nativo, turberas, lagos y humedales, el ecosistema menos intervenido del archipi\u00e9lago, que por la&hellip;","_links":{"self":[{"href":"https:\/\/parquetantauco.cl\/en\/wp-json\/wp\/v2\/pages\/2915","targetHints":{"allow":["GET"]}}],"collection":[{"href":"https:\/\/parquetantauco.cl\/en\/wp-json\/wp\/v2\/pages"}],"about":[{"href":"https:\/\/parquetantauco.cl\/en\/wp-json\/wp\/v2\/types\/page"}],"author":[{"embeddable":true,"href":"https:\/\/parquetantauco.cl\/en\/wp-json\/wp\/v2\/users\/1"}],"replies":[{"embeddable":true,"href":"https:\/\/parquetantauco.cl\/en\/wp-json\/wp\/v2\/comments?post=2915"}],"version-history":[{"count":20,"href":"https:\/\/parquetantauco.cl\/en\/wp-json\/wp\/v2\/pages\/2915\/revisions"}],"predecessor-version":[{"id":6570,"href":"https:\/\/parquetantauco.cl\/en\/wp-json\/wp\/v2\/pages\/2915\/revisions\/6570"}],"wp:featuredmedia":[{"embeddable":true,"href":"https:\/\/parquetantauco.cl\/en\/wp-json\/wp\/v2\/media\/2926"}],"wp:attachment":[{"href":"https:\/\/parquetantauco.cl\/en\/wp-json\/wp\/v2\/media?parent=2915"}],"curies":[{"name":"wp","href":"https:\/\/api.w.org\/{rel}","templated":true}]}}