{"id":3664,"date":"2023-02-28T15:58:02","date_gmt":"2023-02-28T15:58:02","guid":{"rendered":"https:\/\/www.parquetantauco.cl\/?page_id=3664"},"modified":"2026-02-23T21:00:15","modified_gmt":"2026-02-23T21:00:15","slug":"aula-en-la-naturaleza","status":"publish","type":"page","link":"https:\/\/parquetantauco.cl\/en\/educacion-ambiental\/aula-en-la-naturaleza\/","title":{"rendered":"Programas para colegios"},"content":{"rendered":"<div id=\"pl-3664\"  class=\"panel-layout\" ><div id=\"pg-3664-0\"  class=\"panel-grid panel-no-style\" ><div id=\"pgc-3664-0-0\"  class=\"panel-grid-cell\" ><div id=\"panel-3664-0-0-0\" class=\"so-panel widget widget_sow-editor panel-first-child panel-last-child\" data-index=\"0\" ><div\n\t\t\t\n\t\t\tclass=\"so-widget-sow-editor so-widget-sow-editor-base\"\n\t\t\t\n\t\t>\n<div class=\"siteorigin-widget-tinymce textwidget\">\n\t<p>Es un programa dise\u00f1ado para alumnos de ense\u00f1anza media de establecimientos de la Provincia de Chilo\u00e9, destacando la participaci\u00f3n especial de Liceos Bicentenarios de la zona. Consta de un taller de capacitaci\u00f3n en sala para el alumnado referente al rol ecosist\u00e9mico de las especies que habitan en los bosques de Chilo\u00e9, y en las principales amenazas de cada uno. Con la finalidad de generar sentido de pertenencia, reflexi\u00f3n y consciencia sobre la biodiversidad del archipi\u00e9lago.<\/p>\n<p><strong>JEFA DE PROYECTO:<\/strong> Daniela Cuevas Olivares<\/p>\n<p><a href=\"https:\/\/forms.gle\/t9sr9PdKsbNkNbJL7  \" target=\"_blank\" rel=\"noopener\"><img loading=\"lazy\" decoding=\"async\" class=\"aligncenter wp-image-6177\" src=\"https:\/\/parquetantauco.cl\/wp-content\/uploads\/2025\/03\/CONOCE-NUESTROS-PROGRAMAS-2025-2-300x21.jpg\" alt=\"\" width=\"885\" height=\"62\" srcset=\"https:\/\/parquetantauco.cl\/wp-content\/uploads\/2025\/03\/CONOCE-NUESTROS-PROGRAMAS-2025-2-300x21.jpg 300w, https:\/\/parquetantauco.cl\/wp-content\/uploads\/2025\/03\/CONOCE-NUESTROS-PROGRAMAS-2025-2-1024x73.jpg 1024w, https:\/\/parquetantauco.cl\/wp-content\/uploads\/2025\/03\/CONOCE-NUESTROS-PROGRAMAS-2025-2-768x55.jpg 768w, https:\/\/parquetantauco.cl\/wp-content\/uploads\/2025\/03\/CONOCE-NUESTROS-PROGRAMAS-2025-2.jpg 1400w\" sizes=\"auto, (max-width: 885px) 100vw, 885px\" \/><\/a><\/p>\n<p><strong><a href=\"https:\/\/parquetantauco.cl\/wp-content\/uploads\/2026\/02\/23-02-2026-INFORMATIVO-PROGRAMA-EL-PARQUE-A-TU-SALA.pdf\">INFORMATIVO PROGRAMA EL PARQUE A TU SALA<\/a><\/strong><\/p>\n<p><strong>OBJETIVO<br \/>\n<\/strong>Fomentar el di\u00e1logo y an\u00e1lisis respecto a los espacios naturales pertenecientes en el archipi\u00e9lago, y las especies que conviven dentro del ecosistema presente en el territorio, poniendo el valor los atributos de las diferentes especies que forman parte del ecosistema local y destacando sus amenazas. Con la finalidad de que al crear mayor consciencia se promueva mayor cuidado y compromiso por la protecci\u00f3n de estos espacios.<\/p>\n<p><strong>METODOLOG\u00cdA<br \/>\n<\/strong>El taller comienza con una presentaci\u00f3n en sala en la que se desarrolla con intercambio de reflexiones sobre el ecosistema de la zona por parte de los alumnos. Luego se genera una actividad grupal, donde los alumnos forman 3 grupos utilizando la orientaci\u00f3n de las filas de la sala, cada fila recibe un nombre, flora, fauna o funga. Cada uno de estos grupos es compuesto con 12 alumnos y 1 docente que ser\u00e1 llamado \u201cChucao\u201d y tendr\u00e1 el rol de mediador. Los alumnos har\u00e1n equipo de 2, quedando 6 equipos por cada grupo, en el centro un tablero que les invitar\u00e1 a utilizar su conocimiento para recorrer un sendero donde pondr\u00e1n en pr\u00e1ctica el trabajo en equipo, habilidades para argumentar, desarrollo de ideas y conocimiento general del ecosistema natural que habita en Chilo\u00e9. Los juegos constituyen herramientas pedag\u00f3gicas activas que tienen la capacidad de transformar el aula en un entorno din\u00e1mico y estimulante, al juntar los conceptos relacionados a la naturaleza obtenemos un momento divertido y memorable para los estudiantes, al mismo tiempo que trabajan en grupo y desarrollan pensamiento cr\u00edtico, ,reflexiones y motivaci\u00f3n por aprender y participar. Al final del juego, los ganadores obtienen premios.<\/p>\n<p><strong>CIFRAS<\/strong><br \/>\nEn el 2024, se realiza el piloto de este programa con mas de 60 alumnos establecimientos de las comunas de Quell\u00f3n y Castro. Durante el 2025, se alcanza a las de 3.500 estudiantes de ense\u00f1anza media. Cifra que se espera superar durante el desarrollo del programa durante el 2026.<\/p>\n<\/div>\n<\/div><\/div><\/div><\/div><\/div>","protected":false},"excerpt":{"rendered":"<p>Es un programa dise\u00f1ado para alumnos de ense\u00f1anza media de establecimientos de la Provincia de Chilo\u00e9, destacando la participaci\u00f3n especial de Liceos Bicentenarios de la zona. Consta de un taller de capacitaci\u00f3n en sala para el alumnado referente al rol ecosist\u00e9mico de las especies que habitan en los bosques de Chilo\u00e9, y en las principales [&hellip;]<\/p>\n","protected":false},"author":1,"featured_media":6073,"parent":3661,"menu_order":0,"comment_status":"closed","ping_status":"closed","template":"","meta":{"_acf_changed":false,"inline_featured_image":false,"_uag_custom_page_level_css":"","ngg_post_thumbnail":0,"footnotes":""},"class_list":["post-3664","page","type-page","status-publish","has-post-thumbnail","hentry"],"acf":[],"aioseo_notices":[],"uagb_featured_image_src":{"full":["https:\/\/parquetantauco.cl\/wp-content\/uploads\/2025\/02\/Parque_a_tu_sala.jpg",1920,500,false],"thumbnail":["https:\/\/parquetantauco.cl\/wp-content\/uploads\/2025\/02\/Parque_a_tu_sala-150x150.jpg",150,150,true],"medium":["https:\/\/parquetantauco.cl\/wp-content\/uploads\/2025\/02\/Parque_a_tu_sala-300x78.jpg",300,78,true],"medium_large":["https:\/\/parquetantauco.cl\/wp-content\/uploads\/2025\/02\/Parque_a_tu_sala-768x200.jpg",768,200,true],"large":["https:\/\/parquetantauco.cl\/wp-content\/uploads\/2025\/02\/Parque_a_tu_sala-1024x267.jpg",770,201,true],"1536x1536":["https:\/\/parquetantauco.cl\/wp-content\/uploads\/2025\/02\/Parque_a_tu_sala-1536x400.jpg",1536,400,true],"2048x2048":["https:\/\/parquetantauco.cl\/wp-content\/uploads\/2025\/02\/Parque_a_tu_sala.jpg",1920,500,false],"multimedia":["https:\/\/parquetantauco.cl\/wp-content\/uploads\/2025\/02\/Parque_a_tu_sala-480x360.jpg",480,360,true],"multimedia-big":["https:\/\/parquetantauco.cl\/wp-content\/uploads\/2025\/02\/Parque_a_tu_sala-770x500.jpg",770,500,true],"sow-carousel-default":["https:\/\/parquetantauco.cl\/wp-content\/uploads\/2025\/02\/Parque_a_tu_sala-272x182.jpg",272,182,true]},"uagb_author_info":{"display_name":"tantauco","author_link":"https:\/\/parquetantauco.cl\/en\/author\/parque-tantauco\/"},"uagb_comment_info":0,"uagb_excerpt":"Es un programa dise\u00f1ado para alumnos de ense\u00f1anza media de establecimientos de la Provincia de Chilo\u00e9, destacando la participaci\u00f3n especial de Liceos Bicentenarios de la zona. Consta de un taller de capacitaci\u00f3n en sala para el alumnado referente al rol ecosist\u00e9mico de las especies que habitan en los bosques de Chilo\u00e9, y en las principales&hellip;","_links":{"self":[{"href":"https:\/\/parquetantauco.cl\/en\/wp-json\/wp\/v2\/pages\/3664","targetHints":{"allow":["GET"]}}],"collection":[{"href":"https:\/\/parquetantauco.cl\/en\/wp-json\/wp\/v2\/pages"}],"about":[{"href":"https:\/\/parquetantauco.cl\/en\/wp-json\/wp\/v2\/types\/page"}],"author":[{"embeddable":true,"href":"https:\/\/parquetantauco.cl\/en\/wp-json\/wp\/v2\/users\/1"}],"replies":[{"embeddable":true,"href":"https:\/\/parquetantauco.cl\/en\/wp-json\/wp\/v2\/comments?post=3664"}],"version-history":[{"count":13,"href":"https:\/\/parquetantauco.cl\/en\/wp-json\/wp\/v2\/pages\/3664\/revisions"}],"predecessor-version":[{"id":6880,"href":"https:\/\/parquetantauco.cl\/en\/wp-json\/wp\/v2\/pages\/3664\/revisions\/6880"}],"up":[{"embeddable":true,"href":"https:\/\/parquetantauco.cl\/en\/wp-json\/wp\/v2\/pages\/3661"}],"wp:featuredmedia":[{"embeddable":true,"href":"https:\/\/parquetantauco.cl\/en\/wp-json\/wp\/v2\/media\/6073"}],"wp:attachment":[{"href":"https:\/\/parquetantauco.cl\/en\/wp-json\/wp\/v2\/media?parent=3664"}],"curies":[{"name":"wp","href":"https:\/\/api.w.org\/{rel}","templated":true}]}}