{"id":4409,"date":"2023-03-22T20:30:35","date_gmt":"2023-03-22T20:30:35","guid":{"rendered":"https:\/\/www.parquetantauco.cl\/?page_id=4409"},"modified":"2025-06-27T15:58:35","modified_gmt":"2025-06-27T15:58:35","slug":"parque-tantauco-el-lado-salvaje-de-chiloe","status":"publish","type":"page","link":"https:\/\/parquetantauco.cl\/en\/parque-tantauco-el-lado-salvaje-de-chiloe\/","title":{"rendered":"(Espa\u00f1ol) Libro &#8211; El lado Salvaje de Chilo\u00e9"},"content":{"rendered":"<div id=\"pl-4409\"  class=\"panel-layout\" ><div id=\"pg-4409-0\"  class=\"panel-grid panel-no-style\" ><div id=\"pgc-4409-0-0\"  class=\"panel-grid-cell\" ><div id=\"panel-4409-0-0-0\" class=\"so-panel widget widget_sow-editor panel-first-child\" data-index=\"0\" ><div\n\t\t\t\n\t\t\tclass=\"so-widget-sow-editor so-widget-sow-editor-base\"\n\t\t\t\n\t\t>\n<div class=\"siteorigin-widget-tinymce textwidget\">\n\t<p>El Parque Tantauco, en sus ya m\u00e1s de 20 a\u00f1os de funcionamiento, se ha encargado de ir recopilando y publicando parte de su historia. A continuaci\u00f3n se presenta la introducci\u00f3n del libro \"El Lado Salvaje de Chilo\u00e9, escrito por Sebasti\u00e1n Pi\u00f1era E.<\/p>\n<p>El 2006, en la presentaci\u00f3n de un peque\u00f1o folleto que daba a conocer el naciente Parque Tantauco -que en Huilliche significa \u201cdonde se juntan las aguas\u201d-, escrib\u00ed: \u201cFundaci\u00f3n Futuro tiene el agrado de anunciar el nacimiento de un nuevo parque al sur de la Isla de Chilo\u00e9: se trata de un maravilloso para\u00edso terrenal donde pretendemos valorar, conservar y restaurar los ecosistemas y las especies presentes, as\u00ed como impulsar un desarrollo tur\u00edstico sustentable\u201d. M\u00e1s adelante se\u00f1al\u00e9: \u201c\u2026Esperamos que comparta (y goce) con nosotros esta iniciativa de generar acciones desde el mundo privado en aras de proteger la naturaleza y resguardar nuestro patrimonio natural\u201d.<\/p>\n<p>De ello han pasado ocho a\u00f1os. Por mi parte ha corrido \u201cmucha agua bajo el puente\u201d. As\u00ed y todo, al presentar este libro del Parque Tantauco puedo afirmar que hemos cumplido a cabalidad nuestros objetivos iniciales. Es m\u00e1s, en estos 2.922 d\u00edas se han construido m\u00e1s de 130 kil\u00f3metros de senderos, levantamos seis refugios e implementamos varios fogones y lugares de camping. Gracias a nuestros dos viveros se recuperaron m\u00e1s de 100 hect\u00e1reas de bosques degradados, lo que se suma a nuestro programa de investigaci\u00f3n, donde hemos trabajado con emblem\u00e1ticas especies como el cipr\u00e9s de las Guaitecas, el zorro de Darwin y la ranita de Darwin. Estos conocimientos aportan al programa de Educaci\u00f3n Ambiental de Tantauco, que ha acercado la naturaleza a m\u00e1s de 1.500 estudiantes en riesgo social. Asimismo, la relaci\u00f3n abierta, respetuosa y colaborativa con los habitantes de la caleta In\u00edo, el \u00fanico lugar del Parque donde vive una comunidad permanente, nos enorgullece. En fin, han sido 70.128 horas m\u00e1s que fruct\u00edferas.<\/p>\n<p>No puedo terminar estas l\u00edneas sin invitarlos entusiastamente a conocer el Parque Tantauco y sin recomendarles la lectura del cap\u00edtulo dedicado a Chilo\u00e9 del maravilloso libro \u201cViaje de un naturalista alrededor del mundo\u201d de Charles Darwin. Les confieso que esas minuciosas y fascinantes descripciones realizadas entre 1832 y 1835 por el intr\u00e9pido ingl\u00e9s fueron una de mis inspiraciones a la hora de embarcarme, en pleno siglo XXI, en esta gran aventura. La otra motivaci\u00f3n: contribuir, aunque sea con un grano de arena, a la conservaci\u00f3n integral del medio ambiente de uno de los parajes m\u00e1s sublimes y rec\u00f3nditos de Chile.<\/p>\n<p>Por \u00faltimo, nada m\u00e1s que agradecer a Dios por las maravillas de la naturaleza que nos leg\u00f3 y por la oportunidad \u00fanica de poder revitalizarla, gozarla y compartirla con todos los hombres y mujeres de buena voluntad del presente y, por cierto, con los que vendr\u00e1n.<\/p>\n<p>\u00a1Sean todos bienvenidos al Parque Tantauco!<\/p>\n<p>Los invitamos a leer m\u00e1s sobre Parque Tantauco.<\/p>\n\n\t\t<style type=\"text\/css\">\n\t\t\t#gallery-1 {\n\t\t\t\tmargin: auto;\n\t\t\t}\n\t\t\t#gallery-1 .gallery-item {\n\t\t\t\tfloat: left;\n\t\t\t\tmargin-top: 10px;\n\t\t\t\ttext-align: center;\n\t\t\t\twidth: 33%;\n\t\t\t}\n\t\t\t#gallery-1 img {\n\t\t\t\tborder: 2px solid #cfcfcf;\n\t\t\t}\n\t\t\t#gallery-1 .gallery-caption {\n\t\t\t\tmargin-left: 0;\n\t\t\t}\n\t\t\t\/* see gallery_shortcode() in wp-includes\/media.php *\/\n\t\t<\/style>\n\t\t<div id='gallery-1' class='gallery galleryid-4409 gallery-columns-3 gallery-size-thumbnail'><dl class='gallery-item'>\n\t\t\t<dt class='gallery-icon landscape'>\n\t\t\t\t<a href='https:\/\/parquetantauco.cl\/en\/pagina-ejemplo\/diseno-sin-titulo-3\/#main'><img loading=\"lazy\" decoding=\"async\" width=\"150\" height=\"150\" src=\"https:\/\/parquetantauco.cl\/wp-content\/uploads\/2025\/01\/Diseno-sin-titulo-150x150.jpg\" class=\"attachment-thumbnail size-thumbnail\" alt=\"\" \/><\/a>\n\t\t\t<\/dt><\/dl><dl class='gallery-item'>\n\t\t\t<dt class='gallery-icon landscape'>\n\t\t\t\t<a href='https:\/\/parquetantauco.cl\/en\/historia\/parque-tantauco-narrativa-de-un-santuario-natural-drone_16\/#main'><img loading=\"lazy\" decoding=\"async\" width=\"150\" height=\"150\" src=\"https:\/\/parquetantauco.cl\/wp-content\/uploads\/2025\/01\/Parque-Tantauco-Narrativa-de-un-Santuario-Natural-Drone_16-150x150.jpg\" class=\"attachment-thumbnail size-thumbnail\" alt=\"\" srcset=\"https:\/\/parquetantauco.cl\/wp-content\/uploads\/2025\/01\/Parque-Tantauco-Narrativa-de-un-Santuario-Natural-Drone_16-150x150.jpg 150w, https:\/\/parquetantauco.cl\/wp-content\/uploads\/2025\/01\/Parque-Tantauco-Narrativa-de-un-Santuario-Natural-Drone_16-770x770.jpg 770w\" sizes=\"auto, (max-width: 150px) 100vw, 150px\" \/><\/a>\n\t\t\t<\/dt><\/dl><dl class='gallery-item'>\n\t\t\t<dt class='gallery-icon landscape'>\n\t\t\t\t<a href='https:\/\/parquetantauco.cl\/en\/historia\/parque-tantauco-narrativa-de-un-santuario-natural_391\/#main'><img loading=\"lazy\" decoding=\"async\" width=\"150\" height=\"150\" src=\"https:\/\/parquetantauco.cl\/wp-content\/uploads\/2025\/01\/Parque-Tantauco-Narrativa-de-un-Santuario-Natural_391-150x150.jpg\" class=\"attachment-thumbnail size-thumbnail\" alt=\"\" srcset=\"https:\/\/parquetantauco.cl\/wp-content\/uploads\/2025\/01\/Parque-Tantauco-Narrativa-de-un-Santuario-Natural_391-150x150.jpg 150w, https:\/\/parquetantauco.cl\/wp-content\/uploads\/2025\/01\/Parque-Tantauco-Narrativa-de-un-Santuario-Natural_391-770x770.jpg 770w\" sizes=\"auto, (max-width: 150px) 100vw, 150px\" \/><\/a>\n\t\t\t<\/dt><\/dl><br style=\"clear: both\" \/><dl class='gallery-item'>\n\t\t\t<dt class='gallery-icon landscape'>\n\t\t\t\t<a href='https:\/\/parquetantauco.cl\/en\/historia\/diseno-sin-titulo-5\/#main'><img loading=\"lazy\" decoding=\"async\" width=\"150\" height=\"150\" src=\"https:\/\/parquetantauco.cl\/wp-content\/uploads\/2025\/01\/Diseno-sin-titulo-5-150x150.jpg\" class=\"attachment-thumbnail size-thumbnail\" alt=\"\" srcset=\"https:\/\/parquetantauco.cl\/wp-content\/uploads\/2025\/01\/Diseno-sin-titulo-5-150x150.jpg 150w, https:\/\/parquetantauco.cl\/wp-content\/uploads\/2025\/01\/Diseno-sin-titulo-5-770x770.jpg 770w\" sizes=\"auto, (max-width: 150px) 100vw, 150px\" \/><\/a>\n\t\t\t<\/dt><\/dl><dl class='gallery-item'>\n\t\t\t<dt class='gallery-icon landscape'>\n\t\t\t\t<a href='https:\/\/parquetantauco.cl\/en\/flora-y-fauna\/parque-tantauco-narrativa-de-un-santuario-natural_392\/#main'><img loading=\"lazy\" decoding=\"async\" width=\"150\" height=\"150\" src=\"https:\/\/parquetantauco.cl\/wp-content\/uploads\/2025\/01\/Parque-Tantauco-Narrativa-de-un-Santuario-Natural_392-150x150.jpg\" class=\"attachment-thumbnail size-thumbnail\" alt=\"\" srcset=\"https:\/\/parquetantauco.cl\/wp-content\/uploads\/2025\/01\/Parque-Tantauco-Narrativa-de-un-Santuario-Natural_392-150x150.jpg 150w, https:\/\/parquetantauco.cl\/wp-content\/uploads\/2025\/01\/Parque-Tantauco-Narrativa-de-un-Santuario-Natural_392-770x770.jpg 770w\" sizes=\"auto, (max-width: 150px) 100vw, 150px\" \/><\/a>\n\t\t\t<\/dt><\/dl><dl class='gallery-item'>\n\t\t\t<dt class='gallery-icon landscape'>\n\t\t\t\t<a href='https:\/\/parquetantauco.cl\/en\/proyecto-conservacion\/parque-tantauco-narrativa-de-un-santuario-natural_511\/#main'><img loading=\"lazy\" decoding=\"async\" width=\"150\" height=\"150\" src=\"https:\/\/parquetantauco.cl\/wp-content\/uploads\/2025\/01\/Parque-Tantauco-Narrativa-de-un-Santuario-Natural_511-150x150.jpg\" class=\"attachment-thumbnail size-thumbnail\" alt=\"\" srcset=\"https:\/\/parquetantauco.cl\/wp-content\/uploads\/2025\/01\/Parque-Tantauco-Narrativa-de-un-Santuario-Natural_511-150x150.jpg 150w, https:\/\/parquetantauco.cl\/wp-content\/uploads\/2025\/01\/Parque-Tantauco-Narrativa-de-un-Santuario-Natural_511-770x770.jpg 770w\" sizes=\"auto, (max-width: 150px) 100vw, 150px\" \/><\/a>\n\t\t\t<\/dt><\/dl><br style=\"clear: both\" \/><dl class='gallery-item'>\n\t\t\t<dt class='gallery-icon landscape'>\n\t\t\t\t<a href='https:\/\/parquetantauco.cl\/en\/arquitectura\/parque-tantauco-narrativa-de-un-santuario-natural_175\/#main'><img loading=\"lazy\" decoding=\"async\" width=\"150\" height=\"150\" src=\"https:\/\/parquetantauco.cl\/wp-content\/uploads\/2025\/01\/Parque-Tantauco-Narrativa-de-un-Santuario-Natural_175-150x150.jpg\" class=\"attachment-thumbnail size-thumbnail\" alt=\"\" aria-describedby=\"gallery-1-5651\" srcset=\"https:\/\/parquetantauco.cl\/wp-content\/uploads\/2025\/01\/Parque-Tantauco-Narrativa-de-un-Santuario-Natural_175-150x150.jpg 150w, https:\/\/parquetantauco.cl\/wp-content\/uploads\/2025\/01\/Parque-Tantauco-Narrativa-de-un-Santuario-Natural_175-770x770.jpg 770w\" sizes=\"auto, (max-width: 150px) 100vw, 150px\" \/><\/a>\n\t\t\t<\/dt>\n\t\t\t\t<dd class='wp-caption-text gallery-caption' id='gallery-1-5651'>\n\t\t\t\tMirador Yaldad\n\t\t\t\t<\/dd><\/dl><dl class='gallery-item'>\n\t\t\t<dt class='gallery-icon landscape'>\n\t\t\t\t<a href='https:\/\/parquetantauco.cl\/en\/pagina-ejemplo\/diseno-sin-titulo-1-3\/#main'><img loading=\"lazy\" decoding=\"async\" width=\"150\" height=\"150\" src=\"https:\/\/parquetantauco.cl\/wp-content\/uploads\/2025\/01\/Diseno-sin-titulo-1-150x150.jpg\" class=\"attachment-thumbnail size-thumbnail\" alt=\"\" \/><\/a>\n\t\t\t<\/dt><\/dl>\n\t\t\t<br style='clear: both' \/>\n\t\t<\/div>\n\n<\/div>\n<\/div><\/div><div id=\"panel-4409-0-0-1\" class=\"so-panel widget widget_sow-button panel-last-child\" data-index=\"1\" ><div\n\t\t\t\n\t\t\tclass=\"so-widget-sow-button so-widget-sow-button-flat-66466acb9e12-4409\"\n\t\t\t\n\t\t><div class=\"ow-button-base ow-button-align-center\"\n>\n\t\t\t<a\n\t\t\t\t\thref=\"\/wp-content\/uploads\/2018\/09\/Libro-Parque-Tantauco.pdf\"\n\t\t\t\t\tclass=\"sowb-button ow-icon-placement-left ow-button-hover\" target=\"_blank\" rel=\"noopener noreferrer\" \t>\n\t\t<span>\n\t\t\t\n\t\t\tDescargar libro Parque Tantauco\t\t<\/span>\n\t\t\t<\/a>\n\t<\/div>\n<\/div><\/div><\/div><\/div><\/div>","protected":false},"excerpt":{"rendered":"<p>El Parque Tantauco, en sus ya m\u00e1s de 20 a\u00f1os de funcionamiento, se ha encargado de ir recopilando y publicando parte de su historia. A continuaci\u00f3n se presenta la introducci\u00f3n del libro &#8220;El Lado Salvaje de Chilo\u00e9, escrito por Sebasti\u00e1n Pi\u00f1era E. El 2006, en la presentaci\u00f3n de un peque\u00f1o folleto que daba a conocer [&hellip;]<\/p>\n","protected":false},"author":1,"featured_media":1729,"parent":0,"menu_order":0,"comment_status":"closed","ping_status":"closed","template":"","meta":{"_acf_changed":false,"inline_featured_image":false,"_uag_custom_page_level_css":"","ngg_post_thumbnail":0,"footnotes":""},"class_list":["post-4409","page","type-page","status-publish","has-post-thumbnail","hentry"],"acf":[],"aioseo_notices":[],"uagb_featured_image_src":{"full":["https:\/\/parquetantauco.cl\/wp-content\/uploads\/2018\/09\/header2_libro.jpg",1600,1048,false],"thumbnail":["https:\/\/parquetantauco.cl\/wp-content\/uploads\/2018\/09\/header2_libro-150x150.jpg",150,150,true],"medium":["https:\/\/parquetantauco.cl\/wp-content\/uploads\/2018\/09\/header2_libro-300x197.jpg",300,197,true],"medium_large":["https:\/\/parquetantauco.cl\/wp-content\/uploads\/2018\/09\/header2_libro-768x503.jpg",768,503,true],"large":["https:\/\/parquetantauco.cl\/wp-content\/uploads\/2018\/09\/header2_libro-1024x671.jpg",770,505,true],"1536x1536":["https:\/\/parquetantauco.cl\/wp-content\/uploads\/2018\/09\/header2_libro.jpg",1536,1006,false],"2048x2048":["https:\/\/parquetantauco.cl\/wp-content\/uploads\/2018\/09\/header2_libro.jpg",1600,1048,false],"multimedia":["https:\/\/parquetantauco.cl\/wp-content\/uploads\/2018\/09\/header2_libro-480x360.jpg",480,360,true],"multimedia-big":["https:\/\/parquetantauco.cl\/wp-content\/uploads\/2018\/09\/header2_libro-770x770.jpg",770,770,true],"sow-carousel-default":["https:\/\/parquetantauco.cl\/wp-content\/uploads\/2018\/09\/header2_libro-272x182.jpg",272,182,true]},"uagb_author_info":{"display_name":"tantauco","author_link":"https:\/\/parquetantauco.cl\/en\/author\/parque-tantauco\/"},"uagb_comment_info":0,"uagb_excerpt":"El Parque Tantauco, en sus ya m\u00e1s de 20 a\u00f1os de funcionamiento, se ha encargado de ir recopilando y publicando parte de su historia. A continuaci\u00f3n se presenta la introducci\u00f3n del libro \"El Lado Salvaje de Chilo\u00e9, escrito por Sebasti\u00e1n Pi\u00f1era E. El 2006, en la presentaci\u00f3n de un peque\u00f1o folleto que daba a conocer&hellip;","_links":{"self":[{"href":"https:\/\/parquetantauco.cl\/en\/wp-json\/wp\/v2\/pages\/4409","targetHints":{"allow":["GET"]}}],"collection":[{"href":"https:\/\/parquetantauco.cl\/en\/wp-json\/wp\/v2\/pages"}],"about":[{"href":"https:\/\/parquetantauco.cl\/en\/wp-json\/wp\/v2\/types\/page"}],"author":[{"embeddable":true,"href":"https:\/\/parquetantauco.cl\/en\/wp-json\/wp\/v2\/users\/1"}],"replies":[{"embeddable":true,"href":"https:\/\/parquetantauco.cl\/en\/wp-json\/wp\/v2\/comments?post=4409"}],"version-history":[{"count":10,"href":"https:\/\/parquetantauco.cl\/en\/wp-json\/wp\/v2\/pages\/4409\/revisions"}],"predecessor-version":[{"id":6537,"href":"https:\/\/parquetantauco.cl\/en\/wp-json\/wp\/v2\/pages\/4409\/revisions\/6537"}],"wp:featuredmedia":[{"embeddable":true,"href":"https:\/\/parquetantauco.cl\/en\/wp-json\/wp\/v2\/media\/1729"}],"wp:attachment":[{"href":"https:\/\/parquetantauco.cl\/en\/wp-json\/wp\/v2\/media?parent=4409"}],"curies":[{"name":"wp","href":"https:\/\/api.w.org\/{rel}","templated":true}]}}