{"id":4442,"date":"2023-03-31T18:43:59","date_gmt":"2023-03-31T18:43:59","guid":{"rendered":"https:\/\/www.parquetantauco.cl\/?page_id=4442"},"modified":"2025-10-08T15:30:46","modified_gmt":"2025-10-08T15:30:46","slug":"informacion-para-visitantes","status":"publish","type":"page","link":"https:\/\/parquetantauco.cl\/en\/informacion-para-visitantes\/","title":{"rendered":"(Espa\u00f1ol) Informaci\u00f3n para visitantes"},"content":{"rendered":"<div id=\"pl-4442\"  class=\"panel-layout\" ><div id=\"pg-4442-0\"  class=\"panel-grid panel-no-style\" ><div id=\"pgc-4442-0-0\"  class=\"panel-grid-cell\" ><div id=\"panel-4442-0-0-0\" class=\"so-panel widget widget_text panel-first-child\" data-index=\"0\" >\t\t\t<div class=\"textwidget\"><p>\u00bfD\u00f3nde estamos ubicados? <strong>DESCARGA AQU\u00cd EL MAPA OFICIAL DEL PARQUE TANTAUCO<\/strong><\/p>\n<\/div>\n\t\t<\/div><div id=\"panel-4442-0-0-1\" class=\"so-panel widget widget_sow-button panel-last-child\" data-index=\"1\" ><div\n\t\t\t\n\t\t\tclass=\"so-widget-sow-button so-widget-sow-button-flat-f583d5264278-4442\"\n\t\t\t\n\t\t><div class=\"ow-button-base ow-button-align-left\"\n>\n\t\t\t<a\n\t\t\t\t\thref=\"https:\/\/parquetantauco.cl\/wp-content\/uploads\/2025\/09\/mapa2025.pdf\"\n\t\t\t\t\tclass=\"sowb-button ow-icon-placement-left ow-button-hover\" target=\"_blank\" rel=\"noopener noreferrer\" download=\"\" \t>\n\t\t<span>\n\t\t\t\n\t\t\tVER MAPA\t\t<\/span>\n\t\t\t<\/a>\n\t<\/div>\n<\/div><\/div><\/div><\/div><div id=\"pg-4442-1\"  class=\"panel-grid panel-no-style\" ><div id=\"pgc-4442-1-0\"  class=\"panel-grid-cell\" ><div id=\"panel-4442-1-0-0\" class=\"so-panel widget widget_media_image panel-first-child panel-last-child\" data-index=\"2\" ><img loading=\"lazy\" decoding=\"async\" width=\"1174\" height=\"1500\" src=\"https:\/\/parquetantauco.cl\/wp-content\/uploads\/2025\/10\/Informacion-Visitantes-2025-2026-ok-1.jpg\" class=\"image wp-image-6714  attachment-full size-full\" alt=\"\" style=\"max-width: 100%; height: auto;\" srcset=\"https:\/\/parquetantauco.cl\/wp-content\/uploads\/2025\/10\/Informacion-Visitantes-2025-2026-ok-1.jpg 1174w, https:\/\/parquetantauco.cl\/wp-content\/uploads\/2025\/10\/Informacion-Visitantes-2025-2026-ok-1-235x300.jpg 235w, https:\/\/parquetantauco.cl\/wp-content\/uploads\/2025\/10\/Informacion-Visitantes-2025-2026-ok-1-801x1024.jpg 801w, https:\/\/parquetantauco.cl\/wp-content\/uploads\/2025\/10\/Informacion-Visitantes-2025-2026-ok-1-768x981.jpg 768w\" sizes=\"auto, (max-width: 1174px) 100vw, 1174px\" \/><\/div><\/div><div id=\"pgc-4442-1-1\"  class=\"panel-grid-cell\" ><div id=\"panel-4442-1-1-0\" class=\"so-panel widget widget_text panel-first-child\" data-index=\"3\" >\t\t\t<div class=\"textwidget\"><p>En nuestra <strong>Gu\u00eda de Visitantes<\/strong>\u00a0 encontrar\u00e1s toda la informaci\u00f3n para visitar Parque Tantauco esta temporada, con programas, precios y datos actualizados. Si a\u00fan tienes dudas puedes escribirnos a <a href=\"mailto:info@parquetantauco.cl\">info@parquetantauco.cl<\/a> y te\u00a0ayudaremos a organizar tu visita a Tantauco.<\/p>\n<\/div>\n\t\t<\/div><div id=\"panel-4442-1-1-1\" class=\"so-panel widget widget_sow-button panel-last-child\" data-index=\"4\" ><div\n\t\t\t\n\t\t\tclass=\"so-widget-sow-button so-widget-sow-button-flat-6e6104286043-4442\"\n\t\t\t\n\t\t><div class=\"ow-button-base ow-button-align-left\"\n>\n\t\t\t<a\n\t\t\t\t\thref=\"https:\/\/parquetantauco.cl\/wp-content\/uploads\/2025\/10\/Informacion-Visitantes-2025-2026-ok.pdf\"\n\t\t\t\t\tclass=\"sowb-button ow-icon-placement-left ow-button-hover\" target=\"_blank\" rel=\"noopener noreferrer\" \t>\n\t\t<span>\n\t\t\t\n\t\t\tDESCARGA PDF INFORMACION PARA VISITANTES\t\t<\/span>\n\t\t\t<\/a>\n\t<\/div>\n<\/div><\/div><\/div><\/div><\/div>","protected":false},"excerpt":{"rendered":"<p>\u00bfD\u00f3nde estamos ubicados? DESCARGA AQU\u00cd EL MAPA OFICIAL DEL PARQUE TANTAUCO En nuestra Gu\u00eda de Visitantes\u00a0 encontrar\u00e1s toda la informaci\u00f3n para visitar Parque Tantauco esta temporada, con programas, precios y datos actualizados. Si a\u00fan tienes dudas puedes escribirnos a info@parquetantauco.cl y te\u00a0ayudaremos a organizar tu visita a Tantauco.<\/p>\n","protected":false},"author":1,"featured_media":4468,"parent":0,"menu_order":0,"comment_status":"closed","ping_status":"closed","template":"","meta":{"_acf_changed":false,"inline_featured_image":false,"_uag_custom_page_level_css":"","ngg_post_thumbnail":0,"footnotes":""},"class_list":["post-4442","page","type-page","status-publish","has-post-thumbnail","hentry"],"acf":[],"aioseo_notices":[],"uagb_featured_image_src":{"full":["https:\/\/parquetantauco.cl\/wp-content\/uploads\/2023\/03\/1336x725_visitantes_2.jpg",1336,725,false],"thumbnail":["https:\/\/parquetantauco.cl\/wp-content\/uploads\/2023\/03\/1336x725_visitantes_2-150x150.jpg",150,150,true],"medium":["https:\/\/parquetantauco.cl\/wp-content\/uploads\/2023\/03\/1336x725_visitantes_2-300x163.jpg",300,163,true],"medium_large":["https:\/\/parquetantauco.cl\/wp-content\/uploads\/2023\/03\/1336x725_visitantes_2-768x417.jpg",768,417,true],"large":["https:\/\/parquetantauco.cl\/wp-content\/uploads\/2023\/03\/1336x725_visitantes_2-1024x556.jpg",770,418,true],"1536x1536":["https:\/\/parquetantauco.cl\/wp-content\/uploads\/2023\/03\/1336x725_visitantes_2.jpg",1336,725,false],"2048x2048":["https:\/\/parquetantauco.cl\/wp-content\/uploads\/2023\/03\/1336x725_visitantes_2.jpg",1336,725,false],"multimedia":["https:\/\/parquetantauco.cl\/wp-content\/uploads\/2023\/03\/1336x725_visitantes_2-480x360.jpg",480,360,true],"multimedia-big":["https:\/\/parquetantauco.cl\/wp-content\/uploads\/2023\/03\/1336x725_visitantes_2-770x725.jpg",770,725,true],"sow-carousel-default":["https:\/\/parquetantauco.cl\/wp-content\/uploads\/2023\/03\/1336x725_visitantes_2-272x182.jpg",272,182,true]},"uagb_author_info":{"display_name":"tantauco","author_link":"https:\/\/parquetantauco.cl\/en\/author\/parque-tantauco\/"},"uagb_comment_info":0,"uagb_excerpt":"\u00bfD\u00f3nde estamos ubicados? DESCARGA AQU\u00cd EL MAPA OFICIAL DEL PARQUE TANTAUCO En nuestra Gu\u00eda de Visitantes\u00a0 encontrar\u00e1s toda la informaci\u00f3n para visitar Parque Tantauco esta temporada, con programas, precios y datos actualizados. Si a\u00fan tienes dudas puedes escribirnos a info@parquetantauco.cl y te\u00a0ayudaremos a organizar tu visita a Tantauco.","_links":{"self":[{"href":"https:\/\/parquetantauco.cl\/en\/wp-json\/wp\/v2\/pages\/4442","targetHints":{"allow":["GET"]}}],"collection":[{"href":"https:\/\/parquetantauco.cl\/en\/wp-json\/wp\/v2\/pages"}],"about":[{"href":"https:\/\/parquetantauco.cl\/en\/wp-json\/wp\/v2\/types\/page"}],"author":[{"embeddable":true,"href":"https:\/\/parquetantauco.cl\/en\/wp-json\/wp\/v2\/users\/1"}],"replies":[{"embeddable":true,"href":"https:\/\/parquetantauco.cl\/en\/wp-json\/wp\/v2\/comments?post=4442"}],"version-history":[{"count":41,"href":"https:\/\/parquetantauco.cl\/en\/wp-json\/wp\/v2\/pages\/4442\/revisions"}],"predecessor-version":[{"id":6716,"href":"https:\/\/parquetantauco.cl\/en\/wp-json\/wp\/v2\/pages\/4442\/revisions\/6716"}],"wp:featuredmedia":[{"embeddable":true,"href":"https:\/\/parquetantauco.cl\/en\/wp-json\/wp\/v2\/media\/4468"}],"wp:attachment":[{"href":"https:\/\/parquetantauco.cl\/en\/wp-json\/wp\/v2\/media?parent=4442"}],"curies":[{"name":"wp","href":"https:\/\/api.w.org\/{rel}","templated":true}]}}