{"id":4767,"date":"2023-12-11T15:39:30","date_gmt":"2023-12-11T15:39:30","guid":{"rendered":"https:\/\/www.parquetantauco.cl\/?page_id=4767"},"modified":"2023-12-11T18:41:08","modified_gmt":"2023-12-11T18:41:08","slug":"travesia-cultural-2023","status":"publish","type":"page","link":"https:\/\/parquetantauco.cl\/en\/educacion-ambiental\/travesia-cultural\/travesia-cultural-2023\/","title":{"rendered":"Programas para colegios"},"content":{"rendered":"<div id=\"pl-4767\"  class=\"panel-layout\" ><div id=\"pg-4767-0\"  class=\"panel-grid panel-no-style\" ><div id=\"pgc-4767-0-0\"  class=\"panel-grid-cell\" ><div id=\"panel-4767-0-0-0\" class=\"so-panel widget widget_sow-editor panel-first-child\" data-index=\"0\" ><div\n\t\t\t\n\t\t\tclass=\"so-widget-sow-editor so-widget-sow-editor-base\"\n\t\t\t\n\t\t>\n<div class=\"siteorigin-widget-tinymce textwidget\">\n\t<p><span style=\"font-weight: 400;\"><strong>Traves\u00eda Cultural<\/strong> es un programa de educaci\u00f3n ambiental cultural que se realiza en conjunto con Fundaci\u00f3n Futuro y bajo el alero de la Fundaci\u00f3n FPM, acogido a la ley de donaciones culturales.\u00a0<\/span><\/p>\n<p><span style=\"font-weight: 400;\">Dirigido a alumnos de 5to y 6to b\u00e1sico de colegios particular-subvencionados y municipales de la provincia de Chilo\u00e9, el cual se realiza de Marzo a Diciembre en horario de clases, siendo un programa gratuito para las escuelas participantes. Las sesiones en sala se realizan en la misma escuela, y la salida a terreno recorre el sendero R\u00edo Yaldad, en el sector Yaldad de Parque Tantauco.<\/span><\/p>\n<p><strong>Durante el 2023, 1.040 alumnos participaron del Traves\u00eda Cultural a Tantauco<\/strong><\/p>\n<p><span style=\"font-weight: 400;\">Las escuelas que participaron durante el 2023, son las siguientes:\u00a0 <\/span><\/p>\n<\/div>\n<\/div><\/div><div id=\"panel-4767-0-0-1\" class=\"so-panel widget widget_text panel-last-child\" data-index=\"1\" ><div class=\"panel-widget-style panel-widget-style-for-4767-0-0-1\" >\t\t\t<div class=\"textwidget\"><table width=\"448\">\n<tbody>\n<tr>\n<td width=\"21\">N\u00b0<\/td>\n<td width=\"150\">ESTABLECIMIENTO<\/td>\n<td width=\"117\">CURSO<\/td>\n<td width=\"80\">N\u00b0 ALUMNOS<\/td>\n<td width=\"80\">COMUNAS<\/td>\n<\/tr>\n<tr>\n<td width=\"21\">1<\/td>\n<td width=\"150\">Monmapu<\/td>\n<td width=\"117\">5to<\/td>\n<td width=\"80\">32<\/td>\n<td width=\"80\">Quell\u00f3n<\/td>\n<\/tr>\n<tr>\n<td width=\"21\">2<\/td>\n<td width=\"150\">Gabriela Mistral<\/td>\n<td width=\"117\">5to<\/td>\n<td width=\"80\">30<\/td>\n<td width=\"80\">Quell\u00f3n<\/td>\n<\/tr>\n<tr>\n<td width=\"21\">3<\/td>\n<td width=\"150\">Colegio Quell\u00f3n<\/td>\n<td width=\"117\">5to<\/td>\n<td width=\"80\">26<\/td>\n<td width=\"80\">Quell\u00f3n<\/td>\n<\/tr>\n<tr>\n<td width=\"21\">4<\/td>\n<td width=\"150\">Emanuel<\/td>\n<td width=\"117\">5to<\/td>\n<td width=\"80\">35<\/td>\n<td width=\"80\">Quell\u00f3n<\/td>\n<\/tr>\n<tr>\n<td width=\"21\">5<\/td>\n<td width=\"150\">Liceo Manuel Jes\u00fas Andrade B\u00f3rquez<\/td>\n<td width=\"117\">6to A<\/td>\n<td width=\"80\">23<\/td>\n<td width=\"80\">Chonchi<\/td>\n<\/tr>\n<tr>\n<td width=\"21\">6<\/td>\n<td width=\"150\">Colegio Rural Alvaro Vargas<\/td>\n<td width=\"117\">5to y 6to<\/td>\n<td width=\"80\">36<\/td>\n<td width=\"80\">Queilen<\/td>\n<\/tr>\n<tr>\n<td width=\"21\">7<\/td>\n<td width=\"150\">Colegio rural Ra\u00edces de Quell\u00f3n<\/td>\n<td width=\"117\">5to<\/td>\n<td width=\"80\">14<\/td>\n<td width=\"80\">Quell\u00f3n<\/td>\n<\/tr>\n<tr>\n<td width=\"21\">8<\/td>\n<td width=\"150\">Colegio Ana Nelly Carter<\/td>\n<td width=\"117\">5to<\/td>\n<td width=\"80\">30<\/td>\n<td width=\"80\">Castro<\/td>\n<\/tr>\n<tr>\n<td width=\"21\">9<\/td>\n<td width=\"150\">Liceo Ramon Freire<\/td>\n<td width=\"117\">5to<\/td>\n<td width=\"80\">32<\/td>\n<td width=\"80\">Achao<\/td>\n<\/tr>\n<tr>\n<td width=\"21\">10<\/td>\n<td width=\"150\">Colegio Pedro Vel\u00e1zquez<\/td>\n<td width=\"117\">5to y 6to<\/td>\n<td width=\"80\">40<\/td>\n<td width=\"80\">Castro<\/td>\n<\/tr>\n<tr>\n<td width=\"21\">11<\/td>\n<td width=\"150\">Gabriela Mistral<\/td>\n<td width=\"117\">6to<\/td>\n<td width=\"80\">37<\/td>\n<td width=\"80\">Quell\u00f3n<\/td>\n<\/tr>\n<tr>\n<td width=\"21\">12<\/td>\n<td width=\"150\">Liceo Bicentenario Insular<\/td>\n<td width=\"117\">5to<\/td>\n<td width=\"80\">23<\/td>\n<td width=\"80\">Achao<\/td>\n<\/tr>\n<tr>\n<td width=\"21\">13<\/td>\n<td width=\"150\">Escuela Mil paisajes<\/td>\n<td width=\"117\">5to<\/td>\n<td width=\"80\">30<\/td>\n<td width=\"80\">Quemchi<\/td>\n<\/tr>\n<tr>\n<td width=\"21\">14<\/td>\n<td width=\"150\">Colegio Ra\u00edces de Lemuy<\/td>\n<td width=\"117\">5to<\/td>\n<td width=\"80\">28<\/td>\n<td width=\"80\">Puqueld\u00f3n<\/td>\n<\/tr>\n<tr>\n<td width=\"21\">15<\/td>\n<td width=\"150\">Escuela Mallinlemu<\/td>\n<td width=\"117\">5to<\/td>\n<td width=\"80\">26<\/td>\n<td width=\"80\">Dalcahue<\/td>\n<\/tr>\n<tr>\n<td width=\"21\">16<\/td>\n<td width=\"150\">Colegio Carpe Diem<\/td>\n<td width=\"117\">5to<\/td>\n<td width=\"80\">35<\/td>\n<td width=\"80\">Castro<\/td>\n<\/tr>\n<tr>\n<td width=\"21\">17<\/td>\n<td width=\"150\">Liceo de la cultura<\/td>\n<td width=\"117\">5to<\/td>\n<td width=\"80\">30<\/td>\n<td width=\"80\">Castro<\/td>\n<\/tr>\n<tr>\n<td width=\"21\">18<\/td>\n<td width=\"150\">Liceo Teresa de los andes<\/td>\n<td width=\"117\">5to<\/td>\n<td width=\"80\">36<\/td>\n<td width=\"80\">Castro<\/td>\n<\/tr>\n<tr>\n<td width=\"21\">19<\/td>\n<td width=\"150\">Colegio rural Co\u00f1imo<\/td>\n<td width=\"117\">5to,6to, 7mo y 8vo<\/td>\n<td width=\"80\">35<\/td>\n<td width=\"80\">Ancud<\/td>\n<\/tr>\n<tr>\n<td width=\"21\">20<\/td>\n<td width=\"150\">Escuela Diferencial Ant\u00fc Kau<\/td>\n<td width=\"117\">5toy 6to<\/td>\n<td width=\"80\">30<\/td>\n<td width=\"80\">Castro<\/td>\n<\/tr>\n<tr>\n<td width=\"21\">21<\/td>\n<td width=\"150\">Liceo Alfredo del Carmen Barr\u00eda Oyarz\u00fan<\/td>\n<td width=\"117\">5to<\/td>\n<td width=\"80\">29<\/td>\n<td width=\"80\">Curaco de V\u00e9lez<\/td>\n<\/tr>\n<tr>\n<td width=\"21\">22<\/td>\n<td width=\"150\">Jose Santos Lincoman<\/td>\n<td width=\"117\">3ro,4to,5to, 6to, 7moy 8vo<\/td>\n<td width=\"80\">33<\/td>\n<td width=\"80\">Quell\u00f3n<\/td>\n<\/tr>\n<tr>\n<td width=\"21\">23<\/td>\n<td width=\"150\">Escuela rural Yaldad<\/td>\n<td width=\"117\">5to, 6to, 7moy 8vo<\/td>\n<td width=\"80\">32<\/td>\n<td width=\"80\">Quell\u00f3n<\/td>\n<\/tr>\n<tr>\n<td width=\"21\">24<\/td>\n<td width=\"150\">Microcentro Chadmo (Escuelas rurales: Chadmo centra, San Antonio, Agua Fresca, Quilen y San Juan)<\/td>\n<td width=\"117\">1ro, 2do, 3ro, 4to, 5to, 6to, 7mo y 8vo<\/td>\n<td width=\"80\">36<\/td>\n<td width=\"80\">Quell\u00f3n<\/td>\n<\/tr>\n<tr>\n<td width=\"21\">25<\/td>\n<td width=\"150\">Chilhue<\/td>\n<td width=\"117\">5to, 6to<\/td>\n<td width=\"80\">39<\/td>\n<td width=\"80\">Queilen<\/td>\n<\/tr>\n<tr>\n<td width=\"21\">26<\/td>\n<td width=\"150\">Terranova<\/td>\n<td width=\"117\">6to<\/td>\n<td width=\"80\">33<\/td>\n<td width=\"80\">Queilen<\/td>\n<\/tr>\n<tr>\n<td width=\"21\">27<\/td>\n<td width=\"150\">Kahuala<\/td>\n<td width=\"117\">5to<\/td>\n<td width=\"80\">33<\/td>\n<td width=\"80\">Castro<\/td>\n<\/tr>\n<tr>\n<td width=\"21\">28<\/td>\n<td width=\"150\">Quitripulli<\/td>\n<td width=\"117\">5to,6to, 7mo y 8vo<\/td>\n<td width=\"80\">36<\/td>\n<td width=\"80\">Chonchi<\/td>\n<\/tr>\n<tr>\n<td width=\"21\">29<\/td>\n<td width=\"150\">Escuela rural Auchac<\/td>\n<td width=\"117\">5to,6to, 7mo y 8vo<\/td>\n<td width=\"80\">30<\/td>\n<td width=\"80\">Quell\u00f3n<\/td>\n<\/tr>\n<tr>\n<td width=\"21\">30<\/td>\n<td width=\"150\">Escuela Rural Isla Chaullin<\/td>\n<td width=\"117\">5to, 6to<\/td>\n<td width=\"80\">3<\/td>\n<td width=\"80\">Quell\u00f3n<\/td>\n<\/tr>\n<tr>\n<td width=\"21\">31<\/td>\n<td width=\"150\">Liceo Manuel Jes\u00fas Andrade B\u00f3rquez<\/td>\n<td width=\"117\">6to B<\/td>\n<td width=\"80\">23<\/td>\n<td width=\"80\">Chonchi<\/td>\n<\/tr>\n<tr>\n<td width=\"21\">32<\/td>\n<td width=\"150\">San Crescente<\/td>\n<td width=\"117\">5to<\/td>\n<td width=\"80\">32<\/td>\n<td width=\"80\">Castro<\/td>\n<\/tr>\n<tr>\n<td width=\"21\">33<\/td>\n<td width=\"150\">Escuela rural Trincao<\/td>\n<td width=\"117\">5to,6to, 7mo y 8vo<\/td>\n<td width=\"80\">13<\/td>\n<td width=\"80\">Quell\u00f3n<\/td>\n<\/tr>\n<tr>\n<td width=\"21\">34<\/td>\n<td width=\"150\">Escuela rural Oqueldan<\/td>\n<td width=\"117\">5to,6to, 7mo y 8vo<\/td>\n<td width=\"80\">29<\/td>\n<td width=\"80\">Quell\u00f3n<\/td>\n<\/tr>\n<tr>\n<td width=\"21\">35<\/td>\n<td width=\"150\">Escuela rurak kume Ruka<\/td>\n<td width=\"117\">5to,6to, 7mo y 8vo<\/td>\n<td width=\"80\">36<\/td>\n<td width=\"80\">Quell\u00f3n<\/td>\n<\/tr>\n<\/tbody>\n<\/table>\n<\/div>\n\t\t<\/div><\/div><\/div><\/div><div id=\"pg-4767-1\"  class=\"panel-grid panel-no-style\" ><div id=\"pgc-4767-1-0\"  class=\"panel-grid-cell\" ><div id=\"panel-4767-1-0-0\" class=\"so-panel widget widget_media_image panel-first-child panel-last-child\" data-index=\"2\" ><img loading=\"lazy\" decoding=\"async\" width=\"2560\" height=\"1152\" src=\"https:\/\/parquetantauco.cl\/wp-content\/uploads\/2023\/12\/20230803_153257-scaled.jpg\" class=\"image wp-image-4774  attachment-full size-full\" alt=\"\" style=\"max-width: 100%; height: auto;\" srcset=\"https:\/\/parquetantauco.cl\/wp-content\/uploads\/2023\/12\/20230803_153257-scaled.jpg 2560w, https:\/\/parquetantauco.cl\/wp-content\/uploads\/2023\/12\/20230803_153257-300x135.jpg 300w, https:\/\/parquetantauco.cl\/wp-content\/uploads\/2023\/12\/20230803_153257-1024x461.jpg 1024w, https:\/\/parquetantauco.cl\/wp-content\/uploads\/2023\/12\/20230803_153257-768x346.jpg 768w, https:\/\/parquetantauco.cl\/wp-content\/uploads\/2023\/12\/20230803_153257-1536x691.jpg 1536w, https:\/\/parquetantauco.cl\/wp-content\/uploads\/2023\/12\/20230803_153257-2048x922.jpg 2048w\" sizes=\"auto, (max-width: 2560px) 100vw, 2560px\" \/><\/div><\/div><div id=\"pgc-4767-1-1\"  class=\"panel-grid-cell\" ><div id=\"panel-4767-1-1-0\" class=\"so-panel widget widget_media_image panel-first-child panel-last-child\" data-index=\"3\" ><img loading=\"lazy\" decoding=\"async\" width=\"770\" height=\"347\" src=\"https:\/\/parquetantauco.cl\/wp-content\/uploads\/2023\/12\/20230706_111055-1024x461.jpg\" class=\"image wp-image-4780  attachment-large size-large\" alt=\"\" style=\"max-width: 100%; height: auto;\" srcset=\"https:\/\/parquetantauco.cl\/wp-content\/uploads\/2023\/12\/20230706_111055-1024x461.jpg 1024w, https:\/\/parquetantauco.cl\/wp-content\/uploads\/2023\/12\/20230706_111055-300x135.jpg 300w, https:\/\/parquetantauco.cl\/wp-content\/uploads\/2023\/12\/20230706_111055-768x346.jpg 768w, https:\/\/parquetantauco.cl\/wp-content\/uploads\/2023\/12\/20230706_111055-1536x692.jpg 1536w, https:\/\/parquetantauco.cl\/wp-content\/uploads\/2023\/12\/20230706_111055-2048x922.jpg 2048w\" sizes=\"auto, (max-width: 770px) 100vw, 770px\" \/><\/div><\/div><div id=\"pgc-4767-1-2\"  class=\"panel-grid-cell\" ><div id=\"panel-4767-1-2-0\" class=\"so-panel widget widget_media_image panel-first-child panel-last-child\" data-index=\"4\" ><img loading=\"lazy\" decoding=\"async\" width=\"2560\" height=\"1152\" src=\"https:\/\/parquetantauco.cl\/wp-content\/uploads\/2023\/12\/20230706_104359-scaled.jpg\" class=\"image wp-image-4777  attachment-full size-full\" alt=\"\" style=\"max-width: 100%; height: auto;\" srcset=\"https:\/\/parquetantauco.cl\/wp-content\/uploads\/2023\/12\/20230706_104359-scaled.jpg 2560w, https:\/\/parquetantauco.cl\/wp-content\/uploads\/2023\/12\/20230706_104359-300x135.jpg 300w, https:\/\/parquetantauco.cl\/wp-content\/uploads\/2023\/12\/20230706_104359-1024x461.jpg 1024w, https:\/\/parquetantauco.cl\/wp-content\/uploads\/2023\/12\/20230706_104359-768x346.jpg 768w, https:\/\/parquetantauco.cl\/wp-content\/uploads\/2023\/12\/20230706_104359-1536x691.jpg 1536w, https:\/\/parquetantauco.cl\/wp-content\/uploads\/2023\/12\/20230706_104359-2048x922.jpg 2048w\" sizes=\"auto, (max-width: 2560px) 100vw, 2560px\" \/><\/div><\/div><\/div><div id=\"pg-4767-2\"  class=\"panel-grid panel-no-style\" ><div id=\"pgc-4767-2-0\"  class=\"panel-grid-cell\" ><div id=\"panel-4767-2-0-0\" class=\"so-panel widget widget_text panel-first-child panel-last-child\" data-index=\"5\" >\t\t\t<div class=\"textwidget\"><p><span style=\"font-weight: 400;\">Este programa es de car\u00e1cter gratuito y est\u00e1 acogido a la Ley de Donaciones Culturales.<\/span><\/p>\n<\/div>\n\t\t<\/div><\/div><\/div><div id=\"pg-4767-3\"  class=\"panel-grid panel-no-style\" ><div id=\"pgc-4767-3-0\"  class=\"panel-grid-cell\" ><div id=\"panel-4767-3-0-0\" class=\"so-panel widget widget_sow-button panel-first-child panel-last-child\" data-index=\"6\" ><div\n\t\t\t\n\t\t\tclass=\"so-widget-sow-button so-widget-sow-button-flat-1513e5aaec4b-4767\"\n\t\t\t\n\t\t><div class=\"ow-button-base ow-button-align-left\"\n>\n\t\t\t<a\n\t\t\t\t\thref=\"https:\/\/parquetantauco.cl\/en\/educacion-ambiental\/travesia-cultural\/postulaciones-2024\/\"\n\t\t\t\t\tclass=\"sowb-button ow-icon-placement-left ow-button-hover\" target=\"_blank\" rel=\"noopener noreferrer\" \t>\n\t\t<span>\n\t\t\t\n\t\t\tPOSTULACI\u00d3N TRAVES\u00cdA CULTURAL 2024\t\t<\/span>\n\t\t\t<\/a>\n\t<\/div>\n<\/div><\/div><\/div><\/div><\/div>","protected":false},"excerpt":{"rendered":"<p>Traves\u00eda Cultural es un programa de educaci\u00f3n ambiental cultural que se realiza en conjunto con Fundaci\u00f3n Futuro y bajo el alero de la Fundaci\u00f3n FPM, acogido a la ley de donaciones culturales.\u00a0 Dirigido a alumnos de 5to y 6to b\u00e1sico de colegios particular-subvencionados y municipales de la provincia de Chilo\u00e9, el cual se realiza de [&hellip;]<\/p>\n","protected":false},"author":1,"featured_media":3920,"parent":3667,"menu_order":0,"comment_status":"closed","ping_status":"closed","template":"","meta":{"_acf_changed":false,"inline_featured_image":false,"_uag_custom_page_level_css":"","ngg_post_thumbnail":0,"footnotes":""},"class_list":["post-4767","page","type-page","status-publish","has-post-thumbnail","hentry"],"acf":[],"aioseo_notices":[],"uagb_featured_image_src":{"full":["https:\/\/parquetantauco.cl\/wp-content\/uploads\/2023\/03\/travesia_01.jpg",1336,752,false],"thumbnail":["https:\/\/parquetantauco.cl\/wp-content\/uploads\/2023\/03\/travesia_01-150x150.jpg",150,150,true],"medium":["https:\/\/parquetantauco.cl\/wp-content\/uploads\/2023\/03\/travesia_01-300x169.jpg",300,169,true],"medium_large":["https:\/\/parquetantauco.cl\/wp-content\/uploads\/2023\/03\/travesia_01-768x432.jpg",768,432,true],"large":["https:\/\/parquetantauco.cl\/wp-content\/uploads\/2023\/03\/travesia_01-1024x576.jpg",770,433,true],"1536x1536":["https:\/\/parquetantauco.cl\/wp-content\/uploads\/2023\/03\/travesia_01.jpg",1336,752,false],"2048x2048":["https:\/\/parquetantauco.cl\/wp-content\/uploads\/2023\/03\/travesia_01.jpg",1336,752,false],"multimedia":["https:\/\/parquetantauco.cl\/wp-content\/uploads\/2023\/03\/travesia_01-480x360.jpg",480,360,true],"multimedia-big":["https:\/\/parquetantauco.cl\/wp-content\/uploads\/2023\/03\/travesia_01-770x752.jpg",770,752,true],"sow-carousel-default":["https:\/\/parquetantauco.cl\/wp-content\/uploads\/2023\/03\/travesia_01-272x182.jpg",272,182,true]},"uagb_author_info":{"display_name":"tantauco","author_link":"https:\/\/parquetantauco.cl\/en\/author\/parque-tantauco\/"},"uagb_comment_info":0,"uagb_excerpt":"Traves\u00eda Cultural es un programa de educaci\u00f3n ambiental cultural que se realiza en conjunto con Fundaci\u00f3n Futuro y bajo el alero de la Fundaci\u00f3n FPM, acogido a la ley de donaciones culturales.\u00a0 Dirigido a alumnos de 5to y 6to b\u00e1sico de colegios particular-subvencionados y municipales de la provincia de Chilo\u00e9, el cual se realiza de&hellip;","_links":{"self":[{"href":"https:\/\/parquetantauco.cl\/en\/wp-json\/wp\/v2\/pages\/4767","targetHints":{"allow":["GET"]}}],"collection":[{"href":"https:\/\/parquetantauco.cl\/en\/wp-json\/wp\/v2\/pages"}],"about":[{"href":"https:\/\/parquetantauco.cl\/en\/wp-json\/wp\/v2\/types\/page"}],"author":[{"embeddable":true,"href":"https:\/\/parquetantauco.cl\/en\/wp-json\/wp\/v2\/users\/1"}],"replies":[{"embeddable":true,"href":"https:\/\/parquetantauco.cl\/en\/wp-json\/wp\/v2\/comments?post=4767"}],"version-history":[{"count":11,"href":"https:\/\/parquetantauco.cl\/en\/wp-json\/wp\/v2\/pages\/4767\/revisions"}],"predecessor-version":[{"id":4799,"href":"https:\/\/parquetantauco.cl\/en\/wp-json\/wp\/v2\/pages\/4767\/revisions\/4799"}],"up":[{"embeddable":true,"href":"https:\/\/parquetantauco.cl\/en\/wp-json\/wp\/v2\/pages\/3667"}],"wp:featuredmedia":[{"embeddable":true,"href":"https:\/\/parquetantauco.cl\/en\/wp-json\/wp\/v2\/media\/3920"}],"wp:attachment":[{"href":"https:\/\/parquetantauco.cl\/en\/wp-json\/wp\/v2\/media?parent=4767"}],"curies":[{"name":"wp","href":"https:\/\/api.w.org\/{rel}","templated":true}]}}