{"id":5033,"date":"2024-01-24T12:43:53","date_gmt":"2024-01-24T12:43:53","guid":{"rendered":"https:\/\/www.parquetantauco.cl\/?page_id=5033"},"modified":"2025-06-27T17:11:50","modified_gmt":"2025-06-27T17:11:50","slug":"socios-estrategicos","status":"publish","type":"page","link":"https:\/\/parquetantauco.cl\/en\/programas-comunitarios\/taller-ciudadano\/socios-estrategicos\/","title":{"rendered":"Programas para colegios"},"content":{"rendered":"<div id=\"pl-5033\"  class=\"panel-layout\" ><div id=\"pg-5033-0\"  class=\"panel-grid panel-no-style\" ><div id=\"pgc-5033-0-0\"  class=\"panel-grid-cell\" ><div id=\"panel-5033-0-0-0\" class=\"so-panel widget widget_text panel-first-child panel-last-child\" data-index=\"0\" ><div class=\"panel-widget-style panel-widget-style-for-5033-0-0-0\" >\t\t\t<div class=\"textwidget\"><p>SOCIOS ESTRAT\u00c9GICOS: ALIANZAS, CONVENIOS Y TRABAJO ASOCIATIVO<\/p>\n<p><span style=\"font-weight: 400;\">Desde la Fundaci\u00f3n Parque Tantauco buscamos el trabajo conjunto y asociativo con diversas organizaciones que tienen entre sus objetivos la conservaci\u00f3n de los ecosistemas prioritarios de Chilo\u00e9. En esta b\u00fasqueda por proteger el medioambiente, por concientizar a los chilotes y chilotas sobre las principales caracter\u00edsticas y amenazas de nuestro patrimonio ambiental, hemos ido encontrado Agrupaciones Vecinal, Parques, Reserva Ambientales, Medios de Prensa, Departamentos P\u00fablicos y Agrupaciones Comunitarias.<br \/>\nConfiamos que la articulaci\u00f3n nos puede ayudar a todos a cumplir las metas que nos exige este territorio en materia de cuidado de la naturaleza, de preservaci\u00f3n de la flora y fauna y defensa de ecosistemas claves para la sobrevivencia insular.\u00a0<\/span><\/p>\n<p>Algunos Socios Estrat\u00e9gicos con los que hemos trabajado y desarrollado actividades colaborativas son<\/p>\n<\/div>\n\t\t<\/div><\/div><\/div><\/div><div id=\"pg-5033-1\"  class=\"panel-grid panel-no-style\" ><div id=\"pgc-5033-1-0\"  class=\"panel-grid-cell\" ><div id=\"panel-5033-1-0-0\" class=\"so-panel widget widget_sow-image panel-first-child panel-last-child\" data-index=\"1\" ><div\n\t\t\t\n\t\t\tclass=\"so-widget-sow-image so-widget-sow-image-default-113ccd71f3e6-5033\"\n\t\t\t\n\t\t>\n<div class=\"sow-image-container\">\n\t\t\t<a href=\"https:\/\/elinsular.cl\/\"\n\t\t\ttarget=\"_blank\" rel=\"noopener noreferrer\" \t\t>\n\t\t\t<img \n\tsrc=\"https:\/\/parquetantauco.cl\/wp-content\/uploads\/2024\/01\/elinsular-black.png\" width=\"150\" height=\"56\" srcset=\"https:\/\/parquetantauco.cl\/wp-content\/uploads\/2024\/01\/elinsular-black.png 2480w, https:\/\/parquetantauco.cl\/wp-content\/uploads\/2024\/01\/elinsular-black-300x113.png 300w, https:\/\/parquetantauco.cl\/wp-content\/uploads\/2024\/01\/elinsular-black-1024x384.png 1024w, https:\/\/parquetantauco.cl\/wp-content\/uploads\/2024\/01\/elinsular-black-768x288.png 768w, https:\/\/parquetantauco.cl\/wp-content\/uploads\/2024\/01\/elinsular-black-1536x576.png 1536w, https:\/\/parquetantauco.cl\/wp-content\/uploads\/2024\/01\/elinsular-black-2048x768.png 2048w\" sizes=\"(max-width: 150px) 100vw, 150px\" title=\"elinsular (black)\" alt=\"\" \t\tclass=\"so-widget-image\"\/>\n\t\t\t<\/a><\/div>\n\n<\/div><\/div><\/div><div id=\"pgc-5033-1-1\"  class=\"panel-grid-cell\" ><div id=\"panel-5033-1-1-0\" class=\"so-panel widget widget_sow-image panel-first-child panel-last-child\" data-index=\"2\" ><div\n\t\t\t\n\t\t\tclass=\"so-widget-sow-image so-widget-sow-image-default-113ccd71f3e6-5033\"\n\t\t\t\n\t\t>\n<div class=\"sow-image-container\">\n\t\t\t<a href=\"https:\/\/sipamchiloe.minagri.gob.cl\/\"\n\t\t\ttarget=\"_blank\" rel=\"noopener noreferrer\" \t\t>\n\t\t\t<img \n\tsrc=\"https:\/\/parquetantauco.cl\/wp-content\/uploads\/2024\/01\/sipam.png\" width=\"150\" height=\"117\" sizes=\"(max-width: 150px) 100vw, 150px\" alt=\"\" \t\tclass=\"so-widget-image\"\/>\n\t\t\t<\/a><\/div>\n\n<\/div><\/div><\/div><div id=\"pgc-5033-1-2\"  class=\"panel-grid-cell\" ><div id=\"panel-5033-1-2-0\" class=\"so-panel widget widget_sow-image panel-first-child panel-last-child\" data-index=\"3\" ><div\n\t\t\t\n\t\t\tclass=\"so-widget-sow-image so-widget-sow-image-default-113ccd71f3e6-5033\"\n\t\t\t\n\t\t>\n<div class=\"sow-image-container\">\n\t\t\t<a href=\"https:\/\/www.iglesiaschiloe.cl\/\"\n\t\t\ttarget=\"_blank\" rel=\"noopener noreferrer\" \t\t>\n\t\t\t<img \n\tsrc=\"https:\/\/parquetantauco.cl\/wp-content\/uploads\/2024\/01\/FIP.png\" width=\"150\" height=\"150\" srcset=\"https:\/\/parquetantauco.cl\/wp-content\/uploads\/2024\/01\/FIP.png 225w, https:\/\/parquetantauco.cl\/wp-content\/uploads\/2024\/01\/FIP-150x150.png 150w\" sizes=\"(max-width: 150px) 100vw, 150px\" alt=\"\" \t\tclass=\"so-widget-image\"\/>\n\t\t\t<\/a><\/div>\n\n<\/div><\/div><\/div><\/div><div id=\"pg-5033-2\"  class=\"panel-grid panel-no-style\" ><div id=\"pgc-5033-2-0\"  class=\"panel-grid-cell\" ><div id=\"panel-5033-2-0-0\" class=\"so-panel widget widget_sow-button panel-first-child panel-last-child\" data-index=\"4\" ><div\n\t\t\t\n\t\t\tclass=\"so-widget-sow-button so-widget-sow-button-flat-f54c0409268f-5033\"\n\t\t\t\n\t\t><div class=\"ow-button-base ow-button-align-center\"\n>\n\t\t\t<a\n\t\t\t\t\thref=\"https:\/\/elinsular.cl\/\"\n\t\t\t\t\tclass=\"sowb-button ow-icon-placement-left ow-button-hover\" target=\"_blank\" rel=\"noopener noreferrer\" \t>\n\t\t<span>\n\t\t\t\n\t\t\tDIARIO EL INSULAR\t\t<\/span>\n\t\t\t<\/a>\n\t<\/div>\n<\/div><\/div><\/div><div id=\"pgc-5033-2-1\"  class=\"panel-grid-cell\" ><div id=\"panel-5033-2-1-0\" class=\"so-panel widget widget_sow-button panel-first-child panel-last-child\" data-index=\"5\" ><div\n\t\t\t\n\t\t\tclass=\"so-widget-sow-button so-widget-sow-button-flat-f54c0409268f-5033\"\n\t\t\t\n\t\t><div class=\"ow-button-base ow-button-align-center\"\n>\n\t\t\t<a\n\t\t\t\t\thref=\"https:\/\/sipamchiloe.minagri.gob.cl\/\"\n\t\t\t\t\tclass=\"sowb-button ow-icon-placement-left ow-button-hover\" target=\"_blank\" rel=\"noopener noreferrer\" \t>\n\t\t<span>\n\t\t\t\n\t\t\tSIPAM CHILO\u00cb\t\t<\/span>\n\t\t\t<\/a>\n\t<\/div>\n<\/div><\/div><\/div><div id=\"pgc-5033-2-2\"  class=\"panel-grid-cell\" ><div id=\"panel-5033-2-2-0\" class=\"so-panel widget widget_sow-button panel-first-child panel-last-child\" data-index=\"6\" ><div\n\t\t\t\n\t\t\tclass=\"so-widget-sow-button so-widget-sow-button-flat-f54c0409268f-5033\"\n\t\t\t\n\t\t><div class=\"ow-button-base ow-button-align-center\"\n>\n\t\t\t<a\n\t\t\t\t\thref=\"https:\/\/www.iglesiaschiloe.cl\/\"\n\t\t\t\t\tclass=\"sowb-button ow-icon-placement-left ow-button-hover\" target=\"_blank\" rel=\"noopener noreferrer\" \t>\n\t\t<span>\n\t\t\t\n\t\t\tFUNDACI\u00d3N IGLESIAS PATRIMONIALES\t\t<\/span>\n\t\t\t<\/a>\n\t<\/div>\n<\/div><\/div><\/div><\/div><div id=\"pg-5033-3\"  class=\"panel-grid panel-no-style\" ><div id=\"pgc-5033-3-0\"  class=\"panel-grid-cell\" ><div id=\"panel-5033-3-0-0\" class=\"so-panel widget widget_sow-image panel-first-child panel-last-child\" data-index=\"7\" ><div\n\t\t\t\n\t\t\tclass=\"so-widget-sow-image so-widget-sow-image-default-113ccd71f3e6-5033\"\n\t\t\t\n\t\t>\n<div class=\"sow-image-container\">\n\t\t\t<a href=\"https:\/\/www.instagram.com\/chiloeprotegido\/?hl=es-la\"\n\t\t\ttarget=\"_blank\" rel=\"noopener noreferrer\" \t\t>\n\t\t\t<img \n\tsrc=\"https:\/\/parquetantauco.cl\/wp-content\/uploads\/2024\/01\/CHILOE-PROTEGIDO.jpg\" width=\"150\" height=\"150\" srcset=\"https:\/\/parquetantauco.cl\/wp-content\/uploads\/2024\/01\/CHILOE-PROTEGIDO.jpg 225w, https:\/\/parquetantauco.cl\/wp-content\/uploads\/2024\/01\/CHILOE-PROTEGIDO-150x150.jpg 150w\" sizes=\"(max-width: 150px) 100vw, 150px\" title=\"CHILOE PROTEGIDO\" alt=\"\" \t\tclass=\"so-widget-image\"\/>\n\t\t\t<\/a><\/div>\n\n<\/div><\/div><\/div><div id=\"pgc-5033-3-1\"  class=\"panel-grid-cell\" ><div id=\"panel-5033-3-1-0\" class=\"so-panel widget widget_sow-image panel-first-child panel-last-child\" data-index=\"8\" ><div\n\t\t\t\n\t\t\tclass=\"so-widget-sow-image so-widget-sow-image-default-113ccd71f3e6-5033\"\n\t\t\t\n\t\t>\n<div class=\"sow-image-container\">\n\t\t\t<a href=\"https:\/\/chiloesilvestre.cl\/\"\n\t\t\ttarget=\"_blank\" rel=\"noopener noreferrer\" \t\t>\n\t\t\t<img \n\tsrc=\"https:\/\/parquetantauco.cl\/wp-content\/uploads\/2024\/01\/CHILOE-SILVESTRE.jpg\" width=\"115\" height=\"150\" sizes=\"(max-width: 115px) 100vw, 115px\" title=\"CHILOE SILVESTRE\" alt=\"\" \t\tclass=\"so-widget-image\"\/>\n\t\t\t<\/a><\/div>\n\n<\/div><\/div><\/div><div id=\"pgc-5033-3-2\"  class=\"panel-grid-cell\" ><div id=\"panel-5033-3-2-0\" class=\"so-panel widget widget_sow-image panel-first-child panel-last-child\" data-index=\"9\" ><div\n\t\t\t\n\t\t\tclass=\"so-widget-sow-image so-widget-sow-image-default-113ccd71f3e6-5033\"\n\t\t\t\n\t\t>\n<div class=\"sow-image-container\">\n\t\t\t<a href=\"https:\/\/muniquellon.cl\/\"\n\t\t\ttarget=\"_blank\" rel=\"noopener noreferrer\" \t\t>\n\t\t\t<img \n\tsrc=\"https:\/\/parquetantauco.cl\/wp-content\/uploads\/2024\/01\/MUNI-QUELLON.jpg\" width=\"112\" height=\"150\" sizes=\"(max-width: 112px) 100vw, 112px\" title=\"MUNI QUELLON\" alt=\"\" \t\tclass=\"so-widget-image\"\/>\n\t\t\t<\/a><\/div>\n\n<\/div><\/div><\/div><\/div><div id=\"pg-5033-4\"  class=\"panel-grid panel-no-style\" ><div id=\"pgc-5033-4-0\"  class=\"panel-grid-cell\" ><div id=\"panel-5033-4-0-0\" class=\"so-panel widget widget_sow-button panel-first-child panel-last-child\" data-index=\"10\" ><div\n\t\t\t\n\t\t\tclass=\"so-widget-sow-button so-widget-sow-button-flat-f54c0409268f-5033\"\n\t\t\t\n\t\t><div class=\"ow-button-base ow-button-align-center\"\n>\n\t\t\t<a\n\t\t\t\t\thref=\"https:\/\/www.instagram.com\/chiloeprotegido\/?hl=es-la\"\n\t\t\t\t\tclass=\"sowb-button ow-icon-placement-left ow-button-hover\" target=\"_blank\" rel=\"noopener noreferrer\" \t>\n\t\t<span>\n\t\t\t\n\t\t\tCHILO\u00c9 PROTEGIDO\t\t<\/span>\n\t\t\t<\/a>\n\t<\/div>\n<\/div><\/div><\/div><div id=\"pgc-5033-4-1\"  class=\"panel-grid-cell\" ><div id=\"panel-5033-4-1-0\" class=\"so-panel widget widget_sow-button panel-first-child panel-last-child\" data-index=\"11\" ><div\n\t\t\t\n\t\t\tclass=\"so-widget-sow-button so-widget-sow-button-flat-f54c0409268f-5033\"\n\t\t\t\n\t\t><div class=\"ow-button-base ow-button-align-center\"\n>\n\t\t\t<a\n\t\t\t\t\thref=\"https:\/\/chiloesilvestre.cl\/\"\n\t\t\t\t\tclass=\"sowb-button ow-icon-placement-left ow-button-hover\" target=\"_blank\" rel=\"noopener noreferrer\" \t>\n\t\t<span>\n\t\t\t\n\t\t\tCHILOE SILVESTRE\t\t<\/span>\n\t\t\t<\/a>\n\t<\/div>\n<\/div><\/div><\/div><div id=\"pgc-5033-4-2\"  class=\"panel-grid-cell\" ><div id=\"panel-5033-4-2-0\" class=\"so-panel widget widget_sow-button panel-first-child panel-last-child\" data-index=\"12\" ><div\n\t\t\t\n\t\t\tclass=\"so-widget-sow-button so-widget-sow-button-flat-f54c0409268f-5033\"\n\t\t\t\n\t\t><div class=\"ow-button-base ow-button-align-center\"\n>\n\t\t\t<a\n\t\t\t\t\thref=\"https:\/\/muniquellon.cl\/\"\n\t\t\t\t\tclass=\"sowb-button ow-icon-placement-left ow-button-hover\" target=\"_blank\" rel=\"noopener noreferrer\" \t>\n\t\t<span>\n\t\t\t\n\t\t\tMUNICIPALIDAD DE QUELL\u00d3N \t\t<\/span>\n\t\t\t<\/a>\n\t<\/div>\n<\/div><\/div><\/div><\/div><div id=\"pg-5033-5\"  class=\"panel-grid panel-no-style\" ><div id=\"pgc-5033-5-0\"  class=\"panel-grid-cell\" ><div id=\"panel-5033-5-0-0\" class=\"so-panel widget widget_sow-image panel-first-child panel-last-child\" data-index=\"13\" ><div\n\t\t\t\n\t\t\tclass=\"so-widget-sow-image so-widget-sow-image-default-113ccd71f3e6-5033\"\n\t\t\t\n\t\t>\n<div class=\"sow-image-container\">\n\t\t\t<a href=\"https:\/\/www.instagram.com\/appchiloeturismo\/\"\n\t\t\ttarget=\"_blank\" rel=\"noopener noreferrer\" \t\t>\n\t\t\t<img \n\tsrc=\"https:\/\/parquetantauco.cl\/wp-content\/uploads\/2024\/01\/app-chiloe-turismo.png\" width=\"150\" height=\"150\" srcset=\"https:\/\/parquetantauco.cl\/wp-content\/uploads\/2024\/01\/app-chiloe-turismo.png 1761w, https:\/\/parquetantauco.cl\/wp-content\/uploads\/2024\/01\/app-chiloe-turismo-300x300.png 300w, https:\/\/parquetantauco.cl\/wp-content\/uploads\/2024\/01\/app-chiloe-turismo-1024x1024.png 1024w, https:\/\/parquetantauco.cl\/wp-content\/uploads\/2024\/01\/app-chiloe-turismo-150x150.png 150w, https:\/\/parquetantauco.cl\/wp-content\/uploads\/2024\/01\/app-chiloe-turismo-768x768.png 768w, https:\/\/parquetantauco.cl\/wp-content\/uploads\/2024\/01\/app-chiloe-turismo-1536x1536.png 1536w, https:\/\/parquetantauco.cl\/wp-content\/uploads\/2024\/01\/app-chiloe-turismo-770x770.png 770w\" sizes=\"(max-width: 150px) 100vw, 150px\" title=\"app chiloe turismo\" alt=\"\" \t\tclass=\"so-widget-image\"\/>\n\t\t\t<\/a><\/div>\n\n<\/div><\/div><\/div><div id=\"pgc-5033-5-1\"  class=\"panel-grid-cell panel-grid-cell-empty panel-grid-cell-mobile-last\" ><\/div><div id=\"pgc-5033-5-2\"  class=\"panel-grid-cell panel-grid-cell-empty\" ><\/div><\/div><div id=\"pg-5033-6\"  class=\"panel-grid panel-no-style\" ><div id=\"pgc-5033-6-0\"  class=\"panel-grid-cell\" ><div id=\"panel-5033-6-0-0\" class=\"so-panel widget widget_sow-button panel-first-child panel-last-child\" data-index=\"14\" ><div\n\t\t\t\n\t\t\tclass=\"so-widget-sow-button so-widget-sow-button-flat-f54c0409268f-5033\"\n\t\t\t\n\t\t><div class=\"ow-button-base ow-button-align-center\"\n>\n\t\t\t<a\n\t\t\t\t\thref=\"https:\/\/www.instagram.com\/appchiloeturismo\/\"\n\t\t\t\t\tclass=\"sowb-button ow-icon-placement-left ow-button-hover\" target=\"_blank\" rel=\"noopener noreferrer\" \t>\n\t\t<span>\n\t\t\t\n\t\t\tAPP CHILO\u00c9 TURISMO\t\t<\/span>\n\t\t\t<\/a>\n\t<\/div>\n<\/div><\/div><\/div><div id=\"pgc-5033-6-1\"  class=\"panel-grid-cell panel-grid-cell-empty panel-grid-cell-mobile-last\" ><\/div><div id=\"pgc-5033-6-2\"  class=\"panel-grid-cell panel-grid-cell-empty\" ><\/div><\/div><\/div>","protected":false},"excerpt":{"rendered":"<p>SOCIOS ESTRAT\u00c9GICOS: ALIANZAS, CONVENIOS Y TRABAJO ASOCIATIVO Desde la Fundaci\u00f3n Parque Tantauco buscamos el trabajo conjunto y asociativo con diversas organizaciones que tienen entre sus objetivos la conservaci\u00f3n de los ecosistemas prioritarios de Chilo\u00e9. En esta b\u00fasqueda por proteger el medioambiente, por concientizar a los chilotes y chilotas sobre las principales caracter\u00edsticas y amenazas de [&hellip;]<\/p>\n","protected":false},"author":1,"featured_media":5042,"parent":3693,"menu_order":0,"comment_status":"closed","ping_status":"closed","template":"","meta":{"_acf_changed":false,"inline_featured_image":false,"_uag_custom_page_level_css":"","ngg_post_thumbnail":0,"footnotes":""},"class_list":["post-5033","page","type-page","status-publish","has-post-thumbnail","hentry"],"acf":[],"aioseo_notices":[],"uagb_featured_image_src":{"full":["https:\/\/parquetantauco.cl\/wp-content\/uploads\/2024\/01\/taller-ma1.jpg",1600,900,false],"thumbnail":["https:\/\/parquetantauco.cl\/wp-content\/uploads\/2024\/01\/taller-ma1-150x150.jpg",150,150,true],"medium":["https:\/\/parquetantauco.cl\/wp-content\/uploads\/2024\/01\/taller-ma1-300x169.jpg",300,169,true],"medium_large":["https:\/\/parquetantauco.cl\/wp-content\/uploads\/2024\/01\/taller-ma1-768x432.jpg",768,432,true],"large":["https:\/\/parquetantauco.cl\/wp-content\/uploads\/2024\/01\/taller-ma1-1024x576.jpg",770,433,true],"1536x1536":["https:\/\/parquetantauco.cl\/wp-content\/uploads\/2024\/01\/taller-ma1-1536x864.jpg",1536,864,true],"2048x2048":["https:\/\/parquetantauco.cl\/wp-content\/uploads\/2024\/01\/taller-ma1.jpg",1600,900,false],"multimedia":["https:\/\/parquetantauco.cl\/wp-content\/uploads\/2024\/01\/taller-ma1-480x360.jpg",480,360,true],"multimedia-big":["https:\/\/parquetantauco.cl\/wp-content\/uploads\/2024\/01\/taller-ma1-770x770.jpg",770,770,true],"sow-carousel-default":["https:\/\/parquetantauco.cl\/wp-content\/uploads\/2024\/01\/taller-ma1-272x182.jpg",272,182,true]},"uagb_author_info":{"display_name":"tantauco","author_link":"https:\/\/parquetantauco.cl\/en\/author\/parque-tantauco\/"},"uagb_comment_info":0,"uagb_excerpt":"SOCIOS ESTRAT\u00c9GICOS: ALIANZAS, CONVENIOS Y TRABAJO ASOCIATIVO Desde la Fundaci\u00f3n Parque Tantauco buscamos el trabajo conjunto y asociativo con diversas organizaciones que tienen entre sus objetivos la conservaci\u00f3n de los ecosistemas prioritarios de Chilo\u00e9. En esta b\u00fasqueda por proteger el medioambiente, por concientizar a los chilotes y chilotas sobre las principales caracter\u00edsticas y amenazas de&hellip;","_links":{"self":[{"href":"https:\/\/parquetantauco.cl\/en\/wp-json\/wp\/v2\/pages\/5033","targetHints":{"allow":["GET"]}}],"collection":[{"href":"https:\/\/parquetantauco.cl\/en\/wp-json\/wp\/v2\/pages"}],"about":[{"href":"https:\/\/parquetantauco.cl\/en\/wp-json\/wp\/v2\/types\/page"}],"author":[{"embeddable":true,"href":"https:\/\/parquetantauco.cl\/en\/wp-json\/wp\/v2\/users\/1"}],"replies":[{"embeddable":true,"href":"https:\/\/parquetantauco.cl\/en\/wp-json\/wp\/v2\/comments?post=5033"}],"version-history":[{"count":24,"href":"https:\/\/parquetantauco.cl\/en\/wp-json\/wp\/v2\/pages\/5033\/revisions"}],"predecessor-version":[{"id":6545,"href":"https:\/\/parquetantauco.cl\/en\/wp-json\/wp\/v2\/pages\/5033\/revisions\/6545"}],"up":[{"embeddable":true,"href":"https:\/\/parquetantauco.cl\/en\/wp-json\/wp\/v2\/pages\/3693"}],"wp:featuredmedia":[{"embeddable":true,"href":"https:\/\/parquetantauco.cl\/en\/wp-json\/wp\/v2\/media\/5042"}],"wp:attachment":[{"href":"https:\/\/parquetantauco.cl\/en\/wp-json\/wp\/v2\/media?parent=5033"}],"curies":[{"name":"wp","href":"https:\/\/api.w.org\/{rel}","templated":true}]}}