{"id":62,"date":"2015-10-27T01:49:55","date_gmt":"2015-10-27T01:49:55","guid":{"rendered":"https:\/\/www.parquetantauco.cl\/?page_id=62"},"modified":"2025-02-28T18:29:46","modified_gmt":"2025-02-28T18:29:46","slug":"proyecto-conservacion","status":"publish","type":"page","link":"https:\/\/parquetantauco.cl\/en\/proyecto-conservacion\/","title":{"rendered":"Conservation"},"content":{"rendered":"<div id=\"pl-62\"  class=\"panel-layout\" ><div id=\"pg-62-0\"  class=\"panel-grid panel-no-style\" ><div id=\"pgc-62-0-0\"  class=\"panel-grid-cell\" ><div id=\"panel-62-0-0-0\" class=\"so-panel widget widget_sow-editor panel-first-child panel-last-child\" data-index=\"0\" ><div class=\"panel-widget-style panel-widget-style-for-62-0-0-0\" ><div\n\t\t\t\n\t\t\tclass=\"so-widget-sow-editor so-widget-sow-editor-base\"\n\t\t\t\n\t\t>\n<div class=\"siteorigin-widget-tinymce textwidget\">\n\t<p>La Conservaci\u00f3n se ha convertido en uno de los pilares fundamentales de la gesti\u00f3n del Parque Tantauco, enfoc\u00e1ndose en la restauraci\u00f3n de \u00e1reas degradadas por incendios hist\u00f3ricos y la explotaci\u00f3n maderera. En los \u00faltimos 20 a\u00f1os, los esfuerzos por reforestar con especies nativas como el emblem\u00e1tico cipr\u00e9s de las Guaitecas, el canelo y el olivillo costero han permitido devolver el equilibrio a estos ecosistemas \u00fanicos de la Isla Grande de Chilo\u00e9.<\/p>\n<p>El Programa de Restauraci\u00f3n de Ecosistemas ha logrado restaurar m\u00e1s de 100 hect\u00e1reas de bosques nativos que fueron afectados por el incendio de 1942 en el sur de Chilo\u00e9. El parque cuenta con dos viveros forestales que producen alrededor de 30.000 plantas nativas al a\u00f1o, y una huerta experimental en In\u00edo donde se reproducen helechos, flores y plantas ornamentales aut\u00f3ctonas. Estas acciones han generado un impacto positivo en \u00e1reas como Caleta In\u00edo y Chaiguata, contribuyendo a la recuperaci\u00f3n gradual de los bosques degradados.<\/p>\n<p>Un grupo de mujeres de la comunidad de In\u00edo participa activamente en este proceso, recolectando semillas nativas, las cuales pasan por procesos de limpieza y pregerminaci\u00f3n antes de ser sembradas en los viveros del parque. Las plantas crecen en estas instalaciones entre uno y cuatro a\u00f1os, hasta alcanzar el tama\u00f1o adecuado para ser reintroducidas en la naturaleza. Este trabajo constante ha permitido que especies clave del sur de Chile, como el cipr\u00e9s de las Guaitecas, el tineo y el ma\u00f1\u00edo, formen parte de la restauraci\u00f3n.<\/p>\n<p>A medida que el ecosistema se recupera, comienza un nuevo ciclo natural, donde la flora y fauna del lugar contribuyen a la regeneraci\u00f3n de los bosques. As\u00ed, Parque Tantauco contin\u00faa siendo un ejemplo de conservaci\u00f3n activa, donde el ser humano es solo el punto de partida para permitir que la naturaleza, con sus propios procesos, recupere su equilibrio en el largo plazo.<\/p>\n<p>El plan de manejo y conservaci\u00f3n del Parque, define cinco objetos de conservaci\u00f3n: <b>Bosque Nord-Patag\u00f3nico, Cipr\u00e9s de las Guaitecas, Turberas<\/b><b>,<\/b> <b>Zorro de Chilo\u00e9 y la cultura de los Chonos.<\/b><\/p>\nngg_shortcode_0_placeholder\n<\/div>\n<\/div><\/div><\/div><\/div><\/div><\/div>","protected":false},"excerpt":{"rendered":"<p>La Conservaci\u00f3n se ha convertido en uno de los pilares fundamentales de la gesti\u00f3n del Parque Tantauco, enfoc\u00e1ndose en la restauraci\u00f3n de \u00e1reas degradadas por incendios hist\u00f3ricos y la explotaci\u00f3n maderera. En los \u00faltimos 20 a\u00f1os, los esfuerzos por reforestar con especies nativas como el emblem\u00e1tico cipr\u00e9s de las Guaitecas, el canelo y el olivillo [&hellip;]<\/p>\n","protected":false},"author":1,"featured_media":2755,"parent":0,"menu_order":0,"comment_status":"closed","ping_status":"closed","template":"","meta":{"_acf_changed":false,"inline_featured_image":false,"_uag_custom_page_level_css":"","ngg_post_thumbnail":0,"footnotes":""},"class_list":["post-62","page","type-page","status-publish","has-post-thumbnail","hentry"],"acf":[],"aioseo_notices":[],"uagb_featured_image_src":{"full":["https:\/\/parquetantauco.cl\/wp-content\/uploads\/2021\/09\/Laguna_Emereciana02-scaled.jpg",2560,1702,false],"thumbnail":["https:\/\/parquetantauco.cl\/wp-content\/uploads\/2021\/09\/Laguna_Emereciana02-150x150.jpg",150,150,true],"medium":["https:\/\/parquetantauco.cl\/wp-content\/uploads\/2021\/09\/Laguna_Emereciana02-300x199.jpg",300,199,true],"medium_large":["https:\/\/parquetantauco.cl\/wp-content\/uploads\/2021\/09\/Laguna_Emereciana02-768x511.jpg",768,511,true],"large":["https:\/\/parquetantauco.cl\/wp-content\/uploads\/2021\/09\/Laguna_Emereciana02-1024x681.jpg",770,512,true],"1536x1536":["https:\/\/parquetantauco.cl\/wp-content\/uploads\/2021\/09\/Laguna_Emereciana02-1536x1021.jpg",1536,1021,true],"2048x2048":["https:\/\/parquetantauco.cl\/wp-content\/uploads\/2021\/09\/Laguna_Emereciana02-2048x1362.jpg",2048,1362,true],"multimedia":["https:\/\/parquetantauco.cl\/wp-content\/uploads\/2021\/09\/Laguna_Emereciana02-480x360.jpg",480,360,true],"multimedia-big":["https:\/\/parquetantauco.cl\/wp-content\/uploads\/2021\/09\/Laguna_Emereciana02-770x770.jpg",770,770,true],"sow-carousel-default":["https:\/\/parquetantauco.cl\/wp-content\/uploads\/2021\/09\/Laguna_Emereciana02-272x182.jpg",272,182,true]},"uagb_author_info":{"display_name":"tantauco","author_link":"https:\/\/parquetantauco.cl\/en\/author\/parque-tantauco\/"},"uagb_comment_info":0,"uagb_excerpt":"La Conservaci\u00f3n se ha convertido en uno de los pilares fundamentales de la gesti\u00f3n del Parque Tantauco, enfoc\u00e1ndose en la restauraci\u00f3n de \u00e1reas degradadas por incendios hist\u00f3ricos y la explotaci\u00f3n maderera. En los \u00faltimos 20 a\u00f1os, los esfuerzos por reforestar con especies nativas como el emblem\u00e1tico cipr\u00e9s de las Guaitecas, el canelo y el olivillo&hellip;","_links":{"self":[{"href":"https:\/\/parquetantauco.cl\/en\/wp-json\/wp\/v2\/pages\/62","targetHints":{"allow":["GET"]}}],"collection":[{"href":"https:\/\/parquetantauco.cl\/en\/wp-json\/wp\/v2\/pages"}],"about":[{"href":"https:\/\/parquetantauco.cl\/en\/wp-json\/wp\/v2\/types\/page"}],"author":[{"embeddable":true,"href":"https:\/\/parquetantauco.cl\/en\/wp-json\/wp\/v2\/users\/1"}],"replies":[{"embeddable":true,"href":"https:\/\/parquetantauco.cl\/en\/wp-json\/wp\/v2\/comments?post=62"}],"version-history":[{"count":16,"href":"https:\/\/parquetantauco.cl\/en\/wp-json\/wp\/v2\/pages\/62\/revisions"}],"predecessor-version":[{"id":6167,"href":"https:\/\/parquetantauco.cl\/en\/wp-json\/wp\/v2\/pages\/62\/revisions\/6167"}],"wp:featuredmedia":[{"embeddable":true,"href":"https:\/\/parquetantauco.cl\/en\/wp-json\/wp\/v2\/media\/2755"}],"wp:attachment":[{"href":"https:\/\/parquetantauco.cl\/en\/wp-json\/wp\/v2\/media?parent=62"}],"curies":[{"name":"wp","href":"https:\/\/api.w.org\/{rel}","templated":true}]}}