{"id":6364,"date":"2025-06-17T21:08:43","date_gmt":"2025-06-17T21:08:43","guid":{"rendered":"https:\/\/parquetantauco.cl\/?page_id=6364"},"modified":"2025-09-22T16:14:40","modified_gmt":"2025-09-22T16:14:40","slug":"rescateranitasdarwin","status":"publish","type":"page","link":"https:\/\/parquetantauco.cl\/en\/rescateranitasdarwin\/","title":{"rendered":"Conservation"},"content":{"rendered":"<div id=\"pl-6364\"  class=\"panel-layout\" ><div id=\"pg-6364-0\"  class=\"panel-grid panel-no-style\" ><div id=\"pgc-6364-0-0\"  class=\"panel-grid-cell\" ><div id=\"panel-6364-0-0-0\" class=\"so-panel widget widget_sow-editor panel-first-child\" data-index=\"0\" ><div class=\"panel-widget-style panel-widget-style-for-6364-0-0-0\" ><div\n\t\t\t\n\t\t\tclass=\"so-widget-sow-editor so-widget-sow-editor-base\"\n\t\t\t\n\t\t><h3 class=\"widget-title\">Ranitas de Darwin: Un esperanzador rescate de un diminuto anfibio<\/h3>\n<div class=\"siteorigin-widget-tinymce textwidget\">\n\t<p>Hace m\u00e1s de 10 a\u00f1os que Parque Tantauco colabora con los investigadores Claudio Azat y Andr\u00e9s Valenzuela, junto con otros colaboradores de la ONG Ranita de Darwin, en la realizaci\u00f3n de estudios poblacionales de la peque\u00f1a Ranita de Darwin en Caleta In\u00edo.<\/p>\n<p>Las poblaciones de Ranita de Darwin del Parque Tantauco fueron de las m\u00e1s abundantes y saludables del pa\u00eds, hasta la llegada en el 2023 del hongo qu\u00edtrido, una infecci\u00f3n que afecta a los anfibios a nivel mundial.&nbsp; Las poblaciones disminuyeron de forma dram\u00e1tica, haciendo necesario un plan de rescate e intervenci\u00f3n, para salvaguardar a estos \u00fanicos y especiales anfibios.<\/p>\n<p>Es asi como el a\u00f1o 2024, en conjunto con la Sociedad Zool\u00f3gica de Londres, la ONG Ranita Darwin, el Leipzig Zoo, Universidad Concepci\u00f3n, Universidad Andres Bello y la participaci\u00f3n activa de los equipos de Parque Tantauco, encabezadas por Pablo Aguilar,&nbsp; se realizaron dos rescates de Ranitas, uno para ser criadas ex - situ en el Zoo de Londres y otro grupo para el centro de reproducci\u00f3n de Ranita de Darwin de la Universidad de Concepci\u00f3n.&nbsp; Adicionalmente se comenz\u00f3 a trabajar en exclusiones en el bosque de In\u00edo para realizar un rescate in \u2013 situ, permitiendo asi abordar este tremendo desaf\u00edo desde diversas perspectivas.<\/p>\n<p>De esta forma se trabajar\u00e1 activamente durante los pr\u00f3ximos a\u00f1os en la conservaci\u00f3n,&nbsp; recuperaci\u00f3n y reinserci\u00f3n de esta especie emblem\u00e1tica del bosque Nordpatag\u00f3nico de Tantauco.<\/p>\n<\/div>\n<\/div><\/div><\/div><div id=\"panel-6364-0-0-1\" class=\"so-panel widget widget_sow-button panel-last-child\" data-index=\"1\" ><div\n\t\t\t\n\t\t\tclass=\"so-widget-sow-button so-widget-sow-button-flat-66466acb9e12-6364\"\n\t\t\t\n\t\t><div class=\"ow-button-base ow-button-align-center\"\n>\n\t\t\t<a\n\t\t\t\t\thref=\"https:\/\/parquetantauco.cl\/wp-content\/uploads\/2025\/07\/RANITA-DARWIN-2024-RESCATE-Rescatando-y-recuperando-un-refugio-de-las-ranitas-de-Darwin.pdf\"\n\t\t\t\t\tclass=\"sowb-button ow-icon-placement-left ow-button-hover\" \t>\n\t\t<span>\n\t\t\t\n\t\t\tCONOCE M\u00c1S EN EL INFORME DEL RESCATE DE RANITAS\t\t<\/span>\n\t\t\t<\/a>\n\t<\/div>\n<\/div><\/div><\/div><\/div><\/div>","protected":false},"excerpt":{"rendered":"<p>Hace m\u00e1s de 10 a\u00f1os que Parque Tantauco colabora con los investigadores Claudio Azat y Andr\u00e9s Valenzuela, junto con otros colaboradores de la ONG Ranita de Darwin, en la realizaci\u00f3n de estudios poblacionales de la peque\u00f1a Ranita de Darwin en Caleta In\u00edo. Las poblaciones de Ranita de Darwin del Parque Tantauco fueron de las m\u00e1s [&hellip;]<\/p>\n","protected":false},"author":5,"featured_media":6678,"parent":0,"menu_order":0,"comment_status":"closed","ping_status":"closed","template":"","meta":{"_acf_changed":false,"inline_featured_image":false,"_uag_custom_page_level_css":"","ngg_post_thumbnail":0,"footnotes":""},"class_list":["post-6364","page","type-page","status-publish","has-post-thumbnail","hentry"],"acf":[],"aioseo_notices":[],"uagb_featured_image_src":{"full":["https:\/\/parquetantauco.cl\/wp-content\/uploads\/2025\/09\/Parque_tantuaco_Rescate_Ranitas_Darwin-.jpg",1900,500,false],"thumbnail":["https:\/\/parquetantauco.cl\/wp-content\/uploads\/2025\/09\/Parque_tantuaco_Rescate_Ranitas_Darwin--150x150.jpg",150,150,true],"medium":["https:\/\/parquetantauco.cl\/wp-content\/uploads\/2025\/09\/Parque_tantuaco_Rescate_Ranitas_Darwin--300x79.jpg",300,79,true],"medium_large":["https:\/\/parquetantauco.cl\/wp-content\/uploads\/2025\/09\/Parque_tantuaco_Rescate_Ranitas_Darwin--768x202.jpg",768,202,true],"large":["https:\/\/parquetantauco.cl\/wp-content\/uploads\/2025\/09\/Parque_tantuaco_Rescate_Ranitas_Darwin--1024x269.jpg",770,202,true],"1536x1536":["https:\/\/parquetantauco.cl\/wp-content\/uploads\/2025\/09\/Parque_tantuaco_Rescate_Ranitas_Darwin--1536x404.jpg",1536,404,true],"2048x2048":["https:\/\/parquetantauco.cl\/wp-content\/uploads\/2025\/09\/Parque_tantuaco_Rescate_Ranitas_Darwin-.jpg",1900,500,false],"multimedia":["https:\/\/parquetantauco.cl\/wp-content\/uploads\/2025\/09\/Parque_tantuaco_Rescate_Ranitas_Darwin--480x360.jpg",480,360,true],"multimedia-big":["https:\/\/parquetantauco.cl\/wp-content\/uploads\/2025\/09\/Parque_tantuaco_Rescate_Ranitas_Darwin--770x500.jpg",770,500,true],"sow-carousel-default":["https:\/\/parquetantauco.cl\/wp-content\/uploads\/2025\/09\/Parque_tantuaco_Rescate_Ranitas_Darwin--272x182.jpg",272,182,true]},"uagb_author_info":{"display_name":"Nicol\u00e1s Mes\u00edas","author_link":"https:\/\/parquetantauco.cl\/en\/author\/nicolas-mesias\/"},"uagb_comment_info":0,"uagb_excerpt":"Hace m\u00e1s de 10 a\u00f1os que Parque Tantauco colabora con los investigadores Claudio Azat y Andr\u00e9s Valenzuela, junto con otros colaboradores de la ONG Ranita de Darwin, en la realizaci\u00f3n de estudios poblacionales de la peque\u00f1a Ranita de Darwin en Caleta In\u00edo. Las poblaciones de Ranita de Darwin del Parque Tantauco fueron de las m\u00e1s&hellip;","_links":{"self":[{"href":"https:\/\/parquetantauco.cl\/en\/wp-json\/wp\/v2\/pages\/6364","targetHints":{"allow":["GET"]}}],"collection":[{"href":"https:\/\/parquetantauco.cl\/en\/wp-json\/wp\/v2\/pages"}],"about":[{"href":"https:\/\/parquetantauco.cl\/en\/wp-json\/wp\/v2\/types\/page"}],"author":[{"embeddable":true,"href":"https:\/\/parquetantauco.cl\/en\/wp-json\/wp\/v2\/users\/5"}],"replies":[{"embeddable":true,"href":"https:\/\/parquetantauco.cl\/en\/wp-json\/wp\/v2\/comments?post=6364"}],"version-history":[{"count":4,"href":"https:\/\/parquetantauco.cl\/en\/wp-json\/wp\/v2\/pages\/6364\/revisions"}],"predecessor-version":[{"id":6579,"href":"https:\/\/parquetantauco.cl\/en\/wp-json\/wp\/v2\/pages\/6364\/revisions\/6579"}],"wp:featuredmedia":[{"embeddable":true,"href":"https:\/\/parquetantauco.cl\/en\/wp-json\/wp\/v2\/media\/6678"}],"wp:attachment":[{"href":"https:\/\/parquetantauco.cl\/en\/wp-json\/wp\/v2\/media?parent=6364"}],"curies":[{"name":"wp","href":"https:\/\/api.w.org\/{rel}","templated":true}]}}