{"id":6419,"date":"2025-06-18T16:26:36","date_gmt":"2025-06-18T16:26:36","guid":{"rendered":"https:\/\/parquetantauco.cl\/?page_id=6419"},"modified":"2025-07-09T21:16:48","modified_gmt":"2025-07-09T21:16:48","slug":"centroregionalesinvestigacionucchile","status":"publish","type":"page","link":"https:\/\/parquetantauco.cl\/en\/programas-comunitarios\/centroregionalesinvestigacionucchile\/","title":{"rendered":"Programas para colegios"},"content":{"rendered":"<div id=\"pl-6419\"  class=\"panel-layout\" ><div id=\"pg-6419-0\"  class=\"panel-grid panel-no-style\" ><div id=\"pgc-6419-0-0\"  class=\"panel-grid-cell\" ><div id=\"panel-6419-0-0-0\" class=\"so-panel widget widget_sow-editor panel-first-child panel-last-child\" data-index=\"0\" ><div\n\t\t\t\n\t\t\tclass=\"so-widget-sow-editor so-widget-sow-editor-base\"\n\t\t\t\n\t\t>\n<div class=\"siteorigin-widget-tinymce textwidget\">\n\t<p>En el continuo esfuerzo por fortalecer la conservaci\u00f3n y la investigaci\u00f3n, la Fundaci\u00f3n Tantauco, el a\u00f1o 2024 firm\u00f3 un importante convenio con la Pontificia Universidad Cat\u00f3lica de Chile que consolid\u00f3 al Parque como parte de la Red de Centros y Estaciones Regionales PUC. Esta firma, impulsada por Magdalena Pi\u00f1era Morel, Directora Ejecutiva de Fundaci\u00f3n Parque Tantauco, y el rector de la PUC, Ignacio S\u00e1nchez, tuvo lugar en una ceremonia oficial en la Casa Central de la Universidad.<\/p>\n<p>Esta alianza ya abri\u00f3 las puertas a estudiantes y acad\u00e9micos para realizar investigaciones clave en las \u00e1reas de biolog\u00eda, ecolog\u00eda, clima, energ\u00edas renovables no convencionales y restauraci\u00f3n de ecosistemas de Chilo\u00e9, convirtiendo este territorio en un laboratorio natural de gran valor que permitir\u00e1 avanzar significativamente en el conocimiento cient\u00edfico y en la aplicaci\u00f3n de soluciones sostenibles para la conservaci\u00f3n de la biodiversidad chilena.<\/p>\n<\/div>\n<\/div><\/div><\/div><\/div><\/div>","protected":false},"excerpt":{"rendered":"<p>En el continuo esfuerzo por fortalecer la conservaci\u00f3n y la investigaci\u00f3n, la Fundaci\u00f3n Tantauco, el a\u00f1o 2024 firm\u00f3 un importante convenio con la Pontificia Universidad Cat\u00f3lica de Chile que consolid\u00f3 al Parque como parte de la Red de Centros y Estaciones Regionales PUC. Esta firma, impulsada por Magdalena Pi\u00f1era Morel, Directora Ejecutiva de Fundaci\u00f3n Parque [&hellip;]<\/p>\n","protected":false},"author":5,"featured_media":0,"parent":3687,"menu_order":0,"comment_status":"closed","ping_status":"closed","template":"","meta":{"_acf_changed":false,"inline_featured_image":false,"_uag_custom_page_level_css":"","ngg_post_thumbnail":0,"footnotes":""},"class_list":["post-6419","page","type-page","status-publish","hentry"],"acf":[],"aioseo_notices":[],"uagb_featured_image_src":{"full":false,"thumbnail":false,"medium":false,"medium_large":false,"large":false,"1536x1536":false,"2048x2048":false,"multimedia":false,"multimedia-big":false,"sow-carousel-default":false},"uagb_author_info":{"display_name":"Nicol\u00e1s Mes\u00edas","author_link":"https:\/\/parquetantauco.cl\/en\/author\/nicolas-mesias\/"},"uagb_comment_info":0,"uagb_excerpt":"En el continuo esfuerzo por fortalecer la conservaci\u00f3n y la investigaci\u00f3n, la Fundaci\u00f3n Tantauco, el a\u00f1o 2024 firm\u00f3 un importante convenio con la Pontificia Universidad Cat\u00f3lica de Chile que consolid\u00f3 al Parque como parte de la Red de Centros y Estaciones Regionales PUC. Esta firma, impulsada por Magdalena Pi\u00f1era Morel, Directora Ejecutiva de Fundaci\u00f3n Parque&hellip;","_links":{"self":[{"href":"https:\/\/parquetantauco.cl\/en\/wp-json\/wp\/v2\/pages\/6419","targetHints":{"allow":["GET"]}}],"collection":[{"href":"https:\/\/parquetantauco.cl\/en\/wp-json\/wp\/v2\/pages"}],"about":[{"href":"https:\/\/parquetantauco.cl\/en\/wp-json\/wp\/v2\/types\/page"}],"author":[{"embeddable":true,"href":"https:\/\/parquetantauco.cl\/en\/wp-json\/wp\/v2\/users\/5"}],"replies":[{"embeddable":true,"href":"https:\/\/parquetantauco.cl\/en\/wp-json\/wp\/v2\/comments?post=6419"}],"version-history":[{"count":5,"href":"https:\/\/parquetantauco.cl\/en\/wp-json\/wp\/v2\/pages\/6419\/revisions"}],"predecessor-version":[{"id":6584,"href":"https:\/\/parquetantauco.cl\/en\/wp-json\/wp\/v2\/pages\/6419\/revisions\/6584"}],"up":[{"embeddable":true,"href":"https:\/\/parquetantauco.cl\/en\/wp-json\/wp\/v2\/pages\/3687"}],"wp:attachment":[{"href":"https:\/\/parquetantauco.cl\/en\/wp-json\/wp\/v2\/media?parent=6419"}],"curies":[{"name":"wp","href":"https:\/\/api.w.org\/{rel}","templated":true}]}}