{"id":6426,"date":"2025-06-18T16:33:34","date_gmt":"2025-06-18T16:33:34","guid":{"rendered":"https:\/\/parquetantauco.cl\/?page_id=6426"},"modified":"2025-06-27T19:52:30","modified_gmt":"2025-06-27T19:52:30","slug":"investigayparticipa","status":"publish","type":"page","link":"https:\/\/parquetantauco.cl\/en\/programas-comunitarios\/investigayparticipa\/","title":{"rendered":"Programas para colegios"},"content":{"rendered":"<div id=\"pl-6426\"  class=\"panel-layout\" ><div id=\"pg-6426-0\"  class=\"panel-grid panel-no-style\" ><div id=\"pgc-6426-0-0\"  class=\"panel-grid-cell\" ><div id=\"panel-6426-0-0-0\" class=\"so-panel widget widget_sow-editor panel-first-child panel-last-child\" data-index=\"0\" ><div\n\t\t\t\n\t\t\tclass=\"so-widget-sow-editor so-widget-sow-editor-base\"\n\t\t\t\n\t\t>\n<div class=\"siteorigin-widget-tinymce textwidget\">\n\t<p>El Parque Tantauco es un laboratorio natural, un sitio prioritario para la conservaci\u00f3n establecido en la estrategia nacional de biodiversidad, y en estos 20 a\u00f1os ha logrado posicionarse como un espacio clave para la investigaci\u00f3n cient\u00edfica, ofreciendo a investigadores y estudiantes la oportunidad de generar conocimiento, adquirir experiencia laboral mientras contribuyen a la conservaci\u00f3n de uno de los ecosistemas m\u00e1s importantes de Chile.<\/p>\n<p>Las investigaciones, estudios, pasant\u00edas, voluntariados y pr\u00e1cticas realizadas no solo aportan al desarrollo del Parque, sino que tambi\u00e9n fortalecen el v\u00ednculo con las comunidades locales, impulsando un modelo de conservaci\u00f3n integral y sostenible.<\/p>\n<\/div>\n<\/div><\/div><\/div><\/div><div id=\"pg-6426-1\"  class=\"panel-grid panel-no-style\" ><div id=\"pgc-6426-1-0\"  class=\"panel-grid-cell\" ><div id=\"panel-6426-1-0-0\" class=\"so-panel widget widget_sow-button panel-first-child panel-last-child\" data-index=\"1\" ><div\n\t\t\t\n\t\t\tclass=\"so-widget-sow-button so-widget-sow-button-flat-e86c2787087e-6426\"\n\t\t\t\n\t\t><div class=\"ow-button-base ow-button-align-center\"\n>\n\t\t\t<a\n\t\t\t\t\thref=\"https:\/\/parquetantauco.cl\/protocoloparainvestigadores\/\"\n\t\t\t\t\tclass=\"sowb-button ow-icon-placement-left ow-button-hover\" target=\"_blank\" rel=\"noopener noreferrer\" \t>\n\t\t<span>\n\t\t\t\n\t\t\tProtocolo para investigadores\t\t<\/span>\n\t\t\t<\/a>\n\t<\/div>\n<\/div><\/div><\/div><div id=\"pgc-6426-1-1\"  class=\"panel-grid-cell\" ><div id=\"panel-6426-1-1-0\" class=\"so-panel widget widget_sow-button panel-first-child panel-last-child\" data-index=\"2\" ><div\n\t\t\t\n\t\t\tclass=\"so-widget-sow-button so-widget-sow-button-flat-e86c2787087e-6426\"\n\t\t\t\n\t\t><div class=\"ow-button-base ow-button-align-center\"\n>\n\t\t\t<a\n\t\t\t\t\thref=\"https:\/\/parquetantauco.cl\/programas-comunitarios\/programapracticas\/\"\n\t\t\t\t\tclass=\"sowb-button ow-icon-placement-left ow-button-hover\" target=\"_blank\" rel=\"noopener noreferrer\" \t>\n\t\t<span>\n\t\t\t\n\t\t\tPrograma de pr\u00e1cticas\t\t<\/span>\n\t\t\t<\/a>\n\t<\/div>\n<\/div><\/div><\/div><div id=\"pgc-6426-1-2\"  class=\"panel-grid-cell\" ><div id=\"panel-6426-1-2-0\" class=\"so-panel widget widget_sow-button panel-first-child panel-last-child\" data-index=\"3\" ><div\n\t\t\t\n\t\t\tclass=\"so-widget-sow-button so-widget-sow-button-flat-e86c2787087e-6426\"\n\t\t\t\n\t\t><div class=\"ow-button-base ow-button-align-center\"\n>\n\t\t\t<a\n\t\t\t\t\thref=\"https:\/\/parquetantauco.cl\/programavoluntarios\/\"\n\t\t\t\t\tclass=\"sowb-button ow-icon-placement-left ow-button-hover\" target=\"_blank\" rel=\"noopener noreferrer\" \t>\n\t\t<span>\n\t\t\t\n\t\t\tPrograma voluntarios\t\t<\/span>\n\t\t\t<\/a>\n\t<\/div>\n<\/div><\/div><\/div><\/div><div id=\"pg-6426-2\"  class=\"panel-grid panel-no-style\" ><div id=\"pgc-6426-2-0\"  class=\"panel-grid-cell\" ><div id=\"panel-6426-2-0-0\" class=\"widget_text so-panel widget widget_custom_html panel-first-child panel-last-child\" data-index=\"4\" ><div class=\"textwidget custom-html-widget\"><style>\n\t.page-header-image{\n\t\t    background-position: center !important;\n\t}\n<\/style><\/div><\/div><\/div><\/div><\/div>","protected":false},"excerpt":{"rendered":"<p>El Parque Tantauco es un laboratorio natural, un sitio prioritario para la conservaci\u00f3n establecido en la estrategia nacional de biodiversidad, y en estos 20 a\u00f1os ha logrado posicionarse como un espacio clave para la investigaci\u00f3n cient\u00edfica, ofreciendo a investigadores y estudiantes la oportunidad de generar conocimiento, adquirir experiencia laboral mientras contribuyen a la conservaci\u00f3n de [&hellip;]<\/p>\n","protected":false},"author":5,"featured_media":6558,"parent":3687,"menu_order":0,"comment_status":"closed","ping_status":"closed","template":"","meta":{"_acf_changed":false,"inline_featured_image":false,"_uag_custom_page_level_css":"","ngg_post_thumbnail":0,"footnotes":""},"class_list":["post-6426","page","type-page","status-publish","has-post-thumbnail","hentry"],"acf":[],"aioseo_notices":[],"uagb_featured_image_src":{"full":["https:\/\/parquetantauco.cl\/wp-content\/uploads\/2025\/06\/Investiga_y_participa.jpg",1920,600,false],"thumbnail":["https:\/\/parquetantauco.cl\/wp-content\/uploads\/2025\/06\/Investiga_y_participa-150x150.jpg",150,150,true],"medium":["https:\/\/parquetantauco.cl\/wp-content\/uploads\/2025\/06\/Investiga_y_participa-300x94.jpg",300,94,true],"medium_large":["https:\/\/parquetantauco.cl\/wp-content\/uploads\/2025\/06\/Investiga_y_participa-768x240.jpg",768,240,true],"large":["https:\/\/parquetantauco.cl\/wp-content\/uploads\/2025\/06\/Investiga_y_participa-1024x320.jpg",770,241,true],"1536x1536":["https:\/\/parquetantauco.cl\/wp-content\/uploads\/2025\/06\/Investiga_y_participa-1536x480.jpg",1536,480,true],"2048x2048":["https:\/\/parquetantauco.cl\/wp-content\/uploads\/2025\/06\/Investiga_y_participa.jpg",1920,600,false],"multimedia":["https:\/\/parquetantauco.cl\/wp-content\/uploads\/2025\/06\/Investiga_y_participa-480x360.jpg",480,360,true],"multimedia-big":["https:\/\/parquetantauco.cl\/wp-content\/uploads\/2025\/06\/Investiga_y_participa-770x600.jpg",770,600,true],"sow-carousel-default":["https:\/\/parquetantauco.cl\/wp-content\/uploads\/2025\/06\/Investiga_y_participa-272x182.jpg",272,182,true]},"uagb_author_info":{"display_name":"Nicol\u00e1s Mes\u00edas","author_link":"https:\/\/parquetantauco.cl\/en\/author\/nicolas-mesias\/"},"uagb_comment_info":0,"uagb_excerpt":"El Parque Tantauco es un laboratorio natural, un sitio prioritario para la conservaci\u00f3n establecido en la estrategia nacional de biodiversidad, y en estos 20 a\u00f1os ha logrado posicionarse como un espacio clave para la investigaci\u00f3n cient\u00edfica, ofreciendo a investigadores y estudiantes la oportunidad de generar conocimiento, adquirir experiencia laboral mientras contribuyen a la conservaci\u00f3n de&hellip;","_links":{"self":[{"href":"https:\/\/parquetantauco.cl\/en\/wp-json\/wp\/v2\/pages\/6426","targetHints":{"allow":["GET"]}}],"collection":[{"href":"https:\/\/parquetantauco.cl\/en\/wp-json\/wp\/v2\/pages"}],"about":[{"href":"https:\/\/parquetantauco.cl\/en\/wp-json\/wp\/v2\/types\/page"}],"author":[{"embeddable":true,"href":"https:\/\/parquetantauco.cl\/en\/wp-json\/wp\/v2\/users\/5"}],"replies":[{"embeddable":true,"href":"https:\/\/parquetantauco.cl\/en\/wp-json\/wp\/v2\/comments?post=6426"}],"version-history":[{"count":17,"href":"https:\/\/parquetantauco.cl\/en\/wp-json\/wp\/v2\/pages\/6426\/revisions"}],"predecessor-version":[{"id":6563,"href":"https:\/\/parquetantauco.cl\/en\/wp-json\/wp\/v2\/pages\/6426\/revisions\/6563"}],"up":[{"embeddable":true,"href":"https:\/\/parquetantauco.cl\/en\/wp-json\/wp\/v2\/pages\/3687"}],"wp:featuredmedia":[{"embeddable":true,"href":"https:\/\/parquetantauco.cl\/en\/wp-json\/wp\/v2\/media\/6558"}],"wp:attachment":[{"href":"https:\/\/parquetantauco.cl\/en\/wp-json\/wp\/v2\/media?parent=6426"}],"curies":[{"name":"wp","href":"https:\/\/api.w.org\/{rel}","templated":true}]}}