{"id":6458,"date":"2025-06-19T17:02:38","date_gmt":"2025-06-19T17:02:38","guid":{"rendered":"https:\/\/parquetantauco.cl\/?page_id=6458"},"modified":"2025-09-22T16:21:12","modified_gmt":"2025-09-22T16:21:12","slug":"programavoluntarios","status":"publish","type":"page","link":"https:\/\/parquetantauco.cl\/en\/programavoluntarios\/","title":{"rendered":"(Espa\u00f1ol) Programa Voluntarios"},"content":{"rendered":"<div id=\"pl-6458\"  class=\"panel-layout\" ><div id=\"pg-6458-0\"  class=\"panel-grid panel-no-style\" ><div id=\"pgc-6458-0-0\"  class=\"panel-grid-cell\" ><div id=\"panel-6458-0-0-0\" class=\"so-panel widget widget_sow-editor panel-first-child\" data-index=\"0\" ><div\n\t\t\t\n\t\t\tclass=\"so-widget-sow-editor so-widget-sow-editor-base\"\n\t\t\t\n\t\t>\n<div class=\"siteorigin-widget-tinymce textwidget\">\n\t<p>Parque Tantauco recibe a alumnos de pregrado y personas interesadas en realizar voluntariado en un \u00e1rea de conservaci\u00f3n, trabajando codo a codo con nuestros Guardaparques, en el programa de monitoreo o en nuestros dos viveros.<\/p>\n<p>Si estas interesado en explorar esta opci\u00f3n, escr\u00edbenos.<\/p>\n<p>Pr\u00f3ximo periodo de voluntariado: Enero 2026<\/p>\n<\/div>\n<\/div><\/div><div id=\"panel-6458-0-0-1\" class=\"so-panel widget widget_sow-button panel-last-child\" data-index=\"1\" ><div class=\"btn-links-pages panel-widget-style panel-widget-style-for-6458-0-0-1\" ><div\n\t\t\t\n\t\t\tclass=\"so-widget-sow-button so-widget-sow-button-flat-db9247f52dcb-6458\"\n\t\t\t\n\t\t><div class=\"ow-button-base ow-button-align-left\"\n>\n\t\t\t<a\n\t\t\t\t\thref=\"https:\/\/parquetantauco.cl\/wp-content\/uploads\/2025\/07\/2025-06-15-TERMINOS-DE-REFERENCIA-PARA-VOLUNTARIOS-EN-TANTAUCO-PDF-1.pdf\"\n\t\t\t\t\tclass=\"sowb-button ow-icon-placement-left ow-button-hover\" \t>\n\t\t<span>\n\t\t\t\n\t\t\tPOSTULA A UN VOLUNTARIADO EN TANTAUCO\t\t<\/span>\n\t\t\t<\/a>\n\t<\/div>\n<\/div><\/div><\/div><\/div><\/div><\/div>","protected":false},"excerpt":{"rendered":"<p>Parque Tantauco recibe a alumnos de pregrado y personas interesadas en realizar voluntariado en un \u00e1rea de conservaci\u00f3n, trabajando codo a codo con nuestros Guardaparques, en el programa de monitoreo o en nuestros dos viveros. Si estas interesado en explorar esta opci\u00f3n, escr\u00edbenos. Pr\u00f3ximo periodo de voluntariado: Enero 2026<\/p>\n","protected":false},"author":5,"featured_media":6681,"parent":0,"menu_order":0,"comment_status":"closed","ping_status":"closed","template":"","meta":{"_acf_changed":false,"inline_featured_image":false,"_uag_custom_page_level_css":"","ngg_post_thumbnail":0,"footnotes":""},"class_list":["post-6458","page","type-page","status-publish","has-post-thumbnail","hentry"],"acf":[],"aioseo_notices":[],"uagb_featured_image_src":{"full":["https:\/\/parquetantauco.cl\/wp-content\/uploads\/2025\/09\/Parque_tantuaco_Programa-Voluntarios-.jpg",1900,500,false],"thumbnail":["https:\/\/parquetantauco.cl\/wp-content\/uploads\/2025\/09\/Parque_tantuaco_Programa-Voluntarios--150x150.jpg",150,150,true],"medium":["https:\/\/parquetantauco.cl\/wp-content\/uploads\/2025\/09\/Parque_tantuaco_Programa-Voluntarios--300x79.jpg",300,79,true],"medium_large":["https:\/\/parquetantauco.cl\/wp-content\/uploads\/2025\/09\/Parque_tantuaco_Programa-Voluntarios--768x202.jpg",768,202,true],"large":["https:\/\/parquetantauco.cl\/wp-content\/uploads\/2025\/09\/Parque_tantuaco_Programa-Voluntarios--1024x269.jpg",770,202,true],"1536x1536":["https:\/\/parquetantauco.cl\/wp-content\/uploads\/2025\/09\/Parque_tantuaco_Programa-Voluntarios--1536x404.jpg",1536,404,true],"2048x2048":["https:\/\/parquetantauco.cl\/wp-content\/uploads\/2025\/09\/Parque_tantuaco_Programa-Voluntarios-.jpg",1900,500,false],"multimedia":["https:\/\/parquetantauco.cl\/wp-content\/uploads\/2025\/09\/Parque_tantuaco_Programa-Voluntarios--480x360.jpg",480,360,true],"multimedia-big":["https:\/\/parquetantauco.cl\/wp-content\/uploads\/2025\/09\/Parque_tantuaco_Programa-Voluntarios--770x500.jpg",770,500,true],"sow-carousel-default":["https:\/\/parquetantauco.cl\/wp-content\/uploads\/2025\/09\/Parque_tantuaco_Programa-Voluntarios--272x182.jpg",272,182,true]},"uagb_author_info":{"display_name":"Nicol\u00e1s Mes\u00edas","author_link":"https:\/\/parquetantauco.cl\/en\/author\/nicolas-mesias\/"},"uagb_comment_info":0,"uagb_excerpt":"Parque Tantauco recibe a alumnos de pregrado y personas interesadas en realizar voluntariado en un \u00e1rea de conservaci\u00f3n, trabajando codo a codo con nuestros Guardaparques, en el programa de monitoreo o en nuestros dos viveros. Si estas interesado en explorar esta opci\u00f3n, escr\u00edbenos. Pr\u00f3ximo periodo de voluntariado: Enero 2026","_links":{"self":[{"href":"https:\/\/parquetantauco.cl\/en\/wp-json\/wp\/v2\/pages\/6458","targetHints":{"allow":["GET"]}}],"collection":[{"href":"https:\/\/parquetantauco.cl\/en\/wp-json\/wp\/v2\/pages"}],"about":[{"href":"https:\/\/parquetantauco.cl\/en\/wp-json\/wp\/v2\/types\/page"}],"author":[{"embeddable":true,"href":"https:\/\/parquetantauco.cl\/en\/wp-json\/wp\/v2\/users\/5"}],"replies":[{"embeddable":true,"href":"https:\/\/parquetantauco.cl\/en\/wp-json\/wp\/v2\/comments?post=6458"}],"version-history":[{"count":3,"href":"https:\/\/parquetantauco.cl\/en\/wp-json\/wp\/v2\/pages\/6458\/revisions"}],"predecessor-version":[{"id":6592,"href":"https:\/\/parquetantauco.cl\/en\/wp-json\/wp\/v2\/pages\/6458\/revisions\/6592"}],"wp:featuredmedia":[{"embeddable":true,"href":"https:\/\/parquetantauco.cl\/en\/wp-json\/wp\/v2\/media\/6681"}],"wp:attachment":[{"href":"https:\/\/parquetantauco.cl\/en\/wp-json\/wp\/v2\/media?parent=6458"}],"curies":[{"name":"wp","href":"https:\/\/api.w.org\/{rel}","templated":true}]}}