{"id":6465,"date":"2025-06-19T19:03:58","date_gmt":"2025-06-19T19:03:58","guid":{"rendered":"https:\/\/parquetantauco.cl\/?page_id=6465"},"modified":"2025-06-27T17:27:12","modified_gmt":"2025-06-27T17:27:12","slug":"biblioteca","status":"publish","type":"page","link":"https:\/\/parquetantauco.cl\/en\/biblioteca\/","title":{"rendered":"Conservation"},"content":{"rendered":"<div id=\"pl-6465\"  class=\"panel-layout\" ><div id=\"pg-6465-0\"  class=\"panel-grid panel-no-style\" ><div id=\"pgc-6465-0-0\"  class=\"panel-grid-cell\" ><div id=\"panel-6465-0-0-0\" class=\"so-panel widget widget_sow-editor panel-first-child panel-last-child\" data-index=\"0\" ><div class=\"panel-widget-style panel-widget-style-for-6465-0-0-0\" ><div\n\t\t\t\n\t\t\tclass=\"so-widget-sow-editor so-widget-sow-editor-base\"\n\t\t\t\n\t\t>\n<div class=\"siteorigin-widget-tinymce textwidget\">\n\t<p>En estos mas de 20 a\u00f1os de investigaci\u00f3n y trabajo en terreno, en conjunto con diversas Universidades, Institutos, ONGs, estudiantes e investigadores, se han realizado cientos de trabajos, documentos, papers que son de inter\u00e9s publico y que son herramientas \u00fatiles para nuevas generaciones de investigadores y alumnos que quien profundizar temas y aprender mas de los ecosistemas humanos y naturales donde se encuentra Tantauco.<\/p>\n<p>A continuaci\u00f3n ponemos a disposici\u00f3n una serie de trabajos, en formato PDF, los cuales pueden ser utilizados y le\u00eddos, siempre reconociendo la fuente y autor, con el fin de respectar la propiedad intelectual de dichos documentos.<\/p>\n<\/div>\n<\/div><\/div><\/div><\/div><\/div><div id=\"pg-6465-1\"  class=\"panel-grid panel-no-style\" ><div id=\"pgc-6465-1-0\"  class=\"panel-grid-cell\" ><div id=\"panel-6465-1-0-0\" class=\"so-panel widget widget_sow-button panel-first-child panel-last-child\" data-index=\"1\" ><div class=\"btn-links-pages panel-widget-style panel-widget-style-for-6465-1-0-0\" ><div\n\t\t\t\n\t\t\tclass=\"so-widget-sow-button so-widget-sow-button-flat-db9247f52dcb-6465\"\n\t\t\t\n\t\t><div class=\"ow-button-base ow-button-align-left\"\n>\n\t\t\t<a\n\t\t\t\tclass=\"sowb-button ow-icon-placement-left ow-button-hover\" \t>\n\t\t<span>\n\t\t\t\n\t\t\tParque Tantauco \t\t<\/span>\n\t\t\t<\/a>\n\t<\/div>\n<\/div><\/div><\/div><\/div><div id=\"pgc-6465-1-1\"  class=\"panel-grid-cell\" ><div id=\"panel-6465-1-1-0\" class=\"so-panel widget widget_sow-button panel-first-child panel-last-child\" data-index=\"2\" ><div\n\t\t\t\n\t\t\tclass=\"so-widget-sow-button so-widget-sow-button-flat-e86c2787087e-6465\"\n\t\t\t\n\t\t><div class=\"ow-button-base ow-button-align-center\"\n>\n\t\t\t<a\n\t\t\t\tclass=\"sowb-button ow-icon-placement-left ow-button-hover\" \t>\n\t\t<span>\n\t\t\t\n\t\t\tComunidad y Territorio\t\t<\/span>\n\t\t\t<\/a>\n\t<\/div>\n<\/div><\/div><\/div><div id=\"pgc-6465-1-2\"  class=\"panel-grid-cell\" ><div id=\"panel-6465-1-2-0\" class=\"so-panel widget widget_sow-button panel-first-child panel-last-child\" data-index=\"3\" ><div\n\t\t\t\n\t\t\tclass=\"so-widget-sow-button so-widget-sow-button-flat-e86c2787087e-6465\"\n\t\t\t\n\t\t><div class=\"ow-button-base ow-button-align-center\"\n>\n\t\t\t<a\n\t\t\t\tclass=\"sowb-button ow-icon-placement-left ow-button-hover\" \t>\n\t\t<span>\n\t\t\t\n\t\t\tCipr\u00e9s de las Guaitecas\t\t<\/span>\n\t\t\t<\/a>\n\t<\/div>\n<\/div><\/div><\/div><\/div><div id=\"pg-6465-2\"  class=\"panel-grid panel-no-style\" ><div id=\"pgc-6465-2-0\"  class=\"panel-grid-cell\" ><div id=\"panel-6465-2-0-0\" class=\"so-panel widget widget_sow-button panel-first-child panel-last-child\" data-index=\"4\" ><div\n\t\t\t\n\t\t\tclass=\"so-widget-sow-button so-widget-sow-button-flat-e86c2787087e-6465\"\n\t\t\t\n\t\t><div class=\"ow-button-base ow-button-align-center\"\n>\n\t\t\t<a\n\t\t\t\tclass=\"sowb-button ow-icon-placement-left ow-button-hover\" target=\"_blank\" rel=\"noopener noreferrer\" \t>\n\t\t<span>\n\t\t\t\n\t\t\tRanita de Darwin\t\t<\/span>\n\t\t\t<\/a>\n\t<\/div>\n<\/div><\/div><\/div><div id=\"pgc-6465-2-1\"  class=\"panel-grid-cell\" ><div id=\"panel-6465-2-1-0\" class=\"so-panel widget widget_sow-button panel-first-child panel-last-child\" data-index=\"5\" ><div\n\t\t\t\n\t\t\tclass=\"so-widget-sow-button so-widget-sow-button-flat-e86c2787087e-6465\"\n\t\t\t\n\t\t><div class=\"ow-button-base ow-button-align-center\"\n>\n\t\t\t<a\n\t\t\t\tclass=\"sowb-button ow-icon-placement-left ow-button-hover\" target=\"_blank\" rel=\"noopener noreferrer\" \t>\n\t\t<span>\n\t\t\t\n\t\t\tZorro de Chilo\u00e9\t\t<\/span>\n\t\t\t<\/a>\n\t<\/div>\n<\/div><\/div><\/div><div id=\"pgc-6465-2-2\"  class=\"panel-grid-cell\" ><div id=\"panel-6465-2-2-0\" class=\"so-panel widget widget_sow-button panel-first-child panel-last-child\" data-index=\"6\" ><div\n\t\t\t\n\t\t\tclass=\"so-widget-sow-button so-widget-sow-button-flat-e86c2787087e-6465\"\n\t\t\t\n\t\t><div class=\"ow-button-base ow-button-align-center\"\n>\n\t\t\t<a\n\t\t\t\tclass=\"sowb-button ow-icon-placement-left ow-button-hover\" target=\"_blank\" rel=\"noopener noreferrer\" \t>\n\t\t<span>\n\t\t\t\n\t\t\tFlora general\t\t<\/span>\n\t\t\t<\/a>\n\t<\/div>\n<\/div><\/div><\/div><\/div><div id=\"pg-6465-3\"  class=\"panel-grid panel-no-style\" ><div id=\"pgc-6465-3-0\"  class=\"panel-grid-cell\" ><div id=\"panel-6465-3-0-0\" class=\"so-panel widget widget_sow-button panel-first-child panel-last-child\" data-index=\"7\" ><div\n\t\t\t\n\t\t\tclass=\"so-widget-sow-button so-widget-sow-button-flat-e86c2787087e-6465\"\n\t\t\t\n\t\t><div class=\"ow-button-base ow-button-align-center\"\n>\n\t\t\t<a\n\t\t\t\tclass=\"sowb-button ow-icon-placement-left ow-button-hover\" \t>\n\t\t<span>\n\t\t\t\n\t\t\tFauna general\t\t<\/span>\n\t\t\t<\/a>\n\t<\/div>\n<\/div><\/div><\/div><div id=\"pgc-6465-3-1\"  class=\"panel-grid-cell\" ><div id=\"panel-6465-3-1-0\" class=\"so-panel widget widget_sow-button panel-first-child panel-last-child\" data-index=\"8\" ><div\n\t\t\t\n\t\t\tclass=\"so-widget-sow-button so-widget-sow-button-flat-e86c2787087e-6465\"\n\t\t\t\n\t\t><div class=\"ow-button-base ow-button-align-center\"\n>\n\t\t\t<a\n\t\t\t\tclass=\"sowb-button ow-icon-placement-left ow-button-hover\" target=\"_blank\" rel=\"noopener noreferrer\" \t>\n\t\t<span>\n\t\t\t\n\t\t\tTurberas\t\t<\/span>\n\t\t\t<\/a>\n\t<\/div>\n<\/div><\/div><\/div><div id=\"pgc-6465-3-2\"  class=\"panel-grid-cell\" ><div id=\"panel-6465-3-2-0\" class=\"so-panel widget widget_sow-button panel-first-child panel-last-child\" data-index=\"9\" ><div\n\t\t\t\n\t\t\tclass=\"so-widget-sow-button so-widget-sow-button-flat-e86c2787087e-6465\"\n\t\t\t\n\t\t><div class=\"ow-button-base ow-button-align-center\"\n>\n\t\t\t<a\n\t\t\t\tclass=\"sowb-button ow-icon-placement-left ow-button-hover\" target=\"_blank\" rel=\"noopener noreferrer\" \t>\n\t\t<span>\n\t\t\t\n\t\t\tChonos\t\t<\/span>\n\t\t\t<\/a>\n\t<\/div>\n<\/div><\/div><\/div><\/div><\/div>","protected":false},"excerpt":{"rendered":"<p>En estos mas de 20 a\u00f1os de investigaci\u00f3n y trabajo en terreno, en conjunto con diversas Universidades, Institutos, ONGs, estudiantes e investigadores, se han realizado cientos de trabajos, documentos, papers que son de inter\u00e9s publico y que son herramientas \u00fatiles para nuevas generaciones de investigadores y alumnos que quien profundizar temas y aprender mas de [&hellip;]<\/p>\n","protected":false},"author":5,"featured_media":6508,"parent":0,"menu_order":0,"comment_status":"closed","ping_status":"closed","template":"","meta":{"_acf_changed":false,"inline_featured_image":false,"_uag_custom_page_level_css":"","ngg_post_thumbnail":0,"footnotes":""},"class_list":["post-6465","page","type-page","status-publish","has-post-thumbnail","hentry"],"acf":[],"aioseo_notices":[],"uagb_featured_image_src":{"full":["https:\/\/parquetantauco.cl\/wp-content\/uploads\/2025\/06\/Chaiguata-53-scaled_1.jpg",1900,500,false],"thumbnail":["https:\/\/parquetantauco.cl\/wp-content\/uploads\/2025\/06\/Chaiguata-53-scaled_1-150x150.jpg",150,150,true],"medium":["https:\/\/parquetantauco.cl\/wp-content\/uploads\/2025\/06\/Chaiguata-53-scaled_1-300x79.jpg",300,79,true],"medium_large":["https:\/\/parquetantauco.cl\/wp-content\/uploads\/2025\/06\/Chaiguata-53-scaled_1-768x202.jpg",768,202,true],"large":["https:\/\/parquetantauco.cl\/wp-content\/uploads\/2025\/06\/Chaiguata-53-scaled_1-1024x269.jpg",770,202,true],"1536x1536":["https:\/\/parquetantauco.cl\/wp-content\/uploads\/2025\/06\/Chaiguata-53-scaled_1-1536x404.jpg",1536,404,true],"2048x2048":["https:\/\/parquetantauco.cl\/wp-content\/uploads\/2025\/06\/Chaiguata-53-scaled_1.jpg",1900,500,false],"multimedia":["https:\/\/parquetantauco.cl\/wp-content\/uploads\/2025\/06\/Chaiguata-53-scaled_1-480x360.jpg",480,360,true],"multimedia-big":["https:\/\/parquetantauco.cl\/wp-content\/uploads\/2025\/06\/Chaiguata-53-scaled_1-770x500.jpg",770,500,true],"sow-carousel-default":["https:\/\/parquetantauco.cl\/wp-content\/uploads\/2025\/06\/Chaiguata-53-scaled_1-272x182.jpg",272,182,true]},"uagb_author_info":{"display_name":"Nicol\u00e1s Mes\u00edas","author_link":"https:\/\/parquetantauco.cl\/en\/author\/nicolas-mesias\/"},"uagb_comment_info":0,"uagb_excerpt":"En estos mas de 20 a\u00f1os de investigaci\u00f3n y trabajo en terreno, en conjunto con diversas Universidades, Institutos, ONGs, estudiantes e investigadores, se han realizado cientos de trabajos, documentos, papers que son de inter\u00e9s publico y que son herramientas \u00fatiles para nuevas generaciones de investigadores y alumnos que quien profundizar temas y aprender mas de&hellip;","_links":{"self":[{"href":"https:\/\/parquetantauco.cl\/en\/wp-json\/wp\/v2\/pages\/6465","targetHints":{"allow":["GET"]}}],"collection":[{"href":"https:\/\/parquetantauco.cl\/en\/wp-json\/wp\/v2\/pages"}],"about":[{"href":"https:\/\/parquetantauco.cl\/en\/wp-json\/wp\/v2\/types\/page"}],"author":[{"embeddable":true,"href":"https:\/\/parquetantauco.cl\/en\/wp-json\/wp\/v2\/users\/5"}],"replies":[{"embeddable":true,"href":"https:\/\/parquetantauco.cl\/en\/wp-json\/wp\/v2\/comments?post=6465"}],"version-history":[{"count":10,"href":"https:\/\/parquetantauco.cl\/en\/wp-json\/wp\/v2\/pages\/6465\/revisions"}],"predecessor-version":[{"id":6551,"href":"https:\/\/parquetantauco.cl\/en\/wp-json\/wp\/v2\/pages\/6465\/revisions\/6551"}],"wp:featuredmedia":[{"embeddable":true,"href":"https:\/\/parquetantauco.cl\/en\/wp-json\/wp\/v2\/media\/6508"}],"wp:attachment":[{"href":"https:\/\/parquetantauco.cl\/en\/wp-json\/wp\/v2\/media?parent=6465"}],"curies":[{"name":"wp","href":"https:\/\/api.w.org\/{rel}","templated":true}]}}