{"id":6875,"date":"2026-02-24T19:37:52","date_gmt":"2026-02-24T19:37:52","guid":{"rendered":"https:\/\/parquetantauco.cl\/?page_id=6875"},"modified":"2026-02-24T19:37:52","modified_gmt":"2026-02-24T19:37:52","slug":"jornada-autocuidado-docente-en-parque-tantauco","status":"publish","type":"page","link":"https:\/\/parquetantauco.cl\/en\/jornada-autocuidado-docente-en-parque-tantauco\/","title":{"rendered":"Conservation"},"content":{"rendered":"<div id=\"pl-6875\"  class=\"panel-layout\" ><div id=\"pg-6875-0\"  class=\"panel-grid panel-no-style\" ><div id=\"pgc-6875-0-0\"  class=\"panel-grid-cell\" ><div id=\"panel-6875-0-0-0\" class=\"so-panel widget widget_sow-editor panel-first-child panel-last-child\" data-index=\"0\" ><div class=\"panel-widget-style panel-widget-style-for-6875-0-0-0\" ><div\n\t\t\t\n\t\t\tclass=\"so-widget-sow-editor so-widget-sow-editor-base\"\n\t\t\t\n\t\t>\n<div class=\"siteorigin-widget-tinymce textwidget\">\n\t<p>Propuesta dise\u00f1ada para promover el autocuidado, fortalecer el bienestar emocional, f\u00edsico y vocacional de docentes a trav\u00e9s de una experiencia consciente en el bosque siempreverde de Parque Tantauco, integrando conexi\u00f3n con la naturaleza, regulaci\u00f3n emocional, reflexi\u00f3n pedag\u00f3gica, y regulaci\u00f3n emocional aplicables al contexto educativo. La experiencia se inspira en pr\u00e1cticas de inmersi\u00f3n consciente en la<br \/>\nnaturaleza (similares al shinrin-yoku), adaptadas al contexto del bosque templado lluvioso chilote.<\/p>\n<p>DIRIGIDO A Directores, subdirectores, jefes de UTP, profesores de Segundo Ciclo B\u00e1sico y Ense\u00f1anza Media, que ejerzan actualmente su labor en establecimientos educativos municipales o particular subvencionados de la Regi\u00f3n de Los Lagos y principalmente en la provincia de Chilo\u00e9. Duraci\u00f3n aproximada: 4 horas (en dependencia de Parque Tantauco).<\/p>\n<p><strong><a href=\"https:\/\/parquetantauco.cl\/wp-content\/uploads\/2026\/02\/19-02-2026-INFORMATIVO-PROGRAMA-JORNADA-AUTOCUIDADO-2026.pdf\">INFORMATIVO PROGRAMA JORNADA AUTOCUIDADO 2026<\/a><\/strong><\/p>\n<\/div>\n<\/div><\/div><\/div><\/div><\/div><div id=\"pg-6875-1\"  class=\"panel-grid panel-no-style\" ><div id=\"pgc-6875-1-0\"  class=\"panel-grid-cell panel-grid-cell-empty\" ><\/div><div id=\"pgc-6875-1-1\"  class=\"panel-grid-cell panel-grid-cell-mobile-last\" ><div id=\"panel-6875-1-1-0\" class=\"so-panel widget widget_sow-button panel-first-child panel-last-child\" data-index=\"1\" ><div\n\t\t\t\n\t\t\tclass=\"so-widget-sow-button so-widget-sow-button-flat-66466acb9e12-6875\"\n\t\t\t\n\t\t><div class=\"ow-button-base ow-button-align-center\"\n>\n\t\t\t<a\n\t\t\t\t\thref=\"https:\/\/forms.gle\/nxzc6a4h8to1b17j7\"\n\t\t\t\t\tclass=\"sowb-button ow-icon-placement-left ow-button-hover\" \t>\n\t\t<span>\n\t\t\t\n\t\t\tPostulaciones \t\t<\/span>\n\t\t\t<\/a>\n\t<\/div>\n<\/div><\/div><\/div><div id=\"pgc-6875-1-2\"  class=\"panel-grid-cell panel-grid-cell-empty\" ><\/div><\/div><\/div>","protected":false},"excerpt":{"rendered":"<p>Propuesta dise\u00f1ada para promover el autocuidado, fortalecer el bienestar emocional, f\u00edsico y vocacional de docentes a trav\u00e9s de una experiencia consciente en el bosque siempreverde de Parque Tantauco, integrando conexi\u00f3n con la naturaleza, regulaci\u00f3n emocional, reflexi\u00f3n pedag\u00f3gica, y regulaci\u00f3n emocional aplicables al contexto educativo. La experiencia se inspira en pr\u00e1cticas de inmersi\u00f3n consciente en la [&hellip;]<\/p>\n","protected":false},"author":5,"featured_media":6676,"parent":0,"menu_order":0,"comment_status":"closed","ping_status":"closed","template":"","meta":{"_acf_changed":false,"inline_featured_image":false,"_uag_custom_page_level_css":"","ngg_post_thumbnail":0,"footnotes":""},"class_list":["post-6875","page","type-page","status-publish","has-post-thumbnail","hentry"],"acf":[],"aioseo_notices":[],"uagb_featured_image_src":{"full":["https:\/\/parquetantauco.cl\/wp-content\/uploads\/2025\/09\/Parque_tantuaco_Conservacion_Activa-.jpg",1900,500,false],"thumbnail":["https:\/\/parquetantauco.cl\/wp-content\/uploads\/2025\/09\/Parque_tantuaco_Conservacion_Activa--150x150.jpg",150,150,true],"medium":["https:\/\/parquetantauco.cl\/wp-content\/uploads\/2025\/09\/Parque_tantuaco_Conservacion_Activa--300x79.jpg",300,79,true],"medium_large":["https:\/\/parquetantauco.cl\/wp-content\/uploads\/2025\/09\/Parque_tantuaco_Conservacion_Activa--768x202.jpg",768,202,true],"large":["https:\/\/parquetantauco.cl\/wp-content\/uploads\/2025\/09\/Parque_tantuaco_Conservacion_Activa--1024x269.jpg",770,202,true],"1536x1536":["https:\/\/parquetantauco.cl\/wp-content\/uploads\/2025\/09\/Parque_tantuaco_Conservacion_Activa--1536x404.jpg",1536,404,true],"2048x2048":["https:\/\/parquetantauco.cl\/wp-content\/uploads\/2025\/09\/Parque_tantuaco_Conservacion_Activa-.jpg",1900,500,false],"multimedia":["https:\/\/parquetantauco.cl\/wp-content\/uploads\/2025\/09\/Parque_tantuaco_Conservacion_Activa--480x360.jpg",480,360,true],"multimedia-big":["https:\/\/parquetantauco.cl\/wp-content\/uploads\/2025\/09\/Parque_tantuaco_Conservacion_Activa--770x500.jpg",770,500,true],"sow-carousel-default":["https:\/\/parquetantauco.cl\/wp-content\/uploads\/2025\/09\/Parque_tantuaco_Conservacion_Activa--272x182.jpg",272,182,true]},"uagb_author_info":{"display_name":"Nicol\u00e1s Mes\u00edas","author_link":"https:\/\/parquetantauco.cl\/en\/author\/nicolas-mesias\/"},"uagb_comment_info":0,"uagb_excerpt":"Propuesta dise\u00f1ada para promover el autocuidado, fortalecer el bienestar emocional, f\u00edsico y vocacional de docentes a trav\u00e9s de una experiencia consciente en el bosque siempreverde de Parque Tantauco, integrando conexi\u00f3n con la naturaleza, regulaci\u00f3n emocional, reflexi\u00f3n pedag\u00f3gica, y regulaci\u00f3n emocional aplicables al contexto educativo. La experiencia se inspira en pr\u00e1cticas de inmersi\u00f3n consciente en la&hellip;","_links":{"self":[{"href":"https:\/\/parquetantauco.cl\/en\/wp-json\/wp\/v2\/pages\/6875","targetHints":{"allow":["GET"]}}],"collection":[{"href":"https:\/\/parquetantauco.cl\/en\/wp-json\/wp\/v2\/pages"}],"about":[{"href":"https:\/\/parquetantauco.cl\/en\/wp-json\/wp\/v2\/types\/page"}],"author":[{"embeddable":true,"href":"https:\/\/parquetantauco.cl\/en\/wp-json\/wp\/v2\/users\/5"}],"replies":[{"embeddable":true,"href":"https:\/\/parquetantauco.cl\/en\/wp-json\/wp\/v2\/comments?post=6875"}],"version-history":[{"count":2,"href":"https:\/\/parquetantauco.cl\/en\/wp-json\/wp\/v2\/pages\/6875\/revisions"}],"predecessor-version":[{"id":6878,"href":"https:\/\/parquetantauco.cl\/en\/wp-json\/wp\/v2\/pages\/6875\/revisions\/6878"}],"wp:featuredmedia":[{"embeddable":true,"href":"https:\/\/parquetantauco.cl\/en\/wp-json\/wp\/v2\/media\/6676"}],"wp:attachment":[{"href":"https:\/\/parquetantauco.cl\/en\/wp-json\/wp\/v2\/media?parent=6875"}],"curies":[{"name":"wp","href":"https:\/\/api.w.org\/{rel}","templated":true}]}}