{"id":108,"date":"2015-10-31T13:54:50","date_gmt":"2015-10-31T13:54:50","guid":{"rendered":"https:\/\/www.parquetantauco.cl\/?page_id=108"},"modified":"2021-09-09T19:59:00","modified_gmt":"2021-09-09T19:59:00","slug":"chaiguata","status":"publish","type":"page","link":"https:\/\/parquetantauco.cl\/pt\/chaiguata\/","title":{"rendered":"Chaiguata"},"content":{"rendered":"<div id=\"pl-108\"  class=\"panel-layout\" ><div id=\"pg-108-0\"  class=\"panel-grid panel-has-style\" ><div class=\"panel-row-style panel-row-style-for-108-0\" ><div id=\"pgc-108-0-0\"  class=\"panel-grid-cell\" ><div id=\"panel-108-0-0-0\" class=\"so-panel widget widget_sow-editor panel-first-child panel-last-child\" data-index=\"0\" ><div class=\"panel-widget-style panel-widget-style-for-108-0-0-0\" ><div\n\t\t\t\n\t\t\tclass=\"so-widget-sow-editor so-widget-sow-editor-base\"\n\t\t\t\n\t\t>\n<div class=\"siteorigin-widget-tinymce textwidget\">\n\t<p>&nbsp;<\/p>\n<p style=\"text-align: left;\"><span style=\"font-weight: 400; color: #636363; line-height: 200%;\">El sector de Chaiguata se ubica a 20 km del sector de Yaldad, a orillas del lago Chaiguata, y cuenta con el mayor desarrollo de infraestructura del Parque.<\/span><\/p>\n<\/div>\n<\/div><\/div><\/div><\/div><div id=\"pgc-108-0-1\"  class=\"panel-grid-cell\" ><div id=\"panel-108-0-1-0\" class=\"so-panel widget widget_media_image panel-first-child panel-last-child\" data-index=\"1\" ><img loading=\"lazy\" decoding=\"async\" width=\"780\" height=\"380\" src=\"https:\/\/parquetantauco.cl\/wp-content\/uploads\/2018\/10\/c01.png\" class=\"image wp-image-2093 img-responsive attachment-full size-full\" alt=\"\" style=\"max-width: 100%; height: auto;\" srcset=\"https:\/\/parquetantauco.cl\/wp-content\/uploads\/2018\/10\/c01.png 780w, https:\/\/parquetantauco.cl\/wp-content\/uploads\/2018\/10\/c01-300x146.png 300w, https:\/\/parquetantauco.cl\/wp-content\/uploads\/2018\/10\/c01-768x374.png 768w\" sizes=\"auto, (max-width: 780px) 100vw, 780px\" \/><\/div><\/div><\/div><\/div><div id=\"pg-108-1\"  class=\"panel-grid panel-has-style\" ><div class=\"panel-row-style panel-row-style-for-108-1\" ><div id=\"pgc-108-1-0\"  class=\"panel-grid-cell\" ><div id=\"panel-108-1-0-0\" class=\"so-panel widget widget_media_image panel-first-child panel-last-child\" data-index=\"2\" ><img loading=\"lazy\" decoding=\"async\" width=\"780\" height=\"380\" src=\"https:\/\/parquetantauco.cl\/wp-content\/uploads\/2018\/10\/c02.png\" class=\"image wp-image-2094 img-responsive attachment-full size-full\" alt=\"\" style=\"max-width: 100%; height: auto;\" srcset=\"https:\/\/parquetantauco.cl\/wp-content\/uploads\/2018\/10\/c02.png 780w, https:\/\/parquetantauco.cl\/wp-content\/uploads\/2018\/10\/c02-300x146.png 300w, https:\/\/parquetantauco.cl\/wp-content\/uploads\/2018\/10\/c02-768x374.png 768w\" sizes=\"auto, (max-width: 780px) 100vw, 780px\" \/><\/div><\/div><div id=\"pgc-108-1-1\"  class=\"panel-grid-cell\" ><div id=\"panel-108-1-1-0\" class=\"so-panel widget widget_sow-editor panel-first-child panel-last-child\" data-index=\"3\" ><div class=\"panel-widget-style panel-widget-style-for-108-1-1-0\" ><div\n\t\t\t\n\t\t\tclass=\"so-widget-sow-editor so-widget-sow-editor-base\"\n\t\t\t\n\t\t>\n<div class=\"siteorigin-widget-tinymce textwidget\">\n\t<p style=\"text-align: left;\"><span style=\"font-weight: 400; color: #636363; line-height: 200%;\">Para alojar hay dos alternativas: sitios de camping con techo y mesa donde los visitantes pueden traer su carpa y equipo de cocina, o arrendar lo necesario en el Parque. Si quieren algo m\u00e1s confortable contamos con domos matrimoniales para 2 personas y para grupos de 6 personas, con camarotes y ropa de cama. Cada domo tiene su ba\u00f1o privado con agua caliente, los cuales se encuentran a pocos pasos del domo.<\/span><\/p>\n<\/div>\n<\/div><\/div><\/div><\/div><\/div><\/div><div id=\"pg-108-2\"  class=\"panel-grid panel-has-style\" ><div class=\"panel-row-style panel-row-style-for-108-2\" ><div id=\"pgc-108-2-0\"  class=\"panel-grid-cell\" ><div id=\"panel-108-2-0-0\" class=\"so-panel widget widget_sow-editor panel-first-child panel-last-child\" data-index=\"4\" ><div class=\"panel-widget-style panel-widget-style-for-108-2-0-0\" ><div\n\t\t\t\n\t\t\tclass=\"so-widget-sow-editor so-widget-sow-editor-base\"\n\t\t\t\n\t\t>\n<div class=\"siteorigin-widget-tinymce textwidget\">\n\t<p style=\"text-align: left;\"><span style=\"font-weight: 400; color: #636363; line-height: 200%;\">Durante el verano y para eventos especiales, contamos con un fog\u00f3n que funciona como restaurante donde se ofrecen men\u00fas para el almuerzo y cena, desayunos y s\u00e1ndwich entre otras cosas. Es una excelente opci\u00f3n para quienes no traen implementos para cocinar o simplemente quieren comer algo rico. Adem\u00e1s contamos con programas todo incluido que incluyen el alojamiento y la comida para hacer la estad\u00eda a\u00fan m\u00e1s f\u00e1cil y c\u00f3moda.<\/span><\/p>\n<\/div>\n<\/div><\/div><\/div><\/div><div id=\"pgc-108-2-1\"  class=\"panel-grid-cell\" ><div id=\"panel-108-2-1-0\" class=\"so-panel widget widget_media_image panel-first-child panel-last-child\" data-index=\"5\" ><img loading=\"lazy\" decoding=\"async\" width=\"780\" height=\"380\" src=\"https:\/\/parquetantauco.cl\/wp-content\/uploads\/2018\/10\/c03.png\" class=\"image wp-image-2095 img-responsive attachment-full size-full\" alt=\"\" style=\"max-width: 100%; height: auto;\" srcset=\"https:\/\/parquetantauco.cl\/wp-content\/uploads\/2018\/10\/c03.png 780w, https:\/\/parquetantauco.cl\/wp-content\/uploads\/2018\/10\/c03-300x146.png 300w, https:\/\/parquetantauco.cl\/wp-content\/uploads\/2018\/10\/c03-768x374.png 768w\" sizes=\"auto, (max-width: 780px) 100vw, 780px\" \/><\/div><\/div><\/div><\/div><div id=\"pg-108-3\"  class=\"panel-grid panel-has-style\" ><div class=\"panel-row-style panel-row-style-for-108-3\" ><div id=\"pgc-108-3-0\"  class=\"panel-grid-cell\" ><div id=\"panel-108-3-0-0\" class=\"so-panel widget widget_media_image panel-first-child panel-last-child\" data-index=\"6\" ><img loading=\"lazy\" decoding=\"async\" width=\"780\" height=\"380\" src=\"https:\/\/parquetantauco.cl\/wp-content\/uploads\/2018\/11\/c_04.png\" class=\"image wp-image-2307 img-responsive attachment-full size-full\" alt=\"\" style=\"max-width: 100%; height: auto;\" srcset=\"https:\/\/parquetantauco.cl\/wp-content\/uploads\/2018\/11\/c_04.png 780w, https:\/\/parquetantauco.cl\/wp-content\/uploads\/2018\/11\/c_04-300x146.png 300w, https:\/\/parquetantauco.cl\/wp-content\/uploads\/2018\/11\/c_04-768x374.png 768w\" sizes=\"auto, (max-width: 780px) 100vw, 780px\" \/><\/div><\/div><div id=\"pgc-108-3-1\"  class=\"panel-grid-cell\" ><div id=\"panel-108-3-1-0\" class=\"so-panel widget widget_sow-editor panel-first-child panel-last-child\" data-index=\"7\" ><div class=\"panel-widget-style panel-widget-style-for-108-3-1-0\" ><div\n\t\t\t\n\t\t\tclass=\"so-widget-sow-editor so-widget-sow-editor-base\"\n\t\t\t\n\t\t>\n<div class=\"siteorigin-widget-tinymce textwidget\">\n\t<p style=\"text-align: left;\"><span style=\"font-weight: 400; color: #636363; line-height: 200%;\">Para los que buscan un relajo al final del d\u00eda, este sector cuenta con dos Hot tub o tinajas de agua caliente para cinco personas cada uno, donde se puede disfrutar de una linda vista al lago.<\/span><\/p>\n<\/div>\n<\/div><\/div><\/div><\/div><\/div><\/div><\/div>","protected":false},"excerpt":{"rendered":"<p>&nbsp; El sector de Chaiguata se ubica a 20 km del sector de Yaldad, a orillas del lago Chaiguata, y cuenta con el mayor desarrollo de infraestructura del Parque. Para alojar hay dos alternativas: sitios de camping con techo y mesa donde los visitantes pueden traer su carpa y equipo de cocina, o arrendar lo [&hellip;]<\/p>\n","protected":false},"author":1,"featured_media":2758,"parent":0,"menu_order":0,"comment_status":"closed","ping_status":"closed","template":"","meta":{"_acf_changed":false,"inline_featured_image":false,"_uag_custom_page_level_css":"","ngg_post_thumbnail":0,"footnotes":""},"class_list":["post-108","page","type-page","status-publish","has-post-thumbnail","hentry"],"acf":[],"aioseo_notices":[],"uagb_featured_image_src":{"full":["https:\/\/parquetantauco.cl\/wp-content\/uploads\/2021\/09\/ParqueTantauco_pmou.ph-8-scaled.jpg",2560,1707,false],"thumbnail":["https:\/\/parquetantauco.cl\/wp-content\/uploads\/2021\/09\/ParqueTantauco_pmou.ph-8-150x150.jpg",150,150,true],"medium":["https:\/\/parquetantauco.cl\/wp-content\/uploads\/2021\/09\/ParqueTantauco_pmou.ph-8-300x200.jpg",300,200,true],"medium_large":["https:\/\/parquetantauco.cl\/wp-content\/uploads\/2021\/09\/ParqueTantauco_pmou.ph-8-768x512.jpg",768,512,true],"large":["https:\/\/parquetantauco.cl\/wp-content\/uploads\/2021\/09\/ParqueTantauco_pmou.ph-8-1024x683.jpg",770,514,true],"1536x1536":["https:\/\/parquetantauco.cl\/wp-content\/uploads\/2021\/09\/ParqueTantauco_pmou.ph-8-1536x1024.jpg",1536,1024,true],"2048x2048":["https:\/\/parquetantauco.cl\/wp-content\/uploads\/2021\/09\/ParqueTantauco_pmou.ph-8-2048x1365.jpg",2048,1365,true],"multimedia":["https:\/\/parquetantauco.cl\/wp-content\/uploads\/2021\/09\/ParqueTantauco_pmou.ph-8-480x360.jpg",480,360,true],"multimedia-big":["https:\/\/parquetantauco.cl\/wp-content\/uploads\/2021\/09\/ParqueTantauco_pmou.ph-8-770x770.jpg",770,770,true],"sow-carousel-default":["https:\/\/parquetantauco.cl\/wp-content\/uploads\/2021\/09\/ParqueTantauco_pmou.ph-8-272x182.jpg",272,182,true]},"uagb_author_info":{"display_name":"tantauco","author_link":"https:\/\/parquetantauco.cl\/pt\/author\/parque-tantauco\/"},"uagb_comment_info":0,"uagb_excerpt":"&nbsp; El sector de Chaiguata se ubica a 20 km del sector de Yaldad, a orillas del lago Chaiguata, y cuenta con el mayor desarrollo de infraestructura del Parque. Para alojar hay dos alternativas: sitios de camping con techo y mesa donde los visitantes pueden traer su carpa y equipo de cocina, o arrendar lo&hellip;","_links":{"self":[{"href":"https:\/\/parquetantauco.cl\/pt\/wp-json\/wp\/v2\/pages\/108","targetHints":{"allow":["GET"]}}],"collection":[{"href":"https:\/\/parquetantauco.cl\/pt\/wp-json\/wp\/v2\/pages"}],"about":[{"href":"https:\/\/parquetantauco.cl\/pt\/wp-json\/wp\/v2\/types\/page"}],"author":[{"embeddable":true,"href":"https:\/\/parquetantauco.cl\/pt\/wp-json\/wp\/v2\/users\/1"}],"replies":[{"embeddable":true,"href":"https:\/\/parquetantauco.cl\/pt\/wp-json\/wp\/v2\/comments?post=108"}],"version-history":[{"count":6,"href":"https:\/\/parquetantauco.cl\/pt\/wp-json\/wp\/v2\/pages\/108\/revisions"}],"predecessor-version":[{"id":2531,"href":"https:\/\/parquetantauco.cl\/pt\/wp-json\/wp\/v2\/pages\/108\/revisions\/2531"}],"wp:featuredmedia":[{"embeddable":true,"href":"https:\/\/parquetantauco.cl\/pt\/wp-json\/wp\/v2\/media\/2758"}],"wp:attachment":[{"href":"https:\/\/parquetantauco.cl\/pt\/wp-json\/wp\/v2\/media?parent=108"}],"curies":[{"name":"wp","href":"https:\/\/api.w.org\/{rel}","templated":true}]}}