{"id":110,"date":"2015-10-31T13:55:08","date_gmt":"2015-10-31T13:55:08","guid":{"rendered":"https:\/\/www.parquetantauco.cl\/?page_id=110"},"modified":"2020-05-13T01:33:37","modified_gmt":"2020-05-13T01:33:37","slug":"inio","status":"publish","type":"page","link":"https:\/\/parquetantauco.cl\/pt\/inio\/","title":{"rendered":"In\u00edo"},"content":{"rendered":"<div id=\"pl-110\"  class=\"panel-layout\" ><div id=\"pg-110-0\"  class=\"panel-grid panel-has-style\" ><div class=\"panel-row-style panel-row-style-for-110-0\" ><div id=\"pgc-110-0-0\"  class=\"panel-grid-cell\" ><div id=\"panel-110-0-0-0\" class=\"so-panel widget widget_sow-editor panel-first-child panel-last-child\" data-index=\"0\" ><div class=\"panel-widget-style panel-widget-style-for-110-0-0-0\" ><div\n\t\t\t\n\t\t\tclass=\"so-widget-sow-editor so-widget-sow-editor-base\"\n\t\t\t\n\t\t>\n<div class=\"siteorigin-widget-tinymce textwidget\">\n\t<p>&nbsp;<\/p>\n<p style=\"text-align: left;\"><span style=\"font-weight: 400; color: #636363; line-height: 200%;\">In\u00edo, que en lengua local significa bordemar, se encuentra en la costa sur de la Isla Grande de Chilo\u00e9. El acceso al lugar es por v\u00eda a\u00e9rea desde Castro, caminando por el Sendero Transversal desde Chaiguata, o en la lancha municipal que viene de Quell\u00f3n.<br \/>\n<\/span><\/p>\n<\/div>\n<\/div><\/div><\/div><\/div><div id=\"pgc-110-0-1\"  class=\"panel-grid-cell\" ><div id=\"panel-110-0-1-0\" class=\"so-panel widget widget_media_image panel-first-child panel-last-child\" data-index=\"1\" ><img loading=\"lazy\" decoding=\"async\" width=\"780\" height=\"380\" src=\"https:\/\/parquetantauco.cl\/wp-content\/uploads\/2018\/10\/i01.png\" class=\"image wp-image-2080 img-responsive attachment-full size-full\" alt=\"\" style=\"max-width: 100%; height: auto;\" srcset=\"https:\/\/parquetantauco.cl\/wp-content\/uploads\/2018\/10\/i01.png 780w, https:\/\/parquetantauco.cl\/wp-content\/uploads\/2018\/10\/i01-300x146.png 300w, https:\/\/parquetantauco.cl\/wp-content\/uploads\/2018\/10\/i01-768x374.png 768w\" sizes=\"auto, (max-width: 780px) 100vw, 780px\" \/><\/div><\/div><\/div><\/div><div id=\"pg-110-1\"  class=\"panel-grid panel-has-style\" ><div class=\"panel-row-style panel-row-style-for-110-1\" ><div id=\"pgc-110-1-0\"  class=\"panel-grid-cell\" ><div id=\"panel-110-1-0-0\" class=\"so-panel widget widget_media_image panel-first-child panel-last-child\" data-index=\"2\" ><img loading=\"lazy\" decoding=\"async\" width=\"780\" height=\"380\" src=\"https:\/\/parquetantauco.cl\/wp-content\/uploads\/2018\/10\/i02.png\" class=\"image wp-image-2081 img-responsive attachment-full size-full\" alt=\"\" style=\"max-width: 100%; height: auto;\" srcset=\"https:\/\/parquetantauco.cl\/wp-content\/uploads\/2018\/10\/i02.png 780w, https:\/\/parquetantauco.cl\/wp-content\/uploads\/2018\/10\/i02-300x146.png 300w, https:\/\/parquetantauco.cl\/wp-content\/uploads\/2018\/10\/i02-768x374.png 768w\" sizes=\"auto, (max-width: 780px) 100vw, 780px\" \/><\/div><\/div><div id=\"pgc-110-1-1\"  class=\"panel-grid-cell\" ><div id=\"panel-110-1-1-0\" class=\"so-panel widget widget_sow-editor panel-first-child panel-last-child\" data-index=\"3\" ><div class=\"panel-widget-style panel-widget-style-for-110-1-1-0\" ><div\n\t\t\t\n\t\t\tclass=\"so-widget-sow-editor so-widget-sow-editor-base\"\n\t\t\t\n\t\t>\n<div class=\"siteorigin-widget-tinymce textwidget\">\n\t<p>&nbsp;<\/p>\n<p style=\"text-align: left;\"><span style=\"font-weight: 400; color: #636363; line-height: 200%;\">El lugar tiene dos imperdibles: el gran faro de In\u00edo, que tiene 14 metros de altura y est\u00e1 construido con maderas de cipr\u00e9s, y el sendero Punta Rocosa.<\/span><\/p>\n<\/div>\n<\/div><\/div><\/div><\/div><\/div><\/div><div id=\"pg-110-2\"  class=\"panel-grid panel-has-style\" ><div class=\"panel-row-style panel-row-style-for-110-2\" ><div id=\"pgc-110-2-0\"  class=\"panel-grid-cell\" ><div id=\"panel-110-2-0-0\" class=\"so-panel widget widget_sow-editor panel-first-child panel-last-child\" data-index=\"4\" ><div class=\"panel-widget-style panel-widget-style-for-110-2-0-0\" ><div\n\t\t\t\n\t\t\tclass=\"so-widget-sow-editor so-widget-sow-editor-base\"\n\t\t\t\n\t\t>\n<div class=\"siteorigin-widget-tinymce textwidget\">\n\t<p>&nbsp;<\/p>\n<p style=\"text-align: left;\"><span style=\"font-weight: 400; color: #636363; line-height: 200%;\">Para alojar hay dos alternativas. La primera son sitios de camping donde los visitantes deben traer su carpa y equipo de cocina.<\/span><\/p>\n<\/div>\n<\/div><\/div><\/div><\/div><div id=\"pgc-110-2-1\"  class=\"panel-grid-cell\" ><div id=\"panel-110-2-1-0\" class=\"so-panel widget widget_media_image panel-first-child panel-last-child\" data-index=\"5\" ><img loading=\"lazy\" decoding=\"async\" width=\"780\" height=\"380\" src=\"https:\/\/parquetantauco.cl\/wp-content\/uploads\/2018\/10\/i03.png\" class=\"image wp-image-2082 img-responsive attachment-full size-full\" alt=\"\" style=\"max-width: 100%; height: auto;\" srcset=\"https:\/\/parquetantauco.cl\/wp-content\/uploads\/2018\/10\/i03.png 780w, https:\/\/parquetantauco.cl\/wp-content\/uploads\/2018\/10\/i03-300x146.png 300w, https:\/\/parquetantauco.cl\/wp-content\/uploads\/2018\/10\/i03-768x374.png 768w\" sizes=\"auto, (max-width: 780px) 100vw, 780px\" \/><\/div><\/div><\/div><\/div><div id=\"pg-110-3\"  class=\"panel-grid panel-has-style\" ><div class=\"panel-row-style panel-row-style-for-110-3\" ><div id=\"pgc-110-3-0\"  class=\"panel-grid-cell\" ><div id=\"panel-110-3-0-0\" class=\"so-panel widget widget_media_image panel-first-child panel-last-child\" data-index=\"6\" ><img loading=\"lazy\" decoding=\"async\" width=\"780\" height=\"380\" src=\"https:\/\/parquetantauco.cl\/wp-content\/uploads\/2018\/10\/i04.png\" class=\"image wp-image-2083 img-responsive attachment-full size-full\" alt=\"\" style=\"max-width: 100%; height: auto;\" srcset=\"https:\/\/parquetantauco.cl\/wp-content\/uploads\/2018\/10\/i04.png 780w, https:\/\/parquetantauco.cl\/wp-content\/uploads\/2018\/10\/i04-300x146.png 300w, https:\/\/parquetantauco.cl\/wp-content\/uploads\/2018\/10\/i04-768x374.png 768w\" sizes=\"auto, (max-width: 780px) 100vw, 780px\" \/><\/div><\/div><div id=\"pgc-110-3-1\"  class=\"panel-grid-cell\" ><div id=\"panel-110-3-1-0\" class=\"so-panel widget widget_sow-editor panel-first-child panel-last-child\" data-index=\"7\" ><div class=\"panel-widget-style panel-widget-style-for-110-3-1-0\" ><div\n\t\t\t\n\t\t\tclass=\"so-widget-sow-editor so-widget-sow-editor-base\"\n\t\t\t\n\t\t>\n<div class=\"siteorigin-widget-tinymce textwidget\">\n\t<p>&nbsp;<\/p>\n<p style=\"text-align: left;\"><span style=\"font-weight: 400; color: #636363; line-height: 200%;\">La segunda es nuestra c\u00f3moda Casa de Hu\u00e9spedes, que cuenta con seis habitaciones dobles, de las cuales cuatro son con ba\u00f1o privado y dos con ba\u00f1o compartido. De todas las habitaciones, dos son matrimoniales y las dem\u00e1s tienen 2 camas.<\/span><\/p>\n<\/div>\n<\/div><\/div><\/div><\/div><\/div><\/div><div id=\"pg-110-4\"  class=\"panel-grid panel-has-style\" ><div class=\"panel-row-style panel-row-style-for-110-4\" ><div id=\"pgc-110-4-0\"  class=\"panel-grid-cell\" ><div id=\"panel-110-4-0-0\" class=\"so-panel widget widget_sow-editor panel-first-child panel-last-child\" data-index=\"8\" ><div class=\"panel-widget-style panel-widget-style-for-110-4-0-0\" ><div\n\t\t\t\n\t\t\tclass=\"so-widget-sow-editor so-widget-sow-editor-base\"\n\t\t\t\n\t\t>\n<div class=\"siteorigin-widget-tinymce textwidget\">\n\t<p>&nbsp;<\/p>\n<p style=\"text-align: left;\"><span style=\"font-weight: 400; color: #636363; line-height: 200%;\">En el primer piso se encuentran los espacios comunes y una cocina americana completamente equipada para que los visitantes puedan preparar sus alimentos. Se recomienda reservar con anticipaci\u00f3n ya que para llegar deber\u00e1 coordinar su viaje en avioneta o en lancha, en especial en temporada alta.<\/span><\/p>\n<\/div>\n<\/div><\/div><\/div><\/div><div id=\"pgc-110-4-1\"  class=\"panel-grid-cell\" ><div id=\"panel-110-4-1-0\" class=\"so-panel widget widget_media_image panel-first-child panel-last-child\" data-index=\"9\" ><img loading=\"lazy\" decoding=\"async\" width=\"780\" height=\"380\" src=\"https:\/\/parquetantauco.cl\/wp-content\/uploads\/2018\/10\/i05.png\" class=\"image wp-image-2084 img-responsive attachment-full size-full\" alt=\"\" style=\"max-width: 100%; height: auto;\" srcset=\"https:\/\/parquetantauco.cl\/wp-content\/uploads\/2018\/10\/i05.png 780w, https:\/\/parquetantauco.cl\/wp-content\/uploads\/2018\/10\/i05-300x146.png 300w, https:\/\/parquetantauco.cl\/wp-content\/uploads\/2018\/10\/i05-768x374.png 768w\" sizes=\"auto, (max-width: 780px) 100vw, 780px\" \/><\/div><\/div><\/div><\/div><\/div>","protected":false},"excerpt":{"rendered":"<p>&nbsp; In\u00edo, que en lengua local significa bordemar, se encuentra en la costa sur de la Isla Grande de Chilo\u00e9. El acceso al lugar es por v\u00eda a\u00e9rea desde Castro, caminando por el Sendero Transversal desde Chaiguata, o en la lancha municipal que viene de Quell\u00f3n. &nbsp; El lugar tiene dos imperdibles: el gran faro [&hellip;]<\/p>\n","protected":false},"author":1,"featured_media":256,"parent":0,"menu_order":0,"comment_status":"closed","ping_status":"closed","template":"","meta":{"_acf_changed":false,"inline_featured_image":false,"_uag_custom_page_level_css":"","ngg_post_thumbnail":0,"footnotes":""},"class_list":["post-110","page","type-page","status-publish","has-post-thumbnail","hentry"],"acf":[],"aioseo_notices":[],"uagb_featured_image_src":{"full":["https:\/\/parquetantauco.cl\/wp-content\/uploads\/2015\/10\/faro-inio-022.jpg",1600,1048,false],"thumbnail":["https:\/\/parquetantauco.cl\/wp-content\/uploads\/2015\/10\/faro-inio-022-150x150.jpg",150,150,true],"medium":["https:\/\/parquetantauco.cl\/wp-content\/uploads\/2015\/10\/faro-inio-022-300x197.jpg",300,197,true],"medium_large":["https:\/\/parquetantauco.cl\/wp-content\/uploads\/2015\/10\/faro-inio-022.jpg",768,503,false],"large":["https:\/\/parquetantauco.cl\/wp-content\/uploads\/2015\/10\/faro-inio-022-1024x671.jpg",770,505,true],"1536x1536":["https:\/\/parquetantauco.cl\/wp-content\/uploads\/2015\/10\/faro-inio-022.jpg",1536,1006,false],"2048x2048":["https:\/\/parquetantauco.cl\/wp-content\/uploads\/2015\/10\/faro-inio-022.jpg",1600,1048,false],"multimedia":["https:\/\/parquetantauco.cl\/wp-content\/uploads\/2015\/10\/faro-inio-022-480x360.jpg",480,360,true],"multimedia-big":["https:\/\/parquetantauco.cl\/wp-content\/uploads\/2015\/10\/faro-inio-022-770x770.jpg",770,770,true],"sow-carousel-default":["https:\/\/parquetantauco.cl\/wp-content\/uploads\/2015\/10\/faro-inio-022.jpg",272,178,false]},"uagb_author_info":{"display_name":"tantauco","author_link":"https:\/\/parquetantauco.cl\/pt\/author\/parque-tantauco\/"},"uagb_comment_info":0,"uagb_excerpt":"&nbsp; In\u00edo, que en lengua local significa bordemar, se encuentra en la costa sur de la Isla Grande de Chilo\u00e9. El acceso al lugar es por v\u00eda a\u00e9rea desde Castro, caminando por el Sendero Transversal desde Chaiguata, o en la lancha municipal que viene de Quell\u00f3n. &nbsp; El lugar tiene dos imperdibles: el gran faro&hellip;","_links":{"self":[{"href":"https:\/\/parquetantauco.cl\/pt\/wp-json\/wp\/v2\/pages\/110","targetHints":{"allow":["GET"]}}],"collection":[{"href":"https:\/\/parquetantauco.cl\/pt\/wp-json\/wp\/v2\/pages"}],"about":[{"href":"https:\/\/parquetantauco.cl\/pt\/wp-json\/wp\/v2\/types\/page"}],"author":[{"embeddable":true,"href":"https:\/\/parquetantauco.cl\/pt\/wp-json\/wp\/v2\/users\/1"}],"replies":[{"embeddable":true,"href":"https:\/\/parquetantauco.cl\/pt\/wp-json\/wp\/v2\/comments?post=110"}],"version-history":[{"count":2,"href":"https:\/\/parquetantauco.cl\/pt\/wp-json\/wp\/v2\/pages\/110\/revisions"}],"predecessor-version":[{"id":2535,"href":"https:\/\/parquetantauco.cl\/pt\/wp-json\/wp\/v2\/pages\/110\/revisions\/2535"}],"wp:featuredmedia":[{"embeddable":true,"href":"https:\/\/parquetantauco.cl\/pt\/wp-json\/wp\/v2\/media\/256"}],"wp:attachment":[{"href":"https:\/\/parquetantauco.cl\/pt\/wp-json\/wp\/v2\/media?parent=110"}],"curies":[{"name":"wp","href":"https:\/\/api.w.org\/{rel}","templated":true}]}}