{"id":1236,"date":"2018-05-30T18:44:11","date_gmt":"2018-05-30T18:44:11","guid":{"rendered":"https:\/\/www.parquetantauco.cl\/?page_id=1236"},"modified":"2026-01-26T19:55:00","modified_gmt":"2026-01-26T19:55:00","slug":"como-llegar","status":"publish","type":"page","link":"https:\/\/parquetantauco.cl\/pt\/como-llegar\/","title":{"rendered":"Como chegar?"},"content":{"rendered":"<div id=\"pl-1236\"  class=\"panel-layout\" ><div id=\"pg-1236-0\"  class=\"panel-grid panel-no-style\" ><div id=\"pgc-1236-0-0\"  class=\"panel-grid-cell\" ><div id=\"panel-1236-0-0-0\" class=\"so-panel widget widget_sow-editor panel-first-child\" data-index=\"0\" ><div\n\t\t\t\n\t\t\tclass=\"so-widget-sow-editor so-widget-sow-editor-base\"\n\t\t\t\n\t\t>\n<div class=\"siteorigin-widget-tinymce textwidget\">\n\t<p>&nbsp;<\/p>\n<hr style=\"width: 100%; color: #d1d1d1; border: 1px solid #d1d1d1;\"\/>\n<p>Parque Tantauco est\u00e1 ubicado en el sur de Chile, comuna de Quell\u00f3n, en el territorio m\u00e1s alejado y salvaje de la Isla Grande de Chilo\u00e9, en el l\u00edmite norte de la Patagonia Chilena. Se encuentra a 1.200 kil\u00f3metros de la ciudad de Santiago, capital de Chile.<\/p>\n<p>Tantauco, cuyo nombre de origen huilliche significa \u201clugar donde se juntan las aguas\u201d, cuenta con un territorio de 118.000 hect\u00e1reas, que abarca grandes y peque\u00f1as playas, lagos y r\u00edos, bosques siempre verdes y milenarios cipresales. Por esta magnitud, el parque tiene diversos accesos (por tierra, aire y mar), as\u00ed como senderos y rincones desconocidos.<\/p>\n<p><strong>ACCESO ZONA NORTE:<\/strong><\/p>\n<p>La zona norte del parque, que comprende el&nbsp;<strong>Lago Yaldad<\/strong>&nbsp;y el&nbsp;<strong>Lago Chaiguata<\/strong>, es accesible por v\u00eda terrestre desde las ciudades de Quell\u00f3n y Castro.<\/p>\n<p>Existe un cruce se\u00f1alizado en la Ruta 5 Sur, 14 kil\u00f3metros al norte de Quell\u00f3n, que indica el camino. Desde este punto, se deben seguir 18 kil\u00f3metros hasta la Porter\u00eda Yaldad, lugar que indica el inicio del parque y donde existe un centro de visitantes y senderos cortos, ideales para visitas por el d\u00eda. Si se contin\u00faa 20 kil\u00f3metros m\u00e1s se llega al lago Chaiguata, donde est\u00e1n los domos, sitios de camping, senderos cortos, arriendo de kayaks, y hay un restaurant en verano. Tambi\u00e9n se puede visitar por el d\u00eda, pero es recomendable quedarse al menos una noche.<\/p>\n<p>El viaje a Yaldad dura aproximadamente una hora desde Quell\u00f3n y dos horas desde Castro. Hasta Chaiguata, el trayecto dura dos horas desde Quell\u00f3n y tres horas desde Castro. El camino es de ripio, recomendable para veh\u00edculos altos como camionetas o jeeps (especialmente en invierno).<\/p>\n<p>El traslado, durante el a\u00f1o, depende exclusivamente de los visitantes (auto privado o Tour operador).<\/p>\n<p><strong>ACCESO ZONA SUR:<\/strong><\/p>\n<p>La zona sur del parque es Caleta In\u00edo, el pueblo m\u00e1s aislado de Chilo\u00e9 y el \u00fanico lugar habitado del Parque Tantauco (desde mediados del siglo pasado), donde se encuentra la Casa de Hu\u00e9spedes (c\u00f3modo alojamiento), un sector de camping, un vivero y el museo de In\u00edo.<\/p>\n<p><span style=\"color: #636363; font-weight: bold;\">Por favor escr\u00edbanos a <\/span><strong><span style=\"color: #636363;\"><a href=\"mailto:info@www.parquetantauco.cl\">info@parquetantauco.cl<\/a><\/span> <\/strong><span style=\"color: #636363; font-weight: bold;\">para m\u00e1s informaci\u00f3n sobre reservas de la avioneta o itinerarios de la barcaza municipal. Tambi\u00e9n para saber la disponibilidad de los campings, domos y refugios (los refugios est\u00e1n ubicados en medio de los senderos largos. M\u00e1s detalles en la secci\u00f3n \u201csenderos\u201d).<\/span><\/p>\n<p><strong>Se puede acceder de tres maneras: <\/strong><\/p>\n<ul>\n<li><strong>Por aire<\/strong>, en avioneta desde el aer\u00f3dromo de Castro, en un recorrido que sobrevuela gran parte de la isla y dura 40 minutos. Es un servicio que el visitante debe coordinar directamente con el Club a\u00e9reo de Castro al tel\u00e9fono <strong>652 632264<\/strong> o al correo: <a href=\"mailto:clubaereocastro@gmail.com\">clubaereocastro@gmail.com<\/a><\/li>\n<li><strong>Caminando <\/strong>4-5 d\u00edas por el Sendero Transversal, un trekking que atraviesa todo el parque de norte a sur<\/li>\n<\/ul>\n<ul>\n<li><strong>Por maren&nbsp;<\/strong> Quell\u00f3n \u2013 Inio - Quell\u00f3n: Domingos y mi\u00e9rcoles saliendo a las 07:00 AM&nbsp; desde Quell\u00f3n y retornando a las 13:00 horas desde Inio. Tel\u00e9fono del capit\u00e1n: +56 9 6205 5769.&nbsp; Tarifa referencial: $1.100 por persona.<\/li>\n<\/ul>\n<p><strong>Por favor escr\u00edbanos a&nbsp;<\/strong><a href=\"mailto:info@www.parquetantauco.cl\"><strong>info@parquetantauco.cl<\/strong><\/a><strong>&nbsp;para m\u00e1s informaci\u00f3n sobre reservas de la avioneta o itinerarios de la barcaza municipal. Tambi\u00e9n para saber la disponibilidad de los campings, domos y refugios (los refugios est\u00e1n ubicados en medio de los senderos largos. M\u00e1s detalles en la secci\u00f3n \u201csenderos\u201d).<\/strong><\/p>\n<p><span style=\"color: #636363; font-weight: bold;\">&nbsp;<\/span><\/p>\n<p>&nbsp;<\/p>\n<\/div>\n<\/div><\/div><div id=\"panel-1236-0-0-1\" class=\"widget_text so-panel widget widget_custom_html panel-last-child\" data-index=\"1\" ><div class=\"textwidget custom-html-widget\"><div style=\"text-align: center;\">\n\t<a style=\"padding:9px 15px;border-radius: 20px;background-color:#375f9d;text-decoration: none; \" href=\"https:\/\/www.parquetantauco.cl\/wp-content\/uploads\/2018\/11\/Mapas_PT.pdf\" download>\n\t\t<span style=\"font-size: 16px; font-weight: 600;color: #fff;\">Descargar mapa<\/span>\n\t<\/a>\n<\/div><\/div><\/div><\/div><\/div><div id=\"pg-1236-1\"  class=\"panel-grid panel-no-style\" ><div id=\"pgc-1236-1-0\"  class=\"panel-grid-cell panel-grid-cell-empty\" ><\/div><div id=\"pgc-1236-1-1\"  class=\"panel-grid-cell panel-grid-cell-mobile-last\" ><div id=\"panel-1236-1-1-0\" class=\"so-panel widget widget_media_image panel-first-child panel-last-child\" data-index=\"2\" ><img loading=\"lazy\" decoding=\"async\" width=\"1000\" height=\"529\" src=\"https:\/\/parquetantauco.cl\/wp-content\/uploads\/2015\/10\/mapa-trazado-01-1024x541.jpg\" class=\"image wp-image-1092 img-responsive attachment-1000x529 size-1000x529\" alt=\"\" style=\"max-width: 100%; height: auto;\" srcset=\"https:\/\/parquetantauco.cl\/wp-content\/uploads\/2015\/10\/mapa-trazado-01-1024x541.jpg 1024w, https:\/\/parquetantauco.cl\/wp-content\/uploads\/2015\/10\/mapa-trazado-01-300x159.jpg 300w, https:\/\/parquetantauco.cl\/wp-content\/uploads\/2015\/10\/mapa-trazado-01-768x406.jpg 768w\" sizes=\"auto, (max-width: 1000px) 100vw, 1000px\" \/><\/div><\/div><div id=\"pgc-1236-1-2\"  class=\"panel-grid-cell panel-grid-cell-empty\" ><\/div><\/div><\/div>","protected":false},"excerpt":{"rendered":"<p>&nbsp; Parque Tantauco est\u00e1 ubicado en el sur de Chile, comuna de Quell\u00f3n, en el territorio m\u00e1s alejado y salvaje de la Isla Grande de Chilo\u00e9, en el l\u00edmite norte de la Patagonia Chilena. Se encuentra a 1.200 kil\u00f3metros de la ciudad de Santiago, capital de Chile. Tantauco, cuyo nombre de origen huilliche significa \u201clugar [&hellip;]<\/p>\n","protected":false},"author":1,"featured_media":620,"parent":0,"menu_order":0,"comment_status":"closed","ping_status":"closed","template":"","meta":{"_acf_changed":false,"inline_featured_image":false,"_uag_custom_page_level_css":"","ngg_post_thumbnail":0,"footnotes":""},"class_list":["post-1236","page","type-page","status-publish","has-post-thumbnail","hentry"],"acf":[],"aioseo_notices":[],"uagb_featured_image_src":{"full":["https:\/\/parquetantauco.cl\/wp-content\/uploads\/2016\/01\/IMG_7500.jpg",1336,752,false],"thumbnail":["https:\/\/parquetantauco.cl\/wp-content\/uploads\/2016\/01\/IMG_7500-150x150.jpg",150,150,true],"medium":["https:\/\/parquetantauco.cl\/wp-content\/uploads\/2016\/01\/IMG_7500-300x169.jpg",300,169,true],"medium_large":["https:\/\/parquetantauco.cl\/wp-content\/uploads\/2016\/01\/IMG_7500.jpg",768,432,false],"large":["https:\/\/parquetantauco.cl\/wp-content\/uploads\/2016\/01\/IMG_7500-1024x576.jpg",770,433,true],"1536x1536":["https:\/\/parquetantauco.cl\/wp-content\/uploads\/2016\/01\/IMG_7500.jpg",1336,752,false],"2048x2048":["https:\/\/parquetantauco.cl\/wp-content\/uploads\/2016\/01\/IMG_7500.jpg",1336,752,false],"multimedia":["https:\/\/parquetantauco.cl\/wp-content\/uploads\/2016\/01\/IMG_7500-480x360.jpg",480,360,true],"multimedia-big":["https:\/\/parquetantauco.cl\/wp-content\/uploads\/2016\/01\/IMG_7500-770x752.jpg",770,752,true],"sow-carousel-default":["https:\/\/parquetantauco.cl\/wp-content\/uploads\/2016\/01\/IMG_7500.jpg",272,153,false]},"uagb_author_info":{"display_name":"tantauco","author_link":"https:\/\/parquetantauco.cl\/pt\/author\/parque-tantauco\/"},"uagb_comment_info":0,"uagb_excerpt":"&nbsp; Parque Tantauco est\u00e1 ubicado en el sur de Chile, comuna de Quell\u00f3n, en el territorio m\u00e1s alejado y salvaje de la Isla Grande de Chilo\u00e9, en el l\u00edmite norte de la Patagonia Chilena. Se encuentra a 1.200 kil\u00f3metros de la ciudad de Santiago, capital de Chile. Tantauco, cuyo nombre de origen huilliche significa \u201clugar&hellip;","_links":{"self":[{"href":"https:\/\/parquetantauco.cl\/pt\/wp-json\/wp\/v2\/pages\/1236","targetHints":{"allow":["GET"]}}],"collection":[{"href":"https:\/\/parquetantauco.cl\/pt\/wp-json\/wp\/v2\/pages"}],"about":[{"href":"https:\/\/parquetantauco.cl\/pt\/wp-json\/wp\/v2\/types\/page"}],"author":[{"embeddable":true,"href":"https:\/\/parquetantauco.cl\/pt\/wp-json\/wp\/v2\/users\/1"}],"replies":[{"embeddable":true,"href":"https:\/\/parquetantauco.cl\/pt\/wp-json\/wp\/v2\/comments?post=1236"}],"version-history":[{"count":35,"href":"https:\/\/parquetantauco.cl\/pt\/wp-json\/wp\/v2\/pages\/1236\/revisions"}],"predecessor-version":[{"id":6830,"href":"https:\/\/parquetantauco.cl\/pt\/wp-json\/wp\/v2\/pages\/1236\/revisions\/6830"}],"wp:featuredmedia":[{"embeddable":true,"href":"https:\/\/parquetantauco.cl\/pt\/wp-json\/wp\/v2\/media\/620"}],"wp:attachment":[{"href":"https:\/\/parquetantauco.cl\/pt\/wp-json\/wp\/v2\/media?parent=1236"}],"curies":[{"name":"wp","href":"https:\/\/api.w.org\/{rel}","templated":true}]}}