{"id":1307,"date":"2018-05-30T20:01:06","date_gmt":"2018-05-30T20:01:06","guid":{"rendered":"https:\/\/www.parquetantauco.cl\/?page_id=1307"},"modified":"2026-01-30T17:39:27","modified_gmt":"2026-01-30T17:39:27","slug":"reconocimientos","status":"publish","type":"page","link":"https:\/\/parquetantauco.cl\/pt\/reconocimientos\/","title":{"rendered":"Reconocimientos"},"content":{"rendered":"<div id=\"pl-1307\"  class=\"panel-layout\" ><div id=\"pg-1307-0\"  class=\"panel-grid panel-no-style\" ><div id=\"pgc-1307-0-0\"  class=\"panel-grid-cell\" ><div id=\"panel-1307-0-0-0\" class=\"so-panel widget widget_sow-editor panel-first-child panel-last-child\" data-index=\"0\" ><div\n\t\t\t\n\t\t\tclass=\"so-widget-sow-editor so-widget-sow-editor-base\"\n\t\t\t\n\t\t>\n<div class=\"siteorigin-widget-tinymce textwidget\">\n\t<p style=\"text-align: left;\"><strong><span style=\"color: #636363; text-align: left;\">RECONOCIMIENTOS<\/span><\/strong><\/p>\n<p><span style=\"font-weight: 400; color: #636363;\"><strong>2003<\/strong> &nbsp;&nbsp;&nbsp;&nbsp;&nbsp;Sitio Prioritario para la conservaci\u00f3n, Chaiguata (CONAMA, 2003)<\/span><\/p>\n<p><span style=\"font-weight: 400; color: #636363;\"><strong>2005<\/strong> &nbsp;&nbsp;&nbsp;&nbsp;&nbsp;Hotspot de biodiversidad (ONG Conservaci\u00f3n Internacional)<\/span><\/p>\n<p><span style=\"font-weight: 400; color: #636363;\"><strong>2014<\/strong> &nbsp;&nbsp;&nbsp;&nbsp;&nbsp;Ganador Premio Nacional de Medio ambiente, Categor\u00eda Tierra<\/span><\/p>\n<p><span style=\"font-weight: 400; color: #636363;\"><strong>2014<\/strong> &nbsp;&nbsp;&nbsp;&nbsp;&nbsp;Finalista Premios Fedetur, Categor\u00eda Destinos sustentables<\/span><\/p>\n<p><span style=\"font-weight: 400; color: #636363;\"><strong>2016<\/strong> &nbsp;&nbsp;&nbsp;&nbsp;&nbsp;Finalista Premios Latinoam\u00e9rica Verde, Categor\u00eda Bosques y Flora<\/span><\/p>\n<p>&nbsp;<\/p>\n<p>&nbsp;<\/p>\n<\/div>\n<\/div><\/div><\/div><div id=\"pgc-1307-0-1\"  class=\"panel-grid-cell\" ><div id=\"panel-1307-0-1-0\" class=\"so-panel widget widget_media_image panel-first-child panel-last-child\" data-index=\"1\" ><img loading=\"lazy\" decoding=\"async\" width=\"732\" height=\"566\" src=\"https:\/\/parquetantauco.cl\/wp-content\/uploads\/2018\/07\/img_004.png\" class=\"image wp-image-1689 img-responsive attachment-full size-full\" alt=\"\" style=\"max-width: 100%; height: auto;\" srcset=\"https:\/\/parquetantauco.cl\/wp-content\/uploads\/2018\/07\/img_004.png 732w, https:\/\/parquetantauco.cl\/wp-content\/uploads\/2018\/07\/img_004-300x232.png 300w\" sizes=\"auto, (max-width: 732px) 100vw, 732px\" \/><\/div><\/div><\/div><\/div>","protected":false},"excerpt":{"rendered":"<p>RECONOCIMIENTOS 2003 &nbsp;&nbsp;&nbsp;&nbsp;&nbsp;Sitio Prioritario para la conservaci\u00f3n, Chaiguata (CONAMA, 2003) 2005 &nbsp;&nbsp;&nbsp;&nbsp;&nbsp;Hotspot de biodiversidad (ONG Conservaci\u00f3n Internacional) 2014 &nbsp;&nbsp;&nbsp;&nbsp;&nbsp;Ganador Premio Nacional de Medio ambiente, Categor\u00eda Tierra 2014 &nbsp;&nbsp;&nbsp;&nbsp;&nbsp;Finalista Premios Fedetur, Categor\u00eda Destinos sustentables 2016 &nbsp;&nbsp;&nbsp;&nbsp;&nbsp;Finalista Premios Latinoam\u00e9rica Verde, Categor\u00eda Bosques y Flora &nbsp; &nbsp;<\/p>\n","protected":false},"author":1,"featured_media":5,"parent":0,"menu_order":0,"comment_status":"closed","ping_status":"closed","template":"","meta":{"_acf_changed":false,"inline_featured_image":false,"_uag_custom_page_level_css":"","ngg_post_thumbnail":0,"footnotes":""},"class_list":["post-1307","page","type-page","status-publish","has-post-thumbnail","hentry"],"acf":[],"aioseo_notices":[],"uagb_featured_image_src":{"full":["https:\/\/parquetantauco.cl\/wp-content\/uploads\/2015\/10\/slider21.jpg",1600,1024,false],"thumbnail":["https:\/\/parquetantauco.cl\/wp-content\/uploads\/2015\/10\/slider21-150x150.jpg",150,150,true],"medium":["https:\/\/parquetantauco.cl\/wp-content\/uploads\/2015\/10\/slider21-300x192.jpg",300,192,true],"medium_large":["https:\/\/parquetantauco.cl\/wp-content\/uploads\/2015\/10\/slider21.jpg",768,492,false],"large":["https:\/\/parquetantauco.cl\/wp-content\/uploads\/2015\/10\/slider21-1024x655.jpg",770,493,true],"1536x1536":["https:\/\/parquetantauco.cl\/wp-content\/uploads\/2015\/10\/slider21.jpg",1536,983,false],"2048x2048":["https:\/\/parquetantauco.cl\/wp-content\/uploads\/2015\/10\/slider21.jpg",1600,1024,false],"multimedia":["https:\/\/parquetantauco.cl\/wp-content\/uploads\/2015\/10\/slider21-480x360.jpg",480,360,true],"multimedia-big":["https:\/\/parquetantauco.cl\/wp-content\/uploads\/2015\/10\/slider21-770x770.jpg",770,770,true],"sow-carousel-default":["https:\/\/parquetantauco.cl\/wp-content\/uploads\/2015\/10\/slider21.jpg",272,174,false]},"uagb_author_info":{"display_name":"tantauco","author_link":"https:\/\/parquetantauco.cl\/pt\/author\/parque-tantauco\/"},"uagb_comment_info":0,"uagb_excerpt":"RECONOCIMIENTOS 2003 &nbsp;&nbsp;&nbsp;&nbsp;&nbsp;Sitio Prioritario para la conservaci\u00f3n, Chaiguata (CONAMA, 2003) 2005 &nbsp;&nbsp;&nbsp;&nbsp;&nbsp;Hotspot de biodiversidad (ONG Conservaci\u00f3n Internacional) 2014 &nbsp;&nbsp;&nbsp;&nbsp;&nbsp;Ganador Premio Nacional de Medio ambiente, Categor\u00eda Tierra 2014 &nbsp;&nbsp;&nbsp;&nbsp;&nbsp;Finalista Premios Fedetur, Categor\u00eda Destinos sustentables 2016 &nbsp;&nbsp;&nbsp;&nbsp;&nbsp;Finalista Premios Latinoam\u00e9rica Verde, Categor\u00eda Bosques y Flora &nbsp; &nbsp;","_links":{"self":[{"href":"https:\/\/parquetantauco.cl\/pt\/wp-json\/wp\/v2\/pages\/1307","targetHints":{"allow":["GET"]}}],"collection":[{"href":"https:\/\/parquetantauco.cl\/pt\/wp-json\/wp\/v2\/pages"}],"about":[{"href":"https:\/\/parquetantauco.cl\/pt\/wp-json\/wp\/v2\/types\/page"}],"author":[{"embeddable":true,"href":"https:\/\/parquetantauco.cl\/pt\/wp-json\/wp\/v2\/users\/1"}],"replies":[{"embeddable":true,"href":"https:\/\/parquetantauco.cl\/pt\/wp-json\/wp\/v2\/comments?post=1307"}],"version-history":[{"count":4,"href":"https:\/\/parquetantauco.cl\/pt\/wp-json\/wp\/v2\/pages\/1307\/revisions"}],"predecessor-version":[{"id":6859,"href":"https:\/\/parquetantauco.cl\/pt\/wp-json\/wp\/v2\/pages\/1307\/revisions\/6859"}],"wp:featuredmedia":[{"embeddable":true,"href":"https:\/\/parquetantauco.cl\/pt\/wp-json\/wp\/v2\/media\/5"}],"wp:attachment":[{"href":"https:\/\/parquetantauco.cl\/pt\/wp-json\/wp\/v2\/media?parent=1307"}],"curies":[{"name":"wp","href":"https:\/\/api.w.org\/{rel}","templated":true}]}}