{"id":1311,"date":"2018-05-30T20:01:06","date_gmt":"2018-05-30T20:01:06","guid":{"rendered":"https:\/\/www.parquetantauco.cl\/?page_id=1311"},"modified":"2025-10-08T15:46:47","modified_gmt":"2025-10-08T15:46:47","slug":"valores","status":"publish","type":"page","link":"https:\/\/parquetantauco.cl\/pt\/valores\/","title":{"rendered":"Valores"},"content":{"rendered":"<div id=\"pl-1311\"  class=\"panel-layout\" ><div id=\"pg-1311-0\"  class=\"panel-grid panel-no-style\" ><div id=\"pgc-1311-0-0\"  class=\"panel-grid-cell\" ><div id=\"panel-1311-0-0-0\" class=\"so-panel widget widget_sow-editor panel-first-child panel-last-child\" data-index=\"0\" ><div class=\"panel-widget-style panel-widget-style-for-1311-0-0-0\" ><div\n\t\t\t\n\t\t\tclass=\"so-widget-sow-editor so-widget-sow-editor-base\"\n\t\t\t\n\t\t>\n<div class=\"siteorigin-widget-tinymce textwidget\">\n\t<p style=\"text-align: left;\"><span style=\"color: #636363;\"><span style=\"font-weight: 400; line-height: 160%;\">Organiza tu visita sum\u00e1ndote a alg\u00fan programa establecido, o si prefieres elije visitarlo en forma independiente, es decir, en tu propio veh\u00edculo, seg\u00fan tus intereses y adecu\u00e1ndolo a los d\u00edas que tengas.<\/span><\/span><\/p>\n<p>Fechas temporada MEDIA: Semana Santa, vacaciones de invierno escolares, fin de semana largo de Fiestas Patrias.<\/p>\n<\/div>\n<\/div><\/div><\/div><\/div><\/div><div id=\"pg-1311-1\"  class=\"panel-grid panel-has-style\" ><div class=\"siteorigin-panels-stretch panel-row-style panel-row-style-for-1311-1\" data-stretch-type=\"full\" ><div id=\"pgc-1311-1-0\"  class=\"panel-grid-cell panel-grid-cell-empty\" ><\/div><div id=\"pgc-1311-1-1\"  class=\"panel-grid-cell panel-grid-cell-mobile-last\" ><div id=\"panel-1311-1-1-0\" class=\"so-panel widget widget_media_image panel-first-child panel-last-child\" data-index=\"1\" ><img loading=\"lazy\" decoding=\"async\" width=\"1625\" height=\"2560\" src=\"https:\/\/parquetantauco.cl\/wp-content\/uploads\/2025\/10\/valores2025-2026-scaled.jpg\" class=\"image wp-image-6717 img-responsive attachment-full size-full\" alt=\"\" style=\"max-width: 100%; height: auto;\" srcset=\"https:\/\/parquetantauco.cl\/wp-content\/uploads\/2025\/10\/valores2025-2026-scaled.jpg 1625w, https:\/\/parquetantauco.cl\/wp-content\/uploads\/2025\/10\/valores2025-2026-190x300.jpg 190w, https:\/\/parquetantauco.cl\/wp-content\/uploads\/2025\/10\/valores2025-2026-650x1024.jpg 650w, https:\/\/parquetantauco.cl\/wp-content\/uploads\/2025\/10\/valores2025-2026-768x1210.jpg 768w, https:\/\/parquetantauco.cl\/wp-content\/uploads\/2025\/10\/valores2025-2026-975x1536.jpg 975w, https:\/\/parquetantauco.cl\/wp-content\/uploads\/2025\/10\/valores2025-2026-1300x2048.jpg 1300w\" sizes=\"auto, (max-width: 1625px) 100vw, 1625px\" \/><\/div><\/div><div id=\"pgc-1311-1-2\"  class=\"panel-grid-cell panel-grid-cell-empty\" ><\/div><\/div><\/div><\/div>","protected":false},"excerpt":{"rendered":"<p>Organiza tu visita sum\u00e1ndote a alg\u00fan programa establecido, o si prefieres elije visitarlo en forma independiente, es decir, en tu propio veh\u00edculo, seg\u00fan tus intereses y adecu\u00e1ndolo a los d\u00edas que tengas. Fechas temporada MEDIA: Semana Santa, vacaciones de invierno escolares, fin de semana largo de Fiestas Patrias.<\/p>\n","protected":false},"author":1,"featured_media":277,"parent":0,"menu_order":0,"comment_status":"closed","ping_status":"closed","template":"","meta":{"_acf_changed":false,"inline_featured_image":false,"_uag_custom_page_level_css":"","ngg_post_thumbnail":0,"footnotes":""},"class_list":["post-1311","page","type-page","status-publish","has-post-thumbnail","hentry"],"acf":[],"aioseo_notices":[],"uagb_featured_image_src":{"full":["https:\/\/parquetantauco.cl\/wp-content\/uploads\/2015\/10\/Yaldad_6584-sm.jpg",770,512,false],"thumbnail":["https:\/\/parquetantauco.cl\/wp-content\/uploads\/2015\/10\/Yaldad_6584-sm-150x150.jpg",150,150,true],"medium":["https:\/\/parquetantauco.cl\/wp-content\/uploads\/2015\/10\/Yaldad_6584-sm-300x199.jpg",300,199,true],"medium_large":["https:\/\/parquetantauco.cl\/wp-content\/uploads\/2015\/10\/Yaldad_6584-sm.jpg",768,511,false],"large":["https:\/\/parquetantauco.cl\/wp-content\/uploads\/2015\/10\/Yaldad_6584-sm.jpg",770,512,false],"1536x1536":["https:\/\/parquetantauco.cl\/wp-content\/uploads\/2015\/10\/Yaldad_6584-sm.jpg",770,512,false],"2048x2048":["https:\/\/parquetantauco.cl\/wp-content\/uploads\/2015\/10\/Yaldad_6584-sm.jpg",770,512,false],"multimedia":["https:\/\/parquetantauco.cl\/wp-content\/uploads\/2015\/10\/Yaldad_6584-sm-480x360.jpg",480,360,true],"multimedia-big":["https:\/\/parquetantauco.cl\/wp-content\/uploads\/2015\/10\/Yaldad_6584-sm-770x512.jpg",770,512,true],"sow-carousel-default":["https:\/\/parquetantauco.cl\/wp-content\/uploads\/2015\/10\/Yaldad_6584-sm.jpg",272,182,false]},"uagb_author_info":{"display_name":"tantauco","author_link":"https:\/\/parquetantauco.cl\/pt\/author\/parque-tantauco\/"},"uagb_comment_info":0,"uagb_excerpt":"Organiza tu visita sum\u00e1ndote a alg\u00fan programa establecido, o si prefieres elije visitarlo en forma independiente, es decir, en tu propio veh\u00edculo, seg\u00fan tus intereses y adecu\u00e1ndolo a los d\u00edas que tengas. Fechas temporada MEDIA: Semana Santa, vacaciones de invierno escolares, fin de semana largo de Fiestas Patrias.","_links":{"self":[{"href":"https:\/\/parquetantauco.cl\/pt\/wp-json\/wp\/v2\/pages\/1311","targetHints":{"allow":["GET"]}}],"collection":[{"href":"https:\/\/parquetantauco.cl\/pt\/wp-json\/wp\/v2\/pages"}],"about":[{"href":"https:\/\/parquetantauco.cl\/pt\/wp-json\/wp\/v2\/types\/page"}],"author":[{"embeddable":true,"href":"https:\/\/parquetantauco.cl\/pt\/wp-json\/wp\/v2\/users\/1"}],"replies":[{"embeddable":true,"href":"https:\/\/parquetantauco.cl\/pt\/wp-json\/wp\/v2\/comments?post=1311"}],"version-history":[{"count":20,"href":"https:\/\/parquetantauco.cl\/pt\/wp-json\/wp\/v2\/pages\/1311\/revisions"}],"predecessor-version":[{"id":6718,"href":"https:\/\/parquetantauco.cl\/pt\/wp-json\/wp\/v2\/pages\/1311\/revisions\/6718"}],"wp:featuredmedia":[{"embeddable":true,"href":"https:\/\/parquetantauco.cl\/pt\/wp-json\/wp\/v2\/media\/277"}],"wp:attachment":[{"href":"https:\/\/parquetantauco.cl\/pt\/wp-json\/wp\/v2\/media?parent=1311"}],"curies":[{"name":"wp","href":"https:\/\/api.w.org\/{rel}","templated":true}]}}