{"id":1316,"date":"2018-05-30T20:01:06","date_gmt":"2018-05-30T20:01:06","guid":{"rendered":"https:\/\/www.parquetantauco.cl\/?page_id=1316"},"modified":"2021-09-09T20:02:07","modified_gmt":"2021-09-09T20:02:07","slug":"empresas","status":"publish","type":"page","link":"https:\/\/parquetantauco.cl\/pt\/empresas\/","title":{"rendered":"Empresas"},"content":{"rendered":"<div id=\"pl-1316\"  class=\"panel-layout\" ><div id=\"pg-1316-0\"  class=\"panel-grid panel-has-style\" ><div class=\"panel-row-style panel-row-style-for-1316-0\" ><div id=\"pgc-1316-0-0\"  class=\"panel-grid-cell\" ><div id=\"panel-1316-0-0-0\" class=\"so-panel widget widget_sow-editor panel-first-child panel-last-child\" data-index=\"0\" ><div class=\"panel-widget-style panel-widget-style-for-1316-0-0-0\" ><div\n\t\t\t\n\t\t\tclass=\"so-widget-sow-editor so-widget-sow-editor-base\"\n\t\t\t\n\t\t>\n<div class=\"siteorigin-widget-tinymce textwidget\">\n\t<p style=\"text-align: left;\"><span style=\"color: #636363;\"><span style=\"font-weight: 400; line-height: 160%;\">Desde a\u00f1o 2015 Parque Tantauco realiza actividades con empresas tales como offsites, eventos de promoci\u00f3n y lanzamientos de productos, entre otros.<\/span><\/span><\/p>\n<p style=\"text-align: left;\"><span style=\"color: #636363;\"><span style=\"font-weight: 400; line-height: 160%;\">Actividades para realizar: caminatas, trekking, Kayak, carreras de aventura, avistamiento de flora &amp; fauna y cursos de orientaci\u00f3n. Todo siempre acompa\u00f1ado de una excelente oferta gastron\u00f3mica.<\/span><\/span><\/p>\n<\/div>\n<\/div><\/div><\/div><\/div><div id=\"pgc-1316-0-1\"  class=\"panel-grid-cell\" ><div id=\"panel-1316-0-1-0\" class=\"so-panel widget widget_media_image panel-first-child panel-last-child\" data-index=\"1\" ><img loading=\"lazy\" decoding=\"async\" width=\"500\" height=\"150\" src=\"https:\/\/parquetantauco.cl\/wp-content\/uploads\/2018\/10\/act_01-1.png\" class=\"image wp-image-2103  attachment-full size-full\" alt=\"\" style=\"max-width: 100%; height: auto;\" srcset=\"https:\/\/parquetantauco.cl\/wp-content\/uploads\/2018\/10\/act_01-1.png 500w, https:\/\/parquetantauco.cl\/wp-content\/uploads\/2018\/10\/act_01-1-300x90.png 300w\" sizes=\"auto, (max-width: 500px) 100vw, 500px\" \/><\/div><\/div><\/div><\/div><div id=\"pg-1316-1\"  class=\"panel-grid panel-has-style\" ><div class=\"panel-row-style panel-row-style-for-1316-1\" ><div id=\"pgc-1316-1-0\"  class=\"panel-grid-cell\" ><div id=\"panel-1316-1-0-0\" class=\"so-panel widget widget_sow-editor panel-first-child panel-last-child\" data-index=\"2\" ><div class=\"panel-widget-style panel-widget-style-for-1316-1-0-0\" ><div\n\t\t\t\n\t\t\tclass=\"so-widget-sow-editor so-widget-sow-editor-base\"\n\t\t\t\n\t\t>\n<div class=\"siteorigin-widget-tinymce textwidget\">\n\t<p style=\"text-align: left;\"><span style=\"color: #636363;\"><span style=\"font-weight: 400; line-height: 160%;\">Contamos con: <\/span><\/span><\/p>\n<p style=\"text-align: left;\"><span style=\"color: #636363;\"><span style=\"font-weight: 400; line-height: 160%;\">Sala de trabajo para 40 personas, proyector, tel\u00f3n y sillas tipo conferencia. Tres estaciones para los juegos de liderazgo.<\/span><\/span><\/p>\n<\/div>\n<\/div><\/div><\/div><\/div><div id=\"pgc-1316-1-1\"  class=\"panel-grid-cell\" ><div id=\"panel-1316-1-1-0\" class=\"so-panel widget widget_media_image panel-first-child panel-last-child\" data-index=\"3\" ><img loading=\"lazy\" decoding=\"async\" width=\"500\" height=\"200\" src=\"https:\/\/parquetantauco.cl\/wp-content\/uploads\/2018\/10\/at_02.png\" class=\"image wp-image-2104  attachment-full size-full\" alt=\"\" style=\"max-width: 100%; height: auto;\" srcset=\"https:\/\/parquetantauco.cl\/wp-content\/uploads\/2018\/10\/at_02.png 500w, https:\/\/parquetantauco.cl\/wp-content\/uploads\/2018\/10\/at_02-300x120.png 300w\" sizes=\"auto, (max-width: 500px) 100vw, 500px\" \/><\/div><\/div><\/div><\/div><div id=\"pg-1316-2\"  class=\"panel-grid panel-has-style\" ><div class=\"panel-row-style panel-row-style-for-1316-2\" ><div id=\"pgc-1316-2-0\"  class=\"panel-grid-cell\" ><div id=\"panel-1316-2-0-0\" class=\"so-panel widget widget_sow-editor panel-first-child panel-last-child\" data-index=\"4\" ><div\n\t\t\t\n\t\t\tclass=\"so-widget-sow-editor so-widget-sow-editor-base\"\n\t\t\t\n\t\t>\n<div class=\"siteorigin-widget-tinymce textwidget\">\n\t<p style=\"text-align: left;\"><span style=\"color: #636363;\"><span style=\"font-weight: 400; line-height: 160%;\">Algunas empresas que han venido a Tantauco son:<\/span><\/span><\/p>\n<\/div>\n<\/div><\/div><\/div><\/div><\/div><div id=\"pg-1316-3\"  class=\"panel-grid panel-no-style\" ><div id=\"pgc-1316-3-0\"  class=\"panel-grid-cell\" ><div id=\"panel-1316-3-0-0\" class=\"so-panel widget widget_media_image panel-first-child panel-last-child\" data-index=\"5\" ><img loading=\"lazy\" decoding=\"async\" width=\"300\" height=\"53\" src=\"https:\/\/parquetantauco.cl\/wp-content\/uploads\/2018\/06\/picton_logo-300x53.png\" class=\"image wp-image-1492  attachment-medium size-medium\" alt=\"\" style=\"max-width: 100%; height: auto;\" srcset=\"https:\/\/parquetantauco.cl\/wp-content\/uploads\/2018\/06\/picton_logo-300x53.png 300w, https:\/\/parquetantauco.cl\/wp-content\/uploads\/2018\/06\/picton_logo.png 351w\" sizes=\"auto, (max-width: 300px) 100vw, 300px\" \/><\/div><\/div><div id=\"pgc-1316-3-1\"  class=\"panel-grid-cell\" ><div id=\"panel-1316-3-1-0\" class=\"so-panel widget widget_media_image panel-first-child panel-last-child\" data-index=\"6\" ><img loading=\"lazy\" decoding=\"async\" width=\"300\" height=\"53\" src=\"https:\/\/parquetantauco.cl\/wp-content\/uploads\/2018\/06\/banco_chile_logo-300x53.png\" class=\"image wp-image-1493  attachment-medium size-medium\" alt=\"\" style=\"max-width: 100%; height: auto;\" srcset=\"https:\/\/parquetantauco.cl\/wp-content\/uploads\/2018\/06\/banco_chile_logo-300x53.png 300w, https:\/\/parquetantauco.cl\/wp-content\/uploads\/2018\/06\/banco_chile_logo.png 351w\" sizes=\"auto, (max-width: 300px) 100vw, 300px\" \/><\/div><\/div><div id=\"pgc-1316-3-2\"  class=\"panel-grid-cell\" ><div id=\"panel-1316-3-2-0\" class=\"so-panel widget widget_media_image panel-first-child panel-last-child\" data-index=\"7\" ><img loading=\"lazy\" decoding=\"async\" width=\"217\" height=\"62\" src=\"https:\/\/parquetantauco.cl\/wp-content\/uploads\/2018\/06\/vertical_logo-1.png\" class=\"image wp-image-1497  attachment-full size-full\" alt=\"\" style=\"max-width: 100%; height: auto;\" \/><\/div><\/div><div id=\"pgc-1316-3-3\"  class=\"panel-grid-cell\" ><div id=\"panel-1316-3-3-0\" class=\"so-panel widget widget_media_image panel-first-child panel-last-child\" data-index=\"8\" ><img loading=\"lazy\" decoding=\"async\" width=\"300\" height=\"60\" src=\"https:\/\/parquetantauco.cl\/wp-content\/uploads\/2018\/06\/suzuki-300x60.png\" class=\"image wp-image-1495  attachment-medium size-medium\" alt=\"\" style=\"max-width: 100%; height: auto;\" srcset=\"https:\/\/parquetantauco.cl\/wp-content\/uploads\/2018\/06\/suzuki-300x60.png 300w, https:\/\/parquetantauco.cl\/wp-content\/uploads\/2018\/06\/suzuki.png 308w\" sizes=\"auto, (max-width: 300px) 100vw, 300px\" \/><\/div><\/div><div id=\"pgc-1316-3-4\"  class=\"panel-grid-cell\" ><div id=\"panel-1316-3-4-0\" class=\"so-panel widget widget_media_image panel-first-child panel-last-child\" data-index=\"9\" ><img loading=\"lazy\" decoding=\"async\" width=\"133\" height=\"62\" src=\"https:\/\/parquetantauco.cl\/wp-content\/uploads\/2018\/06\/north_face_logo.png\" class=\"image wp-image-1496  attachment-full size-full\" alt=\"\" style=\"max-width: 100%; height: auto;\" \/><\/div><\/div><\/div><div id=\"pg-1316-4\"  class=\"panel-grid panel-no-style\" ><div id=\"pgc-1316-4-0\"  class=\"panel-grid-cell panel-grid-cell-empty\" ><\/div><div id=\"pgc-1316-4-1\"  class=\"panel-grid-cell panel-grid-cell-mobile-last\" ><div id=\"panel-1316-4-1-0\" class=\"so-panel widget widget_sow-editor panel-first-child\" data-index=\"10\" ><div class=\"panel-widget-style panel-widget-style-for-1316-4-1-0\" ><div\n\t\t\t\n\t\t\tclass=\"so-widget-sow-editor so-widget-sow-editor-base\"\n\t\t\t\n\t\t>\n<div class=\"siteorigin-widget-tinymce textwidget\">\n\t<p style=\"text-align: center;\">Testimonios<\/p>\n<\/div>\n<\/div><\/div><\/div><div id=\"panel-1316-4-1-1\" class=\"so-panel widget widget_sow-editor panel-last-child\" data-index=\"11\" ><div\n\t\t\t\n\t\t\tclass=\"so-widget-sow-editor so-widget-sow-editor-base\"\n\t\t\t\n\t\t><h3 class=\"widget-title\">Textimonios<\/h3>\n<div class=\"siteorigin-widget-tinymce textwidget\">\n\t<p style=\"text-align: center;\">Recorrimos y trabajamos en Tantauco con m\u00e1s de 100 personas de la marca. Experimentamos una carrera de aventura en el lago y los senderos de Chaiguata, que sin duda hicieron nuestra experiencia inolvidable.<\/p>\n<p style=\"text-align: center;\"><b><span lang=\"EN-US\">Tania Garimani \/ Gerente de Marketing The North Face<\/span><\/b><\/p>\n<p>&nbsp;<\/p>\n<p style=\"text-align: center;\">\u201cFuimos a In\u00edo con nuestro grupo de 18 personas y disfrutamos de la naturaleza en todos sus senderos y en el gran faro. Fue una experiencia incre\u00edble para nuestro equipo\u201d.<\/p>\n<p style=\"text-align: center;\"><b><span lang=\"EN-US\">Mat\u00edas Eguiguren \/ Socio Fundador Picton<\/span><\/b><\/p>\n<\/div>\n<\/div><\/div><\/div><div id=\"pgc-1316-4-2\"  class=\"panel-grid-cell panel-grid-cell-empty\" ><\/div><\/div><\/div>","protected":false},"excerpt":{"rendered":"<p>Desde a\u00f1o 2015 Parque Tantauco realiza actividades con empresas tales como offsites, eventos de promoci\u00f3n y lanzamientos de productos, entre otros. Actividades para realizar: caminatas, trekking, Kayak, carreras de aventura, avistamiento de flora &amp; fauna y cursos de orientaci\u00f3n. Todo siempre acompa\u00f1ado de una excelente oferta gastron\u00f3mica. Contamos con: Sala de trabajo para 40 personas, [&hellip;]<\/p>\n","protected":false},"author":1,"featured_media":2762,"parent":0,"menu_order":0,"comment_status":"closed","ping_status":"closed","template":"","meta":{"_acf_changed":false,"inline_featured_image":false,"_uag_custom_page_level_css":"","ngg_post_thumbnail":0,"footnotes":""},"class_list":["post-1316","page","type-page","status-publish","has-post-thumbnail","hentry"],"acf":[],"aioseo_notices":[],"uagb_featured_image_src":{"full":["https:\/\/parquetantauco.cl\/wp-content\/uploads\/2021\/09\/ParqueTantauco_pmou.ph-85-scaled.jpg",2560,1709,false],"thumbnail":["https:\/\/parquetantauco.cl\/wp-content\/uploads\/2021\/09\/ParqueTantauco_pmou.ph-85-150x150.jpg",150,150,true],"medium":["https:\/\/parquetantauco.cl\/wp-content\/uploads\/2021\/09\/ParqueTantauco_pmou.ph-85-300x200.jpg",300,200,true],"medium_large":["https:\/\/parquetantauco.cl\/wp-content\/uploads\/2021\/09\/ParqueTantauco_pmou.ph-85-768x513.jpg",768,513,true],"large":["https:\/\/parquetantauco.cl\/wp-content\/uploads\/2021\/09\/ParqueTantauco_pmou.ph-85-1024x684.jpg",770,514,true],"1536x1536":["https:\/\/parquetantauco.cl\/wp-content\/uploads\/2021\/09\/ParqueTantauco_pmou.ph-85-1536x1025.jpg",1536,1025,true],"2048x2048":["https:\/\/parquetantauco.cl\/wp-content\/uploads\/2021\/09\/ParqueTantauco_pmou.ph-85-2048x1367.jpg",2048,1367,true],"multimedia":["https:\/\/parquetantauco.cl\/wp-content\/uploads\/2021\/09\/ParqueTantauco_pmou.ph-85-480x360.jpg",480,360,true],"multimedia-big":["https:\/\/parquetantauco.cl\/wp-content\/uploads\/2021\/09\/ParqueTantauco_pmou.ph-85-770x770.jpg",770,770,true],"sow-carousel-default":["https:\/\/parquetantauco.cl\/wp-content\/uploads\/2021\/09\/ParqueTantauco_pmou.ph-85-272x182.jpg",272,182,true]},"uagb_author_info":{"display_name":"tantauco","author_link":"https:\/\/parquetantauco.cl\/pt\/author\/parque-tantauco\/"},"uagb_comment_info":0,"uagb_excerpt":"Desde a\u00f1o 2015 Parque Tantauco realiza actividades con empresas tales como offsites, eventos de promoci\u00f3n y lanzamientos de productos, entre otros. Actividades para realizar: caminatas, trekking, Kayak, carreras de aventura, avistamiento de flora &amp; fauna y cursos de orientaci\u00f3n. Todo siempre acompa\u00f1ado de una excelente oferta gastron\u00f3mica. Contamos con: Sala de trabajo para 40 personas,&hellip;","_links":{"self":[{"href":"https:\/\/parquetantauco.cl\/pt\/wp-json\/wp\/v2\/pages\/1316","targetHints":{"allow":["GET"]}}],"collection":[{"href":"https:\/\/parquetantauco.cl\/pt\/wp-json\/wp\/v2\/pages"}],"about":[{"href":"https:\/\/parquetantauco.cl\/pt\/wp-json\/wp\/v2\/types\/page"}],"author":[{"embeddable":true,"href":"https:\/\/parquetantauco.cl\/pt\/wp-json\/wp\/v2\/users\/1"}],"replies":[{"embeddable":true,"href":"https:\/\/parquetantauco.cl\/pt\/wp-json\/wp\/v2\/comments?post=1316"}],"version-history":[{"count":6,"href":"https:\/\/parquetantauco.cl\/pt\/wp-json\/wp\/v2\/pages\/1316\/revisions"}],"predecessor-version":[{"id":2480,"href":"https:\/\/parquetantauco.cl\/pt\/wp-json\/wp\/v2\/pages\/1316\/revisions\/2480"}],"wp:featuredmedia":[{"embeddable":true,"href":"https:\/\/parquetantauco.cl\/pt\/wp-json\/wp\/v2\/media\/2762"}],"wp:attachment":[{"href":"https:\/\/parquetantauco.cl\/pt\/wp-json\/wp\/v2\/media?parent=1316"}],"curies":[{"name":"wp","href":"https:\/\/api.w.org\/{rel}","templated":true}]}}