{"id":14,"date":"2015-10-21T14:29:06","date_gmt":"2015-10-21T14:29:06","guid":{"rendered":"https:\/\/www.parquetantauco.cl\/?page_id=14"},"modified":"2025-04-02T21:35:46","modified_gmt":"2025-04-02T21:35:46","slug":"historia","status":"publish","type":"page","link":"https:\/\/parquetantauco.cl\/pt\/historia\/","title":{"rendered":"Hist\u00f3ria"},"content":{"rendered":"<div id=\"pl-14\"  class=\"panel-layout\" ><div id=\"pg-14-0\"  class=\"panel-grid panel-no-style\" ><div id=\"pgc-14-0-0\"  class=\"panel-grid-cell\" ><div id=\"panel-14-0-0-0\" class=\"so-panel widget widget_sow-editor panel-first-child panel-last-child\" data-index=\"0\" ><div\n\t\t\t\n\t\t\tclass=\"so-widget-sow-editor so-widget-sow-editor-base\"\n\t\t\t\n\t\t>\n<div class=\"siteorigin-widget-tinymce textwidget\">\n\t<table id=\"qtranxs-enabled-languages\">\n<tbody>\n<tr>\n<td>&nbsp;<\/td>\n<td><\/td>\n<\/tr>\n<\/tbody>\n<\/table>\n<p><span style=\"color: #636363;\">Em 10 de novembro de 1834, o naturalista ingl\u00eas, Charles Darwin, navegou a bordo do Beagle em Valpara\u00edso para sul a fim de inspecionar a ilha de Chilo\u00e9 e as terras fragmentadas que comp\u00f5em esta \u00e1rea. Essa aventura, o ge\u00f3logo deixou como heran\u00e7a para a humanidade uma das descri\u00e7\u00f5es mais luxuosas do territ\u00f3rio, at\u00e9 mesmo, a flora e fauna que detalhava pode ver at\u00e9 hoje.<\/span><\/p>\n<p><span style=\"color: #636363;\">As hist\u00f3rias dele l\u00ea a diversidade e a quantidade de animais marinhos que vi no parque de Tantauco atual, tais como selos: \"n\u00e3o havia um site simples, sobre as rochas ou na praia, que n\u00e3o estava coberto materialmente com eles\". Ele explica que as aves estavam em toda parte em Chilo\u00e9. Ele tamb\u00e9m teve contato com o Chonos, ind\u00edgenas, que site Patag\u00f4nia insulares habitadas, entre os arquip\u00e9lagos de Chilo\u00e9 \u00e0 Pen\u00ednsula de Taitao e Golfo de Penas, que recebeu o nome do arquip\u00e9lago Chonos. Enquanto as ilhas foram cobertas por densas florestas, Chonos foram desenvolvidos como canoa e ca\u00e7adores-coletores marinhos, entre grandes e labir\u00ednticos arquip\u00e9lagos. AS\u00cd que a \u00fanica maneira de mover-se na paisagem de barco.<\/span><\/p>\n<p><span style=\"color: #636363;\">Na d\u00e9cada de 1970, o territ\u00f3rio do atual parque Tantauco \u00e9 amea\u00e7ado por um projeto de registro em log que foi interrompido gra\u00e7as ao apoio da comunidade nacional e internacional. Hoje este lugar \u00e9 protegido para as gera\u00e7\u00f5es presentes e futuras gra\u00e7as ao ano de 2005, a Funda\u00e7\u00e3o para o futuro passou a gerenciar os 118,000 hectares deste lugar puro e virgem para fundar o parque de Tantauco, um projeto de conserva\u00e7\u00e3o privada, por amor da natureza, mant\u00e9m e cuida da \u00e1rea de educa\u00e7\u00e3o e aprecia\u00e7\u00e3o da comunidade regional, nacional e internacional.<\/span><\/p>\n<table id=\"qtranxs-enabled-languages\">\n<tbody>\n<tr>\n<td>&nbsp;<\/td>\n<td><\/td>\n<\/tr>\n<\/tbody>\n<\/table>\n<p>&nbsp;<\/p>\n<h3 style=\"text-align: left;\"><span style=\"color: #636363;\">INICIO DEL PARQUE Y DESARROLLO DE INFRAESTRUCTURA<\/span><\/h3>\n<p>Parque Tantauco nace como un proyecto de conservaci\u00f3n privada, en el a\u00f1o 2005, con la misi\u00f3n de cuidar y abrir a la comunidad un extenso territorio de bosque nativo, y siempre verde, turberas, lagos y humedales, ubicado en la comuna de Quell\u00f3n, en el sur de la isla de Chilo\u00e9, para las generaciones actuales y futuras.<\/p>\n<p>En septiembre del mismo a\u00f1o, comienzan las primeras obras de infraestructura en Caleta In\u00edo. En febrero de 2006, se abre la oficina de Parque Tantauco en Quell\u00f3n, centro administrativo y de informaciones para visitantes del Parque.<\/p>\n<p>Durante estos a\u00f1os se implementaron lugares para acoger a visitantes, investigadores y turistas. En este per\u00edodo fueron abiertos y construidos los senderos y zonas de acceso a Caleta In\u00edo, lagos Yaldad y Chaiguata, y las primeras construcciones de campings (fog\u00f3n, torre mirador y ba\u00f1os) en Chaiguata e In\u00edo.<\/p>\n<p>En el a\u00f1o 2006 comienzan los programas de pr\u00e1cticas de investigaci\u00f3n en el Parque. \u00c9stos apoyan con recursos a los estudiantes que postulan para llevar a cabo sus tesis y pr\u00e1cticas en el Parque. Las investigaciones realizadas sirven de apoyo para el modelo de conservaci\u00f3n del Parque.<\/p>\n<p>Durante el verano del 2006 y 2007 se recibieron los primeros visitantes, quienes se aventuraron por mar hasta Caleta In\u00edo o por tierra hasta el lago Chaiguata.<\/p>\n<p>M\u00e1s adelante, en 2008 se inici\u00f3 el proyecto de \u201cRestauraci\u00f3n de Ecosistemas\u201d con la implementaci\u00f3n de los viveros de In\u00edo y Chaiguata. Adem\u00e1s, la zona norte se reforest\u00f3 con 80.000 \u00e1rboles nativos.<\/p>\n<p>El a\u00f1o 2009 Fundaci\u00f3n Futuro inicia el proyecto de Talleres de Educaci\u00f3n Ambiental (PEAT), compuestos por un ciclo educativo para liceos y escuelas de la Provincia. Durante el primer a\u00f1o, m\u00e1s de 20 escuelas visitaron el Parque Tantauco y asistieron a los talleres. Entre el 2009 y el 2015, m\u00e1s de 110 colegios (4.700 ni\u00f1os) realizaron el programa de los talleres culturales.<\/p>\n<p>En 2022, se crea la <strong>Fundaci\u00f3n Parque Tantauco<\/strong> con la intenci\u00f3n de potenciar esta iniciativa filantr\u00f3pica y que ampare estos y otros proyectos, tales como \u201cTraves\u00eda al Parque Tantauco\u201d, \u201cTaller Docente al Parque Tantauco\u201d, \u201cDescubro mi Quell\u00f3n\u201d y \u201cTaller ciudadano al Parque Tantauco\u201d, realizados en alianza con Fundaci\u00f3n Futuro.&nbsp;Todos ellos con la finalidad de poner a disposici\u00f3n de la comunidad de Chilo\u00e9 este proyecto de conservaci\u00f3n y cuidado del entorno cultural y ambiental donde est\u00e1 inserto.<\/p>\nngg_shortcode_0_placeholder\n<p style=\"text-align: left;\">&nbsp;<\/p>\n<\/div>\n<\/div><\/div><\/div><\/div><\/div>","protected":false},"excerpt":{"rendered":"<p>&nbsp; Em 10 de novembro de 1834, o naturalista ingl\u00eas, Charles Darwin, navegou a bordo do Beagle em Valpara\u00edso para sul a fim de inspecionar a ilha de Chilo\u00e9 e as terras fragmentadas que comp\u00f5em esta \u00e1rea. Essa aventura, o ge\u00f3logo deixou como heran\u00e7a para a humanidade uma das descri\u00e7\u00f5es mais luxuosas do territ\u00f3rio, at\u00e9 [&hellip;]<\/p>\n","protected":false},"author":1,"featured_media":5639,"parent":0,"menu_order":0,"comment_status":"closed","ping_status":"closed","template":"","meta":{"_acf_changed":false,"inline_featured_image":false,"_uag_custom_page_level_css":"","ngg_post_thumbnail":0,"footnotes":""},"class_list":["post-14","page","type-page","status-publish","has-post-thumbnail","hentry"],"acf":[],"aioseo_notices":[],"uagb_featured_image_src":{"full":["https:\/\/parquetantauco.cl\/wp-content\/uploads\/2025\/01\/Diseno-sin-titulo-5.jpg",1600,1048,false],"thumbnail":["https:\/\/parquetantauco.cl\/wp-content\/uploads\/2025\/01\/Diseno-sin-titulo-5-150x150.jpg",150,150,true],"medium":["https:\/\/parquetantauco.cl\/wp-content\/uploads\/2025\/01\/Diseno-sin-titulo-5-300x197.jpg",300,197,true],"medium_large":["https:\/\/parquetantauco.cl\/wp-content\/uploads\/2025\/01\/Diseno-sin-titulo-5-768x503.jpg",768,503,true],"large":["https:\/\/parquetantauco.cl\/wp-content\/uploads\/2025\/01\/Diseno-sin-titulo-5-1024x671.jpg",770,505,true],"1536x1536":["https:\/\/parquetantauco.cl\/wp-content\/uploads\/2025\/01\/Diseno-sin-titulo-5-1536x1006.jpg",1536,1006,true],"2048x2048":["https:\/\/parquetantauco.cl\/wp-content\/uploads\/2025\/01\/Diseno-sin-titulo-5.jpg",1600,1048,false],"multimedia":["https:\/\/parquetantauco.cl\/wp-content\/uploads\/2025\/01\/Diseno-sin-titulo-5-480x360.jpg",480,360,true],"multimedia-big":["https:\/\/parquetantauco.cl\/wp-content\/uploads\/2025\/01\/Diseno-sin-titulo-5-770x770.jpg",770,770,true],"sow-carousel-default":["https:\/\/parquetantauco.cl\/wp-content\/uploads\/2025\/01\/Diseno-sin-titulo-5-272x182.jpg",272,182,true]},"uagb_author_info":{"display_name":"tantauco","author_link":"https:\/\/parquetantauco.cl\/pt\/author\/parque-tantauco\/"},"uagb_comment_info":0,"uagb_excerpt":"&nbsp; Em 10 de novembro de 1834, o naturalista ingl\u00eas, Charles Darwin, navegou a bordo do Beagle em Valpara\u00edso para sul a fim de inspecionar a ilha de Chilo\u00e9 e as terras fragmentadas que comp\u00f5em esta \u00e1rea. Essa aventura, o ge\u00f3logo deixou como heran\u00e7a para a humanidade uma das descri\u00e7\u00f5es mais luxuosas do territ\u00f3rio, at\u00e9&hellip;","_links":{"self":[{"href":"https:\/\/parquetantauco.cl\/pt\/wp-json\/wp\/v2\/pages\/14","targetHints":{"allow":["GET"]}}],"collection":[{"href":"https:\/\/parquetantauco.cl\/pt\/wp-json\/wp\/v2\/pages"}],"about":[{"href":"https:\/\/parquetantauco.cl\/pt\/wp-json\/wp\/v2\/types\/page"}],"author":[{"embeddable":true,"href":"https:\/\/parquetantauco.cl\/pt\/wp-json\/wp\/v2\/users\/1"}],"replies":[{"embeddable":true,"href":"https:\/\/parquetantauco.cl\/pt\/wp-json\/wp\/v2\/comments?post=14"}],"version-history":[{"count":12,"href":"https:\/\/parquetantauco.cl\/pt\/wp-json\/wp\/v2\/pages\/14\/revisions"}],"predecessor-version":[{"id":6200,"href":"https:\/\/parquetantauco.cl\/pt\/wp-json\/wp\/v2\/pages\/14\/revisions\/6200"}],"wp:featuredmedia":[{"embeddable":true,"href":"https:\/\/parquetantauco.cl\/pt\/wp-json\/wp\/v2\/media\/5639"}],"wp:attachment":[{"href":"https:\/\/parquetantauco.cl\/pt\/wp-json\/wp\/v2\/media?parent=14"}],"curies":[{"name":"wp","href":"https:\/\/api.w.org\/{rel}","templated":true}]}}