{"id":16,"date":"2015-10-21T14:29:01","date_gmt":"2015-10-21T14:29:01","guid":{"rendered":"https:\/\/www.parquetantauco.cl\/?page_id=16"},"modified":"2020-05-11T20:22:10","modified_gmt":"2020-05-11T20:22:10","slug":"el-parque","status":"publish","type":"page","link":"https:\/\/parquetantauco.cl\/pt\/el-parque\/","title":{"rendered":"Parque"},"content":{"rendered":"<p class=\"qtranxs-available-languages-message qtranxs-available-languages-message-pt\">Desculpe, este conte\u00fado s\u00f3 est\u00e1 dispon\u00edvel em <a href=\"https:\/\/parquetantauco.cl\/es\/wp-json\/wp\/v2\/pages\/16\" class=\"qtranxs-available-language-link qtranxs-available-language-link-es\" title=\"Espa\u00f1ol\">Espa\u00f1ol<\/a> e <a href=\"https:\/\/parquetantauco.cl\/en\/wp-json\/wp\/v2\/pages\/16\" class=\"qtranxs-available-language-link qtranxs-available-language-link-en\" title=\"English\">English<\/a>.<\/p>","protected":false},"excerpt":{"rendered":"<p>Desculpe, este conte\u00fado s\u00f3 est\u00e1 dispon\u00edvel em Espa\u00f1ol e English.<\/p>\n","protected":false},"author":1,"featured_media":92,"parent":0,"menu_order":0,"comment_status":"closed","ping_status":"closed","template":"","meta":{"_acf_changed":false,"inline_featured_image":false,"_uag_custom_page_level_css":"","ngg_post_thumbnail":0,"footnotes":""},"class_list":["post-16","page","type-page","status-publish","has-post-thumbnail","hentry"],"acf":[],"aioseo_notices":[],"uagb_featured_image_src":{"full":["https:\/\/parquetantauco.cl\/wp-content\/uploads\/2015\/10\/header3.jpg",1600,1048,false],"thumbnail":["https:\/\/parquetantauco.cl\/wp-content\/uploads\/2015\/10\/header3-150x150.jpg",150,150,true],"medium":["https:\/\/parquetantauco.cl\/wp-content\/uploads\/2015\/10\/header3-300x197.jpg",300,197,true],"medium_large":["https:\/\/parquetantauco.cl\/wp-content\/uploads\/2015\/10\/header3.jpg",768,503,false],"large":["https:\/\/parquetantauco.cl\/wp-content\/uploads\/2015\/10\/header3-1024x671.jpg",770,505,true],"1536x1536":["https:\/\/parquetantauco.cl\/wp-content\/uploads\/2015\/10\/header3.jpg",1536,1006,false],"2048x2048":["https:\/\/parquetantauco.cl\/wp-content\/uploads\/2015\/10\/header3.jpg",1600,1048,false],"multimedia":["https:\/\/parquetantauco.cl\/wp-content\/uploads\/2015\/10\/header3-480x360.jpg",480,360,true],"multimedia-big":["https:\/\/parquetantauco.cl\/wp-content\/uploads\/2015\/10\/header3-770x770.jpg",770,770,true],"sow-carousel-default":["https:\/\/parquetantauco.cl\/wp-content\/uploads\/2015\/10\/header3.jpg",272,178,false]},"uagb_author_info":{"display_name":"tantauco","author_link":"https:\/\/parquetantauco.cl\/pt\/author\/parque-tantauco\/"},"uagb_comment_info":0,"uagb_excerpt":"Desculpe, este conte\u00fado s\u00f3 est\u00e1 dispon\u00edvel em Espa\u00f1ol e English.","_links":{"self":[{"href":"https:\/\/parquetantauco.cl\/pt\/wp-json\/wp\/v2\/pages\/16","targetHints":{"allow":["GET"]}}],"collection":[{"href":"https:\/\/parquetantauco.cl\/pt\/wp-json\/wp\/v2\/pages"}],"about":[{"href":"https:\/\/parquetantauco.cl\/pt\/wp-json\/wp\/v2\/types\/page"}],"author":[{"embeddable":true,"href":"https:\/\/parquetantauco.cl\/pt\/wp-json\/wp\/v2\/users\/1"}],"replies":[{"embeddable":true,"href":"https:\/\/parquetantauco.cl\/pt\/wp-json\/wp\/v2\/comments?post=16"}],"version-history":[{"count":2,"href":"https:\/\/parquetantauco.cl\/pt\/wp-json\/wp\/v2\/pages\/16\/revisions"}],"predecessor-version":[{"id":4720,"href":"https:\/\/parquetantauco.cl\/pt\/wp-json\/wp\/v2\/pages\/16\/revisions\/4720"}],"wp:featuredmedia":[{"embeddable":true,"href":"https:\/\/parquetantauco.cl\/pt\/wp-json\/wp\/v2\/media\/92"}],"wp:attachment":[{"href":"https:\/\/parquetantauco.cl\/pt\/wp-json\/wp\/v2\/media?parent=16"}],"curies":[{"name":"wp","href":"https:\/\/api.w.org\/{rel}","templated":true}]}}