{"id":1964,"date":"2018-10-11T15:05:20","date_gmt":"2018-10-11T15:05:20","guid":{"rendered":"https:\/\/www.parquetantauco.cl\/?page_id=1964"},"modified":"2021-04-06T23:22:23","modified_gmt":"2021-04-06T23:22:23","slug":"senderos","status":"publish","type":"page","link":"https:\/\/parquetantauco.cl\/pt\/senderos\/","title":{"rendered":"(Espa\u00f1ol) Senderos"},"content":{"rendered":"<div id=\"pl-1964\"  class=\"panel-layout\" ><div id=\"pg-1964-0\"  class=\"panel-grid panel-no-style\" ><div id=\"pgc-1964-0-0\"  class=\"panel-grid-cell\" ><div id=\"panel-1964-0-0-0\" class=\"widget_text so-panel widget widget_custom_html panel-first-child panel-last-child\" data-index=\"0\" ><div class=\"textwidget custom-html-widget\"><div class=\"row\">\n\t<div class=\"col-12 col-sm-12 col-md-4 col-lg-4\">\n\t\t<a href=\"https:\/\/www.parquetantauco.cl\/por-el-dia\/\">\n\t\t\t<h1 class=\"sow-headline\" style=\"text-align: center;margin-top: 45px; font-size: 25px;\">Senderos por el D\u00eda\n\t\t\t<\/h1>\n\t\t\t<div>\n\t\t\t\t<img decoding=\"async\" src=\"https:\/\/www.parquetantauco.cl\/wp-content\/uploads\/2018\/10\/cortos.png\" style=\"width: 100%;\">\n\t\t\t<\/div>\t\t\t\n\t\t<\/a>\n\t<\/div>\n\t<div class=\"col-12 col-sm-12 col-md-4 col-lg-4 hide-mobile\">\n\t\t<div style=\"text-align: center;\">\n\t\t\t<a href=\"\" style=\"pointer-events: none;\">\n\t\t\t\t<img decoding=\"async\" src=\"https:\/\/www.parquetantauco.cl\/wp-content\/uploads\/2021\/04\/suda-app_b-1.png\" style=\"width: 100%; max-width: 150px;\">\n\t\t\t<\/a>\n\t\t\t<div style=\"border: solid 1px #494949;margin-top: 31px; padding: 20px;\">\n\t\t\t\t<img decoding=\"async\" src=\"https:\/\/www.parquetantauco.cl\/wp-content\/uploads\/2021\/04\/qr_ok_2.svg\" style=\"width: 100%; max-width: 50%;\">\n\t\t\t\t<p>\n\t\t\t\t\tDescarga SUDA y escanea este c\u00f3digo a trav\u00e9s de la app para conocer todos los detalles de los senderos.\n\t\t\t\t<\/p>\n\t\t\t<\/div>\t\t\t\n\t\t<\/div>\n\t<\/div>\n\t<div class=\"col-12 col-sm-12 col-md-4 col-lg-4\">\n\t\t<a href=\"https:\/\/www.parquetantauco.cl\/senderos-largos\/\">\n\t\t\t<h1 class=\"sow-headline\" style=\"text-align: center;margin-top: 45px; font-size: 25px;\">Senderos largos\n\t\t\t<\/h1>\t\n\t\t\t<div>\n\t\t\t\t<img decoding=\"async\" src=\"https:\/\/www.parquetantauco.cl\/wp-content\/uploads\/2018\/10\/largos-1.png\" style=\"width: 100%;\">\n\t\t\t<\/div>\t\t\t\t\n\t\t<\/a>\n\t<\/div>\n\t<div class=\"col-12 col-sm-12 col-md-4 col-lg-4 show-mobile\">\n\t\t<div class=\"footer-suda\" style=\"text-align: center; border: solid 1px #494949; padding: 25px;\">\n\t\t\t\n\t\t\t<img decoding=\"async\" src=\"https:\/\/www.parquetantauco.cl\/wp-content\/uploads\/2021\/04\/suda-app_b-1.png\" style=\"display: block; margin: 0 auto; width: 50%;\">\n\t\t\t\n\t\t\t<a href=\"https:\/\/m.suda.io\/download-ios\" target=\"_blank\" style=\"display: block;\">\n\t\t\t\t<img decoding=\"async\" src=\"https:\/\/www.parquetantauco.cl\/wp-content\/uploads\/2021\/04\/suda__1.png\" style=\" width: 50%;\">\n\t\t\t<\/a>\n\t\t\t<a href=\"https:\/\/m.suda.io\/download-android\" target=\"_blank\" style=\"display: block;\">\n\t\t\t\t<img decoding=\"async\" src=\"https:\/\/www.parquetantauco.cl\/wp-content\/uploads\/2021\/04\/suda__2.png\" style=\" width: 50%;\">\n\t\t\t<\/a>\t\n\t\t\t<p>\n\t\t\t\tDescarga SUDA y escanea este c\u00f3digo a trav\u00e9s de la app para conocer todos los detalles de los senderos\n\t\t\t<\/p>\t\t\t\t\n\t\t<\/div>\n\t<\/div>\t\n\n<\/div><\/div><\/div><\/div><\/div><div id=\"pg-1964-1\"  class=\"panel-grid panel-has-style\" ><div class=\"panel-row-style panel-row-style-for-1964-1\" ><div id=\"pgc-1964-1-0\"  class=\"panel-grid-cell\" ><div id=\"panel-1964-1-0-0\" class=\"so-panel widget widget_sow-headline panel-first-child\" data-index=\"1\" ><div class=\"panel-widget-style panel-widget-style-for-1964-1-0-0\" ><div\n\t\t\t\n\t\t\tclass=\"so-widget-sow-headline so-widget-sow-headline-default-24fc3b023306-1964\"\n\t\t\t\n\t\t><div class=\"sow-headline-container \">\n\t\t\t\t\t\t\t<h1 class=\"sow-headline\">\n\t\t\t\t\t\t\t\t\t\t\t\t\t<a href=\"https:\/\/parquetantauco.cl\/pt\/por-el-dia\/\" >\n\t\t\t\t\t\t\t\tSenderos por el D\u00eda<\/a>\t\t\t\t\t\t<\/h1>\n\t\t\t\t\t\t\t\t\t\t\t<div class=\"decoration\">\n\t\t\t\t\t\t<div class=\"decoration-inside\"><\/div>\n\t\t\t\t\t<\/div>\n\t\t\t\t\t<\/div>\n<\/div><\/div><\/div><div id=\"panel-1964-1-0-1\" class=\"so-panel widget widget_sow-image panel-last-child\" data-index=\"2\" ><div\n\t\t\t\n\t\t\tclass=\"so-widget-sow-image so-widget-sow-image-default-c67d20f9f743-1964\"\n\t\t\t\n\t\t>\n<div class=\"sow-image-container\">\n\t\t\t<a href=\"https:\/\/parquetantauco.cl\/pt\/por-el-dia\/\"\n\t\t\t\t\t>\n\t\t\t<img \n\tsrc=\"https:\/\/parquetantauco.cl\/wp-content\/uploads\/2018\/10\/cortos.png\" width=\"600\" height=\"523\" srcset=\"https:\/\/parquetantauco.cl\/wp-content\/uploads\/2018\/10\/cortos.png 600w, https:\/\/parquetantauco.cl\/wp-content\/uploads\/2018\/10\/cortos-300x262.png 300w\" sizes=\"(max-width: 600px) 100vw, 600px\" alt=\"\" \t\tclass=\"so-widget-image\"\/>\n\t\t\t<\/a><\/div>\n\n<\/div><\/div><\/div><div id=\"pgc-1964-1-1\"  class=\"panel-grid-cell\" ><div id=\"panel-1964-1-1-0\" class=\"so-panel widget widget_sow-headline panel-first-child\" data-index=\"3\" ><div class=\"panel-widget-style panel-widget-style-for-1964-1-1-0\" ><div\n\t\t\t\n\t\t\tclass=\"so-widget-sow-headline so-widget-sow-headline-default-24fc3b023306-1964\"\n\t\t\t\n\t\t><div class=\"sow-headline-container \">\n\t\t\t\t\t\t\t<h1 class=\"sow-headline\">\n\t\t\t\t\t\t\t\t\t\t\t\t\t<a href=\"https:\/\/parquetantauco.cl\/pt\/senderos-largos\/\" >\n\t\t\t\t\t\t\t\tSenderos Largos<\/a>\t\t\t\t\t\t<\/h1>\n\t\t\t\t\t\t\t\t\t\t\t<div class=\"decoration\">\n\t\t\t\t\t\t<div class=\"decoration-inside\"><\/div>\n\t\t\t\t\t<\/div>\n\t\t\t\t\t<\/div>\n<\/div><\/div><\/div><div id=\"panel-1964-1-1-1\" class=\"so-panel widget widget_sow-image panel-last-child\" data-index=\"4\" ><div\n\t\t\t\n\t\t\tclass=\"so-widget-sow-image so-widget-sow-image-default-c67d20f9f743-1964\"\n\t\t\t\n\t\t>\n<div class=\"sow-image-container\">\n\t\t\t<a href=\"https:\/\/parquetantauco.cl\/pt\/senderos-largos\/\"\n\t\t\t\t\t>\n\t\t\t<img \n\tsrc=\"https:\/\/parquetantauco.cl\/wp-content\/uploads\/2018\/10\/largos-1.png\" width=\"600\" height=\"523\" srcset=\"https:\/\/parquetantauco.cl\/wp-content\/uploads\/2018\/10\/largos-1.png 600w, https:\/\/parquetantauco.cl\/wp-content\/uploads\/2018\/10\/largos-1-300x262.png 300w\" sizes=\"(max-width: 600px) 100vw, 600px\" title=\"largos\" alt=\"\" \t\tclass=\"so-widget-image\"\/>\n\t\t\t<\/a><\/div>\n\n<\/div><\/div><\/div><\/div><\/div><\/div>","protected":false},"excerpt":{"rendered":"<p>Senderos por el D\u00eda Descarga SUDA y escanea este c\u00f3digo a trav\u00e9s de la app para conocer todos los detalles de los senderos. Senderos largos Descarga SUDA y escanea este c\u00f3digo a trav\u00e9s de la app para conocer todos los detalles de los senderos Senderos por el D\u00eda Senderos Largos<\/p>\n","protected":false},"author":1,"featured_media":83,"parent":0,"menu_order":0,"comment_status":"closed","ping_status":"closed","template":"","meta":{"_acf_changed":false,"inline_featured_image":false,"_uag_custom_page_level_css":"","ngg_post_thumbnail":0,"footnotes":""},"class_list":["post-1964","page","type-page","status-publish","has-post-thumbnail","hentry"],"acf":[],"aioseo_notices":[],"uagb_featured_image_src":{"full":["https:\/\/parquetantauco.cl\/wp-content\/uploads\/2015\/10\/PARQUE-TANTAUCO1.jpg",1600,1048,false],"thumbnail":["https:\/\/parquetantauco.cl\/wp-content\/uploads\/2015\/10\/PARQUE-TANTAUCO1-150x150.jpg",150,150,true],"medium":["https:\/\/parquetantauco.cl\/wp-content\/uploads\/2015\/10\/PARQUE-TANTAUCO1-300x197.jpg",300,197,true],"medium_large":["https:\/\/parquetantauco.cl\/wp-content\/uploads\/2015\/10\/PARQUE-TANTAUCO1.jpg",768,503,false],"large":["https:\/\/parquetantauco.cl\/wp-content\/uploads\/2015\/10\/PARQUE-TANTAUCO1-1024x671.jpg",770,505,true],"1536x1536":["https:\/\/parquetantauco.cl\/wp-content\/uploads\/2015\/10\/PARQUE-TANTAUCO1.jpg",1536,1006,false],"2048x2048":["https:\/\/parquetantauco.cl\/wp-content\/uploads\/2015\/10\/PARQUE-TANTAUCO1.jpg",1600,1048,false],"multimedia":["https:\/\/parquetantauco.cl\/wp-content\/uploads\/2015\/10\/PARQUE-TANTAUCO1-480x360.jpg",480,360,true],"multimedia-big":["https:\/\/parquetantauco.cl\/wp-content\/uploads\/2015\/10\/PARQUE-TANTAUCO1-770x770.jpg",770,770,true],"sow-carousel-default":["https:\/\/parquetantauco.cl\/wp-content\/uploads\/2015\/10\/PARQUE-TANTAUCO1.jpg",272,178,false]},"uagb_author_info":{"display_name":"tantauco","author_link":"https:\/\/parquetantauco.cl\/pt\/author\/parque-tantauco\/"},"uagb_comment_info":0,"uagb_excerpt":"Senderos por el D\u00eda Descarga SUDA y escanea este c\u00f3digo a trav\u00e9s de la app para conocer todos los detalles de los senderos. Senderos largos Descarga SUDA y escanea este c\u00f3digo a trav\u00e9s de la app para conocer todos los detalles de los senderos Senderos por el D\u00eda Senderos Largos","_links":{"self":[{"href":"https:\/\/parquetantauco.cl\/pt\/wp-json\/wp\/v2\/pages\/1964","targetHints":{"allow":["GET"]}}],"collection":[{"href":"https:\/\/parquetantauco.cl\/pt\/wp-json\/wp\/v2\/pages"}],"about":[{"href":"https:\/\/parquetantauco.cl\/pt\/wp-json\/wp\/v2\/types\/page"}],"author":[{"embeddable":true,"href":"https:\/\/parquetantauco.cl\/pt\/wp-json\/wp\/v2\/users\/1"}],"replies":[{"embeddable":true,"href":"https:\/\/parquetantauco.cl\/pt\/wp-json\/wp\/v2\/comments?post=1964"}],"version-history":[{"count":28,"href":"https:\/\/parquetantauco.cl\/pt\/wp-json\/wp\/v2\/pages\/1964\/revisions"}],"predecessor-version":[{"id":2706,"href":"https:\/\/parquetantauco.cl\/pt\/wp-json\/wp\/v2\/pages\/1964\/revisions\/2706"}],"wp:featuredmedia":[{"embeddable":true,"href":"https:\/\/parquetantauco.cl\/pt\/wp-json\/wp\/v2\/media\/83"}],"wp:attachment":[{"href":"https:\/\/parquetantauco.cl\/pt\/wp-json\/wp\/v2\/media?parent=1964"}],"curies":[{"name":"wp","href":"https:\/\/api.w.org\/{rel}","templated":true}]}}