{"id":2284,"date":"2018-11-20T19:53:37","date_gmt":"2018-11-20T19:53:37","guid":{"rendered":"https:\/\/www.parquetantauco.cl\/?page_id=2284"},"modified":"2026-01-26T19:36:45","modified_gmt":"2026-01-26T19:36:45","slug":"visitas-por-varios-dias","status":"publish","type":"page","link":"https:\/\/parquetantauco.cl\/pt\/visitas-por-varios-dias\/","title":{"rendered":"(Espa\u00f1ol) Visitas por varios d\u00edas"},"content":{"rendered":"<div id=\"pl-2284\"  class=\"panel-layout\" ><div id=\"pg-2284-0\"  class=\"panel-grid panel-no-style\" ><div id=\"pgc-2284-0-0\"  class=\"panel-grid-cell\" ><div id=\"panel-2284-0-0-0\" class=\"so-panel widget widget_sow-editor panel-first-child panel-last-child\" data-index=\"0\" ><div\n\t\t\t\n\t\t\tclass=\"so-widget-sow-editor so-widget-sow-editor-base\"\n\t\t\t\n\t\t>\n<div class=\"siteorigin-widget-tinymce textwidget\">\n\t<p>&nbsp;<\/p>\n<h3 style=\"text-align: left;\"><span style=\"color: #636363;\"><b>\u00c1REA NORTE<\/b><\/span><\/h3>\n<p>&nbsp;<\/p>\n<\/div>\n<\/div><\/div><\/div><\/div><div id=\"pg-2284-1\"  class=\"panel-grid panel-no-style\" ><div id=\"pgc-2284-1-0\"  class=\"panel-grid-cell\" ><div id=\"panel-2284-1-0-0\" class=\"so-panel widget widget_sow-editor panel-first-child panel-last-child\" data-index=\"1\" ><div\n\t\t\t\n\t\t\tclass=\"so-widget-sow-editor so-widget-sow-editor-base\"\n\t\t\t\n\t\t>\n<div class=\"siteorigin-widget-tinymce textwidget\">\n\t<h3 style=\"text-align: left;\"><span style=\"color: #636363;\">Lago Chaiguata <\/span><\/h3>\n<p>&nbsp;<\/p>\n<p style=\"text-align: left;\"><span style=\"color: #636363;\"><span style=\"font-weight: 400;\">(camping, domos y senderos)<\/span><\/span><\/p>\n<p style=\"text-align: left;\"><span style=\"color: #636363;\"><span style=\"font-weight: 400;\">Lugar ideal para acampar en familia o dormir en nuestros domos para 2, 3 y 6 personas. Existen senderos cortos para todos los niveles, kayaks, tinas calientes (hot tubs) y un restaurant en temporada alta. Puede llegar con su veh\u00edculo propio o con Tour operadores desde las distintas agencias oficiales. Se debe reservar con anticipaci\u00f3n.<\/span><\/span><\/p>\n<\/div>\n<\/div><\/div><\/div><div id=\"pgc-2284-1-1\"  class=\"panel-grid-cell\" ><div id=\"panel-2284-1-1-0\" class=\"so-panel widget widget_media_image panel-first-child panel-last-child\" data-index=\"2\" ><img loading=\"lazy\" decoding=\"async\" width=\"800\" height=\"600\" src=\"https:\/\/parquetantauco.cl\/wp-content\/uploads\/2023\/03\/1_Lago-Chaiguata_web.jpg\" class=\"image wp-image-4394  attachment-full size-full\" alt=\"\" style=\"max-width: 100%; height: auto;\" srcset=\"https:\/\/parquetantauco.cl\/wp-content\/uploads\/2023\/03\/1_Lago-Chaiguata_web.jpg 800w, https:\/\/parquetantauco.cl\/wp-content\/uploads\/2023\/03\/1_Lago-Chaiguata_web-300x225.jpg 300w, https:\/\/parquetantauco.cl\/wp-content\/uploads\/2023\/03\/1_Lago-Chaiguata_web-768x576.jpg 768w, https:\/\/parquetantauco.cl\/wp-content\/uploads\/2023\/03\/1_Lago-Chaiguata_web-480x360.jpg 480w\" sizes=\"auto, (max-width: 800px) 100vw, 800px\" \/><\/div><\/div><\/div><div id=\"pg-2284-2\"  class=\"panel-grid panel-no-style\" ><div id=\"pgc-2284-2-0\"  class=\"panel-grid-cell\" ><div id=\"panel-2284-2-0-0\" class=\"so-panel widget widget_sow-editor panel-first-child panel-last-child\" data-index=\"3\" ><div\n\t\t\t\n\t\t\tclass=\"so-widget-sow-editor so-widget-sow-editor-base\"\n\t\t\t\n\t\t>\n<div class=\"siteorigin-widget-tinymce textwidget\">\n\t<h3 style=\"text-align: left;\"><span style=\"color: #636363;\">Sendero Refugio Chaiguaco (2 d\u00edas)<\/span><\/h3>\n<p>&nbsp;<\/p>\n<p style=\"text-align: left;\"><span style=\"color: #636363;\"><span style=\"font-weight: 400;\">Este sendero de 17 km en total, de nivel medio, comienza en el lago Chaiguata y est\u00e1 dise\u00f1ado para dos d\u00edas de excursi\u00f3n con una noche de alojamiento en el refugio de Chaiguaco. Es un circuito ideal para un fin de semana: el itinerario que te recomendamos es llegar el viernes a dormir a Chaiguata (en camping o domo), el s\u00e1bado realizar la caminata de ida al refugio Chaiguaco (8 km), pasar ah\u00ed la noche (necesitas llevar colchoneta y saco) y el domingo caminar de regreso a Chaiguata (9km). El refugio tiene una estufa le\u00f1a, debes llevar tus propia comida y utensilios (ollas, platos, cubiertos, etc.).<\/span><\/span><\/p>\n<\/div>\n<\/div><\/div><\/div><div id=\"pgc-2284-2-1\"  class=\"panel-grid-cell\" ><div id=\"panel-2284-2-1-0\" class=\"so-panel widget widget_media_image panel-first-child panel-last-child\" data-index=\"4\" ><img loading=\"lazy\" decoding=\"async\" width=\"800\" height=\"600\" src=\"https:\/\/parquetantauco.cl\/wp-content\/uploads\/2023\/03\/2_Sendero-Refugio-Chaiguaco_web.jpg\" class=\"image wp-image-4399  attachment-full size-full\" alt=\"\" style=\"max-width: 100%; height: auto;\" srcset=\"https:\/\/parquetantauco.cl\/wp-content\/uploads\/2023\/03\/2_Sendero-Refugio-Chaiguaco_web.jpg 800w, https:\/\/parquetantauco.cl\/wp-content\/uploads\/2023\/03\/2_Sendero-Refugio-Chaiguaco_web-300x225.jpg 300w, https:\/\/parquetantauco.cl\/wp-content\/uploads\/2023\/03\/2_Sendero-Refugio-Chaiguaco_web-768x576.jpg 768w, https:\/\/parquetantauco.cl\/wp-content\/uploads\/2023\/03\/2_Sendero-Refugio-Chaiguaco_web-480x360.jpg 480w\" sizes=\"auto, (max-width: 800px) 100vw, 800px\" \/><\/div><\/div><\/div><div id=\"pg-2284-3\"  class=\"panel-grid panel-no-style\" ><div id=\"pgc-2284-3-0\"  class=\"panel-grid-cell\" ><div id=\"panel-2284-3-0-0\" class=\"so-panel widget widget_sow-editor panel-first-child panel-last-child\" data-index=\"5\" ><div\n\t\t\t\n\t\t\tclass=\"so-widget-sow-editor so-widget-sow-editor-base\"\n\t\t\t\n\t\t>\n<div class=\"siteorigin-widget-tinymce textwidget\">\n\t<p>&nbsp;<\/p>\n<h3 style=\"text-align: left;\"><span style=\"color: #636363;\"><b>\u00c1REA SUR<\/b><\/span><\/h3>\n<p>&nbsp;<\/p>\n<\/div>\n<\/div><\/div><\/div><\/div><div id=\"pg-2284-4\"  class=\"panel-grid panel-no-style\" ><div id=\"pgc-2284-4-0\"  class=\"panel-grid-cell\" ><div id=\"panel-2284-4-0-0\" class=\"so-panel widget widget_sow-editor panel-first-child panel-last-child\" data-index=\"6\" ><div\n\t\t\t\n\t\t\tclass=\"so-widget-sow-editor so-widget-sow-editor-base\"\n\t\t\t\n\t\t>\n<div class=\"siteorigin-widget-tinymce textwidget\">\n\t<h3 style=\"text-align: left;\"><span style=\"color: #636363;\">Caleta In\u00edo <\/span><\/h3>\n<p>&nbsp;<\/p>\n<p style=\"text-align: left;\"><span style=\"color: #636363;\"><span style=\"font-weight: 400;\">Es recomendable quedarse a dormir en Caleta In\u00edo, debido a su lejan\u00eda y belleza desconocida. <b>Hay tres maneras de llegar<\/b> a este lugar: una es <b>caminando<\/b> trav\u00e9s del Sendero Transversal (de 4-5 d\u00edas de duraci\u00f3n, que recorre el parque de norte a sur); otra opci\u00f3n es <b>por aire<\/b>, en avioneta desde el Club A\u00e9reo de Castro (el vuelo tiene una duraci\u00f3n de 40 minutos y sobrevuela toda la parte sur de la isla); y una tercera opci\u00f3n es <b>por mar<\/b>, Quell\u00f3n \u2013 Inio - Quell\u00f3n: Domingos y mi\u00e9rcoles saliendo a las 07:00 AM\u00a0 desde Quell\u00f3n y retornando a las 13:00 horas desde Inio. Tel\u00e9fono del capit\u00e1n: +56 9 6205 5769. Tarifa referencial: $1.100 por persona.<br \/>\n<\/span><\/span><\/p>\n<\/div>\n<\/div><\/div><\/div><div id=\"pgc-2284-4-1\"  class=\"panel-grid-cell\" ><div id=\"panel-2284-4-1-0\" class=\"so-panel widget widget_media_image panel-first-child panel-last-child\" data-index=\"7\" ><img loading=\"lazy\" decoding=\"async\" width=\"800\" height=\"600\" src=\"https:\/\/parquetantauco.cl\/wp-content\/uploads\/2023\/03\/3_Caleta-Inio_web.jpg\" class=\"image wp-image-4400  attachment-full size-full\" alt=\"\" style=\"max-width: 100%; height: auto;\" srcset=\"https:\/\/parquetantauco.cl\/wp-content\/uploads\/2023\/03\/3_Caleta-Inio_web.jpg 800w, https:\/\/parquetantauco.cl\/wp-content\/uploads\/2023\/03\/3_Caleta-Inio_web-300x225.jpg 300w, https:\/\/parquetantauco.cl\/wp-content\/uploads\/2023\/03\/3_Caleta-Inio_web-768x576.jpg 768w, https:\/\/parquetantauco.cl\/wp-content\/uploads\/2023\/03\/3_Caleta-Inio_web-480x360.jpg 480w\" sizes=\"auto, (max-width: 800px) 100vw, 800px\" \/><\/div><\/div><\/div><div id=\"pg-2284-5\"  class=\"panel-grid panel-no-style\" ><div id=\"pgc-2284-5-0\"  class=\"panel-grid-cell\" ><div id=\"panel-2284-5-0-0\" class=\"so-panel widget widget_sow-editor panel-first-child panel-last-child\" data-index=\"8\" ><div\n\t\t\t\n\t\t\tclass=\"so-widget-sow-editor so-widget-sow-editor-base\"\n\t\t\t\n\t\t>\n<div class=\"siteorigin-widget-tinymce textwidget\">\n\t<h3 style=\"text-align: left;\"><span style=\"color: #636363;\">Sendero Quilanlar (2 d\u00edas)<\/span> <\/h3>\n<p>&nbsp;<\/p>\n<p style=\"text-align: left;\"><span style=\"color: #636363;\"><span style=\"font-weight: 400;\">Este sendero comienza y termina en Caleta In\u00edo. Est\u00e1 dise\u00f1ado para dos d\u00edas de excursi\u00f3n, con una noche de alojamiento en el refugio Quilanlar, ubicado frente a la playa del mismo nombre. Es un circuito circular (21 km), por lo que ambos d\u00edas se recorre un camino diferente, abarcando toda la costa de Inio.<\/span><\/span><\/p>\n<\/div>\n<\/div><\/div><\/div><div id=\"pgc-2284-5-1\"  class=\"panel-grid-cell\" ><div id=\"panel-2284-5-1-0\" class=\"so-panel widget widget_media_image panel-first-child panel-last-child\" data-index=\"9\" ><img loading=\"lazy\" decoding=\"async\" width=\"800\" height=\"600\" src=\"https:\/\/parquetantauco.cl\/wp-content\/uploads\/2023\/03\/4_Sendero-Quilanlar_web.jpg\" class=\"image wp-image-4401  attachment-full size-full\" alt=\"\" style=\"max-width: 100%; height: auto;\" srcset=\"https:\/\/parquetantauco.cl\/wp-content\/uploads\/2023\/03\/4_Sendero-Quilanlar_web.jpg 800w, https:\/\/parquetantauco.cl\/wp-content\/uploads\/2023\/03\/4_Sendero-Quilanlar_web-300x225.jpg 300w, https:\/\/parquetantauco.cl\/wp-content\/uploads\/2023\/03\/4_Sendero-Quilanlar_web-768x576.jpg 768w, https:\/\/parquetantauco.cl\/wp-content\/uploads\/2023\/03\/4_Sendero-Quilanlar_web-480x360.jpg 480w\" sizes=\"auto, (max-width: 800px) 100vw, 800px\" \/><\/div><\/div><\/div><div id=\"pg-2284-6\"  class=\"panel-grid panel-no-style\" ><div id=\"pgc-2284-6-0\"  class=\"panel-grid-cell\" ><div id=\"panel-2284-6-0-0\" class=\"so-panel widget widget_sow-editor panel-first-child panel-last-child\" data-index=\"10\" ><div\n\t\t\t\n\t\t\tclass=\"so-widget-sow-editor so-widget-sow-editor-base\"\n\t\t\t\n\t\t>\n<div class=\"siteorigin-widget-tinymce textwidget\">\n\t<p>&nbsp;<\/p>\n<h3 style=\"text-align: left;\"><span style=\"color: #636363;\"><b>SENDEROS LARGOS QUE CONECTAN NORTE Y SUR (4 \u2013 9 d\u00edas)<\/b><\/span><\/h3>\n<p>&nbsp;<\/p>\n<p style=\"text-align: left;\"><span style=\"color: #636363;\"><span style=\"font-weight: 400;\">Para los aventureros y buenos caminantes, Tantauco tiene una serie de senderos largos que se internan en el parque y lo recorren de norte a sur o de este a oeste. La duraci\u00f3n de estos senderos var\u00eda entre 4 y 9 d\u00edas, con alojamiento en los distintos refugios que existen a lo largo del parque. Los refugios tienen una capacidad para 8-10 personas, por lo que es necesario reservar con anticipaci\u00f3n a trav\u00e9s del correo <a href=\"mailto:info@parquetantauco.cl\">info@parquetantauco.cl<\/a><\/span><\/span><\/p>\n<p style=\"text-align: left;\"><span style=\"color: #636363;\"><span style=\"font-weight: 400;\">Toda la informaci\u00f3n en <a href=\"https:\/\/www.parquetantauco.cl\/senderos-largos\/\">Senderos largos<\/a>.<\/span><\/span><\/p>\n<\/div>\n<\/div><\/div><\/div><div id=\"pgc-2284-6-1\"  class=\"panel-grid-cell\" ><div id=\"panel-2284-6-1-0\" class=\"so-panel widget widget_media_image panel-first-child panel-last-child\" data-index=\"11\" ><img loading=\"lazy\" decoding=\"async\" width=\"800\" height=\"600\" src=\"https:\/\/parquetantauco.cl\/wp-content\/uploads\/2023\/03\/5_Sendero-Transversal-Paso-Montana_web.jpg\" class=\"image wp-image-4402  attachment-full size-full\" alt=\"\" style=\"max-width: 100%; height: auto;\" srcset=\"https:\/\/parquetantauco.cl\/wp-content\/uploads\/2023\/03\/5_Sendero-Transversal-Paso-Montana_web.jpg 800w, https:\/\/parquetantauco.cl\/wp-content\/uploads\/2023\/03\/5_Sendero-Transversal-Paso-Montana_web-300x225.jpg 300w, https:\/\/parquetantauco.cl\/wp-content\/uploads\/2023\/03\/5_Sendero-Transversal-Paso-Montana_web-768x576.jpg 768w, https:\/\/parquetantauco.cl\/wp-content\/uploads\/2023\/03\/5_Sendero-Transversal-Paso-Montana_web-480x360.jpg 480w\" sizes=\"auto, (max-width: 800px) 100vw, 800px\" \/><\/div><\/div><\/div><\/div>","protected":false},"excerpt":{"rendered":"<p>&nbsp; \u00c1REA NORTE &nbsp; Lago Chaiguata &nbsp; (camping, domos y senderos) Lugar ideal para acampar en familia o dormir en nuestros domos para 2, 3 y 6 personas. Existen senderos cortos para todos los niveles, kayaks, tinas calientes (hot tubs) y un restaurant en temporada alta. Puede llegar con su veh\u00edculo propio o con Tour [&hellip;]<\/p>\n","protected":false},"author":1,"featured_media":2756,"parent":0,"menu_order":0,"comment_status":"closed","ping_status":"closed","template":"","meta":{"_acf_changed":false,"inline_featured_image":false,"_uag_custom_page_level_css":"","ngg_post_thumbnail":0,"footnotes":""},"class_list":["post-2284","page","type-page","status-publish","has-post-thumbnail","hentry"],"acf":[],"aioseo_notices":[],"uagb_featured_image_src":{"full":["https:\/\/parquetantauco.cl\/wp-content\/uploads\/2021\/09\/ParqueTantauco_pmou.ph-104-scaled.jpg",2560,1709,false],"thumbnail":["https:\/\/parquetantauco.cl\/wp-content\/uploads\/2021\/09\/ParqueTantauco_pmou.ph-104-150x150.jpg",150,150,true],"medium":["https:\/\/parquetantauco.cl\/wp-content\/uploads\/2021\/09\/ParqueTantauco_pmou.ph-104-300x200.jpg",300,200,true],"medium_large":["https:\/\/parquetantauco.cl\/wp-content\/uploads\/2021\/09\/ParqueTantauco_pmou.ph-104-768x513.jpg",768,513,true],"large":["https:\/\/parquetantauco.cl\/wp-content\/uploads\/2021\/09\/ParqueTantauco_pmou.ph-104-1024x684.jpg",770,514,true],"1536x1536":["https:\/\/parquetantauco.cl\/wp-content\/uploads\/2021\/09\/ParqueTantauco_pmou.ph-104-1536x1025.jpg",1536,1025,true],"2048x2048":["https:\/\/parquetantauco.cl\/wp-content\/uploads\/2021\/09\/ParqueTantauco_pmou.ph-104-2048x1367.jpg",2048,1367,true],"multimedia":["https:\/\/parquetantauco.cl\/wp-content\/uploads\/2021\/09\/ParqueTantauco_pmou.ph-104-480x360.jpg",480,360,true],"multimedia-big":["https:\/\/parquetantauco.cl\/wp-content\/uploads\/2021\/09\/ParqueTantauco_pmou.ph-104-770x770.jpg",770,770,true],"sow-carousel-default":["https:\/\/parquetantauco.cl\/wp-content\/uploads\/2021\/09\/ParqueTantauco_pmou.ph-104-272x182.jpg",272,182,true]},"uagb_author_info":{"display_name":"tantauco","author_link":"https:\/\/parquetantauco.cl\/pt\/author\/parque-tantauco\/"},"uagb_comment_info":0,"uagb_excerpt":"&nbsp; \u00c1REA NORTE &nbsp; Lago Chaiguata &nbsp; (camping, domos y senderos) Lugar ideal para acampar en familia o dormir en nuestros domos para 2, 3 y 6 personas. Existen senderos cortos para todos los niveles, kayaks, tinas calientes (hot tubs) y un restaurant en temporada alta. Puede llegar con su veh\u00edculo propio o con Tour&hellip;","_links":{"self":[{"href":"https:\/\/parquetantauco.cl\/pt\/wp-json\/wp\/v2\/pages\/2284","targetHints":{"allow":["GET"]}}],"collection":[{"href":"https:\/\/parquetantauco.cl\/pt\/wp-json\/wp\/v2\/pages"}],"about":[{"href":"https:\/\/parquetantauco.cl\/pt\/wp-json\/wp\/v2\/types\/page"}],"author":[{"embeddable":true,"href":"https:\/\/parquetantauco.cl\/pt\/wp-json\/wp\/v2\/users\/1"}],"replies":[{"embeddable":true,"href":"https:\/\/parquetantauco.cl\/pt\/wp-json\/wp\/v2\/comments?post=2284"}],"version-history":[{"count":30,"href":"https:\/\/parquetantauco.cl\/pt\/wp-json\/wp\/v2\/pages\/2284\/revisions"}],"predecessor-version":[{"id":6828,"href":"https:\/\/parquetantauco.cl\/pt\/wp-json\/wp\/v2\/pages\/2284\/revisions\/6828"}],"wp:featuredmedia":[{"embeddable":true,"href":"https:\/\/parquetantauco.cl\/pt\/wp-json\/wp\/v2\/media\/2756"}],"wp:attachment":[{"href":"https:\/\/parquetantauco.cl\/pt\/wp-json\/wp\/v2\/media?parent=2284"}],"curies":[{"name":"wp","href":"https:\/\/api.w.org\/{rel}","templated":true}]}}