{"id":2319,"date":"2018-11-22T14:58:44","date_gmt":"2018-11-22T14:58:44","guid":{"rendered":"https:\/\/www.parquetantauco.cl\/?page_id=2319"},"modified":"2025-01-13T20:17:44","modified_gmt":"2025-01-13T20:17:44","slug":"arquitectura","status":"publish","type":"page","link":"https:\/\/parquetantauco.cl\/pt\/arquitectura\/","title":{"rendered":"(Espa\u00f1ol) Arquitectura y infraestructura"},"content":{"rendered":"<div id=\"pl-2319\"  class=\"panel-layout\" ><div id=\"pg-2319-0\"  class=\"panel-grid panel-no-style\" ><div id=\"pgc-2319-0-0\"  class=\"panel-grid-cell\" ><div id=\"panel-2319-0-0-0\" class=\"so-panel widget widget_sow-editor panel-first-child panel-last-child\" data-index=\"0\" ><div\n\t\t\t\n\t\t\tclass=\"so-widget-sow-editor so-widget-sow-editor-base\"\n\t\t\t\n\t\t>\n<div class=\"siteorigin-widget-tinymce textwidget\">\n\t<p style=\"text-align: left;\"><span style=\"color: #636363;\"><span style=\"font-weight: 400;\">La infraestructura del Parque Tantauco es un conjunto de obras realizadas por el reconocido arquitecto chileno Edward Rojas (Premio Nacional de Arquitectura el a\u00f1o 2016). Rojas trabaj\u00f3 bajo dos grandes premisas: utiliz\u00f3 solo maderas que se mimetizan con el entorno natural y su trabajo fue con el m\u00ednimo impacto al ecosistema. Todo para implementar espacios p\u00fablicos\u00a0 de primer nivel y una infraestructura que potencie el turismo de la zona.<\/span><\/span><\/p>\n<p>&nbsp;<\/p>\n<\/div>\n<\/div><\/div><\/div><\/div><div id=\"pg-2319-1\"  class=\"panel-grid panel-no-style\" ><div id=\"pgc-2319-1-0\"  class=\"panel-grid-cell\" ><div id=\"panel-2319-1-0-0\" class=\"so-panel widget widget_media_image panel-first-child\" data-index=\"1\" ><img loading=\"lazy\" decoding=\"async\" width=\"754\" height=\"731\" src=\"https:\/\/parquetantauco.cl\/wp-content\/uploads\/2018\/11\/Edward-Rojas.jpg\" class=\"image wp-image-2359  attachment-full size-full\" alt=\"\" style=\"max-width: 100%; height: auto;\" srcset=\"https:\/\/parquetantauco.cl\/wp-content\/uploads\/2018\/11\/Edward-Rojas.jpg 754w, https:\/\/parquetantauco.cl\/wp-content\/uploads\/2018\/11\/Edward-Rojas-300x291.jpg 300w\" sizes=\"auto, (max-width: 754px) 100vw, 754px\" \/><\/div><div id=\"panel-2319-1-0-1\" class=\"so-panel widget widget_sow-editor panel-last-child\" data-index=\"2\" ><div\n\t\t\t\n\t\t\tclass=\"so-widget-sow-editor so-widget-sow-editor-base\"\n\t\t\t\n\t\t>\n<div class=\"siteorigin-widget-tinymce textwidget\">\n\t<p style=\"text-align: left;\"><span style=\"color: #636363;\"><span style=\"font-weight: 400;\">M\u00e1s informaci\u00f3n en <a href=\"http:\/\/www.edwardrojas.cl\/\">http:\/\/www.edwardrojas.cl\/<\/a><\/span><\/span><\/p>\n<\/div>\n<\/div><\/div><\/div><div id=\"pgc-2319-1-1\"  class=\"panel-grid-cell\" ><div id=\"panel-2319-1-1-0\" class=\"so-panel widget widget_sow-editor panel-first-child panel-last-child\" data-index=\"3\" ><div\n\t\t\t\n\t\t\tclass=\"so-widget-sow-editor so-widget-sow-editor-base\"\n\t\t\t\n\t\t>\n<div class=\"siteorigin-widget-tinymce textwidget\">\n\t<p style=\"text-align: left;\"><em><span style=\"color: #636363;\"><span style=\"font-weight: 400;\"> \u201cLa arquitectura del Parque Tantauco surge del lugar, est\u00e1 sustentada en las tipolog\u00edas vern\u00e1culas de Chilo\u00e9 y construida con uno de sus materiales m\u00e1s preciados: la madera de cipr\u00e9s de las Guaitecas, extra\u00edda de \u00e1rboles muertos por antiguos incendios forestales, con t\u00e9cnicas tradicionales y s\u00f3lo motosierras, serruchos y martillos.<br \/>\n<\/span><\/span><\/em><\/p>\n<p style=\"text-align: left;\"><em><span style=\"color: #636363;\"><span style=\"font-weight: 400;\"><br \/>\nEs una arquitectura abierta a la incorporaci\u00f3n de nuevos conceptos y tecnolog\u00edas, capaz de aportar una dimensi\u00f3n sustentable que se nutre de la tradici\u00f3n de la arquitectura de la tierra y del mar, proyectando su propia contemporaneidad y pertinencia en cada lugar del parque cada vez que el visitante se encuentra con ella, en In\u00edo, en Chaiguata o en los senderos. As\u00ed, la naturaleza de Tantauco y su arquitectura vivida se convierten en una sola unidad espacial. <\/span><\/span><\/em><\/p>\n<p style=\"text-align: left;\"><span style=\"color: #636363;\"><span style=\"font-weight: 400;\"><br \/>\n<em>La arquitectura del Parque Tantauco considera refugios, torres, fogones, m\u00f3dulos de ba\u00f1os, museo, senderos de madera y el Faro de In\u00edo\u201d.<\/em> <\/span><\/span><\/p>\n<p>&nbsp;<br \/>\n&nbsp;<\/p>\n<p style=\"text-align: left;\"><span style=\"color: #636363;\"><span style=\"font-weight: 700;\">Edward Rojas Vega,<\/span><\/span><\/p>\n<p style=\"text-align: left;\"><span style=\"color: #636363;\"><span style=\"font-weight: 400;\">Premio Nacional de Arquitectura 2016,<\/span><\/span><\/p>\n<p style=\"text-align: left;\"><span style=\"color: #636363;\"><span style=\"font-weight: 400;\">Arquitecto de Parque Tantauco<\/span><\/span><\/p>\n<\/div>\n<\/div><\/div><\/div><\/div><div id=\"pg-2319-2\"  class=\"panel-grid panel-no-style\" ><div id=\"pgc-2319-2-0\"  class=\"panel-grid-cell\" ><div id=\"panel-2319-2-0-0\" class=\"so-panel widget widget_sow-editor panel-first-child panel-last-child\" data-index=\"4\" ><div\n\t\t\t\n\t\t\tclass=\"so-widget-sow-editor so-widget-sow-editor-base\"\n\t\t\t\n\t\t>\n<div class=\"siteorigin-widget-tinymce textwidget\">\n\t\n\t\t<style type=\"text\/css\">\n\t\t\t#gallery-1 {\n\t\t\t\tmargin: auto;\n\t\t\t}\n\t\t\t#gallery-1 .gallery-item {\n\t\t\t\tfloat: left;\n\t\t\t\tmargin-top: 10px;\n\t\t\t\ttext-align: center;\n\t\t\t\twidth: 33%;\n\t\t\t}\n\t\t\t#gallery-1 img {\n\t\t\t\tborder: 2px solid #cfcfcf;\n\t\t\t}\n\t\t\t#gallery-1 .gallery-caption {\n\t\t\t\tmargin-left: 0;\n\t\t\t}\n\t\t\t\/* see gallery_shortcode() in wp-includes\/media.php *\/\n\t\t<\/style>\n\t\t<div id='gallery-1' class='gallery galleryid-2319 gallery-columns-3 gallery-size-medium'><dl class='gallery-item'>\n\t\t\t<dt class='gallery-icon landscape'>\n\t\t\t\t<img loading=\"lazy\" decoding=\"async\" width=\"300\" height=\"225\" src=\"https:\/\/parquetantauco.cl\/wp-content\/uploads\/2025\/01\/Parque-Tantauco-Narrativa-de-un-Santuario-Natural-Drone_61-300x225.jpg\" class=\"attachment-medium size-medium\" alt=\"\" aria-describedby=\"gallery-1-5646\" srcset=\"https:\/\/parquetantauco.cl\/wp-content\/uploads\/2025\/01\/Parque-Tantauco-Narrativa-de-un-Santuario-Natural-Drone_61-300x225.jpg 300w, https:\/\/parquetantauco.cl\/wp-content\/uploads\/2025\/01\/Parque-Tantauco-Narrativa-de-un-Santuario-Natural-Drone_61-1024x767.jpg 1024w, https:\/\/parquetantauco.cl\/wp-content\/uploads\/2025\/01\/Parque-Tantauco-Narrativa-de-un-Santuario-Natural-Drone_61-768x575.jpg 768w, https:\/\/parquetantauco.cl\/wp-content\/uploads\/2025\/01\/Parque-Tantauco-Narrativa-de-un-Santuario-Natural-Drone_61-1536x1151.jpg 1536w, https:\/\/parquetantauco.cl\/wp-content\/uploads\/2025\/01\/Parque-Tantauco-Narrativa-de-un-Santuario-Natural-Drone_61-2048x1534.jpg 2048w, https:\/\/parquetantauco.cl\/wp-content\/uploads\/2025\/01\/Parque-Tantauco-Narrativa-de-un-Santuario-Natural-Drone_61-480x360.jpg 480w\" sizes=\"auto, (max-width: 300px) 100vw, 300px\" \/>\n\t\t\t<\/dt>\n\t\t\t\t<dd class='wp-caption-text gallery-caption' id='gallery-1-5646'>\n\t\t\t\tTinajas de Chaiguata\n\t\t\t\t<\/dd><\/dl><dl class='gallery-item'>\n\t\t\t<dt class='gallery-icon landscape'>\n\t\t\t\t<img loading=\"lazy\" decoding=\"async\" width=\"300\" height=\"225\" src=\"https:\/\/parquetantauco.cl\/wp-content\/uploads\/2025\/01\/Parque-Tantauco-Narrativa-de-un-Santuario-Natural-Drone_34-300x225.jpg\" class=\"attachment-medium size-medium\" alt=\"\" aria-describedby=\"gallery-1-5645\" srcset=\"https:\/\/parquetantauco.cl\/wp-content\/uploads\/2025\/01\/Parque-Tantauco-Narrativa-de-un-Santuario-Natural-Drone_34-300x225.jpg 300w, https:\/\/parquetantauco.cl\/wp-content\/uploads\/2025\/01\/Parque-Tantauco-Narrativa-de-un-Santuario-Natural-Drone_34-1024x768.jpg 1024w, https:\/\/parquetantauco.cl\/wp-content\/uploads\/2025\/01\/Parque-Tantauco-Narrativa-de-un-Santuario-Natural-Drone_34-768x576.jpg 768w, https:\/\/parquetantauco.cl\/wp-content\/uploads\/2025\/01\/Parque-Tantauco-Narrativa-de-un-Santuario-Natural-Drone_34-1536x1152.jpg 1536w, https:\/\/parquetantauco.cl\/wp-content\/uploads\/2025\/01\/Parque-Tantauco-Narrativa-de-un-Santuario-Natural-Drone_34-2048x1536.jpg 2048w, https:\/\/parquetantauco.cl\/wp-content\/uploads\/2025\/01\/Parque-Tantauco-Narrativa-de-un-Santuario-Natural-Drone_34-480x360.jpg 480w\" sizes=\"auto, (max-width: 300px) 100vw, 300px\" \/>\n\t\t\t<\/dt>\n\t\t\t\t<dd class='wp-caption-text gallery-caption' id='gallery-1-5645'>\n\t\t\t\tTorre de Chaiguata\n\t\t\t\t<\/dd><\/dl><dl class='gallery-item'>\n\t\t\t<dt class='gallery-icon landscape'>\n\t\t\t\t<img loading=\"lazy\" decoding=\"async\" width=\"300\" height=\"225\" src=\"https:\/\/parquetantauco.cl\/wp-content\/uploads\/2025\/01\/Parque-Tantauco-Narrativa-de-un-Santuario-Natural-Drone_73-300x225.jpg\" class=\"attachment-medium size-medium\" alt=\"\" aria-describedby=\"gallery-1-5644\" srcset=\"https:\/\/parquetantauco.cl\/wp-content\/uploads\/2025\/01\/Parque-Tantauco-Narrativa-de-un-Santuario-Natural-Drone_73-300x225.jpg 300w, https:\/\/parquetantauco.cl\/wp-content\/uploads\/2025\/01\/Parque-Tantauco-Narrativa-de-un-Santuario-Natural-Drone_73-1024x767.jpg 1024w, https:\/\/parquetantauco.cl\/wp-content\/uploads\/2025\/01\/Parque-Tantauco-Narrativa-de-un-Santuario-Natural-Drone_73-768x575.jpg 768w, https:\/\/parquetantauco.cl\/wp-content\/uploads\/2025\/01\/Parque-Tantauco-Narrativa-de-un-Santuario-Natural-Drone_73-1536x1151.jpg 1536w, https:\/\/parquetantauco.cl\/wp-content\/uploads\/2025\/01\/Parque-Tantauco-Narrativa-de-un-Santuario-Natural-Drone_73-2048x1534.jpg 2048w, https:\/\/parquetantauco.cl\/wp-content\/uploads\/2025\/01\/Parque-Tantauco-Narrativa-de-un-Santuario-Natural-Drone_73-480x360.jpg 480w\" sizes=\"auto, (max-width: 300px) 100vw, 300px\" \/>\n\t\t\t<\/dt>\n\t\t\t\t<dd class='wp-caption-text gallery-caption' id='gallery-1-5644'>\n\t\t\t\tIn\u00edo\n\t\t\t\t<\/dd><\/dl><br style=\"clear: both\" \/><dl class='gallery-item'>\n\t\t\t<dt class='gallery-icon landscape'>\n\t\t\t\t<img loading=\"lazy\" decoding=\"async\" width=\"300\" height=\"200\" src=\"https:\/\/parquetantauco.cl\/wp-content\/uploads\/2025\/01\/Parque-Tantauco-Narrativa-de-un-Santuario-Natural_352-300x200.jpg\" class=\"attachment-medium size-medium\" alt=\"\" aria-describedby=\"gallery-1-5650\" srcset=\"https:\/\/parquetantauco.cl\/wp-content\/uploads\/2025\/01\/Parque-Tantauco-Narrativa-de-un-Santuario-Natural_352-300x200.jpg 300w, https:\/\/parquetantauco.cl\/wp-content\/uploads\/2025\/01\/Parque-Tantauco-Narrativa-de-un-Santuario-Natural_352-1024x683.jpg 1024w, https:\/\/parquetantauco.cl\/wp-content\/uploads\/2025\/01\/Parque-Tantauco-Narrativa-de-un-Santuario-Natural_352-768x512.jpg 768w, https:\/\/parquetantauco.cl\/wp-content\/uploads\/2025\/01\/Parque-Tantauco-Narrativa-de-un-Santuario-Natural_352-1536x1024.jpg 1536w\" sizes=\"auto, (max-width: 300px) 100vw, 300px\" \/>\n\t\t\t<\/dt>\n\t\t\t\t<dd class='wp-caption-text gallery-caption' id='gallery-1-5650'>\n\t\t\t\tFaro In\u00edo\n\t\t\t\t<\/dd><\/dl><dl class='gallery-item'>\n\t\t\t<dt class='gallery-icon landscape'>\n\t\t\t\t<img loading=\"lazy\" decoding=\"async\" width=\"300\" height=\"200\" src=\"https:\/\/parquetantauco.cl\/wp-content\/uploads\/2025\/01\/Parque-Tantauco-Narrativa-de-un-Santuario-Natural_175-300x200.jpg\" class=\"attachment-medium size-medium\" alt=\"\" aria-describedby=\"gallery-1-5651\" srcset=\"https:\/\/parquetantauco.cl\/wp-content\/uploads\/2025\/01\/Parque-Tantauco-Narrativa-de-un-Santuario-Natural_175-300x200.jpg 300w, https:\/\/parquetantauco.cl\/wp-content\/uploads\/2025\/01\/Parque-Tantauco-Narrativa-de-un-Santuario-Natural_175-1024x683.jpg 1024w, https:\/\/parquetantauco.cl\/wp-content\/uploads\/2025\/01\/Parque-Tantauco-Narrativa-de-un-Santuario-Natural_175-768x512.jpg 768w, https:\/\/parquetantauco.cl\/wp-content\/uploads\/2025\/01\/Parque-Tantauco-Narrativa-de-un-Santuario-Natural_175-1536x1024.jpg 1536w, https:\/\/parquetantauco.cl\/wp-content\/uploads\/2025\/01\/Parque-Tantauco-Narrativa-de-un-Santuario-Natural_175-272x182.jpg 272w\" sizes=\"auto, (max-width: 300px) 100vw, 300px\" \/>\n\t\t\t<\/dt>\n\t\t\t\t<dd class='wp-caption-text gallery-caption' id='gallery-1-5651'>\n\t\t\t\tMirador Yaldad\n\t\t\t\t<\/dd><\/dl><dl class='gallery-item'>\n\t\t\t<dt class='gallery-icon landscape'>\n\t\t\t\t<img loading=\"lazy\" decoding=\"async\" width=\"300\" height=\"225\" src=\"https:\/\/parquetantauco.cl\/wp-content\/uploads\/2025\/01\/Parque-Tantauco-Narrativa-de-un-Santuario-Natural-Drone_63-300x225.jpg\" class=\"attachment-medium size-medium\" alt=\"\" aria-describedby=\"gallery-1-5652\" srcset=\"https:\/\/parquetantauco.cl\/wp-content\/uploads\/2025\/01\/Parque-Tantauco-Narrativa-de-un-Santuario-Natural-Drone_63-300x225.jpg 300w, https:\/\/parquetantauco.cl\/wp-content\/uploads\/2025\/01\/Parque-Tantauco-Narrativa-de-un-Santuario-Natural-Drone_63-1024x767.jpg 1024w, https:\/\/parquetantauco.cl\/wp-content\/uploads\/2025\/01\/Parque-Tantauco-Narrativa-de-un-Santuario-Natural-Drone_63-768x575.jpg 768w, https:\/\/parquetantauco.cl\/wp-content\/uploads\/2025\/01\/Parque-Tantauco-Narrativa-de-un-Santuario-Natural-Drone_63-1536x1151.jpg 1536w, https:\/\/parquetantauco.cl\/wp-content\/uploads\/2025\/01\/Parque-Tantauco-Narrativa-de-un-Santuario-Natural-Drone_63-2048x1534.jpg 2048w, https:\/\/parquetantauco.cl\/wp-content\/uploads\/2025\/01\/Parque-Tantauco-Narrativa-de-un-Santuario-Natural-Drone_63-480x360.jpg 480w\" sizes=\"auto, (max-width: 300px) 100vw, 300px\" \/>\n\t\t\t<\/dt>\n\t\t\t\t<dd class='wp-caption-text gallery-caption' id='gallery-1-5652'>\n\t\t\t\tVista Chaiguata\n\t\t\t\t<\/dd><\/dl><br style=\"clear: both\" \/>\n\t\t<\/div>\n\n<\/div>\n<\/div><\/div><\/div><\/div><\/div>","protected":false},"excerpt":{"rendered":"<p>La infraestructura del Parque Tantauco es un conjunto de obras realizadas por el reconocido arquitecto chileno Edward Rojas (Premio Nacional de Arquitectura el a\u00f1o 2016). Rojas trabaj\u00f3 bajo dos grandes premisas: utiliz\u00f3 solo maderas que se mimetizan con el entorno natural y su trabajo fue con el m\u00ednimo impacto al ecosistema. Todo para implementar espacios [&hellip;]<\/p>\n","protected":false},"author":1,"featured_media":5640,"parent":0,"menu_order":0,"comment_status":"closed","ping_status":"closed","template":"","meta":{"_acf_changed":false,"inline_featured_image":false,"_uag_custom_page_level_css":"","ngg_post_thumbnail":0,"footnotes":""},"class_list":["post-2319","page","type-page","status-publish","has-post-thumbnail","hentry"],"acf":[],"aioseo_notices":[],"uagb_featured_image_src":{"full":["https:\/\/parquetantauco.cl\/wp-content\/uploads\/2025\/01\/Diseno-sin-titulo-6-e1736799449933.jpg",1600,813,false],"thumbnail":["https:\/\/parquetantauco.cl\/wp-content\/uploads\/2025\/01\/Diseno-sin-titulo-6-e1736799449933-150x150.jpg",150,150,true],"medium":["https:\/\/parquetantauco.cl\/wp-content\/uploads\/2025\/01\/Diseno-sin-titulo-6-e1736799449933-300x152.jpg",300,152,true],"medium_large":["https:\/\/parquetantauco.cl\/wp-content\/uploads\/2025\/01\/Diseno-sin-titulo-6-e1736799449933-768x390.jpg",768,390,true],"large":["https:\/\/parquetantauco.cl\/wp-content\/uploads\/2025\/01\/Diseno-sin-titulo-6-e1736799449933-1024x520.jpg",770,391,true],"1536x1536":["https:\/\/parquetantauco.cl\/wp-content\/uploads\/2025\/01\/Diseno-sin-titulo-6-e1736799449933-1536x780.jpg",1536,780,true],"2048x2048":["https:\/\/parquetantauco.cl\/wp-content\/uploads\/2025\/01\/Diseno-sin-titulo-6-e1736799449933.jpg",1600,813,false],"multimedia":["https:\/\/parquetantauco.cl\/wp-content\/uploads\/2025\/01\/Diseno-sin-titulo-6-e1736799449933-480x360.jpg",480,360,true],"multimedia-big":["https:\/\/parquetantauco.cl\/wp-content\/uploads\/2025\/01\/Diseno-sin-titulo-6-e1736799449933-770x770.jpg",770,770,true],"sow-carousel-default":["https:\/\/parquetantauco.cl\/wp-content\/uploads\/2025\/01\/Diseno-sin-titulo-6-e1736799449933-272x182.jpg",272,182,true]},"uagb_author_info":{"display_name":"tantauco","author_link":"https:\/\/parquetantauco.cl\/pt\/author\/parque-tantauco\/"},"uagb_comment_info":0,"uagb_excerpt":"La infraestructura del Parque Tantauco es un conjunto de obras realizadas por el reconocido arquitecto chileno Edward Rojas (Premio Nacional de Arquitectura el a\u00f1o 2016). Rojas trabaj\u00f3 bajo dos grandes premisas: utiliz\u00f3 solo maderas que se mimetizan con el entorno natural y su trabajo fue con el m\u00ednimo impacto al ecosistema. Todo para implementar espacios&hellip;","_links":{"self":[{"href":"https:\/\/parquetantauco.cl\/pt\/wp-json\/wp\/v2\/pages\/2319","targetHints":{"allow":["GET"]}}],"collection":[{"href":"https:\/\/parquetantauco.cl\/pt\/wp-json\/wp\/v2\/pages"}],"about":[{"href":"https:\/\/parquetantauco.cl\/pt\/wp-json\/wp\/v2\/types\/page"}],"author":[{"embeddable":true,"href":"https:\/\/parquetantauco.cl\/pt\/wp-json\/wp\/v2\/users\/1"}],"replies":[{"embeddable":true,"href":"https:\/\/parquetantauco.cl\/pt\/wp-json\/wp\/v2\/comments?post=2319"}],"version-history":[{"count":13,"href":"https:\/\/parquetantauco.cl\/pt\/wp-json\/wp\/v2\/pages\/2319\/revisions"}],"predecessor-version":[{"id":5653,"href":"https:\/\/parquetantauco.cl\/pt\/wp-json\/wp\/v2\/pages\/2319\/revisions\/5653"}],"wp:featuredmedia":[{"embeddable":true,"href":"https:\/\/parquetantauco.cl\/pt\/wp-json\/wp\/v2\/media\/5640"}],"wp:attachment":[{"href":"https:\/\/parquetantauco.cl\/pt\/wp-json\/wp\/v2\/media?parent=2319"}],"curies":[{"name":"wp","href":"https:\/\/api.w.org\/{rel}","templated":true}]}}