{"id":357,"date":"2015-11-09T23:13:01","date_gmt":"2015-11-09T23:13:01","guid":{"rendered":"https:\/\/www.parquetantauco.cl\/?page_id=357"},"modified":"2025-09-09T20:05:43","modified_gmt":"2025-09-09T20:05:43","slug":"viajes-de-empresas-colegios","status":"publish","type":"page","link":"https:\/\/parquetantauco.cl\/pt\/viajes-de-empresas-colegios\/","title":{"rendered":"(Espa\u00f1ol) Viajes de estudio"},"content":{"rendered":"<div id=\"pl-357\"  class=\"panel-layout\" ><div id=\"pg-357-0\"  class=\"panel-grid panel-has-style\" ><div class=\"panel-row-style panel-row-style-for-357-0\" ><div id=\"pgc-357-0-0\"  class=\"panel-grid-cell\" ><div id=\"panel-357-0-0-0\" class=\"so-panel widget widget_sow-editor panel-first-child panel-last-child\" data-index=\"0\" ><div\n\t\t\t\n\t\t\tclass=\"so-widget-sow-editor so-widget-sow-editor-base\"\n\t\t\t\n\t\t>\n<div class=\"siteorigin-widget-tinymce textwidget\">\n\t<p style=\"text-align: left;\"><span style=\"color: #636363;\"><span style=\"font-weight: 400; line-height: 160%;\">El programa para colegios busca fortalecer el trabajo en equipo y resaltar aptitudes de los participantes que en jornadas habituales no se dan a conocer. Para lograrlo el Parque tiene a disposici\u00f3n de los visitantes actividades al aire libre que lograran generar una experiencia \u00fanica para su grupo.<\/span><\/span><\/p>\n<\/div>\n<\/div><\/div><\/div><div id=\"pgc-357-0-1\"  class=\"panel-grid-cell\" ><div id=\"panel-357-0-1-0\" class=\"so-panel widget widget_sow-editor panel-first-child panel-last-child\" data-index=\"1\" ><div\n\t\t\t\n\t\t\tclass=\"so-widget-sow-editor so-widget-sow-editor-base\"\n\t\t\t\n\t\t>\n<div class=\"siteorigin-widget-tinymce textwidget\">\n\t<p style=\"text-align: left;\"><span style=\"color: #636363;\"><span style=\"font-weight: 400; line-height: 160%;\">Contamos con una sala de reuniones (data, tel\u00f3n, computador, sillas tipo escuela), domos con ropa de cama para dormir, \u00e1rea de recreaci\u00f3n con fog\u00f3n, juegos al aire libre, senderos de trekking aptos para todo p\u00fablico y otras actividades que los ayudar\u00e1n a conocer \u201cel lado salvaje de Chilo\u00e9\u201d.<\/span><\/span><\/p>\n<\/div>\n<\/div><\/div><\/div><\/div><\/div><div id=\"pg-357-1\"  class=\"panel-grid panel-no-style\" ><div id=\"pgc-357-1-0\"  class=\"panel-grid-cell\" ><div id=\"panel-357-1-0-0\" class=\"so-panel widget widget_sow-editor panel-first-child panel-last-child\" data-index=\"2\" ><div\n\t\t\t\n\t\t\tclass=\"so-widget-sow-editor so-widget-sow-editor-base\"\n\t\t\t\n\t\t>\n<div class=\"siteorigin-widget-tinymce textwidget\">\n\t<p style=\"text-align: left;\"><span style=\"color: #636363;\"><span style=\"font-weight: 400; line-height: 160%;\">Estos programas se adaptan a las necesidades e interese de cada colegio. Para saber m\u00e1s detalles o cotizar un programa, escr\u00edbenos al correo <span style=\"color: #62ba2e;\">info@parquetantauco.cl<\/span><\/span><\/span><\/p>\n<\/div>\n<\/div><\/div><\/div><\/div><div id=\"pg-357-2\"  class=\"panel-grid panel-no-style\" ><div id=\"pgc-357-2-0\"  class=\"panel-grid-cell\" ><div id=\"panel-357-2-0-0\" class=\"so-panel widget widget_media_image panel-first-child panel-last-child\" data-index=\"3\" ><img loading=\"lazy\" decoding=\"async\" width=\"600\" height=\"510\" src=\"https:\/\/parquetantauco.cl\/wp-content\/uploads\/2018\/10\/estudio01.png\" class=\"image wp-image-2099  attachment-full size-full\" alt=\"\" style=\"max-width: 100%; height: auto;\" srcset=\"https:\/\/parquetantauco.cl\/wp-content\/uploads\/2018\/10\/estudio01.png 600w, https:\/\/parquetantauco.cl\/wp-content\/uploads\/2018\/10\/estudio01-300x255.png 300w\" sizes=\"auto, (max-width: 600px) 100vw, 600px\" \/><\/div><\/div><div id=\"pgc-357-2-1\"  class=\"panel-grid-cell\" ><div id=\"panel-357-2-1-0\" class=\"so-panel widget widget_media_image panel-first-child panel-last-child\" data-index=\"4\" ><img loading=\"lazy\" decoding=\"async\" width=\"600\" height=\"510\" src=\"https:\/\/parquetantauco.cl\/wp-content\/uploads\/2018\/10\/estudio02.png\" class=\"image wp-image-2100  attachment-full size-full\" alt=\"\" style=\"max-width: 100%; height: auto;\" srcset=\"https:\/\/parquetantauco.cl\/wp-content\/uploads\/2018\/10\/estudio02.png 600w, https:\/\/parquetantauco.cl\/wp-content\/uploads\/2018\/10\/estudio02-300x255.png 300w\" sizes=\"auto, (max-width: 600px) 100vw, 600px\" \/><\/div><\/div><\/div><\/div>","protected":false},"excerpt":{"rendered":"<p>El programa para colegios busca fortalecer el trabajo en equipo y resaltar aptitudes de los participantes que en jornadas habituales no se dan a conocer. Para lograrlo el Parque tiene a disposici\u00f3n de los visitantes actividades al aire libre que lograran generar una experiencia \u00fanica para su grupo. Contamos con una sala de reuniones (data, [&hellip;]<\/p>\n","protected":false},"author":1,"featured_media":223,"parent":0,"menu_order":0,"comment_status":"closed","ping_status":"closed","template":"page-templates\/content-multimedia.php","meta":{"_acf_changed":false,"inline_featured_image":false,"_uag_custom_page_level_css":"","ngg_post_thumbnail":0,"footnotes":""},"class_list":["post-357","page","type-page","status-publish","has-post-thumbnail","hentry"],"acf":[],"aioseo_notices":[],"uagb_featured_image_src":{"full":["https:\/\/parquetantauco.cl\/wp-content\/uploads\/2015\/11\/museo-inio.jpg",1600,1048,false],"thumbnail":["https:\/\/parquetantauco.cl\/wp-content\/uploads\/2015\/11\/museo-inio-150x150.jpg",150,150,true],"medium":["https:\/\/parquetantauco.cl\/wp-content\/uploads\/2015\/11\/museo-inio-300x197.jpg",300,197,true],"medium_large":["https:\/\/parquetantauco.cl\/wp-content\/uploads\/2015\/11\/museo-inio.jpg",768,503,false],"large":["https:\/\/parquetantauco.cl\/wp-content\/uploads\/2015\/11\/museo-inio-1024x671.jpg",770,505,true],"1536x1536":["https:\/\/parquetantauco.cl\/wp-content\/uploads\/2015\/11\/museo-inio.jpg",1536,1006,false],"2048x2048":["https:\/\/parquetantauco.cl\/wp-content\/uploads\/2015\/11\/museo-inio.jpg",1600,1048,false],"multimedia":["https:\/\/parquetantauco.cl\/wp-content\/uploads\/2015\/11\/museo-inio-480x360.jpg",480,360,true],"multimedia-big":["https:\/\/parquetantauco.cl\/wp-content\/uploads\/2015\/11\/museo-inio-770x770.jpg",770,770,true],"sow-carousel-default":["https:\/\/parquetantauco.cl\/wp-content\/uploads\/2015\/11\/museo-inio.jpg",272,178,false]},"uagb_author_info":{"display_name":"tantauco","author_link":"https:\/\/parquetantauco.cl\/pt\/author\/parque-tantauco\/"},"uagb_comment_info":0,"uagb_excerpt":"El programa para colegios busca fortalecer el trabajo en equipo y resaltar aptitudes de los participantes que en jornadas habituales no se dan a conocer. Para lograrlo el Parque tiene a disposici\u00f3n de los visitantes actividades al aire libre que lograran generar una experiencia \u00fanica para su grupo. Contamos con una sala de reuniones (data,&hellip;","_links":{"self":[{"href":"https:\/\/parquetantauco.cl\/pt\/wp-json\/wp\/v2\/pages\/357","targetHints":{"allow":["GET"]}}],"collection":[{"href":"https:\/\/parquetantauco.cl\/pt\/wp-json\/wp\/v2\/pages"}],"about":[{"href":"https:\/\/parquetantauco.cl\/pt\/wp-json\/wp\/v2\/types\/page"}],"author":[{"embeddable":true,"href":"https:\/\/parquetantauco.cl\/pt\/wp-json\/wp\/v2\/users\/1"}],"replies":[{"embeddable":true,"href":"https:\/\/parquetantauco.cl\/pt\/wp-json\/wp\/v2\/comments?post=357"}],"version-history":[{"count":1,"href":"https:\/\/parquetantauco.cl\/pt\/wp-json\/wp\/v2\/pages\/357\/revisions"}],"predecessor-version":[{"id":6647,"href":"https:\/\/parquetantauco.cl\/pt\/wp-json\/wp\/v2\/pages\/357\/revisions\/6647"}],"wp:featuredmedia":[{"embeddable":true,"href":"https:\/\/parquetantauco.cl\/pt\/wp-json\/wp\/v2\/media\/223"}],"wp:attachment":[{"href":"https:\/\/parquetantauco.cl\/pt\/wp-json\/wp\/v2\/media?parent=357"}],"curies":[{"name":"wp","href":"https:\/\/api.w.org\/{rel}","templated":true}]}}