{"id":3661,"date":"2023-02-28T15:56:56","date_gmt":"2023-02-28T15:56:56","guid":{"rendered":"https:\/\/www.parquetantauco.cl\/?page_id=3661"},"modified":"2026-02-24T19:59:27","modified_gmt":"2026-02-24T19:59:27","slug":"educacion-ambiental","status":"publish","type":"page","link":"https:\/\/parquetantauco.cl\/pt\/educacion-ambiental\/","title":{"rendered":"Como chegar?"},"content":{"rendered":"<div id=\"pl-3661\"  class=\"panel-layout\" ><div id=\"pg-3661-0\"  class=\"panel-grid panel-no-style\" ><div id=\"pgc-3661-0-0\"  class=\"panel-grid-cell\" ><div id=\"panel-3661-0-0-0\" class=\"so-panel widget widget_sow-editor panel-first-child panel-last-child\" data-index=\"0\" ><div\n\t\t\t\n\t\t\tclass=\"so-widget-sow-editor so-widget-sow-editor-base\"\n\t\t\t\n\t\t>\n<div class=\"siteorigin-widget-tinymce textwidget\">\n\t<p>La primera etapa de trabajo ha estado principalmente en los ni\u00f1os de Chilo\u00e9. Con un exitoso programa de educaci\u00f3n ambiental, que entre 2009 y 2013 llev\u00f3 a 2.238 ni\u00f1os y ni\u00f1as a conocer el bosque de Chilo\u00e9 en Tantauco, se dio el inicio a este pilar que ahora tiene distintos programas e intervenciones en el parque y en el aula.<\/p>\n<p>En 2022, se crea la Fundaci\u00f3n Parque Tantauco con la intenci\u00f3n de potenciar la iniciativa filantr\u00f3pica, que ampare estos y otros proyectos, tales como \u201cTraves\u00eda al Parque Tantauco\u201d, \u201cTaller Docente al Parque Tantauco\u201d, \u201cEl Parque a tu sala\u201d entre otros. Todos ellos con la finalidad de poner a disposici\u00f3n de la comunidad de Chilo\u00e9 este proyecto de conservaci\u00f3n y cuidado del entorno cultural y ambiental donde est\u00e1 inserto. Desde la creaci\u00f3n de los mencionados programas, m\u00e1s de 11.000 alumnos y profesores de la provincia de Chilo\u00e9 han participado de los talleres del \u00e1rea de educaci\u00f3n ambiental de Parque Tantauco, acercando el entorno natural a la comunidad educativa del archipi\u00e9lago.<\/p>\n<p>Conoce a continuaci\u00f3n nuestros programas:<\/p>\n<p>Invitamos a todos los profesores, directores, UTP de Chilo\u00e9 y el resto del pa\u00eds a estar atentos a nuestras postulaciones que se realizan peri\u00f3dicamente.<br \/>\nPara consultas escribir a <strong>educacionambiental@parquetantauco.cl <\/strong><\/p>\n<\/div>\n<\/div><\/div><\/div><\/div><div id=\"pg-3661-1\"  class=\"panel-grid panel-no-style\" ><div id=\"pgc-3661-1-0\"  class=\"panel-grid-cell\" ><div id=\"panel-3661-1-0-0\" class=\"so-panel widget widget_sow-button panel-first-child panel-last-child\" data-index=\"1\" ><div class=\"btn-links-pages panel-widget-style panel-widget-style-for-3661-1-0-0\" ><div\n\t\t\t\n\t\t\tclass=\"so-widget-sow-button so-widget-sow-button-flat-66466acb9e12-3661\"\n\t\t\t\n\t\t><div class=\"ow-button-base ow-button-align-center\"\n>\n\t\t\t<a\n\t\t\t\t\thref=\"https:\/\/parquetantauco.cl\/educacion-ambiental\/travesia-cultural\/\"\n\t\t\t\t\tclass=\"sowb-button ow-icon-placement-left ow-button-hover\" \t>\n\t\t<span>\n\t\t\t\n\t\t\tTraves\u00eda <br \/> Cultural a Tantauco\t\t<\/span>\n\t\t\t<\/a>\n\t<\/div>\n<\/div><\/div><\/div><\/div><div id=\"pgc-3661-1-1\"  class=\"panel-grid-cell\" ><div id=\"panel-3661-1-1-0\" class=\"so-panel widget widget_sow-button panel-first-child panel-last-child\" data-index=\"2\" ><div class=\"btn-links-pages panel-widget-style panel-widget-style-for-3661-1-1-0\" ><div\n\t\t\t\n\t\t\tclass=\"so-widget-sow-button so-widget-sow-button-flat-66466acb9e12-3661\"\n\t\t\t\n\t\t><div class=\"ow-button-base ow-button-align-center\"\n>\n\t\t\t<a\n\t\t\t\t\thref=\"https:\/\/parquetantauco.cl\/jornada-autocuidado-docente-en-parque-tantauco\/\"\n\t\t\t\t\tclass=\"sowb-button ow-icon-placement-left ow-button-hover\" \t>\n\t\t<span>\n\t\t\t\n\t\t\tJornada autocuidado docente en Parque Tantauco\t\t<\/span>\n\t\t\t<\/a>\n\t<\/div>\n<\/div><\/div><\/div><\/div><div id=\"pgc-3661-1-2\"  class=\"panel-grid-cell\" ><div id=\"panel-3661-1-2-0\" class=\"so-panel widget widget_sow-button panel-first-child panel-last-child\" data-index=\"3\" ><div class=\"btn-links-pages panel-widget-style panel-widget-style-for-3661-1-2-0\" ><div\n\t\t\t\n\t\t\tclass=\"so-widget-sow-button so-widget-sow-button-flat-66466acb9e12-3661\"\n\t\t\t\n\t\t><div class=\"ow-button-base ow-button-align-center\"\n>\n\t\t\t<a\n\t\t\t\t\thref=\"https:\/\/parquetantauco.cl\/educacion-ambiental\/aula-en-la-naturaleza\/\"\n\t\t\t\t\tclass=\"sowb-button ow-icon-placement-left ow-button-hover\" \t>\n\t\t<span>\n\t\t\t\n\t\t\tTaller el <br \/> Parque a tu sala\t\t<\/span>\n\t\t\t<\/a>\n\t<\/div>\n<\/div><\/div><\/div><\/div><\/div><\/div>","protected":false},"excerpt":{"rendered":"<p>La primera etapa de trabajo ha estado principalmente en los ni\u00f1os de Chilo\u00e9. Con un exitoso programa de educaci\u00f3n ambiental, que entre 2009 y 2013 llev\u00f3 a 2.238 ni\u00f1os y ni\u00f1as a conocer el bosque de Chilo\u00e9 en Tantauco, se dio el inicio a este pilar que ahora tiene distintos programas e intervenciones en el [&hellip;]<\/p>\n","protected":false},"author":1,"featured_media":3909,"parent":0,"menu_order":0,"comment_status":"closed","ping_status":"closed","template":"","meta":{"_acf_changed":false,"inline_featured_image":false,"_uag_custom_page_level_css":"","ngg_post_thumbnail":0,"footnotes":""},"class_list":["post-3661","page","type-page","status-publish","has-post-thumbnail","hentry"],"acf":[],"aioseo_notices":[],"uagb_featured_image_src":{"full":["https:\/\/parquetantauco.cl\/wp-content\/uploads\/2023\/03\/edu_ambiental.jpg",1336,752,false],"thumbnail":["https:\/\/parquetantauco.cl\/wp-content\/uploads\/2023\/03\/edu_ambiental-150x150.jpg",150,150,true],"medium":["https:\/\/parquetantauco.cl\/wp-content\/uploads\/2023\/03\/edu_ambiental-300x169.jpg",300,169,true],"medium_large":["https:\/\/parquetantauco.cl\/wp-content\/uploads\/2023\/03\/edu_ambiental-768x432.jpg",768,432,true],"large":["https:\/\/parquetantauco.cl\/wp-content\/uploads\/2023\/03\/edu_ambiental-1024x576.jpg",770,433,true],"1536x1536":["https:\/\/parquetantauco.cl\/wp-content\/uploads\/2023\/03\/edu_ambiental.jpg",1336,752,false],"2048x2048":["https:\/\/parquetantauco.cl\/wp-content\/uploads\/2023\/03\/edu_ambiental.jpg",1336,752,false],"multimedia":["https:\/\/parquetantauco.cl\/wp-content\/uploads\/2023\/03\/edu_ambiental-480x360.jpg",480,360,true],"multimedia-big":["https:\/\/parquetantauco.cl\/wp-content\/uploads\/2023\/03\/edu_ambiental-770x752.jpg",770,752,true],"sow-carousel-default":["https:\/\/parquetantauco.cl\/wp-content\/uploads\/2023\/03\/edu_ambiental-272x182.jpg",272,182,true]},"uagb_author_info":{"display_name":"tantauco","author_link":"https:\/\/parquetantauco.cl\/pt\/author\/parque-tantauco\/"},"uagb_comment_info":0,"uagb_excerpt":"La primera etapa de trabajo ha estado principalmente en los ni\u00f1os de Chilo\u00e9. Con un exitoso programa de educaci\u00f3n ambiental, que entre 2009 y 2013 llev\u00f3 a 2.238 ni\u00f1os y ni\u00f1as a conocer el bosque de Chilo\u00e9 en Tantauco, se dio el inicio a este pilar que ahora tiene distintos programas e intervenciones en el&hellip;","_links":{"self":[{"href":"https:\/\/parquetantauco.cl\/pt\/wp-json\/wp\/v2\/pages\/3661","targetHints":{"allow":["GET"]}}],"collection":[{"href":"https:\/\/parquetantauco.cl\/pt\/wp-json\/wp\/v2\/pages"}],"about":[{"href":"https:\/\/parquetantauco.cl\/pt\/wp-json\/wp\/v2\/types\/page"}],"author":[{"embeddable":true,"href":"https:\/\/parquetantauco.cl\/pt\/wp-json\/wp\/v2\/users\/1"}],"replies":[{"embeddable":true,"href":"https:\/\/parquetantauco.cl\/pt\/wp-json\/wp\/v2\/comments?post=3661"}],"version-history":[{"count":44,"href":"https:\/\/parquetantauco.cl\/pt\/wp-json\/wp\/v2\/pages\/3661\/revisions"}],"predecessor-version":[{"id":6881,"href":"https:\/\/parquetantauco.cl\/pt\/wp-json\/wp\/v2\/pages\/3661\/revisions\/6881"}],"wp:featuredmedia":[{"embeddable":true,"href":"https:\/\/parquetantauco.cl\/pt\/wp-json\/wp\/v2\/media\/3909"}],"wp:attachment":[{"href":"https:\/\/parquetantauco.cl\/pt\/wp-json\/wp\/v2\/media?parent=3661"}],"curies":[{"name":"wp","href":"https:\/\/api.w.org\/{rel}","templated":true}]}}