{"id":3667,"date":"2023-02-28T15:58:46","date_gmt":"2023-02-28T15:58:46","guid":{"rendered":"https:\/\/www.parquetantauco.cl\/?page_id=3667"},"modified":"2026-02-23T17:28:55","modified_gmt":"2026-02-23T17:28:55","slug":"travesia-cultural","status":"publish","type":"page","link":"https:\/\/parquetantauco.cl\/pt\/educacion-ambiental\/travesia-cultural\/","title":{"rendered":"Como chegar?"},"content":{"rendered":"<div id=\"pl-3667\"  class=\"panel-layout\" ><div id=\"pg-3667-0\"  class=\"panel-grid panel-no-style\" ><div id=\"pgc-3667-0-0\"  class=\"panel-grid-cell\" ><div id=\"panel-3667-0-0-0\" class=\"so-panel widget widget_sow-editor panel-first-child\" data-index=\"0\" ><div\n\t\t\t\n\t\t\tclass=\"so-widget-sow-editor so-widget-sow-editor-base\"\n\t\t\t\n\t\t>\n<div class=\"siteorigin-widget-tinymce textwidget\">\n\t<p>Es un programa dise\u00f1ado para alumnos de educaci\u00f3n b\u00e1sica en el que, por medio de dos talleres, los alumnos tendr\u00e1n la oportunidad de aprender sobre su entorno natural. Las actividades se realizan tanto en sala de clases como en terreno, visitando un sendero realizado para motivar la curiosidad de los ni\u00f1os y ni\u00f1as que recorren los circuitos de Yaldad, ubicado en el sector norte de Parque Tantauco. Este programa<br \/>\naborda principalmente la cultura local y el entorno natural y la biodiversidad presente en Chilo\u00e9. El programa Traves\u00eda Cultural a Tantauco no tiene costo para los establecimientos que sean seleccionados, contempla actividades en sala, guiado e interpretaci\u00f3n en terreno, traslado del establecimiento a Parque Tantauco y colaci\u00f3n para los participantes.<\/p>\n<p><strong>JEFE DE PROYECTO:<\/strong> Daniela Cuevas Olivares<\/p>\n<p><strong>OBJETIVO<\/strong><\/p>\n<p>Generar un v\u00ednculo entre los establecimientos educacionales, la comunidad educativa y los alumnos con el entorno natural que los rodean, donde podr\u00e1n visitar la biodiversidad de su propia Isla durante las actividades incluidas en este programa. Entregar contenidos educativos a las comunidades escolares, basados en la cultura local chilota, cultura ambiental y la cultura tradicional de los pueblos Chonos y Huilliche, conectando con las tradiciones vigentes en el Archipi\u00e9lago de Chilo\u00e9. Generar un apego de los alumnos en relaci\u00f3n con la naturaleza, entregando las claves para aprender a proteger un medio ambiente amenazado por la intervenci\u00f3n humana. Desarrollar la capacidad de observar la flora, fauna y funga presente en el parque que fue el ecosistema donde se desenvolvieron estos pueblos originarios, generando protecci\u00f3n sobre las especies del bosque.<\/p>\n<\/div>\n<\/div><\/div><div id=\"panel-3667-0-0-1\" class=\"so-panel widget widget_sow-button\" data-index=\"1\" ><div\n\t\t\t\n\t\t\tclass=\"so-widget-sow-button so-widget-sow-button-flat-66466acb9e12-3667\"\n\t\t\t\n\t\t><div class=\"ow-button-base ow-button-align-center\"\n>\n\t\t\t<a\n\t\t\t\t\thref=\"https:\/\/forms.gle\/nUsJxQucm8t6Wz226\"\n\t\t\t\t\tclass=\"sowb-button ow-icon-placement-left ow-button-hover\" \t>\n\t\t<span>\n\t\t\t\n\t\t\tPOSTULACIONES\t\t<\/span>\n\t\t\t<\/a>\n\t<\/div>\n<\/div><\/div><div id=\"panel-3667-0-0-2\" class=\"so-panel widget widget_sow-editor\" data-index=\"2\" ><div\n\t\t\t\n\t\t\tclass=\"so-widget-sow-editor so-widget-sow-editor-base\"\n\t\t\t\n\t\t>\n<div class=\"siteorigin-widget-tinymce textwidget\">\n\t<p>&nbsp;<\/p>\n<p><strong><a href=\"https:\/\/parquetantauco.cl\/wp-content\/uploads\/2026\/02\/20-02-2026-INFORMATIVO-PROGRAMA-TRAVESIA-A-TANTAUCO.pdf\">20-02-2026 INFORMATIVO PROGRAMA TRAVES\u00cdA A TANTAUCO<\/a><br \/>\n<\/strong><br \/>\n<strong><a href=\"https:\/\/parquetantauco.cl\/wp-content\/uploads\/2026\/02\/20-02-2026-Carta-Director-a-establecimiento.pdf\">20-02-2026 Carta-Director-a-establecimiento<\/a><\/strong><\/p>\n<p><strong>METODOLOG\u00cdA<\/strong><\/p>\n<p>El programa se desarrolla durante todo el a\u00f1o escolar, desde Marzo a Diciembre. Calendarizando con diferentes establecimientos educacionales de la provincia de Chilo\u00e9 que cuenten con los niveles objetivos de este programa para participar del taller que les llevar\u00e1 a aprender y experimentar del bosque nativo y sus habitantes. Las actividades se realizan en sala y en terreno, siendo la primera una clase introductoria de los temas que se abordan en la visita al parque, donde los alumnos pueden interpretar el entorno que les rodea con m\u00e1s informaci\u00f3n.<\/p>\n<p><strong>CIFRAS<br \/>\n<\/strong><br \/>\nMas de 5.000 alumnos han participado del programa Traves\u00eda Cultural a Tantauco y esperamos que muchos estudiantes m\u00e1s se sumen. Durante el 2026, el objetivo es ampliar el alcance del programa, aumentando el n\u00famero de alumnos participando en el programa a 1.500 estudiantes de Chilo\u00e9, generando un impacto positivo en la sociedad y aumentado el v\u00ednculo de Parque Tantauco con la comunidad.<\/p>\n<\/div>\n<\/div><\/div><div id=\"panel-3667-0-0-3\" class=\"so-panel widget widget_text panel-last-child\" data-index=\"3\" >\t\t\t<div class=\"textwidget\"><p><b>CONTENIDOS DE LA TRAVES\u00cdA CULTURAL:<\/b><\/p>\n<\/div>\n\t\t<\/div><\/div><\/div><div id=\"pg-3667-1\"  class=\"panel-grid panel-no-style\" ><div id=\"pgc-3667-1-0\"  class=\"panel-grid-cell\" ><div id=\"panel-3667-1-0-0\" class=\"so-panel widget widget_media_image panel-first-child\" data-index=\"4\" ><img loading=\"lazy\" decoding=\"async\" width=\"419\" height=\"189\" src=\"https:\/\/parquetantauco.cl\/wp-content\/uploads\/2023\/03\/Mask-group-1.png\" class=\"image wp-image-3924  attachment-full size-full\" alt=\"\" style=\"max-width: 100%; height: auto;\" srcset=\"https:\/\/parquetantauco.cl\/wp-content\/uploads\/2023\/03\/Mask-group-1.png 419w, https:\/\/parquetantauco.cl\/wp-content\/uploads\/2023\/03\/Mask-group-1-300x135.png 300w\" sizes=\"auto, (max-width: 419px) 100vw, 419px\" \/><\/div><div id=\"panel-3667-1-0-1\" class=\"so-panel widget widget_text panel-last-child\" data-index=\"5\" ><div class=\"panel-widget-style panel-widget-style-for-3667-1-0-1\" >\t\t\t<div class=\"textwidget\"><p><center><strong>TALLER 1 EN SALA:<\/strong><\/center><center><strong>(Duraci\u00f3n 1 hora)<\/strong><\/center><span style=\"font-weight: 400;\">&#8211; Asentamientos en zonas costeras.<\/span><\/p>\n<p><span style=\"font-weight: 400;\">&#8211; Vida en torno al bosque crecimiento de la poblaci\u00f3n (herencia de tradiciones de pueblos chonos y huilliches)<\/span><\/p>\n<p><span style=\"font-weight: 400;\">&#8211; Ecosistema.<\/span><\/p>\n<p><span style=\"font-weight: 400;\">&#8211; Bosque (qu\u00e9 es, que hay en \u00e9l, quienes habitan).<\/span><\/p>\n<p><span style=\"font-weight: 400;\">&#8211; Peligros medioambientales.<\/span><\/p>\n<p><span style=\"font-weight: 400;\">&#8211; Elementos para recorrer en la visita en terreno.<\/span><\/p>\n<p>&nbsp;<\/p>\n<\/div>\n\t\t<\/div><\/div><\/div><div id=\"pgc-3667-1-1\"  class=\"panel-grid-cell panel-grid-cell-mobile-last\" ><div id=\"panel-3667-1-1-0\" class=\"so-panel widget widget_media_image panel-first-child\" data-index=\"6\" ><img loading=\"lazy\" decoding=\"async\" width=\"420\" height=\"189\" src=\"https:\/\/parquetantauco.cl\/wp-content\/uploads\/2023\/03\/Mask-group-2.png\" class=\"image wp-image-3925  attachment-full size-full\" alt=\"\" style=\"max-width: 100%; height: auto;\" srcset=\"https:\/\/parquetantauco.cl\/wp-content\/uploads\/2023\/03\/Mask-group-2.png 420w, https:\/\/parquetantauco.cl\/wp-content\/uploads\/2023\/03\/Mask-group-2-300x135.png 300w\" sizes=\"auto, (max-width: 420px) 100vw, 420px\" \/><\/div><div id=\"panel-3667-1-1-1\" class=\"so-panel widget widget_text panel-last-child\" data-index=\"7\" ><div class=\"panel-widget-style panel-widget-style-for-3667-1-1-1\" >\t\t\t<div class=\"textwidget\"><p><center><strong>TERRENO Y TALLER 2 PARQUE TANTAUCO:<\/strong><\/center><center><strong>(Duraci\u00f3n d\u00eda completo)<\/strong><\/center><span style=\"font-weight: 400;\">&#8211; Visita guiada durante los 3 kil\u00f3metros del sendero Rio Yaldad.<\/span><\/p>\n<p><span style=\"font-weight: 400;\">&#8211; Ejercicio sensorial con el curso, para escuchar y sentir el bosque.<\/span><\/p>\n<p><strong>\u00a0Incluye, para cada alumno:\u00a0<\/strong><\/p>\n<p><span style=\"font-weight: 400;\">&#8211; Colaci\u00f3n (gallet\u00f3n, jugo, comporta, fruta y barra de cereal).<\/span><\/p>\n<p><span style=\"font-weight: 400;\">&#8211; Traslado (Bus de 40 pasajeros).<\/span><\/p>\n<p><span style=\"font-weight: 400;\">&#8211; Gu\u00eda Tantauco.<\/span><\/p>\n<p><span style=\"font-weight: 400;\">&#8211; Apoyo de monitor en terreno.<\/span><\/p>\n<\/div>\n\t\t<\/div><\/div><\/div><div id=\"pgc-3667-1-2\"  class=\"panel-grid-cell panel-grid-cell-empty\" ><\/div><\/div><div id=\"pg-3667-2\"  class=\"panel-grid panel-no-style\" ><div id=\"pgc-3667-2-0\"  class=\"panel-grid-cell\" ><div id=\"panel-3667-2-0-0\" class=\"so-panel widget widget_text panel-first-child panel-last-child\" data-index=\"8\" >\t\t\t<div class=\"textwidget\"><p><span style=\"font-weight: 400;\">Este programa es de car\u00e1cter gratuito y est\u00e1 acogido a la Ley de Donaciones Culturales.<\/span><\/p>\n<\/div>\n\t\t<\/div><\/div><\/div><div id=\"pg-3667-3\"  class=\"panel-grid panel-no-style\" ><div id=\"pgc-3667-3-0\"  class=\"panel-grid-cell\" ><div id=\"panel-3667-3-0-0\" class=\"so-panel widget widget_text panel-first-child panel-last-child\" data-index=\"9\" >\t\t\t<div class=\"textwidget\"><p><strong>REVISA OTRAS VERSIONES:<\/strong><\/p>\n<\/div>\n\t\t<\/div><\/div><\/div><div id=\"pg-3667-4\"  class=\"panel-grid panel-no-style\" ><div id=\"pgc-3667-4-0\"  class=\"panel-grid-cell\" ><div id=\"panel-3667-4-0-0\" class=\"so-panel widget widget_sow-button panel-first-child\" data-index=\"10\" ><div class=\"btn-links-pages panel-widget-style panel-widget-style-for-3667-4-0-0\" ><div\n\t\t\t\n\t\t\tclass=\"so-widget-sow-button so-widget-sow-button-flat-b010da5f3242-3667\"\n\t\t\t\n\t\t><div class=\"ow-button-base ow-button-align-left\"\n>\n\t\t\t<a\n\t\t\t\t\thref=\"https:\/\/parquetantauco.cl\/wp-content\/uploads\/2026\/02\/2025-LISTADO-ESTABLECIMIENTOS.pdf\"\n\t\t\t\t\tclass=\"sowb-button ow-icon-placement-left ow-button-hover\" \t>\n\t\t<span>\n\t\t\t\n\t\t\t2025\t\t<\/span>\n\t\t\t<\/a>\n\t<\/div>\n<\/div><\/div><\/div><div id=\"panel-3667-4-0-1\" class=\"so-panel widget widget_sow-button\" data-index=\"11\" ><div class=\"btn-links-pages panel-widget-style panel-widget-style-for-3667-4-0-1\" ><div\n\t\t\t\n\t\t\tclass=\"so-widget-sow-button so-widget-sow-button-flat-b010da5f3242-3667\"\n\t\t\t\n\t\t><div class=\"ow-button-base ow-button-align-left\"\n>\n\t\t\t<a\n\t\t\t\t\thref=\"https:\/\/www.parquetantauco.cl\/educacion-ambiental\/travesia-cultural\/postulaciones-2024\/\"\n\t\t\t\t\tclass=\"sowb-button ow-icon-placement-left ow-button-hover\" \t>\n\t\t<span>\n\t\t\t\n\t\t\t2024\t\t<\/span>\n\t\t\t<\/a>\n\t<\/div>\n<\/div><\/div><\/div><div id=\"panel-3667-4-0-2\" class=\"so-panel widget widget_sow-button\" data-index=\"12\" ><div class=\"btn-links-pages panel-widget-style panel-widget-style-for-3667-4-0-2\" ><div\n\t\t\t\n\t\t\tclass=\"so-widget-sow-button so-widget-sow-button-flat-b010da5f3242-3667\"\n\t\t\t\n\t\t><div class=\"ow-button-base ow-button-align-left\"\n>\n\t\t\t<a\n\t\t\t\t\thref=\"https:\/\/www.parquetantauco.cl\/educacion-ambiental\/travesia-cultural\/travesia-cultural-2023\/\"\n\t\t\t\t\tclass=\"sowb-button ow-icon-placement-left ow-button-hover\" \t>\n\t\t<span>\n\t\t\t\n\t\t\t2023\t\t<\/span>\n\t\t\t<\/a>\n\t<\/div>\n<\/div><\/div><\/div><div id=\"panel-3667-4-0-3\" class=\"so-panel widget widget_sow-button panel-last-child\" data-index=\"13\" ><div class=\"btn-links-pages panel-widget-style panel-widget-style-for-3667-4-0-3\" ><div\n\t\t\t\n\t\t\tclass=\"so-widget-sow-button so-widget-sow-button-flat-b010da5f3242-3667\"\n\t\t\t\n\t\t><div class=\"ow-button-base ow-button-align-left\"\n>\n\t\t\t<a\n\t\t\t\t\thref=\"https:\/\/www.parquetantauco.cl\/educacion-ambiental\/travesia-cultural\/travesia-2022\/\"\n\t\t\t\t\tclass=\"sowb-button ow-icon-placement-left ow-button-hover\" \t>\n\t\t<span>\n\t\t\t\n\t\t\t2022\t\t<\/span>\n\t\t\t<\/a>\n\t<\/div>\n<\/div><\/div><\/div><\/div><div id=\"pgc-3667-4-1\"  class=\"panel-grid-cell panel-grid-cell-empty panel-grid-cell-mobile-last\" ><\/div><div id=\"pgc-3667-4-2\"  class=\"panel-grid-cell panel-grid-cell-empty\" ><\/div><\/div><\/div>","protected":false},"excerpt":{"rendered":"<p>Es un programa dise\u00f1ado para alumnos de educaci\u00f3n b\u00e1sica en el que, por medio de dos talleres, los alumnos tendr\u00e1n la oportunidad de aprender sobre su entorno natural. Las actividades se realizan tanto en sala de clases como en terreno, visitando un sendero realizado para motivar la curiosidad de los ni\u00f1os y ni\u00f1as que recorren [&hellip;]<\/p>\n","protected":false},"author":1,"featured_media":6067,"parent":3661,"menu_order":0,"comment_status":"closed","ping_status":"closed","template":"","meta":{"_acf_changed":false,"inline_featured_image":false,"_uag_custom_page_level_css":"","ngg_post_thumbnail":0,"footnotes":""},"class_list":["post-3667","page","type-page","status-publish","has-post-thumbnail","hentry"],"acf":[],"aioseo_notices":[],"uagb_featured_image_src":{"full":["https:\/\/parquetantauco.cl\/wp-content\/uploads\/2025\/02\/travesia.jpg",1900,500,false],"thumbnail":["https:\/\/parquetantauco.cl\/wp-content\/uploads\/2025\/02\/travesia-150x150.jpg",150,150,true],"medium":["https:\/\/parquetantauco.cl\/wp-content\/uploads\/2025\/02\/travesia-300x79.jpg",300,79,true],"medium_large":["https:\/\/parquetantauco.cl\/wp-content\/uploads\/2025\/02\/travesia-768x202.jpg",768,202,true],"large":["https:\/\/parquetantauco.cl\/wp-content\/uploads\/2025\/02\/travesia-1024x269.jpg",770,202,true],"1536x1536":["https:\/\/parquetantauco.cl\/wp-content\/uploads\/2025\/02\/travesia-1536x404.jpg",1536,404,true],"2048x2048":["https:\/\/parquetantauco.cl\/wp-content\/uploads\/2025\/02\/travesia.jpg",1900,500,false],"multimedia":["https:\/\/parquetantauco.cl\/wp-content\/uploads\/2025\/02\/travesia-480x360.jpg",480,360,true],"multimedia-big":["https:\/\/parquetantauco.cl\/wp-content\/uploads\/2025\/02\/travesia-770x500.jpg",770,500,true],"sow-carousel-default":["https:\/\/parquetantauco.cl\/wp-content\/uploads\/2025\/02\/travesia-272x182.jpg",272,182,true]},"uagb_author_info":{"display_name":"tantauco","author_link":"https:\/\/parquetantauco.cl\/pt\/author\/parque-tantauco\/"},"uagb_comment_info":0,"uagb_excerpt":"Es un programa dise\u00f1ado para alumnos de educaci\u00f3n b\u00e1sica en el que, por medio de dos talleres, los alumnos tendr\u00e1n la oportunidad de aprender sobre su entorno natural. Las actividades se realizan tanto en sala de clases como en terreno, visitando un sendero realizado para motivar la curiosidad de los ni\u00f1os y ni\u00f1as que recorren&hellip;","_links":{"self":[{"href":"https:\/\/parquetantauco.cl\/pt\/wp-json\/wp\/v2\/pages\/3667","targetHints":{"allow":["GET"]}}],"collection":[{"href":"https:\/\/parquetantauco.cl\/pt\/wp-json\/wp\/v2\/pages"}],"about":[{"href":"https:\/\/parquetantauco.cl\/pt\/wp-json\/wp\/v2\/types\/page"}],"author":[{"embeddable":true,"href":"https:\/\/parquetantauco.cl\/pt\/wp-json\/wp\/v2\/users\/1"}],"replies":[{"embeddable":true,"href":"https:\/\/parquetantauco.cl\/pt\/wp-json\/wp\/v2\/comments?post=3667"}],"version-history":[{"count":64,"href":"https:\/\/parquetantauco.cl\/pt\/wp-json\/wp\/v2\/pages\/3667\/revisions"}],"predecessor-version":[{"id":6870,"href":"https:\/\/parquetantauco.cl\/pt\/wp-json\/wp\/v2\/pages\/3667\/revisions\/6870"}],"up":[{"embeddable":true,"href":"https:\/\/parquetantauco.cl\/pt\/wp-json\/wp\/v2\/pages\/3661"}],"wp:featuredmedia":[{"embeddable":true,"href":"https:\/\/parquetantauco.cl\/pt\/wp-json\/wp\/v2\/media\/6067"}],"wp:attachment":[{"href":"https:\/\/parquetantauco.cl\/pt\/wp-json\/wp\/v2\/media?parent=3667"}],"curies":[{"name":"wp","href":"https:\/\/api.w.org\/{rel}","templated":true}]}}