{"id":3672,"date":"2023-02-28T15:59:55","date_gmt":"2023-02-28T15:59:55","guid":{"rendered":"https:\/\/www.parquetantauco.cl\/?page_id=3672"},"modified":"2023-12-11T20:31:54","modified_gmt":"2023-12-11T20:31:54","slug":"travesia-2022","status":"publish","type":"page","link":"https:\/\/parquetantauco.cl\/pt\/educacion-ambiental\/travesia-cultural\/travesia-2022\/","title":{"rendered":"Como chegar?"},"content":{"rendered":"<div id=\"pl-3672\"  class=\"panel-layout\" ><div id=\"pg-3672-0\"  class=\"panel-grid panel-no-style\" ><div id=\"pgc-3672-0-0\"  class=\"panel-grid-cell\" ><div id=\"panel-3672-0-0-0\" class=\"so-panel widget widget_sow-editor panel-first-child panel-last-child\" data-index=\"0\" ><div\n\t\t\t\n\t\t\tclass=\"so-widget-sow-editor so-widget-sow-editor-base\"\n\t\t\t\n\t\t>\n<div class=\"siteorigin-widget-tinymce textwidget\">\n\t<p><span style=\"font-weight: 400;\">El programa de educaci\u00f3n cultural ambiental del a\u00f1o 2022, con su Traves\u00eda Cultural, logr\u00f3 intervenir en 3 comunas de la provincia de Chilo\u00e9, en escuelas principalmente de la comuna de Quell\u00f3n teniendo como objetivo principal acercar el conocimiento, la cultura local y la biodiversidad a los alumnos y alumnas de 5to y 6to b\u00e1sico del territorio.<\/span><\/p>\n<p><span style=\"font-weight: 400;\">Traves\u00eda Cultural a Tantauco, se llev\u00f3 a cabo desde Agosto a Diciembre del 2022, donde se trabaj\u00f3 \u00fanicamente con escuelas de municipales y particular subvencionadas de la provincia de Chilo\u00e9.\u00a0<\/span><\/p>\n<p><span style=\"font-weight: 400;\">El programa de educaci\u00f3n ambiental cultural de Parque Tantauco y Fundaci\u00f3n Futuro est\u00e1 orientado a alumnos entre 5to y 6to b\u00e1sico del Archipi\u00e9lago de Chilo\u00e9, logrando intervenir durante el 2022, en 25 escuelas y 4 instituciones, llegando a m\u00e1s de 600 alumnos que evidenciaron la importancia del rescate cultural y cuidado medio ambiental de la zona.\u00a0<\/span><\/p>\n<p><span style=\"font-weight: 400;\">Los alumnos que participaron adquirieron mayor conocimiento del territorio con la finalidad de cuidarlo y valorarlo, por medio de los 3 talleres en los que se divide el programa, dos de ellos en sala y uno en terreno.<\/span><\/p>\n<\/div>\n<\/div><\/div><\/div><\/div><div id=\"pg-3672-1\"  class=\"panel-grid panel-no-style\" ><div id=\"pgc-3672-1-0\"  class=\"panel-grid-cell\" ><div id=\"panel-3672-1-0-0\" class=\"so-panel widget widget_text panel-first-child panel-last-child\" data-index=\"1\" ><div class=\"panel-widget-style panel-widget-style-for-3672-1-0-0\" >\t\t\t<div class=\"textwidget\"><p class=\"p1\"><b>DURANTE EL PERIODO DE FUNCIONAMIENTO DEL PROGRAMA PARTICIPARON LAS SIGUIENTES ESCUELAS:<\/b><\/p>\n<\/div>\n\t\t<\/div><\/div><\/div><\/div><div id=\"pg-3672-2\"  class=\"panel-grid panel-no-style\" ><div id=\"pgc-3672-2-0\"  class=\"panel-grid-cell\" ><div id=\"panel-3672-2-0-0\" class=\"widget_text so-panel widget widget_custom_html panel-first-child\" data-index=\"2\" ><div class=\"widget_text panel-widget-style panel-widget-style-for-3672-2-0-0\" ><div class=\"textwidget custom-html-widget\"><table class=\"table\">\n  <thead class=\"thead-dark table-blue\">\n    <tr>\n      <th scope=\"col\">#<\/th>\n      <th scope=\"col\">ESCUELA<\/th>\n      <th scope=\"col\">ALUMNOS<\/th>\n      <th scope=\"col\">NIVEL<\/th>\n    <\/tr>\n  <\/thead>\n  <tbody>\n    <tr>\n      <th scope=\"row\">1<\/th>\n      <td>LLA KINTUYA<\/td>\n      <td>28<\/td>\n      <td>5TO<\/td>\n    <\/tr>\n    <tr>\n      <th scope=\"row\">2<\/th>\n      <td>ALLA KINTUY<\/td>\n      <td>29<\/td>\n      <td>6TO<\/td>\n    <\/tr>\n    <tr>\n      <th scope=\"row\">3<\/th>\n      <td>CANDELARIA<\/td>\n      <td>19<\/td>\n      <td>TODA ESCUELA<\/td>\n    <\/tr>\n\t\t    <tr>\n      <th scope=\"row\">4<\/th>\n      <td>SAN AGUSTIN<\/td>\n      <td>29<\/td>\n      <td>5TO<\/td>\n    <\/tr>\n\t\t    <tr>\n      <th scope=\"row\">5<\/th>\n      <td>SAN AGUSTIN<\/td>\n      <td>28<\/td>\n      <td>6TO<\/td>\n    <\/tr>\n\t\t    <tr>\n      <th scope=\"row\">6<\/th>\n      <td>COINCO<\/td>\n      <td>28<\/td>\n      <td>5TO,6TO,7MO<\/td>\n    <\/tr>\n\t\t    <tr>\n      <th scope=\"row\">7<\/th>\n      <td>EULOGIA<\/td>\n      <td>29<\/td>\n      <td>5TO A<\/td>\n    <\/tr>\n\t\t    <tr>\n      <th scope=\"row\">8<\/th>\n      <td>EULOGIA<\/td>\n      <td>28<\/td>\n      <td>5TO B<\/td>\n    <\/tr>\n\t\t    <tr>\n      <th scope=\"row\">9<\/th>\n      <td> SAN PEDRO<\/td>\n      <td>23<\/td>\n      <td>5TO<\/td>\n    <\/tr>\n\t\t\t\t<tr>\n      <th scope=\"row\">10<\/th>\n      <td>MONMAPU<\/td>\n      <td>31<\/td>\n      <td>5TO A<\/td>\n    <\/tr>\n\t\t\t\t<tr>\n      <th scope=\"row\">11<\/th>\n      <td>ADELA GARCIA<\/td>\n      <td>29<\/td>\n      <td>5TO, 6TO, 7MO<\/td>\n    <\/tr>\n\t\t\t\t<tr>\n      <th scope=\"row\">12<\/th>\n      <td>ORIENTE<\/td>\n      <td>28<\/td>\n      <td>5TO A<\/td>\n    <\/tr>\n\t\t\t  <tr>\n      <th scope=\"row\">13<\/th>\n      <td>ARTISTICA<\/td>\n      <td>26<\/td>\n      <td>5TO<\/td>\n    <\/tr>\n\t\t\t\t<tr>\n      <th scope=\"row\">14<\/th>\n      <td>EMANUEL<\/td>\n      <td>34<\/td>\n      <td>5TO<\/td>\n    <\/tr>\n\t\t\t  <tr>\n      <th scope=\"row\">15<\/th>\n      <td>SAN PEDRO<\/td>\n      <td>23<\/td>\n      <td>6TO<\/td>\n    <\/tr>\n\t\t\t  <tr>\n      <th scope=\"row\">16<\/th>\n      <td>INALUN<\/td>\n      <td>35<\/td>\n      <td>5TO<\/td>\n    <\/tr>\n\t\t\t\t<tr>\n      <th scope=\"row\">17<\/th>\n      <td>MONMAPU<\/td>\n      <td>29<\/td>\n      <td>5TO B<\/td>\n    <\/tr>\n\t\t\t <tr>\n      <th scope=\"row\">18<\/th>\n      <td>ESCUELA QUELL\u00d3N<\/td>\n      <td>19<\/td>\n      <td>5TO<\/td>\n    <\/tr>\n\t\t\t\t<tr>\n      <th scope=\"row\">19<\/th>\n      <td>ORIENTE<\/td>\n      <td>29<\/td>\n      <td>5TO B<\/td>\n    <\/tr>\n\t\t\t\t<tr>\n      <th scope=\"row\">20<\/th>\n      <td>LASTENIA (ISLA LAITEC)<\/td>\n      <td>14<\/td>\n      <td>4TO,5TO,6TO,7MO<\/td>\n    <\/tr>\n\t\t\t\t<tr>\n      <th scope=\"row\">21<\/th>\n      <td>PUNTA WHITE<\/td>\n      <td>12<\/td>\n      <td>5TO,6TO,7MO<\/td>\n    <\/tr>\n\t\t\t\t<tr>\n      <th scope=\"row\">22<\/th>\n      <td>CHAIGUAO<\/td>\n      <td>10<\/td>\n      <td>TODA ESCUELA<\/td>\n    <\/tr>\n\t\t\t\t<tr>\n      <th scope=\"row\">23<\/th>\n      <td>RIO MAULE<\/td>\n      <td>5<\/td>\n      <td>TODA ESCUELA<\/td>\n    <\/tr>\n\t\t\t\t<tr>\n      <th scope=\"row\">24<\/th>\n      <td>LOS PINOS (ISLA LILIN- QUINCHAO)<\/td>\n      <td>22<\/td>\n      <td>TODA ESCUELA<\/td>\n    <\/tr>\n\t\t\t\t<tr>\n      <th scope=\"row\">25<\/th>\n      <td>INIO<\/td>\n      <td>8<\/td>\n      <td>TODA ESCUELA<\/td>\n    <\/tr>\n  <\/tbody>\n<\/table>\n<\/div><\/div><\/div><div id=\"panel-3672-2-0-1\" class=\"so-panel widget widget_text\" data-index=\"3\" ><div class=\"panel-widget-style panel-widget-style-for-3672-2-0-1\" >\t\t\t<div class=\"textwidget\"><p class=\"p1\"><b>JUNTO CON LAS ESCUELAS, TAMBI\u00c9N SE CONT\u00d3 CON LA PARTICIPACI\u00d3N DE LOS SIGUIENTES GRUPOS:<\/b><\/p>\n<\/div>\n\t\t<\/div><\/div><div id=\"panel-3672-2-0-2\" class=\"widget_text so-panel widget widget_custom_html panel-last-child\" data-index=\"4\" ><div class=\"widget_text panel-widget-style panel-widget-style-for-3672-2-0-2\" ><h3 class=\"widget-title\">Durante el periodo de funcionamiento del programa participaron las siguientes escuelas<\/h3><div class=\"textwidget custom-html-widget\"><table class=\"table\">\n  <thead class=\"thead-dark table-blue\">\n    <tr>\n      <th scope=\"col\">#<\/th>\n      <th scope=\"col\">ESCUELA<\/th>\n      <th scope=\"col\">ALUMNOS<\/th>\n      <th scope=\"col\">NIVEL<\/th>\n    <\/tr>\n  <\/thead>\n  <tbody>\n    <tr>\n      <th scope=\"row\">26<\/th>\n      <td>INSTITUTO AIEP<\/td>\n      <td>10<\/td>\n      <td>TURISMO<\/td>\n    <\/tr>\n    <tr>\n      <th scope=\"row\">27<\/th>\n      <td>PRM (Programa Reparaci\u00f3n al Maltrato Grave y Abuso Sexual) de la comuna de Quell\u00f3n<\/td>\n      <td>38<\/td>\n      <td>DIFERENTES EDADES<\/td>\n    <\/tr>\n    <tr>\n      <th scope=\"row\">28<\/th>\n      <td>PPF Quell\u00f3n, (proyecto de prevenci\u00f3n focalizada) proyecto de intervenci\u00f3n ambulatoria de la l\u00ednea de protecci\u00f3n a la infancia Mejor Ni\u00f1ez encargados de ni\u00f1os, ni\u00f1as y adolescentes v\u00edctima de vulneraciones de derechos en mediana complejidad<\/td>\n      <td>15<\/td>\n      <td>DIFERENTES EDADES<\/td>\n    <\/tr>\n\t\t    <tr>\n      <th scope=\"row\">29<\/th>\n      <td>Grupo programa de Apoyo Familiar Integral del Programa Familias de la comuna de Quell\u00f3n.<\/td>\n      <td>25<\/td>\n      <td>DIFERENTES EDADES<\/td>\n    <\/tr>\n  <\/tbody>\n<\/table>\n<\/div><\/div><\/div><\/div><\/div><\/div>","protected":false},"excerpt":{"rendered":"<p>El programa de educaci\u00f3n cultural ambiental del a\u00f1o 2022, con su Traves\u00eda Cultural, logr\u00f3 intervenir en 3 comunas de la provincia de Chilo\u00e9, en escuelas principalmente de la comuna de Quell\u00f3n teniendo como objetivo principal acercar el conocimiento, la cultura local y la biodiversidad a los alumnos y alumnas de 5to y 6to b\u00e1sico del [&hellip;]<\/p>\n","protected":false},"author":1,"featured_media":4837,"parent":3667,"menu_order":0,"comment_status":"closed","ping_status":"closed","template":"","meta":{"_acf_changed":false,"inline_featured_image":false,"_uag_custom_page_level_css":"","ngg_post_thumbnail":0,"footnotes":""},"class_list":["post-3672","page","type-page","status-publish","has-post-thumbnail","hentry"],"acf":[],"aioseo_notices":[],"uagb_featured_image_src":{"full":["https:\/\/parquetantauco.cl\/wp-content\/uploads\/2023\/12\/20230614_131907-scaled.jpg",2560,1152,false],"thumbnail":["https:\/\/parquetantauco.cl\/wp-content\/uploads\/2023\/12\/20230614_131907-150x150.jpg",150,150,true],"medium":["https:\/\/parquetantauco.cl\/wp-content\/uploads\/2023\/12\/20230614_131907-300x135.jpg",300,135,true],"medium_large":["https:\/\/parquetantauco.cl\/wp-content\/uploads\/2023\/12\/20230614_131907-768x346.jpg",768,346,true],"large":["https:\/\/parquetantauco.cl\/wp-content\/uploads\/2023\/12\/20230614_131907-1024x461.jpg",770,347,true],"1536x1536":["https:\/\/parquetantauco.cl\/wp-content\/uploads\/2023\/12\/20230614_131907-1536x691.jpg",1536,691,true],"2048x2048":["https:\/\/parquetantauco.cl\/wp-content\/uploads\/2023\/12\/20230614_131907-2048x922.jpg",2048,922,true],"multimedia":["https:\/\/parquetantauco.cl\/wp-content\/uploads\/2023\/12\/20230614_131907-480x360.jpg",480,360,true],"multimedia-big":["https:\/\/parquetantauco.cl\/wp-content\/uploads\/2023\/12\/20230614_131907-770x770.jpg",770,770,true],"sow-carousel-default":["https:\/\/parquetantauco.cl\/wp-content\/uploads\/2023\/12\/20230614_131907-272x182.jpg",272,182,true]},"uagb_author_info":{"display_name":"tantauco","author_link":"https:\/\/parquetantauco.cl\/pt\/author\/parque-tantauco\/"},"uagb_comment_info":0,"uagb_excerpt":"El programa de educaci\u00f3n cultural ambiental del a\u00f1o 2022, con su Traves\u00eda Cultural, logr\u00f3 intervenir en 3 comunas de la provincia de Chilo\u00e9, en escuelas principalmente de la comuna de Quell\u00f3n teniendo como objetivo principal acercar el conocimiento, la cultura local y la biodiversidad a los alumnos y alumnas de 5to y 6to b\u00e1sico del&hellip;","_links":{"self":[{"href":"https:\/\/parquetantauco.cl\/pt\/wp-json\/wp\/v2\/pages\/3672","targetHints":{"allow":["GET"]}}],"collection":[{"href":"https:\/\/parquetantauco.cl\/pt\/wp-json\/wp\/v2\/pages"}],"about":[{"href":"https:\/\/parquetantauco.cl\/pt\/wp-json\/wp\/v2\/types\/page"}],"author":[{"embeddable":true,"href":"https:\/\/parquetantauco.cl\/pt\/wp-json\/wp\/v2\/users\/1"}],"replies":[{"embeddable":true,"href":"https:\/\/parquetantauco.cl\/pt\/wp-json\/wp\/v2\/comments?post=3672"}],"version-history":[{"count":71,"href":"https:\/\/parquetantauco.cl\/pt\/wp-json\/wp\/v2\/pages\/3672\/revisions"}],"predecessor-version":[{"id":3923,"href":"https:\/\/parquetantauco.cl\/pt\/wp-json\/wp\/v2\/pages\/3672\/revisions\/3923"}],"up":[{"embeddable":true,"href":"https:\/\/parquetantauco.cl\/pt\/wp-json\/wp\/v2\/pages\/3667"}],"wp:featuredmedia":[{"embeddable":true,"href":"https:\/\/parquetantauco.cl\/pt\/wp-json\/wp\/v2\/media\/4837"}],"wp:attachment":[{"href":"https:\/\/parquetantauco.cl\/pt\/wp-json\/wp\/v2\/media?parent=3672"}],"curies":[{"name":"wp","href":"https:\/\/api.w.org\/{rel}","templated":true}]}}