{"id":3675,"date":"2023-02-28T16:00:50","date_gmt":"2023-02-28T16:00:50","guid":{"rendered":"https:\/\/www.parquetantauco.cl\/?page_id=3675"},"modified":"2025-02-18T13:28:58","modified_gmt":"2025-02-18T13:28:58","slug":"postulaciones-2024","status":"publish","type":"page","link":"https:\/\/parquetantauco.cl\/pt\/educacion-ambiental\/travesia-cultural\/postulaciones-2024\/","title":{"rendered":"Como chegar?"},"content":{"rendered":"<div id=\"pl-3675\"  class=\"panel-layout\" ><div id=\"pg-3675-0\"  class=\"panel-grid panel-no-style\" ><div id=\"pgc-3675-0-0\"  class=\"panel-grid-cell\" ><div id=\"panel-3675-0-0-0\" class=\"so-panel widget widget_sow-editor panel-first-child\" data-index=\"0\" ><div\n\t\t\t\n\t\t\tclass=\"so-widget-sow-editor so-widget-sow-editor-base\"\n\t\t\t\n\t\t>\n<div class=\"siteorigin-widget-tinymce textwidget\">\n\t<p><b>POSTULACION TRAVES\u00cdA CULTURAL AL PARQUE TANTAUCO \u2013 2024<\/b><\/p>\n<p><span style=\"font-weight: 400;\">Fundaci\u00f3n Futuro, Fundaci\u00f3n Pi\u00f1era Morel y Fundaci\u00f3n Parque Tantauco invitan a todos los establecimientos educacionales de la provincia de Chilo\u00e9 a participar en la tercera versi\u00f3n del programa \u201cTraves\u00eda cultural a Tantauco\u201d, que se realizar\u00e1 desde Marzo a Diciembre del 2024.<\/span><\/p>\n<p><span style=\"font-weight: 400;\">La actividad es una alianza entre las entidades y se encuentra dirigido a ni\u00f1os y ni\u00f1as de 5\u00ba y 6\u00ba b\u00e1sico de la provincia de Chilo\u00e9.<\/span><\/p>\n<p><span style=\"font-weight: 400;\">En el programa se conversar\u00e1 sobre la Cultura Local Chona y Huilliche, sumado a elementos de la biodiversidad de Chilo\u00e9 y su conexi\u00f3n con las tradiciones del Archipi\u00e9lago, consistente en ciclos de tres sesiones en cada establecimiento, dos de estas clases se realizan en la sala de clases y un d\u00eda de terreno donde se visita el sendero Rio Yaldad del Parque Tantauco.<\/span><\/p>\n<p><span style=\"font-weight: 400;\">El programa Traves\u00eda Cultural a Tantauco no tiene costo para los establecimientos que sean seleccionados.<\/span><\/p>\n<\/div>\n<\/div><\/div><div id=\"panel-3675-0-0-1\" class=\"so-panel widget widget_sow-editor\" data-index=\"1\" ><div class=\"panel-widget-style panel-widget-style-for-3675-0-0-1\" ><div\n\t\t\t\n\t\t\tclass=\"so-widget-sow-editor so-widget-sow-editor-base\"\n\t\t\t\n\t\t>\n<div class=\"siteorigin-widget-tinymce textwidget\">\n\t<p><strong>OBJETIVOS DEL PROGRAMA<\/strong><\/p>\n<p>- Entregar contenidos educativos a las comunidades escolares, basados en la cultura local, cultura ambiental y la cultura tradicional de los pueblos Chonos y Huilliche, conectando con las tradiciones vigentes en el Archipi\u00e9lago de Chilo\u00e9.<\/p>\n<p>- Se busca generar un v\u00ednculo entre los establecimientos educacionales, la comunidad educativa y los alumnos con el entorno natural que los rodean, donde podr\u00e1n visitar la biodiversidad de su propia Isla durante las actividades incluidas en este programa.<\/p>\n<p>- Destacar la vivencia y tradiciones de los pueblos originarios, en especial el pueblo Chono, y su relaci\u00f3n con el mar y los bosques, y desde aqu\u00ed entregar una experiencia al aire libre para ense\u00f1ar a cuidar y apreciar el entorno natural de Chilo\u00e9.<\/p>\n<p>- Generar un apego de los alumnos en relaci\u00f3n con la naturaleza, entregando las claves para aprender a proteger un medio ambiente amenazado por la intervenci\u00f3n humana. Desarrollar la capacidad de observar la flora y fauna presente en el parque que fue el ecosistema donde se desenvolvieron estos pueblos originarios.<\/p>\n<\/div>\n<\/div><\/div><\/div><div id=\"panel-3675-0-0-2\" class=\"so-panel widget widget_sow-editor panel-last-child\" data-index=\"2\" ><div class=\"panel-widget-style panel-widget-style-for-3675-0-0-2\" ><div\n\t\t\t\n\t\t\tclass=\"so-widget-sow-editor so-widget-sow-editor-base\"\n\t\t\t\n\t\t>\n<div class=\"siteorigin-widget-tinymce textwidget\">\n\t<p><b>\u00bfA qui\u00e9n est\u00e1 dirigido Traves\u00eda Cultural a Tantauco?<\/b><\/p>\n<p><span style=\"font-weight: 400;\">Programa dirigido a alumnas y alumnos de quinto y sexto b\u00e1sico de colegios municipales y particulares subvencionados de la provincia de Chilo\u00e9.\u00a0<\/span><\/p>\n<p><span style=\"font-weight: 400;\">\u00a0Se estima la participaci\u00f3n de 1.000 alumnas y alumnos.<\/span><\/p>\n<p><b>Requisitos para postular\u00a0<\/b><\/p>\n<ul>\n<li><span style=\"font-weight: 400;\"> Ser colegio municipal o particular subvencionado de la provincia de Chilo\u00e9, que tengan cursos de quinto y sexto b\u00e1sico.<\/span><\/li>\n<li><span style=\"font-weight: 400;\"> Disponer de una hora para el taller 1 en sala, y 1 hora para el taller 3 en sala en horario de clases y disponer de un d\u00eda completo para el taller 2 en terreno.<\/span><\/li>\n<li><span style=\"font-weight: 400;\"> Compromiso de profesores para apoyar las actividades que se realizar\u00e1n en la sala de clases y en la visita por el d\u00eda al Parque Tantauco.<\/span><\/li>\n<li>Firma de consentimiento de postulaci\u00f3n por parte del director. Descargue aqu\u00ed el formato de la carta a enviar v\u00eda formulario Google : <a href=\"https:\/\/www.parquetantauco.cl\/wp-content\/uploads\/2023\/03\/Carta-Director-a-escuela.docx\"><b><i>Carta consentimiento Director Escuela<\/i><\/b><\/a><\/li>\n<\/ul>\n<p><b>\u00bfC\u00f3mo postular al programa Traves\u00eda Cultural a Tantauco?<\/b><\/p>\n<p><span style=\"font-weight: 400;\">A continuaci\u00f3n, debe presionar la casilla \u201cFormulario de Postulaci\u00f3n\u201d, donde deber\u00e1 rellenar indicando nombre del establecimiento, n\u00famero de ni\u00f1os en quinto o sexto b\u00e1sico, nombre y contacto del profesor a cargo. La carta que descarg\u00f3 debe adjuntarla en este formulario para que sea enviado junto a su postulaci\u00f3n.<\/span><\/p>\n<p><span style=\"font-weight: 400;\">Si quieres conocer el contenido de las clases, puedes descargar el temario aqu\u00ed: <\/span><b><i>\u201c<a href=\"https:\/\/www.parquetantauco.cl\/wp-content\/uploads\/2023\/03\/Programa-travesiaTantauco-ok.pdf\">Detalle programa<\/a>\u201d.<\/i><\/b><\/p>\n<p>Para dudas y consultas escr\u00edbanos a: <strong><span style=\"color: #636363;\"><span style=\"color: #628d3b;\"><a style=\"color: #628d3b;\" href=\"mailto:educacionambiental@parquetantauco.cl\">educacionambiental@parquetantauco.cl<\/a><\/span><\/span><\/strong><\/p>\n<p><span style=\"font-weight: 400;\">Programa gratuito acogido a la Ley de Donaciones Culturales.<\/span><\/p>\n<\/div>\n<\/div><\/div><\/div><\/div><\/div><div id=\"pg-3675-1\"  class=\"panel-grid panel-no-style\" ><div id=\"pgc-3675-1-0\"  class=\"panel-grid-cell panel-grid-cell-empty\" ><\/div><div id=\"pgc-3675-1-1\"  class=\"panel-grid-cell panel-grid-cell-empty panel-grid-cell-mobile-last\" ><\/div><div id=\"pgc-3675-1-2\"  class=\"panel-grid-cell panel-grid-cell-empty\" ><\/div><\/div><\/div>","protected":false},"excerpt":{"rendered":"<p>POSTULACION TRAVES\u00cdA CULTURAL AL PARQUE TANTAUCO \u2013 2024 Fundaci\u00f3n Futuro, Fundaci\u00f3n Pi\u00f1era Morel y Fundaci\u00f3n Parque Tantauco invitan a todos los establecimientos educacionales de la provincia de Chilo\u00e9 a participar en la tercera versi\u00f3n del programa \u201cTraves\u00eda cultural a Tantauco\u201d, que se realizar\u00e1 desde Marzo a Diciembre del 2024. La actividad es una alianza entre [&hellip;]<\/p>\n","protected":false},"author":1,"featured_media":4780,"parent":3667,"menu_order":0,"comment_status":"closed","ping_status":"closed","template":"","meta":{"_acf_changed":false,"inline_featured_image":false,"_uag_custom_page_level_css":"","ngg_post_thumbnail":0,"footnotes":""},"class_list":["post-3675","page","type-page","status-publish","has-post-thumbnail","hentry"],"acf":[],"aioseo_notices":[],"uagb_featured_image_src":{"full":["https:\/\/parquetantauco.cl\/wp-content\/uploads\/2023\/12\/20230706_111055-scaled.jpg",2560,1153,false],"thumbnail":["https:\/\/parquetantauco.cl\/wp-content\/uploads\/2023\/12\/20230706_111055-150x150.jpg",150,150,true],"medium":["https:\/\/parquetantauco.cl\/wp-content\/uploads\/2023\/12\/20230706_111055-300x135.jpg",300,135,true],"medium_large":["https:\/\/parquetantauco.cl\/wp-content\/uploads\/2023\/12\/20230706_111055-768x346.jpg",768,346,true],"large":["https:\/\/parquetantauco.cl\/wp-content\/uploads\/2023\/12\/20230706_111055-1024x461.jpg",770,347,true],"1536x1536":["https:\/\/parquetantauco.cl\/wp-content\/uploads\/2023\/12\/20230706_111055-1536x692.jpg",1536,692,true],"2048x2048":["https:\/\/parquetantauco.cl\/wp-content\/uploads\/2023\/12\/20230706_111055-2048x922.jpg",2048,922,true],"multimedia":["https:\/\/parquetantauco.cl\/wp-content\/uploads\/2023\/12\/20230706_111055-480x360.jpg",480,360,true],"multimedia-big":["https:\/\/parquetantauco.cl\/wp-content\/uploads\/2023\/12\/20230706_111055-770x770.jpg",770,770,true],"sow-carousel-default":["https:\/\/parquetantauco.cl\/wp-content\/uploads\/2023\/12\/20230706_111055-272x182.jpg",272,182,true]},"uagb_author_info":{"display_name":"tantauco","author_link":"https:\/\/parquetantauco.cl\/pt\/author\/parque-tantauco\/"},"uagb_comment_info":0,"uagb_excerpt":"POSTULACION TRAVES\u00cdA CULTURAL AL PARQUE TANTAUCO \u2013 2024 Fundaci\u00f3n Futuro, Fundaci\u00f3n Pi\u00f1era Morel y Fundaci\u00f3n Parque Tantauco invitan a todos los establecimientos educacionales de la provincia de Chilo\u00e9 a participar en la tercera versi\u00f3n del programa \u201cTraves\u00eda cultural a Tantauco\u201d, que se realizar\u00e1 desde Marzo a Diciembre del 2024. La actividad es una alianza entre&hellip;","_links":{"self":[{"href":"https:\/\/parquetantauco.cl\/pt\/wp-json\/wp\/v2\/pages\/3675","targetHints":{"allow":["GET"]}}],"collection":[{"href":"https:\/\/parquetantauco.cl\/pt\/wp-json\/wp\/v2\/pages"}],"about":[{"href":"https:\/\/parquetantauco.cl\/pt\/wp-json\/wp\/v2\/types\/page"}],"author":[{"embeddable":true,"href":"https:\/\/parquetantauco.cl\/pt\/wp-json\/wp\/v2\/users\/1"}],"replies":[{"embeddable":true,"href":"https:\/\/parquetantauco.cl\/pt\/wp-json\/wp\/v2\/comments?post=3675"}],"version-history":[{"count":34,"href":"https:\/\/parquetantauco.cl\/pt\/wp-json\/wp\/v2\/pages\/3675\/revisions"}],"predecessor-version":[{"id":6120,"href":"https:\/\/parquetantauco.cl\/pt\/wp-json\/wp\/v2\/pages\/3675\/revisions\/6120"}],"up":[{"embeddable":true,"href":"https:\/\/parquetantauco.cl\/pt\/wp-json\/wp\/v2\/pages\/3667"}],"wp:featuredmedia":[{"embeddable":true,"href":"https:\/\/parquetantauco.cl\/pt\/wp-json\/wp\/v2\/media\/4780"}],"wp:attachment":[{"href":"https:\/\/parquetantauco.cl\/pt\/wp-json\/wp\/v2\/media?parent=3675"}],"curies":[{"name":"wp","href":"https:\/\/api.w.org\/{rel}","templated":true}]}}