{"id":3690,"date":"2023-02-28T16:05:26","date_gmt":"2023-02-28T16:05:26","guid":{"rendered":"https:\/\/www.parquetantauco.cl\/?page_id=3690"},"modified":"2026-01-27T12:04:33","modified_gmt":"2026-01-27T12:04:33","slug":"parque-a-tu-encuentro","status":"publish","type":"page","link":"https:\/\/parquetantauco.cl\/pt\/programas-comunitarios\/parque-a-tu-encuentro\/","title":{"rendered":"Como chegar?"},"content":{"rendered":"<div id=\"pl-3690\"  class=\"panel-layout\" ><div id=\"pg-3690-0\"  class=\"panel-grid panel-no-style\" ><div id=\"pgc-3690-0-0\"  class=\"panel-grid-cell\" ><div id=\"panel-3690-0-0-0\" class=\"so-panel widget widget_sow-editor panel-first-child panel-last-child\" data-index=\"0\" ><div\n\t\t\t\n\t\t\tclass=\"so-widget-sow-editor so-widget-sow-editor-base\"\n\t\t\t\n\t\t>\n<div class=\"siteorigin-widget-tinymce textwidget\">\n\t<p>Desde el a\u00f1o 2022, la Fundaci\u00f3n Parque Tantauco, ha impulsado un innovador programa de exposiciones itinerantes, dise\u00f1ado para acercar el conocimiento y la cultura a la comunidad en sus propios espacios cotidianos. Estas muestras han sido presentadas en una amplia variedad de lugares p\u00fablicos, como plazas, terminales de buses, ferias locales, consultorios y establecimientos educacionales, con el prop\u00f3sito de generar encuentros significativos que permitan difundir y promover el valor del patrimonio cultural y natural de Chilo\u00e9.<\/p>\n<p><strong>JEFE DE PROYECTO:<\/strong> Dami\u00e1n Vald\u00e9s P.<\/p>\n<p><strong>OBJETIVO<br \/>\n<\/strong>Acercar informaci\u00f3n sobre la flora fauna y funga; historia, tradiciones y cultura ancestral, todo de forma atractiva y l\u00fadica con infograf\u00edas que convierten los espacios p\u00fablicos en museos al aire libre.<\/p>\n<p><strong>DIRIGIDO A:<\/strong><br \/>\nToda la comunidad del archipi\u00e9lago de Chilo\u00e9 y sus visitantes.<\/p>\n<p><strong>PROGRAMA EN CIFRAS:<\/strong><br \/>\nEntre 2022 y 2023 se recorrieron las diez comunas de Chilo\u00e9 con la muestra itinerante \u201cLos desaf\u00edos de un Patrimonio Mundial\u201d. Entre 2023 y 2024 se recorrieron 8 comunas con la muestra \u201cHongos de Chilo\u00e9\u201d. Adem\u00e1s, en la comuna de Quell\u00f3n se desarroll\u00f3 la muestra \u201cYo descubro mi Quell\u00f3n\u201d, que est\u00e1 presente en los terminales de buses y sitos tur\u00edsticos de la comuna. Se estima que las diferentes exposiciones han sido vista por m\u00e1s de 30.000 personas. Para el 2026 se espera una nueva exposici\u00f3n entorno al trabajo de conservaci\u00f3n de los 20 a\u00f1os del Parque Tantauco.<\/p>\n<p><b>Si quieres recibir alguna de las exposiciones itinerantes para realizar actividades de difusi\u00f3n cultural y din\u00e1micas de trabajo en torno a la muestra, ya sea en establecimientos educacionales, sedes vecinales, juntas de vecinos u otra instancia af\u00edn; <span style=\"color: #636363;\"> escr\u00edbanos a <span style=\"color: #628d3b;\"><a style=\"color: #628d3b;\" href=\"comunidad@parquetantauco.cl\">comunidad@parquetantauco.cl<\/a><\/span><\/span><\/b><\/p>\n<p><span style=\"font-weight: 400;\">Algunas de las exposiciones que se est\u00e1n presentando y que puede revisar en nuestro sitio son:<\/span><\/p>\n<p>PROYECTO ACOGIDO A LEY DE DONACIONES CULTURALES<\/p>\n<\/div>\n<\/div><\/div><\/div><\/div><div id=\"pg-3690-1\"  class=\"panel-grid panel-no-style\" ><div id=\"pgc-3690-1-0\"  class=\"panel-grid-cell\" ><div id=\"panel-3690-1-0-0\" class=\"so-panel widget widget_sow-editor panel-first-child panel-last-child\" data-index=\"1\" ><div\n\t\t\t\n\t\t\tclass=\"so-widget-sow-editor so-widget-sow-editor-base\"\n\t\t\t\n\t\t>\n<div class=\"siteorigin-widget-tinymce textwidget\">\n\t<p style=\"text-align: center;\"><a href=\"https:\/\/dev.tallerdigital.cl\/tantauco-dev\/wp-content\/uploads\/2025\/01\/castro-1.jpg\"><img loading=\"lazy\" decoding=\"async\" class=\"alignnone wp-image-5741 size-large\" src=\"https:\/\/dev.tallerdigital.cl\/tantauco-dev\/wp-content\/uploads\/2025\/01\/castro-1-1024x768.jpg\" alt=\"\" width=\"770\" height=\"578\" srcset=\"https:\/\/parquetantauco.cl\/wp-content\/uploads\/2025\/01\/castro-1-1024x768.jpg 1024w, https:\/\/parquetantauco.cl\/wp-content\/uploads\/2025\/01\/castro-1-300x225.jpg 300w, https:\/\/parquetantauco.cl\/wp-content\/uploads\/2025\/01\/castro-1-768x576.jpg 768w, https:\/\/parquetantauco.cl\/wp-content\/uploads\/2025\/01\/castro-1-1536x1152.jpg 1536w, https:\/\/parquetantauco.cl\/wp-content\/uploads\/2025\/01\/castro-1-480x360.jpg 480w, https:\/\/parquetantauco.cl\/wp-content\/uploads\/2025\/01\/castro-1.jpg 2016w\" sizes=\"auto, (max-width: 770px) 100vw, 770px\" \/><\/a><\/p>\n<\/div>\n<\/div><\/div><\/div><\/div><div id=\"pg-3690-2\"  class=\"panel-grid panel-no-style\" ><div id=\"pgc-3690-2-0\"  class=\"panel-grid-cell\" ><div id=\"panel-3690-2-0-0\" class=\"so-panel widget widget_text panel-first-child panel-last-child\" data-index=\"2\" >\t\t\t<div class=\"textwidget\"><div id=\"panel-3690-0-0-0\" class=\"so-panel widget widget_sow-editor panel-first-child\" data-index=\"0\">\n<div class=\"so-widget-sow-editor so-widget-sow-editor-base\">\n<div class=\"siteorigin-widget-tinymce textwidget\">\n<p><strong>ALGUNAS DE LAS EXPOSICIONES QUE SE EST\u00c1N PRESENTANDO Y QUE PUEDE REVISAR EN NUESTRO SITIO SON:<\/strong><\/p>\n<\/div>\n<\/div>\n<\/div>\n<\/div>\n\t\t<\/div><\/div><\/div><div id=\"pg-3690-3\"  class=\"panel-grid panel-no-style\" ><div id=\"pgc-3690-3-0\"  class=\"panel-grid-cell\" ><div id=\"panel-3690-3-0-0\" class=\"so-panel widget widget_sow-button panel-first-child\" data-index=\"3\" ><div class=\"btn-links-pages panel-widget-style panel-widget-style-for-3690-3-0-0\" ><div\n\t\t\t\n\t\t\tclass=\"so-widget-sow-button so-widget-sow-button-flat-66466acb9e12-3690\"\n\t\t\t\n\t\t><div class=\"ow-button-base ow-button-align-center\"\n>\n\t\t\t<a\n\t\t\t\t\thref=\"https:\/\/www.parquetantauco.cl\/programas-comunitarios\/parque-a-tu-encuentro\/descubro-mi-quellon\/\"\n\t\t\t\t\tclass=\"sowb-button ow-icon-placement-left ow-button-hover\" \t>\n\t\t<span>\n\t\t\t\n\t\t\tDescubro Mi Quell\u00f3n\t\t<\/span>\n\t\t\t<\/a>\n\t<\/div>\n<\/div><\/div><\/div><div id=\"panel-3690-3-0-1\" class=\"so-panel widget widget_sow-button\" data-index=\"4\" ><div class=\"btn-links-pages panel-widget-style panel-widget-style-for-3690-3-0-1\" ><div\n\t\t\t\n\t\t\tclass=\"so-widget-sow-button so-widget-sow-button-flat-66466acb9e12-3690\"\n\t\t\t\n\t\t><div class=\"ow-button-base ow-button-align-center\"\n>\n\t\t\t<a\n\t\t\t\t\thref=\"https:\/\/www.parquetantauco.cl\/programas-comunitarios\/parque-a-tu-encuentro\/desafios-del-patrimonio-mundial\/\"\n\t\t\t\t\tclass=\"sowb-button ow-icon-placement-left ow-button-hover\" \t>\n\t\t<span>\n\t\t\t\n\t\t\tDesaf\u00edos del Patrimonio Mundial\t\t<\/span>\n\t\t\t<\/a>\n\t<\/div>\n<\/div><\/div><\/div><div id=\"panel-3690-3-0-2\" class=\"so-panel widget widget_sow-button\" data-index=\"5\" ><div class=\"btn-links-pages panel-widget-style panel-widget-style-for-3690-3-0-2\" ><div\n\t\t\t\n\t\t\tclass=\"so-widget-sow-button so-widget-sow-button-flat-66466acb9e12-3690\"\n\t\t\t\n\t\t><div class=\"ow-button-base ow-button-align-center\"\n>\n\t\t\t<a\n\t\t\t\t\thref=\"https:\/\/www.parquetantauco.cl\/programas-comunitarios\/parque-a-tu-encuentro\/hongos-de-chiloe\/\"\n\t\t\t\t\tclass=\"sowb-button ow-icon-placement-left ow-button-hover\" \t>\n\t\t<span>\n\t\t\t\n\t\t\tHongos de Chilo\u00e9\t\t<\/span>\n\t\t\t<\/a>\n\t<\/div>\n<\/div><\/div><\/div><div id=\"panel-3690-3-0-3\" class=\"so-panel widget widget_sow-button panel-last-child\" data-index=\"6\" ><div class=\"btn-links-pages panel-widget-style panel-widget-style-for-3690-3-0-3\" ><div\n\t\t\t\n\t\t\tclass=\"so-widget-sow-button so-widget-sow-button-flat-66466acb9e12-3690\"\n\t\t\t\n\t\t><div class=\"ow-button-base ow-button-align-center\"\n>\n\t\t\t<a\n\t\t\t\t\thref=\"https:\/\/parquetantauco.cl\/conmemoracion-20-anos-parque-tantauco-y-bicentenario-de-chiloe\/\"\n\t\t\t\t\tclass=\"sowb-button ow-icon-placement-left ow-button-hover\" \t>\n\t\t<span>\n\t\t\t\n\t\t\t20 A\u00f1os del Parque Tantauco y Bicentenario de Chilo\u00e9\t\t<\/span>\n\t\t\t<\/a>\n\t<\/div>\n<\/div><\/div><\/div><\/div><div id=\"pgc-3690-3-1\"  class=\"panel-grid-cell panel-grid-cell-empty panel-grid-cell-mobile-last\" ><\/div><div id=\"pgc-3690-3-2\"  class=\"panel-grid-cell panel-grid-cell-empty\" ><\/div><\/div><\/div>","protected":false},"excerpt":{"rendered":"<p>Desde el a\u00f1o 2022, la Fundaci\u00f3n Parque Tantauco, ha impulsado un innovador programa de exposiciones itinerantes, dise\u00f1ado para acercar el conocimiento y la cultura a la comunidad en sus propios espacios cotidianos. Estas muestras han sido presentadas en una amplia variedad de lugares p\u00fablicos, como plazas, terminales de buses, ferias locales, consultorios y establecimientos educacionales, [&hellip;]<\/p>\n","protected":false},"author":1,"featured_media":6685,"parent":3687,"menu_order":0,"comment_status":"closed","ping_status":"closed","template":"","meta":{"_acf_changed":false,"inline_featured_image":false,"_uag_custom_page_level_css":"","ngg_post_thumbnail":0,"footnotes":""},"class_list":["post-3690","page","type-page","status-publish","has-post-thumbnail","hentry"],"acf":[],"aioseo_notices":[],"uagb_featured_image_src":{"full":["https:\/\/parquetantauco.cl\/wp-content\/uploads\/2025\/09\/ParqueTantauco_Parque-tu-encuentro_2.jpg",1336,500,false],"thumbnail":["https:\/\/parquetantauco.cl\/wp-content\/uploads\/2025\/09\/ParqueTantauco_Parque-tu-encuentro_2-150x150.jpg",150,150,true],"medium":["https:\/\/parquetantauco.cl\/wp-content\/uploads\/2025\/09\/ParqueTantauco_Parque-tu-encuentro_2-300x112.jpg",300,112,true],"medium_large":["https:\/\/parquetantauco.cl\/wp-content\/uploads\/2025\/09\/ParqueTantauco_Parque-tu-encuentro_2-768x287.jpg",768,287,true],"large":["https:\/\/parquetantauco.cl\/wp-content\/uploads\/2025\/09\/ParqueTantauco_Parque-tu-encuentro_2-1024x383.jpg",770,288,true],"1536x1536":["https:\/\/parquetantauco.cl\/wp-content\/uploads\/2025\/09\/ParqueTantauco_Parque-tu-encuentro_2.jpg",1336,500,false],"2048x2048":["https:\/\/parquetantauco.cl\/wp-content\/uploads\/2025\/09\/ParqueTantauco_Parque-tu-encuentro_2.jpg",1336,500,false],"multimedia":["https:\/\/parquetantauco.cl\/wp-content\/uploads\/2025\/09\/ParqueTantauco_Parque-tu-encuentro_2-480x360.jpg",480,360,true],"multimedia-big":["https:\/\/parquetantauco.cl\/wp-content\/uploads\/2025\/09\/ParqueTantauco_Parque-tu-encuentro_2-770x500.jpg",770,500,true],"sow-carousel-default":["https:\/\/parquetantauco.cl\/wp-content\/uploads\/2025\/09\/ParqueTantauco_Parque-tu-encuentro_2-272x182.jpg",272,182,true]},"uagb_author_info":{"display_name":"tantauco","author_link":"https:\/\/parquetantauco.cl\/pt\/author\/parque-tantauco\/"},"uagb_comment_info":0,"uagb_excerpt":"Desde el a\u00f1o 2022, la Fundaci\u00f3n Parque Tantauco, ha impulsado un innovador programa de exposiciones itinerantes, dise\u00f1ado para acercar el conocimiento y la cultura a la comunidad en sus propios espacios cotidianos. Estas muestras han sido presentadas en una amplia variedad de lugares p\u00fablicos, como plazas, terminales de buses, ferias locales, consultorios y establecimientos educacionales,&hellip;","_links":{"self":[{"href":"https:\/\/parquetantauco.cl\/pt\/wp-json\/wp\/v2\/pages\/3690","targetHints":{"allow":["GET"]}}],"collection":[{"href":"https:\/\/parquetantauco.cl\/pt\/wp-json\/wp\/v2\/pages"}],"about":[{"href":"https:\/\/parquetantauco.cl\/pt\/wp-json\/wp\/v2\/types\/page"}],"author":[{"embeddable":true,"href":"https:\/\/parquetantauco.cl\/pt\/wp-json\/wp\/v2\/users\/1"}],"replies":[{"embeddable":true,"href":"https:\/\/parquetantauco.cl\/pt\/wp-json\/wp\/v2\/comments?post=3690"}],"version-history":[{"count":38,"href":"https:\/\/parquetantauco.cl\/pt\/wp-json\/wp\/v2\/pages\/3690\/revisions"}],"predecessor-version":[{"id":6838,"href":"https:\/\/parquetantauco.cl\/pt\/wp-json\/wp\/v2\/pages\/3690\/revisions\/6838"}],"up":[{"embeddable":true,"href":"https:\/\/parquetantauco.cl\/pt\/wp-json\/wp\/v2\/pages\/3687"}],"wp:featuredmedia":[{"embeddable":true,"href":"https:\/\/parquetantauco.cl\/pt\/wp-json\/wp\/v2\/media\/6685"}],"wp:attachment":[{"href":"https:\/\/parquetantauco.cl\/pt\/wp-json\/wp\/v2\/media?parent=3690"}],"curies":[{"name":"wp","href":"https:\/\/api.w.org\/{rel}","templated":true}]}}