{"id":3693,"date":"2023-02-28T16:06:11","date_gmt":"2023-02-28T16:06:11","guid":{"rendered":"https:\/\/www.parquetantauco.cl\/?page_id=3693"},"modified":"2025-09-22T16:18:26","modified_gmt":"2025-09-22T16:18:26","slug":"taller-ciudadano","status":"publish","type":"page","link":"https:\/\/parquetantauco.cl\/pt\/programas-comunitarios\/taller-ciudadano\/","title":{"rendered":"Como chegar?"},"content":{"rendered":"<div id=\"pl-3693\"  class=\"panel-layout\" ><div id=\"pg-3693-0\"  class=\"panel-grid panel-no-style\" ><div id=\"pgc-3693-0-0\"  class=\"panel-grid-cell panel-grid-cell-empty\" ><\/div><\/div><div id=\"pg-3693-1\"  class=\"panel-grid panel-no-style\" ><div id=\"pgc-3693-1-0\"  class=\"panel-grid-cell\" ><div id=\"panel-3693-1-0-0\" class=\"so-panel widget widget_sow-editor panel-first-child panel-last-child\" data-index=\"0\" ><div\n\t\t\t\n\t\t\tclass=\"so-widget-sow-editor so-widget-sow-editor-base\"\n\t\t\t\n\t\t>\n<div class=\"siteorigin-widget-tinymce textwidget\">\n\t<p><span style=\"color: #ff0000;\"><span style=\"color: #000000;\">Fundaci\u00f3n<\/span> <\/span>Parque Tantauco convoca a estos encuentros para reflexionar sobre el rol ecosist\u00e9mico del Archipi\u00e9lago de Chilo\u00e9 y para compartir la importancia de su Patrimonio Ambiental y Cultural, en un espacio natural que permite conocer el trabajo de conservaci\u00f3n insular in situ. Los paisajes del Parque Tantauco ofician de anfitriones para tener una instancia de di\u00e1logo y aprendizaje entorno al cuidado de la naturaleza, al rescate los valores culturales que dan sustento a la identidad chilota y a la regeneraci\u00f3n socioambiental del territorio.<\/p>\n<p><strong>JEFE DE PROYECTO:<\/strong> Dami\u00e1n Vald\u00e9s P.<\/p>\n<p><strong>OBJETIVO<br \/>\n<\/strong>Generar un punto de encuentro para diferentes actores, fomentar instancias de reflexi\u00f3n respecto a la conservaci\u00f3n de valores naturales y culturales. Posibilitar v\u00ednculos entre diversos referentes comunitarios que pueden oficiar como agentes de cambio en materia ambiental y que desde sus distintos quehaceres impulsen iniciativas de conservaci\u00f3n en el archipi\u00e9lago.<\/p>\n<p><strong>DIRIGIDO A:<\/strong><br \/>\nActores de la sociedad civil, dirigentes y dirigentas sociales, funcionarios p\u00fablicos, miembros de las fuerzas de orden p\u00fablico, representantes de iniciativas de conservaci\u00f3n regional, dirigentes y socios de clubes deportivos comunales, miembros de agrupaciones de adultos mayores, trabajadores de la industria de turismo provincial y muchos m\u00e1s.<\/p>\n<p><strong>CIFRAS DESTACADAS:<\/strong><br \/>\nDesde 2022 son m\u00e1s de 156 personas que han participado de los diferentes talleres ciudadanos desarrollados en el Parque Tantauco. Abordando tem\u00e1ticas amplias como el panorama de la conservaci\u00f3n provincial, capacitaciones para el rescate de fauna accidentada o encuentros para actores claves del rubro tur\u00edstico, se espera realizar dos eventos para este 2025 entorno a problem\u00e1ticas ambientales que requieran de un espacio de reflexi\u00f3n y desarrollo de estrategias de soluci\u00f3n articuladas.<\/p>\n<p>PROYECTO ACOGIDO A LEY DE DONACIONES CULTURALES<\/p>\n<p>&nbsp;<\/p>\n<\/div>\n<\/div><\/div><\/div><\/div><div id=\"pg-3693-2\"  class=\"panel-grid panel-no-style\" ><div id=\"pgc-3693-2-0\"  class=\"panel-grid-cell\" ><div id=\"panel-3693-2-0-0\" class=\"so-panel widget widget_media_gallery panel-first-child panel-last-child\" data-index=\"1\" >\n\t\t<style type=\"text\/css\">\n\t\t\t#gallery-1 {\n\t\t\t\tmargin: auto;\n\t\t\t}\n\t\t\t#gallery-1 .gallery-item {\n\t\t\t\tfloat: left;\n\t\t\t\tmargin-top: 10px;\n\t\t\t\ttext-align: center;\n\t\t\t\twidth: 33%;\n\t\t\t}\n\t\t\t#gallery-1 img {\n\t\t\t\tborder: 2px solid #cfcfcf;\n\t\t\t}\n\t\t\t#gallery-1 .gallery-caption {\n\t\t\t\tmargin-left: 0;\n\t\t\t}\n\t\t\t\/* see gallery_shortcode() in wp-includes\/media.php *\/\n\t\t<\/style>\n\t\t<div id='gallery-1' class='gallery galleryid-3693 gallery-columns-3 gallery-size-thumbnail'><dl class='gallery-item'>\n\t\t\t<dt class='gallery-icon landscape'>\n\t\t\t\t<a href='https:\/\/parquetantauco.cl\/pt\/programas-comunitarios\/taller-ciudadano\/pasarela-2\/#main'><img loading=\"lazy\" decoding=\"async\" width=\"150\" height=\"150\" src=\"https:\/\/parquetantauco.cl\/wp-content\/uploads\/2025\/05\/pasarela-2-150x150.jpg\" class=\"attachment-thumbnail size-thumbnail\" alt=\"\" srcset=\"https:\/\/parquetantauco.cl\/wp-content\/uploads\/2025\/05\/pasarela-2-150x150.jpg 150w, https:\/\/parquetantauco.cl\/wp-content\/uploads\/2025\/05\/pasarela-2-770x770.jpg 770w\" sizes=\"auto, (max-width: 150px) 100vw, 150px\" \/><\/a>\n\t\t\t<\/dt><\/dl><dl class='gallery-item'>\n\t\t\t<dt class='gallery-icon landscape'>\n\t\t\t\t<a href='https:\/\/parquetantauco.cl\/pt\/programas-comunitarios\/taller-ciudadano\/mirador-2\/#main'><img loading=\"lazy\" decoding=\"async\" width=\"150\" height=\"150\" src=\"https:\/\/parquetantauco.cl\/wp-content\/uploads\/2025\/05\/mirador-2-150x150.jpg\" class=\"attachment-thumbnail size-thumbnail\" alt=\"\" srcset=\"https:\/\/parquetantauco.cl\/wp-content\/uploads\/2025\/05\/mirador-2-150x150.jpg 150w, https:\/\/parquetantauco.cl\/wp-content\/uploads\/2025\/05\/mirador-2-770x770.jpg 770w\" sizes=\"auto, (max-width: 150px) 100vw, 150px\" \/><\/a>\n\t\t\t<\/dt><\/dl><dl class='gallery-item'>\n\t\t\t<dt class='gallery-icon landscape'>\n\t\t\t\t<a href='https:\/\/parquetantauco.cl\/pt\/programas-comunitarios\/taller-ciudadano\/grupal-2\/#main'><img loading=\"lazy\" decoding=\"async\" width=\"150\" height=\"150\" src=\"https:\/\/parquetantauco.cl\/wp-content\/uploads\/2025\/05\/grupal-2-150x150.jpg\" class=\"attachment-thumbnail size-thumbnail\" alt=\"\" srcset=\"https:\/\/parquetantauco.cl\/wp-content\/uploads\/2025\/05\/grupal-2-150x150.jpg 150w, https:\/\/parquetantauco.cl\/wp-content\/uploads\/2025\/05\/grupal-2-770x770.jpg 770w\" sizes=\"auto, (max-width: 150px) 100vw, 150px\" \/><\/a>\n\t\t\t<\/dt><\/dl><br style=\"clear: both\" \/>\n\t\t<\/div>\n<\/div><\/div><div id=\"pgc-3693-2-1\"  class=\"panel-grid-cell panel-grid-cell-mobile-last\" ><div id=\"panel-3693-2-1-0\" class=\"so-panel widget widget_sow-button panel-first-child panel-last-child\" data-index=\"2\" ><div\n\t\t\t\n\t\t\tclass=\"so-widget-sow-button so-widget-sow-button-flat-66466acb9e12-3693\"\n\t\t\t\n\t\t><div class=\"ow-button-base ow-button-align-center\"\n>\n\t\t\t<a\n\t\t\t\t\thref=\"https:\/\/www.parquetantauco.cl\/wp-content\/uploads\/2024\/05\/Listado-Participantes-Talleres-Total.pdf\"\n\t\t\t\t\tclass=\"sowb-button ow-icon-placement-left ow-button-hover\" \t>\n\t\t<span>\n\t\t\t\n\t\t\tListado de Participantes en Talleres\t\t<\/span>\n\t\t\t<\/a>\n\t<\/div>\n<\/div><\/div><\/div><div id=\"pgc-3693-2-2\"  class=\"panel-grid-cell panel-grid-cell-empty\" ><\/div><\/div><\/div>","protected":false},"excerpt":{"rendered":"<p>Fundaci\u00f3n Parque Tantauco convoca a estos encuentros para reflexionar sobre el rol ecosist\u00e9mico del Archipi\u00e9lago de Chilo\u00e9 y para compartir la importancia de su Patrimonio Ambiental y Cultural, en un espacio natural que permite conocer el trabajo de conservaci\u00f3n insular in situ. Los paisajes del Parque Tantauco ofician de anfitriones para tener una instancia de [&hellip;]<\/p>\n","protected":false},"author":1,"featured_media":6680,"parent":3687,"menu_order":0,"comment_status":"closed","ping_status":"closed","template":"","meta":{"_acf_changed":false,"inline_featured_image":false,"_uag_custom_page_level_css":"","ngg_post_thumbnail":0,"footnotes":""},"class_list":["post-3693","page","type-page","status-publish","has-post-thumbnail","hentry"],"acf":[],"aioseo_notices":[],"uagb_featured_image_src":{"full":["https:\/\/parquetantauco.cl\/wp-content\/uploads\/2025\/09\/ParqueTantauco_Talleres-Comunitarios_2.jpg",1336,500,false],"thumbnail":["https:\/\/parquetantauco.cl\/wp-content\/uploads\/2025\/09\/ParqueTantauco_Talleres-Comunitarios_2-150x150.jpg",150,150,true],"medium":["https:\/\/parquetantauco.cl\/wp-content\/uploads\/2025\/09\/ParqueTantauco_Talleres-Comunitarios_2-300x112.jpg",300,112,true],"medium_large":["https:\/\/parquetantauco.cl\/wp-content\/uploads\/2025\/09\/ParqueTantauco_Talleres-Comunitarios_2-768x287.jpg",768,287,true],"large":["https:\/\/parquetantauco.cl\/wp-content\/uploads\/2025\/09\/ParqueTantauco_Talleres-Comunitarios_2-1024x383.jpg",770,288,true],"1536x1536":["https:\/\/parquetantauco.cl\/wp-content\/uploads\/2025\/09\/ParqueTantauco_Talleres-Comunitarios_2.jpg",1336,500,false],"2048x2048":["https:\/\/parquetantauco.cl\/wp-content\/uploads\/2025\/09\/ParqueTantauco_Talleres-Comunitarios_2.jpg",1336,500,false],"multimedia":["https:\/\/parquetantauco.cl\/wp-content\/uploads\/2025\/09\/ParqueTantauco_Talleres-Comunitarios_2-480x360.jpg",480,360,true],"multimedia-big":["https:\/\/parquetantauco.cl\/wp-content\/uploads\/2025\/09\/ParqueTantauco_Talleres-Comunitarios_2-770x500.jpg",770,500,true],"sow-carousel-default":["https:\/\/parquetantauco.cl\/wp-content\/uploads\/2025\/09\/ParqueTantauco_Talleres-Comunitarios_2-272x182.jpg",272,182,true]},"uagb_author_info":{"display_name":"tantauco","author_link":"https:\/\/parquetantauco.cl\/pt\/author\/parque-tantauco\/"},"uagb_comment_info":0,"uagb_excerpt":"Fundaci\u00f3n Parque Tantauco convoca a estos encuentros para reflexionar sobre el rol ecosist\u00e9mico del Archipi\u00e9lago de Chilo\u00e9 y para compartir la importancia de su Patrimonio Ambiental y Cultural, en un espacio natural que permite conocer el trabajo de conservaci\u00f3n insular in situ. Los paisajes del Parque Tantauco ofician de anfitriones para tener una instancia de&hellip;","_links":{"self":[{"href":"https:\/\/parquetantauco.cl\/pt\/wp-json\/wp\/v2\/pages\/3693","targetHints":{"allow":["GET"]}}],"collection":[{"href":"https:\/\/parquetantauco.cl\/pt\/wp-json\/wp\/v2\/pages"}],"about":[{"href":"https:\/\/parquetantauco.cl\/pt\/wp-json\/wp\/v2\/types\/page"}],"author":[{"embeddable":true,"href":"https:\/\/parquetantauco.cl\/pt\/wp-json\/wp\/v2\/users\/1"}],"replies":[{"embeddable":true,"href":"https:\/\/parquetantauco.cl\/pt\/wp-json\/wp\/v2\/comments?post=3693"}],"version-history":[{"count":12,"href":"https:\/\/parquetantauco.cl\/pt\/wp-json\/wp\/v2\/pages\/3693\/revisions"}],"predecessor-version":[{"id":6250,"href":"https:\/\/parquetantauco.cl\/pt\/wp-json\/wp\/v2\/pages\/3693\/revisions\/6250"}],"up":[{"embeddable":true,"href":"https:\/\/parquetantauco.cl\/pt\/wp-json\/wp\/v2\/pages\/3687"}],"wp:featuredmedia":[{"embeddable":true,"href":"https:\/\/parquetantauco.cl\/pt\/wp-json\/wp\/v2\/media\/6680"}],"wp:attachment":[{"href":"https:\/\/parquetantauco.cl\/pt\/wp-json\/wp\/v2\/media?parent=3693"}],"curies":[{"name":"wp","href":"https:\/\/api.w.org\/{rel}","templated":true}]}}