{"id":3704,"date":"2023-02-28T16:12:52","date_gmt":"2023-02-28T16:12:52","guid":{"rendered":"https:\/\/www.parquetantauco.cl\/?page_id=3704"},"modified":"2025-09-22T15:55:55","modified_gmt":"2025-09-22T15:55:55","slug":"conservacion-y-ciencia","status":"publish","type":"page","link":"https:\/\/parquetantauco.cl\/pt\/programas-comunitarios\/taller-ciudadano\/conservacion-y-ciencia\/","title":{"rendered":"Conservaci\u00f3n y Ciencia"},"content":{"rendered":"<div id=\"pl-3704\"  class=\"panel-layout\" ><div id=\"pg-3704-0\"  class=\"panel-grid panel-no-style\" ><div id=\"pgc-3704-0-0\"  class=\"panel-grid-cell\" ><div id=\"panel-3704-0-0-0\" class=\"so-panel widget widget_text panel-first-child panel-last-child\" data-index=\"0\" ><div class=\"panel-widget-style panel-widget-style-for-3704-0-0-0\" >\t\t\t<div class=\"textwidget\"><p>La\u00a0 Ciencia y la Investigaci\u00f3n han sido parte de Parque Tantauco desde sus inicios, dada la necesidad de conocer los ecosistemas presentes en profundidad, realizar un diagn\u00f3stico del entorno cultural y natural, colaborar y articularse con Universidades y Ongs con el fin de desarrollar un Plan Maestro, una L\u00ednea Base y un Plan de Manejo de la conservaci\u00f3n que gu\u00eden las acciones presentes y futuras de esta iniciativa de conservaci\u00f3n.<\/p>\n<p>En t\u00e9rminos de asegurar la conservaci\u00f3n de este diverso territorio, la declaratoria voluntaria por parte de la Familia Pi\u00f1era Morel, de Tantauco como un territorio bajo conservaci\u00f3n, ha resguardado estas m\u00e1s de 110 mil hect\u00e1reas de maravillosos ecosistemas de la degradaci\u00f3n y explotaci\u00f3n irracional que ocurre a solo unos pocos kil\u00f3metros del l\u00edmite norte de Tantauco, donde miles de hect\u00e1reas han sido afectadas por malos manejos y el comercio ilegal de maderas, le\u00f1a y pon pon.<\/p>\n<p>En nuestro programa de investigaci\u00f3n, se han realizado mas de 200 estudios y practicas profesionales, analizando y desarrollando temas muy variados, desde levantamientos topogr\u00e1ficos, operativos veterinarios, dise\u00f1o de guiones en senderos, diagn\u00f3sticos comunitarios, dise\u00f1o de infraestructura, cartograf\u00eda, dieta de Pudu y Zorro de Chilo\u00e9, hasta temas complejos como estudios de sedimentos en lagos, estudios a largo plazo en Cipr\u00e9s de las Guaitecas y ranita de Darwin.<\/p>\n<\/div>\n\t\t<\/div><\/div><\/div><\/div><div id=\"pg-3704-1\"  class=\"panel-grid panel-no-style\" ><div id=\"pgc-3704-1-0\"  class=\"panel-grid-cell\" ><div id=\"panel-3704-1-0-0\" class=\"so-panel widget widget_text panel-first-child panel-last-child\" data-index=\"1\" ><div class=\"panel-widget-style panel-widget-style-for-3704-1-0-0\" >\t\t\t<div class=\"textwidget\"><p><a href=\"https:\/\/parquetantauco.cl\/wp-content\/uploads\/2025\/06\/ED-AMB-Observacion-2021-Notas-001-PMouch-scaled.jpg\"><img loading=\"lazy\" decoding=\"async\" class=\"alignleft wp-image-6417\" src=\"https:\/\/parquetantauco.cl\/wp-content\/uploads\/2025\/06\/ED-AMB-Observacion-2021-Notas-001-PMouch-300x200.jpg\" alt=\"\" width=\"532\" height=\"355\" srcset=\"https:\/\/parquetantauco.cl\/wp-content\/uploads\/2025\/06\/ED-AMB-Observacion-2021-Notas-001-PMouch-300x200.jpg 300w, https:\/\/parquetantauco.cl\/wp-content\/uploads\/2025\/06\/ED-AMB-Observacion-2021-Notas-001-PMouch-1024x684.jpg 1024w, https:\/\/parquetantauco.cl\/wp-content\/uploads\/2025\/06\/ED-AMB-Observacion-2021-Notas-001-PMouch-768x513.jpg 768w, https:\/\/parquetantauco.cl\/wp-content\/uploads\/2025\/06\/ED-AMB-Observacion-2021-Notas-001-PMouch-1536x1025.jpg 1536w, https:\/\/parquetantauco.cl\/wp-content\/uploads\/2025\/06\/ED-AMB-Observacion-2021-Notas-001-PMouch-2048x1367.jpg 2048w, https:\/\/parquetantauco.cl\/wp-content\/uploads\/2025\/06\/ED-AMB-Observacion-2021-Notas-001-PMouch-272x182.jpg 272w\" sizes=\"auto, (max-width: 532px) 100vw, 532px\" \/><\/a><\/p>\n<\/div>\n\t\t<\/div><\/div><\/div><div id=\"pgc-3704-1-1\"  class=\"panel-grid-cell\" ><div id=\"panel-3704-1-1-0\" class=\"so-panel widget widget_text panel-first-child panel-last-child\" data-index=\"2\" ><div class=\"panel-widget-style panel-widget-style-for-3704-1-1-0\" >\t\t\t<div class=\"textwidget\"><p><b>MISI\u00d3N DEL PROGRAMA<\/b><\/p>\n<p>Fomentar la investigaci\u00f3n en el Parque Tantauco para lograr mayor entendimiento de la cultural local, la biodiversidad, los ecosistemas, y los procesos que ocurren en la comunidad vegetal y animal, con el objetivo de tener herramientas para la conservaci\u00f3n de las especies y ecosistemas m\u00e1s amenazados, asi como potenciar el desarrollo sustentable de las comunidades aleda\u00f1as al Parque.<\/p>\n<p>Es un hecho que si Tantauco no se hubiera creado como Parque hace 20 a\u00f1os, todos los bosques y turberas que se conservan en su interior, ya no existir\u00edan.<\/p>\n<p>&nbsp;<\/p>\n<\/div>\n\t\t<\/div><\/div><\/div><\/div><div id=\"pg-3704-2\"  class=\"panel-grid panel-has-style\" ><div class=\"panel-row-style panel-row-style-for-3704-2\" ><div id=\"pgc-3704-2-0\"  class=\"panel-grid-cell\" ><div id=\"panel-3704-2-0-0\" class=\"so-panel widget widget_sow-editor panel-first-child panel-last-child\" data-index=\"3\" ><div\n\t\t\t\n\t\t\tclass=\"so-widget-sow-editor so-widget-sow-editor-base\"\n\t\t\t\n\t\t>\n<div class=\"siteorigin-widget-tinymce textwidget\">\n\t<p><img loading=\"lazy\" decoding=\"async\" class=\"w-100 aligncenter wp-image-6285 size-full\" src=\"https:\/\/parquetantauco.cl\/wp-content\/uploads\/2025\/06\/CONOCE-NUESTROS-PROYECTOS-CONSERVACION-Y-CIENCIA.jpg\" alt=\"\" width=\"1300\" height=\"200\" srcset=\"https:\/\/parquetantauco.cl\/wp-content\/uploads\/2025\/06\/CONOCE-NUESTROS-PROYECTOS-CONSERVACION-Y-CIENCIA.jpg 1300w, https:\/\/parquetantauco.cl\/wp-content\/uploads\/2025\/06\/CONOCE-NUESTROS-PROYECTOS-CONSERVACION-Y-CIENCIA-300x46.jpg 300w, https:\/\/parquetantauco.cl\/wp-content\/uploads\/2025\/06\/CONOCE-NUESTROS-PROYECTOS-CONSERVACION-Y-CIENCIA-1024x158.jpg 1024w, https:\/\/parquetantauco.cl\/wp-content\/uploads\/2025\/06\/CONOCE-NUESTROS-PROYECTOS-CONSERVACION-Y-CIENCIA-768x118.jpg 768w\" sizes=\"auto, (max-width: 1300px) 100vw, 1300px\" \/><\/p>\n<\/div>\n<\/div><\/div><\/div><\/div><\/div><div id=\"pg-3704-3\"  class=\"panel-grid panel-no-style\" ><div id=\"pgc-3704-3-0\"  class=\"panel-grid-cell\" ><div id=\"panel-3704-3-0-0\" class=\"so-panel widget widget_sow-button panel-first-child panel-last-child\" data-index=\"4\" ><div\n\t\t\t\n\t\t\tclass=\"so-widget-sow-button so-widget-sow-button-flat-e86c2787087e-3704\"\n\t\t\t\n\t\t><div class=\"ow-button-base ow-button-align-center\"\n>\n\t\t\t<a\n\t\t\t\t\thref=\"https:\/\/parquetantauco.cl\/wp-content\/uploads\/2025\/06\/2023-11-15-Plan-Manejo-PT-2023-PDF.pdf\"\n\t\t\t\t\tclass=\"sowb-button ow-icon-placement-left ow-button-hover\" \t>\n\t\t<span>\n\t\t\t\n\t\t\tPlan de manejo del parque\t\t<\/span>\n\t\t\t<\/a>\n\t<\/div>\n<\/div><\/div><\/div><div id=\"pgc-3704-3-1\"  class=\"panel-grid-cell\" ><div id=\"panel-3704-3-1-0\" class=\"so-panel widget widget_sow-button panel-first-child panel-last-child\" data-index=\"5\" ><div\n\t\t\t\n\t\t\tclass=\"so-widget-sow-button so-widget-sow-button-flat-e86c2787087e-3704\"\n\t\t\t\n\t\t><div class=\"ow-button-base ow-button-align-center\"\n>\n\t\t\t<a\n\t\t\t\t\thref=\"https:\/\/parquetantauco.cl\/wp-content\/uploads\/2025\/06\/2022-07-08-MAPA-COBERTURA-VEGETACIONAL-02-SN.pdf\"\n\t\t\t\t\tclass=\"sowb-button ow-icon-placement-left ow-button-hover\" target=\"_blank\" rel=\"noopener noreferrer\" \t>\n\t\t<span>\n\t\t\t\n\t\t\tZonificaci\u00f3n del parque\t\t<\/span>\n\t\t\t<\/a>\n\t<\/div>\n<\/div><\/div><\/div><div id=\"pgc-3704-3-2\"  class=\"panel-grid-cell\" ><div id=\"panel-3704-3-2-0\" class=\"so-panel widget widget_sow-button panel-first-child panel-last-child\" data-index=\"6\" ><div\n\t\t\t\n\t\t\tclass=\"so-widget-sow-button so-widget-sow-button-flat-e86c2787087e-3704\"\n\t\t\t\n\t\t><div class=\"ow-button-base ow-button-align-center\"\n>\n\t\t\t<a\n\t\t\t\t\thref=\"https:\/\/parquetantauco.cl\/wp-content\/uploads\/2025\/06\/2024-12-24-LINEA-BASE-PARQUE-TANTAUCO-1.pdf\"\n\t\t\t\t\tclass=\"sowb-button ow-icon-placement-left ow-button-hover\" target=\"_blank\" rel=\"noopener noreferrer\" \t>\n\t\t<span>\n\t\t\t\n\t\t\tL\u00ednea base parque\t\t<\/span>\n\t\t\t<\/a>\n\t<\/div>\n<\/div><\/div><\/div><div id=\"pgc-3704-3-3\"  class=\"panel-grid-cell\" ><div id=\"panel-3704-3-3-0\" class=\"so-panel widget widget_sow-button panel-first-child panel-last-child\" data-index=\"7\" ><div class=\"btn-links-pages panel-widget-style panel-widget-style-for-3704-3-3-0\" ><div\n\t\t\t\n\t\t\tclass=\"so-widget-sow-button so-widget-sow-button-flat-e86c2787087e-3704\"\n\t\t\t\n\t\t><div class=\"ow-button-base ow-button-align-center\"\n>\n\t\t\t<a\n\t\t\t\t\thref=\"https:\/\/parquetantauco.cl\/wp-content\/uploads\/2025\/06\/2025-01-15-Areas-Investigacion-Parque-Tantauco.pdf\"\n\t\t\t\t\tclass=\"sowb-button ow-icon-placement-left ow-button-hover\" target=\"_blank\" rel=\"noopener noreferrer\" \t>\n\t\t<span>\n\t\t\t\n\t\t\tL\u00edneas de investigaci\u00f3n Tantauco\t\t<\/span>\n\t\t\t<\/a>\n\t<\/div>\n<\/div><\/div><\/div><\/div><\/div><div id=\"pg-3704-4\"  class=\"panel-grid panel-no-style\" ><div id=\"pgc-3704-4-0\"  class=\"panel-grid-cell\" ><div id=\"panel-3704-4-0-0\" class=\"so-panel widget widget_sow-editor panel-first-child panel-last-child\" data-index=\"8\" ><div\n\t\t\t\n\t\t\tclass=\"so-widget-sow-editor so-widget-sow-editor-base\"\n\t\t\t\n\t\t>\n<div class=\"siteorigin-widget-tinymce textwidget\">\n\t<p><img loading=\"lazy\" decoding=\"async\" class=\"aligncenter wp-image-6289\" src=\"https:\/\/parquetantauco.cl\/wp-content\/uploads\/2025\/06\/CONOCE-NUESTROS-PROYECTOS-CONSERVACION-Y-CIENCIA.png\" alt=\"\" width=\"1140\" height=\"175\" srcset=\"https:\/\/parquetantauco.cl\/wp-content\/uploads\/2025\/06\/CONOCE-NUESTROS-PROYECTOS-CONSERVACION-Y-CIENCIA.png 1300w, https:\/\/parquetantauco.cl\/wp-content\/uploads\/2025\/06\/CONOCE-NUESTROS-PROYECTOS-CONSERVACION-Y-CIENCIA-300x46.png 300w, https:\/\/parquetantauco.cl\/wp-content\/uploads\/2025\/06\/CONOCE-NUESTROS-PROYECTOS-CONSERVACION-Y-CIENCIA-1024x158.png 1024w, https:\/\/parquetantauco.cl\/wp-content\/uploads\/2025\/06\/CONOCE-NUESTROS-PROYECTOS-CONSERVACION-Y-CIENCIA-768x118.png 768w\" sizes=\"auto, (max-width: 1140px) 100vw, 1140px\" \/><\/p>\n<\/div>\n<\/div><\/div><\/div><\/div><div id=\"pg-3704-5\"  class=\"panel-grid panel-no-style\" ><div id=\"pgc-3704-5-0\"  class=\"panel-grid-cell\" ><div id=\"panel-3704-5-0-0\" class=\"so-panel widget widget_sow-button panel-first-child panel-last-child\" data-index=\"9\" ><div class=\"btn-links-pages panel-widget-style panel-widget-style-for-3704-5-0-0\" ><div\n\t\t\t\n\t\t\tclass=\"so-widget-sow-button so-widget-sow-button-flat-f700ff466156-3704\"\n\t\t\t\n\t\t><div class=\"ow-button-base ow-button-align-left\"\n>\n\t\t\t<a\n\t\t\t\t\thref=\"https:\/\/parquetantauco.cl\/conservacionactiva\/\"\n\t\t\t\t\tclass=\"sowb-button ow-icon-placement-left ow-button-hover\" \t>\n\t\t<span>\n\t\t\t\n\t\t\tProyectos conservaci\u00f3n activa\t\t<\/span>\n\t\t\t<\/a>\n\t<\/div>\n<\/div><\/div><\/div><\/div><div id=\"pgc-3704-5-1\"  class=\"panel-grid-cell\" ><div id=\"panel-3704-5-1-0\" class=\"so-panel widget widget_sow-button panel-first-child panel-last-child\" data-index=\"10\" ><div\n\t\t\t\n\t\t\tclass=\"so-widget-sow-button so-widget-sow-button-flat-e86c2787087e-3704\"\n\t\t\t\n\t\t><div class=\"ow-button-base ow-button-align-center\"\n>\n\t\t\t<a\n\t\t\t\t\thref=\"https:\/\/parquetantauco.cl\/programas-comunitarios\/centroregionalesinvestigacionucchile\/\"\n\t\t\t\t\tclass=\"sowb-button ow-icon-placement-left ow-button-hover\" \t>\n\t\t<span>\n\t\t\t\n\t\t\tRed centros regionales UC- CHILE\t\t<\/span>\n\t\t\t<\/a>\n\t<\/div>\n<\/div><\/div><\/div><div id=\"pgc-3704-5-2\"  class=\"panel-grid-cell\" ><div id=\"panel-3704-5-2-0\" class=\"so-panel widget widget_sow-button panel-first-child panel-last-child\" data-index=\"11\" ><div\n\t\t\t\n\t\t\tclass=\"so-widget-sow-button so-widget-sow-button-flat-e86c2787087e-3704\"\n\t\t\t\n\t\t><div class=\"ow-button-base ow-button-align-center\"\n>\n\t\t\t<a\n\t\t\t\t\thref=\"https:\/\/parquetantauco.cl\/programas-comunitarios\/investigayparticipa\/\"\n\t\t\t\t\tclass=\"sowb-button ow-icon-placement-left ow-button-hover\" \t>\n\t\t<span>\n\t\t\t\n\t\t\tInvestiga y participa\t\t<\/span>\n\t\t\t<\/a>\n\t<\/div>\n<\/div><\/div><\/div><div id=\"pgc-3704-5-3\"  class=\"panel-grid-cell\" ><div id=\"panel-3704-5-3-0\" class=\"so-panel widget widget_sow-button panel-first-child panel-last-child\" data-index=\"12\" ><div\n\t\t\t\n\t\t\tclass=\"so-widget-sow-button so-widget-sow-button-flat-e86c2787087e-3704\"\n\t\t\t\n\t\t><div class=\"ow-button-base ow-button-align-center\"\n>\n\t\t\t<a\n\t\t\t\t\thref=\"https:\/\/parquetantauco.cl\/biblioteca\/\"\n\t\t\t\t\tclass=\"sowb-button ow-icon-placement-left ow-button-hover\" target=\"_blank\" rel=\"noopener noreferrer\" \t>\n\t\t<span>\n\t\t\t\n\t\t\tBiblioteca\t\t<\/span>\n\t\t\t<\/a>\n\t<\/div>\n<\/div><\/div><\/div><div id=\"pgc-3704-5-4\"  class=\"panel-grid-cell\" ><div id=\"panel-3704-5-4-0\" class=\"so-panel widget widget_sow-button panel-first-child panel-last-child\" data-index=\"13\" ><div\n\t\t\t\n\t\t\tclass=\"so-widget-sow-button so-widget-sow-button-flat-e86c2787087e-3704\"\n\t\t\t\n\t\t><div class=\"ow-button-base ow-button-align-center\"\n>\n\t\t\t<a\n\t\t\t\t\thref=\"https:\/\/parquetantauco.cl\/convenios\/\"\n\t\t\t\t\tclass=\"sowb-button ow-icon-placement-left ow-button-hover\" target=\"_blank\" rel=\"noopener noreferrer\" \t>\n\t\t<span>\n\t\t\t\n\t\t\tConvenios  \t\t<\/span>\n\t\t\t<\/a>\n\t<\/div>\n<\/div><\/div><\/div><\/div><\/div>","protected":false},"excerpt":{"rendered":"<p>La\u00a0 Ciencia y la Investigaci\u00f3n han sido parte de Parque Tantauco desde sus inicios, dada la necesidad de conocer los ecosistemas presentes en profundidad, realizar un diagn\u00f3stico del entorno cultural y natural, colaborar y articularse con Universidades y Ongs con el fin de desarrollar un Plan Maestro, una L\u00ednea Base y un Plan de Manejo [&hellip;]<\/p>\n","protected":false},"author":1,"featured_media":6673,"parent":3693,"menu_order":0,"comment_status":"closed","ping_status":"closed","template":"","meta":{"_acf_changed":false,"inline_featured_image":false,"_uag_custom_page_level_css":"","ngg_post_thumbnail":0,"footnotes":""},"class_list":["post-3704","page","type-page","status-publish","has-post-thumbnail","hentry"],"acf":[],"aioseo_notices":[],"uagb_featured_image_src":{"full":["https:\/\/parquetantauco.cl\/wp-content\/uploads\/2025\/09\/ParqueTantauco_Conservacion-y-Ciencia.jpg",1900,500,false],"thumbnail":["https:\/\/parquetantauco.cl\/wp-content\/uploads\/2025\/09\/ParqueTantauco_Conservacion-y-Ciencia-150x150.jpg",150,150,true],"medium":["https:\/\/parquetantauco.cl\/wp-content\/uploads\/2025\/09\/ParqueTantauco_Conservacion-y-Ciencia-300x79.jpg",300,79,true],"medium_large":["https:\/\/parquetantauco.cl\/wp-content\/uploads\/2025\/09\/ParqueTantauco_Conservacion-y-Ciencia-768x202.jpg",768,202,true],"large":["https:\/\/parquetantauco.cl\/wp-content\/uploads\/2025\/09\/ParqueTantauco_Conservacion-y-Ciencia-1024x269.jpg",770,202,true],"1536x1536":["https:\/\/parquetantauco.cl\/wp-content\/uploads\/2025\/09\/ParqueTantauco_Conservacion-y-Ciencia-1536x404.jpg",1536,404,true],"2048x2048":["https:\/\/parquetantauco.cl\/wp-content\/uploads\/2025\/09\/ParqueTantauco_Conservacion-y-Ciencia.jpg",1900,500,false],"multimedia":["https:\/\/parquetantauco.cl\/wp-content\/uploads\/2025\/09\/ParqueTantauco_Conservacion-y-Ciencia-480x360.jpg",480,360,true],"multimedia-big":["https:\/\/parquetantauco.cl\/wp-content\/uploads\/2025\/09\/ParqueTantauco_Conservacion-y-Ciencia-770x500.jpg",770,500,true],"sow-carousel-default":["https:\/\/parquetantauco.cl\/wp-content\/uploads\/2025\/09\/ParqueTantauco_Conservacion-y-Ciencia-272x182.jpg",272,182,true]},"uagb_author_info":{"display_name":"tantauco","author_link":"https:\/\/parquetantauco.cl\/pt\/author\/parque-tantauco\/"},"uagb_comment_info":0,"uagb_excerpt":"La\u00a0 Ciencia y la Investigaci\u00f3n han sido parte de Parque Tantauco desde sus inicios, dada la necesidad de conocer los ecosistemas presentes en profundidad, realizar un diagn\u00f3stico del entorno cultural y natural, colaborar y articularse con Universidades y Ongs con el fin de desarrollar un Plan Maestro, una L\u00ednea Base y un Plan de Manejo&hellip;","_links":{"self":[{"href":"https:\/\/parquetantauco.cl\/pt\/wp-json\/wp\/v2\/pages\/3704","targetHints":{"allow":["GET"]}}],"collection":[{"href":"https:\/\/parquetantauco.cl\/pt\/wp-json\/wp\/v2\/pages"}],"about":[{"href":"https:\/\/parquetantauco.cl\/pt\/wp-json\/wp\/v2\/types\/page"}],"author":[{"embeddable":true,"href":"https:\/\/parquetantauco.cl\/pt\/wp-json\/wp\/v2\/users\/1"}],"replies":[{"embeddable":true,"href":"https:\/\/parquetantauco.cl\/pt\/wp-json\/wp\/v2\/comments?post=3704"}],"version-history":[{"count":154,"href":"https:\/\/parquetantauco.cl\/pt\/wp-json\/wp\/v2\/pages\/3704\/revisions"}],"predecessor-version":[{"id":6642,"href":"https:\/\/parquetantauco.cl\/pt\/wp-json\/wp\/v2\/pages\/3704\/revisions\/6642"}],"up":[{"embeddable":true,"href":"https:\/\/parquetantauco.cl\/pt\/wp-json\/wp\/v2\/pages\/3693"}],"wp:featuredmedia":[{"embeddable":true,"href":"https:\/\/parquetantauco.cl\/pt\/wp-json\/wp\/v2\/media\/6673"}],"wp:attachment":[{"href":"https:\/\/parquetantauco.cl\/pt\/wp-json\/wp\/v2\/media?parent=3704"}],"curies":[{"name":"wp","href":"https:\/\/api.w.org\/{rel}","templated":true}]}}