{"id":3707,"date":"2023-02-28T16:13:33","date_gmt":"2023-02-28T16:13:33","guid":{"rendered":"https:\/\/www.parquetantauco.cl\/?page_id=3707"},"modified":"2023-03-30T20:06:04","modified_gmt":"2023-03-30T20:06:04","slug":"cultura-local","status":"publish","type":"page","link":"https:\/\/parquetantauco.cl\/pt\/programas-comunitarios\/taller-ciudadano\/cultura-local\/","title":{"rendered":"Como chegar?"},"content":{"rendered":"<div id=\"pl-3707\"  class=\"panel-layout\" ><div id=\"pg-3707-0\"  class=\"panel-grid panel-no-style\" ><div id=\"pgc-3707-0-0\"  class=\"panel-grid-cell\" ><div id=\"panel-3707-0-0-0\" class=\"so-panel widget widget_sow-editor panel-first-child\" data-index=\"0\" ><div\n\t\t\t\n\t\t\tclass=\"so-widget-sow-editor so-widget-sow-editor-base\"\n\t\t\t\n\t\t>\n<div class=\"siteorigin-widget-tinymce textwidget\">\n\t<p><span style=\"color: #636363;\"><strong>CULTURA LOCAL EN TANTAUCO<\/strong><\/span><\/p>\n<p><span style=\"font-weight: 400;\">La cultura local, en el amplio sentido del concepto: tradiciones, materialidad, artilugios, formas de trabajo, creencias, mitolog\u00eda, labores de campo y bosque, entre muchas otras, es parte de la planificaci\u00f3n y desarrollo del Parque Tantauco.\u00a0<\/span><\/p>\n<p><span style=\"font-weight: 400;\">La <\/span><b>arquitectura<\/b><span style=\"font-weight: 400;\"> por ejemplo, a cargo del renombrado arquitecto Edward Rojas, premio nacional de arquitectura 2017, posee elementos que rescatan la tradici\u00f3n de la construcci\u00f3n en madera de Chilo\u00e9, parte esencial de la cultura local y el paisaje del Archipi\u00e9lago. El uso del Cipr\u00e9s de las Guaitecas, muerto en el incendio de 1942 en las construcciones de Tantauco le da sentido a la tradici\u00f3n forestal del territorio, poniendo en valor esta maravillosa y duradera madera,\u00a0 sumado a una arquitectura con ra\u00edz chilota de vol\u00famenes tradicionales y la incorporaci\u00f3n de techos verdes para incorporar las edificaciones al paisaje.\u00a0<\/span><\/p>\n<p><span style=\"font-weight: 400;\">Parque Tantauco en 2009 implement\u00f3 en el sector de In\u00edo una <\/span><b>muestra museogr\u00e1fica <\/b><span style=\"font-weight: 400;\">en el edificio de Administraci\u00f3n del \u00c1rea Sur del Parque. La muestra se encuentra aprobada por la DIBAM (direcci\u00f3n de bibliotecas, archivos y museos) y posee una peque\u00f1a colecci\u00f3n de restos de la cultura Chona que fueron recolectados hace m\u00e1s de 20 a\u00f1os por el profesor encargado de la Escuela del sector. Adicionalmente existe una l\u00ednea de tiempo que muestra la historia de Chilo\u00e9 y la evoluci\u00f3n de los artilugios tradicionales para la pesca y agricultura, junto con el relato de la llegada de la colonizaci\u00f3n espa\u00f1ola, los jesuitas, para finalizar con los tiempos actuales con la\u00a0 llegada de la salmonicultura y la urbanizaci\u00f3n de Chilo\u00e9.\u00a0<\/span><\/p>\n<p><span style=\"font-weight: 400;\">Como parte del programa de Educaci\u00f3n Ambiental de Tantauco se han realizado dos <\/span><b>gu\u00edas de terreno<\/b><span style=\"font-weight: 400;\">, que incluyen variados elementos de la cultura local, sumado a descripciones de flora y fauna por tipo de ecosistemas.<\/span><\/p>\n<\/div>\n<\/div><\/div><div id=\"panel-3707-0-0-1\" class=\"so-panel widget widget_sow-button panel-last-child\" data-index=\"1\" ><div\n\t\t\t\n\t\t\tclass=\"so-widget-sow-button so-widget-sow-button-flat-6e6104286043-3707\"\n\t\t\t\n\t\t><div class=\"ow-button-base ow-button-align-left\"\n>\n\t\t\t<a\n\t\t\t\t\thref=\"https:\/\/www.parquetantauco.cl\/wp-content\/uploads\/2023\/03\/Guia-Cultura-Local-y-Biodiversidad-Tantauco-2022.pdf\"\n\t\t\t\t\tclass=\"sowb-button ow-icon-placement-left ow-button-hover\" target=\"_blank\" rel=\"noopener noreferrer\" \t>\n\t\t<span>\n\t\t\t\n\t\t\tDESCARGAR GU\u00cdA COMPLETA\t\t<\/span>\n\t\t\t<\/a>\n\t<\/div>\n<\/div><\/div><\/div><\/div><div id=\"pg-3707-1\"  class=\"panel-grid panel-no-style\" ><div id=\"pgc-3707-1-0\"  class=\"panel-grid-cell panel-grid-cell-empty\" ><\/div><div id=\"pgc-3707-1-1\"  class=\"panel-grid-cell panel-grid-cell-empty panel-grid-cell-mobile-last\" ><\/div><div id=\"pgc-3707-1-2\"  class=\"panel-grid-cell panel-grid-cell-empty\" ><\/div><\/div><\/div>","protected":false},"excerpt":{"rendered":"<p>CULTURA LOCAL EN TANTAUCO La cultura local, en el amplio sentido del concepto: tradiciones, materialidad, artilugios, formas de trabajo, creencias, mitolog\u00eda, labores de campo y bosque, entre muchas otras, es parte de la planificaci\u00f3n y desarrollo del Parque Tantauco.\u00a0 La arquitectura por ejemplo, a cargo del renombrado arquitecto Edward Rojas, premio nacional de arquitectura 2017, [&hellip;]<\/p>\n","protected":false},"author":1,"featured_media":3974,"parent":3693,"menu_order":0,"comment_status":"closed","ping_status":"closed","template":"","meta":{"_acf_changed":false,"inline_featured_image":false,"_uag_custom_page_level_css":"","ngg_post_thumbnail":0,"footnotes":""},"class_list":["post-3707","page","type-page","status-publish","has-post-thumbnail","hentry"],"acf":[],"aioseo_notices":[],"uagb_featured_image_src":{"full":["https:\/\/parquetantauco.cl\/wp-content\/uploads\/2023\/03\/cultura_local.jpg",1336,752,false],"thumbnail":["https:\/\/parquetantauco.cl\/wp-content\/uploads\/2023\/03\/cultura_local-150x150.jpg",150,150,true],"medium":["https:\/\/parquetantauco.cl\/wp-content\/uploads\/2023\/03\/cultura_local-300x169.jpg",300,169,true],"medium_large":["https:\/\/parquetantauco.cl\/wp-content\/uploads\/2023\/03\/cultura_local-768x432.jpg",768,432,true],"large":["https:\/\/parquetantauco.cl\/wp-content\/uploads\/2023\/03\/cultura_local-1024x576.jpg",770,433,true],"1536x1536":["https:\/\/parquetantauco.cl\/wp-content\/uploads\/2023\/03\/cultura_local.jpg",1336,752,false],"2048x2048":["https:\/\/parquetantauco.cl\/wp-content\/uploads\/2023\/03\/cultura_local.jpg",1336,752,false],"multimedia":["https:\/\/parquetantauco.cl\/wp-content\/uploads\/2023\/03\/cultura_local-480x360.jpg",480,360,true],"multimedia-big":["https:\/\/parquetantauco.cl\/wp-content\/uploads\/2023\/03\/cultura_local-770x752.jpg",770,752,true],"sow-carousel-default":["https:\/\/parquetantauco.cl\/wp-content\/uploads\/2023\/03\/cultura_local-272x182.jpg",272,182,true]},"uagb_author_info":{"display_name":"tantauco","author_link":"https:\/\/parquetantauco.cl\/pt\/author\/parque-tantauco\/"},"uagb_comment_info":0,"uagb_excerpt":"CULTURA LOCAL EN TANTAUCO La cultura local, en el amplio sentido del concepto: tradiciones, materialidad, artilugios, formas de trabajo, creencias, mitolog\u00eda, labores de campo y bosque, entre muchas otras, es parte de la planificaci\u00f3n y desarrollo del Parque Tantauco.\u00a0 La arquitectura por ejemplo, a cargo del renombrado arquitecto Edward Rojas, premio nacional de arquitectura 2017,&hellip;","_links":{"self":[{"href":"https:\/\/parquetantauco.cl\/pt\/wp-json\/wp\/v2\/pages\/3707","targetHints":{"allow":["GET"]}}],"collection":[{"href":"https:\/\/parquetantauco.cl\/pt\/wp-json\/wp\/v2\/pages"}],"about":[{"href":"https:\/\/parquetantauco.cl\/pt\/wp-json\/wp\/v2\/types\/page"}],"author":[{"embeddable":true,"href":"https:\/\/parquetantauco.cl\/pt\/wp-json\/wp\/v2\/users\/1"}],"replies":[{"embeddable":true,"href":"https:\/\/parquetantauco.cl\/pt\/wp-json\/wp\/v2\/comments?post=3707"}],"version-history":[{"count":14,"href":"https:\/\/parquetantauco.cl\/pt\/wp-json\/wp\/v2\/pages\/3707\/revisions"}],"predecessor-version":[{"id":4434,"href":"https:\/\/parquetantauco.cl\/pt\/wp-json\/wp\/v2\/pages\/3707\/revisions\/4434"}],"up":[{"embeddable":true,"href":"https:\/\/parquetantauco.cl\/pt\/wp-json\/wp\/v2\/pages\/3693"}],"wp:featuredmedia":[{"embeddable":true,"href":"https:\/\/parquetantauco.cl\/pt\/wp-json\/wp\/v2\/media\/3974"}],"wp:attachment":[{"href":"https:\/\/parquetantauco.cl\/pt\/wp-json\/wp\/v2\/media?parent=3707"}],"curies":[{"name":"wp","href":"https:\/\/api.w.org\/{rel}","templated":true}]}}