{"id":3981,"date":"2023-03-02T15:32:41","date_gmt":"2023-03-02T15:32:41","guid":{"rendered":"https:\/\/www.parquetantauco.cl\/?page_id=3981"},"modified":"2023-03-02T21:26:08","modified_gmt":"2023-03-02T21:26:08","slug":"trabaja-con-nosotros","status":"publish","type":"page","link":"https:\/\/parquetantauco.cl\/pt\/trabaja-con-nosotros\/","title":{"rendered":"Tour operadores"},"content":{"rendered":"<div id=\"pl-3981\"  class=\"panel-layout\" ><div id=\"pg-3981-0\"  class=\"panel-grid panel-no-style\" ><div id=\"pgc-3981-0-0\"  class=\"panel-grid-cell\" ><div id=\"panel-3981-0-0-0\" class=\"so-panel widget widget_text panel-first-child panel-last-child\" data-index=\"0\" >\t\t\t<div class=\"textwidget\"><p><b>TRABAJA EN PARQUE TANTAUCO<\/b><\/p>\n<\/div>\n\t\t<\/div><\/div><\/div><div id=\"pg-3981-1\"  class=\"panel-grid panel-no-style\" ><div id=\"pgc-3981-1-0\"  class=\"panel-grid-cell\" ><div id=\"panel-3981-1-0-0\" class=\"so-panel widget widget_text panel-first-child panel-last-child\" data-index=\"1\" >\t\t\t<div class=\"textwidget\"><p><span style=\"font-weight: 400;\">Te apasiona la naturaleza, la conservaci\u00f3n, la vida al aire libre?<\/span><\/p>\n<p><span style=\"font-weight: 400;\">Eres motivado, proactivo y te gusta trabajar en equipo?<\/span><\/p>\n<p><span style=\"font-weight: 400;\">Te interesa aportar en un proyecto de conservaci\u00f3n?<\/span><\/p>\n<p><span style=\"font-weight: 400;\">Entonces, Tantauco podr\u00eda ser un buen lugar para trabajar como Guardaparques o en el equipo de Administraci\u00f3n, o quiz\u00e1s apoyar la operaci\u00f3n tur\u00edstica durante la temporada alta.\u00a0<\/span><\/p>\n<p><span style=\"font-weight: 400;\">Dependiendo del tipo de trabajo se requieren estas habilidades:<\/span><\/p>\n<ul>\n<li style=\"font-weight: 400;\" aria-level=\"1\"><span style=\"font-weight: 400;\">Manejo de excel y sistemas inform\u00e1ticos en la nube (nivel usuario)<\/span><\/li>\n<li style=\"font-weight: 400;\" aria-level=\"1\"><span style=\"font-weight: 400;\">Licencia de conducir\u00a0<\/span><\/li>\n<li style=\"font-weight: 400;\" aria-level=\"1\"><span style=\"font-weight: 400;\">Manejo del ingles<\/span><\/li>\n<li style=\"font-weight: 400;\" aria-level=\"1\"><span style=\"font-weight: 400;\">Capacidad de realizar trekking y actividades de caminata por sectores remotos<\/span><\/li>\n<li style=\"font-weight: 400;\" aria-level=\"1\"><span style=\"font-weight: 400;\">Capacidad de trabajar en turnos en terreno.\u00a0<\/span><\/li>\n<\/ul>\n<p>&nbsp;<\/p>\n<p><span style=\"font-weight: 400;\">Env\u00edanos tu Curriculum indicando pretensiones de sueldo, sumado a una carta motivacional de m\u00e1ximo una plana al correo <span style=\"color: #636363;\"><span style=\"color: #628d3b;\"><a style=\"color: #628d3b;\" href=\"mailto:mailto:secretaria@parquetantauco.cl\">mailto:secretaria@parquetantauco.cl<\/a><\/span><\/span><\/b><\/p>\n<\/div>\n\t\t<\/div><\/div><\/div><\/div>","protected":false},"excerpt":{"rendered":"<p>TRABAJA EN PARQUE TANTAUCO Te apasiona la naturaleza, la conservaci\u00f3n, la vida al aire libre? Eres motivado, proactivo y te gusta trabajar en equipo? Te interesa aportar en un proyecto de conservaci\u00f3n? Entonces, Tantauco podr\u00eda ser un buen lugar para trabajar como Guardaparques o en el equipo de Administraci\u00f3n, o quiz\u00e1s apoyar la operaci\u00f3n tur\u00edstica [&hellip;]<\/p>\n","protected":false},"author":1,"featured_media":3984,"parent":0,"menu_order":0,"comment_status":"closed","ping_status":"closed","template":"","meta":{"_acf_changed":false,"inline_featured_image":false,"_uag_custom_page_level_css":"","ngg_post_thumbnail":0,"footnotes":""},"class_list":["post-3981","page","type-page","status-publish","has-post-thumbnail","hentry"],"acf":[],"aioseo_notices":[],"uagb_featured_image_src":{"full":["https:\/\/parquetantauco.cl\/wp-content\/uploads\/2023\/03\/trabaja_con_nosotros.jpg",1336,752,false],"thumbnail":["https:\/\/parquetantauco.cl\/wp-content\/uploads\/2023\/03\/trabaja_con_nosotros-150x150.jpg",150,150,true],"medium":["https:\/\/parquetantauco.cl\/wp-content\/uploads\/2023\/03\/trabaja_con_nosotros-300x169.jpg",300,169,true],"medium_large":["https:\/\/parquetantauco.cl\/wp-content\/uploads\/2023\/03\/trabaja_con_nosotros-768x432.jpg",768,432,true],"large":["https:\/\/parquetantauco.cl\/wp-content\/uploads\/2023\/03\/trabaja_con_nosotros-1024x576.jpg",770,433,true],"1536x1536":["https:\/\/parquetantauco.cl\/wp-content\/uploads\/2023\/03\/trabaja_con_nosotros.jpg",1336,752,false],"2048x2048":["https:\/\/parquetantauco.cl\/wp-content\/uploads\/2023\/03\/trabaja_con_nosotros.jpg",1336,752,false],"multimedia":["https:\/\/parquetantauco.cl\/wp-content\/uploads\/2023\/03\/trabaja_con_nosotros-480x360.jpg",480,360,true],"multimedia-big":["https:\/\/parquetantauco.cl\/wp-content\/uploads\/2023\/03\/trabaja_con_nosotros-770x752.jpg",770,752,true],"sow-carousel-default":["https:\/\/parquetantauco.cl\/wp-content\/uploads\/2023\/03\/trabaja_con_nosotros-272x182.jpg",272,182,true]},"uagb_author_info":{"display_name":"tantauco","author_link":"https:\/\/parquetantauco.cl\/pt\/author\/parque-tantauco\/"},"uagb_comment_info":0,"uagb_excerpt":"TRABAJA EN PARQUE TANTAUCO Te apasiona la naturaleza, la conservaci\u00f3n, la vida al aire libre? Eres motivado, proactivo y te gusta trabajar en equipo? Te interesa aportar en un proyecto de conservaci\u00f3n? Entonces, Tantauco podr\u00eda ser un buen lugar para trabajar como Guardaparques o en el equipo de Administraci\u00f3n, o quiz\u00e1s apoyar la operaci\u00f3n tur\u00edstica&hellip;","_links":{"self":[{"href":"https:\/\/parquetantauco.cl\/pt\/wp-json\/wp\/v2\/pages\/3981","targetHints":{"allow":["GET"]}}],"collection":[{"href":"https:\/\/parquetantauco.cl\/pt\/wp-json\/wp\/v2\/pages"}],"about":[{"href":"https:\/\/parquetantauco.cl\/pt\/wp-json\/wp\/v2\/types\/page"}],"author":[{"embeddable":true,"href":"https:\/\/parquetantauco.cl\/pt\/wp-json\/wp\/v2\/users\/1"}],"replies":[{"embeddable":true,"href":"https:\/\/parquetantauco.cl\/pt\/wp-json\/wp\/v2\/comments?post=3981"}],"version-history":[{"count":3,"href":"https:\/\/parquetantauco.cl\/pt\/wp-json\/wp\/v2\/pages\/3981\/revisions"}],"predecessor-version":[{"id":4095,"href":"https:\/\/parquetantauco.cl\/pt\/wp-json\/wp\/v2\/pages\/3981\/revisions\/4095"}],"wp:featuredmedia":[{"embeddable":true,"href":"https:\/\/parquetantauco.cl\/pt\/wp-json\/wp\/v2\/media\/3984"}],"wp:attachment":[{"href":"https:\/\/parquetantauco.cl\/pt\/wp-json\/wp\/v2\/media?parent=3981"}],"curies":[{"name":"wp","href":"https:\/\/api.w.org\/{rel}","templated":true}]}}