{"id":3988,"date":"2023-03-02T15:38:11","date_gmt":"2023-03-02T15:38:11","guid":{"rendered":"https:\/\/www.parquetantauco.cl\/?page_id=3988"},"modified":"2023-03-02T21:27:52","modified_gmt":"2023-03-02T21:27:52","slug":"haz-tu-practica-nosotros","status":"publish","type":"page","link":"https:\/\/parquetantauco.cl\/pt\/haz-tu-practica-nosotros\/","title":{"rendered":"Tour operadores"},"content":{"rendered":"<div id=\"pl-3988\"  class=\"panel-layout\" ><div id=\"pg-3988-0\"  class=\"panel-grid panel-no-style\" ><div id=\"pgc-3988-0-0\"  class=\"panel-grid-cell\" ><div id=\"panel-3988-0-0-0\" class=\"so-panel widget widget_text panel-first-child panel-last-child\" data-index=\"0\" >\t\t\t<div class=\"textwidget\"><p><b>HAZ TU PR\u00c1CTICA EN PARQUE TANTAUCO<\/b><\/p>\n<\/div>\n\t\t<\/div><\/div><\/div><div id=\"pg-3988-1\"  class=\"panel-grid panel-no-style\" ><div id=\"pgc-3988-1-0\"  class=\"panel-grid-cell\" ><div id=\"panel-3988-1-0-0\" class=\"so-panel widget widget_text panel-first-child panel-last-child\" data-index=\"1\" >\t\t\t<div class=\"textwidget\"><p><span style=\"font-weight: 400;\">Estas estudiando y te apasiona la naturaleza, la conservaci\u00f3n, la vida al aire libre?<\/span><\/p>\n<p><span style=\"font-weight: 400;\">Eres motivado, proactivo y te gusta trabajar en equipo?<\/span><\/p>\n<p><span style=\"font-weight: 400;\">Te interesa aportar en un proyecto de conservaci\u00f3n y participar en la atenci\u00f3n de visitantes?<\/span><\/p>\n<p><span style=\"font-weight: 400;\">Entonces, Tantauco te espera para que realices tu pr\u00e1ctica con nosotros.\u00a0<\/span><\/p>\n<p>&nbsp;<\/p>\n<p><b>Pr\u00e1ctica de temporada alta (Enero y Febrero):\u00a0<\/b><\/p>\n<p><span style=\"font-weight: 400;\">Esta pr\u00e1ctica est\u00e1 enfocada a estudiantes de turismo, ecoturismo o carreras similares. Por lo general la pr\u00e1ctica de temporada alta comienza a principios de Enero y debe ser hasta el final de la temporada la ultima semana de Febrero. La selecci\u00f3n de practicantes se realiza durante Octubre y Noviembre de cada a\u00f1o. La practica consiste en un sistema rotativo de tareas que van desde Guardaparque, Administraci\u00f3n, Supervisi\u00f3n de refugios en el sendero transversal, Aseo y Mucama. La duraci\u00f3n de esta pr\u00e1ctica es de 2 meses y puede ser en el sector Norte del parque (Chaiguata y Yaldad) o en el sector de In\u00edo.\u00a0<\/span><\/p>\n<p>&nbsp;<\/p>\n<p><b>Pr\u00e1cticas durante el a\u00f1o (temporada baja):<\/b><\/p>\n<p><span style=\"font-weight: 400;\">Espor\u00e1dicamente recibimos practicantes durante el a\u00f1o para apoyar las labores que hacen los Guardaparques en terreno. Si te interesa hacer tu practica en Tantauco, escr\u00edbenos!<\/span><\/p>\n<p>&nbsp;<\/p>\n<p><b>Seguro de Accidentes:<\/b><\/p>\n<p><span style=\"font-weight: 400;\">Todas las practicas que se realizan en Tantauco deben contar con la aprobaci\u00f3n de un instituto profesional o una universidad y los alumnos deben contar con un seguro escolar emitido por su casa de estudios.\u00a0<\/span><\/p>\n<p><b>Contacto para pr\u00e1cticas:\u00a0<\/b><\/p>\n<p><span style=\"font-weight: 400;\">Env\u00edanos tu Curr\u00edculo, una carta motivacional de m\u00e1ximo una plana y las especificaciones de horas de pr\u00e1cticas que requieres al correo <span style=\"color: #636363;\"><span style=\"color: #628d3b;\"><a style=\"color: #628d3b;\" href=\"mailto:mailto:secretaria@parquetantauco.cl\">mailto:secretaria@parquetantauco.cl<\/a><\/span><\/span><\/b><\/p>\n<\/div>\n\t\t<\/div><\/div><\/div><\/div>","protected":false},"excerpt":{"rendered":"<p>HAZ TU PR\u00c1CTICA EN PARQUE TANTAUCO Estas estudiando y te apasiona la naturaleza, la conservaci\u00f3n, la vida al aire libre? Eres motivado, proactivo y te gusta trabajar en equipo? Te interesa aportar en un proyecto de conservaci\u00f3n y participar en la atenci\u00f3n de visitantes? Entonces, Tantauco te espera para que realices tu pr\u00e1ctica con nosotros.\u00a0 [&hellip;]<\/p>\n","protected":false},"author":1,"featured_media":3991,"parent":0,"menu_order":0,"comment_status":"closed","ping_status":"closed","template":"","meta":{"_acf_changed":false,"inline_featured_image":false,"_uag_custom_page_level_css":"","ngg_post_thumbnail":0,"footnotes":""},"class_list":["post-3988","page","type-page","status-publish","has-post-thumbnail","hentry"],"acf":[],"aioseo_notices":[],"uagb_featured_image_src":{"full":["https:\/\/parquetantauco.cl\/wp-content\/uploads\/2023\/03\/haz_tu_practica.jpg",1336,752,false],"thumbnail":["https:\/\/parquetantauco.cl\/wp-content\/uploads\/2023\/03\/haz_tu_practica-150x150.jpg",150,150,true],"medium":["https:\/\/parquetantauco.cl\/wp-content\/uploads\/2023\/03\/haz_tu_practica-300x169.jpg",300,169,true],"medium_large":["https:\/\/parquetantauco.cl\/wp-content\/uploads\/2023\/03\/haz_tu_practica-768x432.jpg",768,432,true],"large":["https:\/\/parquetantauco.cl\/wp-content\/uploads\/2023\/03\/haz_tu_practica-1024x576.jpg",770,433,true],"1536x1536":["https:\/\/parquetantauco.cl\/wp-content\/uploads\/2023\/03\/haz_tu_practica.jpg",1336,752,false],"2048x2048":["https:\/\/parquetantauco.cl\/wp-content\/uploads\/2023\/03\/haz_tu_practica.jpg",1336,752,false],"multimedia":["https:\/\/parquetantauco.cl\/wp-content\/uploads\/2023\/03\/haz_tu_practica-480x360.jpg",480,360,true],"multimedia-big":["https:\/\/parquetantauco.cl\/wp-content\/uploads\/2023\/03\/haz_tu_practica-770x752.jpg",770,752,true],"sow-carousel-default":["https:\/\/parquetantauco.cl\/wp-content\/uploads\/2023\/03\/haz_tu_practica-272x182.jpg",272,182,true]},"uagb_author_info":{"display_name":"tantauco","author_link":"https:\/\/parquetantauco.cl\/pt\/author\/parque-tantauco\/"},"uagb_comment_info":0,"uagb_excerpt":"HAZ TU PR\u00c1CTICA EN PARQUE TANTAUCO Estas estudiando y te apasiona la naturaleza, la conservaci\u00f3n, la vida al aire libre? Eres motivado, proactivo y te gusta trabajar en equipo? Te interesa aportar en un proyecto de conservaci\u00f3n y participar en la atenci\u00f3n de visitantes? Entonces, Tantauco te espera para que realices tu pr\u00e1ctica con nosotros.\u00a0&hellip;","_links":{"self":[{"href":"https:\/\/parquetantauco.cl\/pt\/wp-json\/wp\/v2\/pages\/3988","targetHints":{"allow":["GET"]}}],"collection":[{"href":"https:\/\/parquetantauco.cl\/pt\/wp-json\/wp\/v2\/pages"}],"about":[{"href":"https:\/\/parquetantauco.cl\/pt\/wp-json\/wp\/v2\/types\/page"}],"author":[{"embeddable":true,"href":"https:\/\/parquetantauco.cl\/pt\/wp-json\/wp\/v2\/users\/1"}],"replies":[{"embeddable":true,"href":"https:\/\/parquetantauco.cl\/pt\/wp-json\/wp\/v2\/comments?post=3988"}],"version-history":[{"count":4,"href":"https:\/\/parquetantauco.cl\/pt\/wp-json\/wp\/v2\/pages\/3988\/revisions"}],"predecessor-version":[{"id":4096,"href":"https:\/\/parquetantauco.cl\/pt\/wp-json\/wp\/v2\/pages\/3988\/revisions\/4096"}],"wp:featuredmedia":[{"embeddable":true,"href":"https:\/\/parquetantauco.cl\/pt\/wp-json\/wp\/v2\/media\/3991"}],"wp:attachment":[{"href":"https:\/\/parquetantauco.cl\/pt\/wp-json\/wp\/v2\/media?parent=3988"}],"curies":[{"name":"wp","href":"https:\/\/api.w.org\/{rel}","templated":true}]}}