{"id":3995,"date":"2023-03-02T15:42:51","date_gmt":"2023-03-02T15:42:51","guid":{"rendered":"https:\/\/www.parquetantauco.cl\/?page_id=3995"},"modified":"2023-03-02T21:29:57","modified_gmt":"2023-03-02T21:29:57","slug":"voluntariado","status":"publish","type":"page","link":"https:\/\/parquetantauco.cl\/pt\/voluntariado\/","title":{"rendered":"Tour operadores"},"content":{"rendered":"<div id=\"pl-3995\"  class=\"panel-layout\" ><div id=\"pg-3995-0\"  class=\"panel-grid panel-no-style\" ><div id=\"pgc-3995-0-0\"  class=\"panel-grid-cell\" ><div id=\"panel-3995-0-0-0\" class=\"so-panel widget widget_text panel-first-child panel-last-child\" data-index=\"0\" >\t\t\t<div class=\"textwidget\"><p><b>VOLUNTARIADO EN TANTAUCO<\/b><\/p>\n<\/div>\n\t\t<\/div><\/div><\/div><div id=\"pg-3995-1\"  class=\"panel-grid panel-no-style\" ><div id=\"pgc-3995-1-0\"  class=\"panel-grid-cell\" ><div id=\"panel-3995-1-0-0\" class=\"so-panel widget widget_text panel-first-child panel-last-child\" data-index=\"1\" >\t\t\t<div class=\"textwidget\"><p><span style=\"font-weight: 400;\">Un proyecto de conservaci\u00f3n como Tantauco requiere de la colaboraci\u00f3n de todos y si est\u00e1s en b\u00fasqueda de un lugar para hacer un voluntariado, escr\u00edbenos!<\/span><\/p>\n<p><span style=\"font-weight: 400;\">Env\u00edanos tu Curr\u00edculum, una carta motivacional de m\u00e1ximo una plana al correo <span style=\"color: #636363;\"><span style=\"color: #628d3b;\"><a style=\"color: #628d3b;\" href=\"mailto:mailto:secretaria@parquetantauco.cl\">mailto:secretaria@parquetantauco.cl<\/a><\/span><\/span><\/span><\/p>\n<\/div>\n\t\t<\/div><\/div><\/div><\/div>","protected":false},"excerpt":{"rendered":"<p>VOLUNTARIADO EN TANTAUCO Un proyecto de conservaci\u00f3n como Tantauco requiere de la colaboraci\u00f3n de todos y si est\u00e1s en b\u00fasqueda de un lugar para hacer un voluntariado, escr\u00edbenos! Env\u00edanos tu Curr\u00edculum, una carta motivacional de m\u00e1ximo una plana al correo mailto:secretaria@parquetantauco.cl<\/p>\n","protected":false},"author":1,"featured_media":3997,"parent":0,"menu_order":0,"comment_status":"closed","ping_status":"closed","template":"","meta":{"_acf_changed":false,"inline_featured_image":false,"_uag_custom_page_level_css":"","ngg_post_thumbnail":0,"footnotes":""},"class_list":["post-3995","page","type-page","status-publish","has-post-thumbnail","hentry"],"acf":[],"aioseo_notices":[],"uagb_featured_image_src":{"full":["https:\/\/parquetantauco.cl\/wp-content\/uploads\/2023\/03\/voluntariado.jpg",1336,752,false],"thumbnail":["https:\/\/parquetantauco.cl\/wp-content\/uploads\/2023\/03\/voluntariado-150x150.jpg",150,150,true],"medium":["https:\/\/parquetantauco.cl\/wp-content\/uploads\/2023\/03\/voluntariado-300x169.jpg",300,169,true],"medium_large":["https:\/\/parquetantauco.cl\/wp-content\/uploads\/2023\/03\/voluntariado-768x432.jpg",768,432,true],"large":["https:\/\/parquetantauco.cl\/wp-content\/uploads\/2023\/03\/voluntariado-1024x576.jpg",770,433,true],"1536x1536":["https:\/\/parquetantauco.cl\/wp-content\/uploads\/2023\/03\/voluntariado.jpg",1336,752,false],"2048x2048":["https:\/\/parquetantauco.cl\/wp-content\/uploads\/2023\/03\/voluntariado.jpg",1336,752,false],"multimedia":["https:\/\/parquetantauco.cl\/wp-content\/uploads\/2023\/03\/voluntariado-480x360.jpg",480,360,true],"multimedia-big":["https:\/\/parquetantauco.cl\/wp-content\/uploads\/2023\/03\/voluntariado-770x752.jpg",770,752,true],"sow-carousel-default":["https:\/\/parquetantauco.cl\/wp-content\/uploads\/2023\/03\/voluntariado-272x182.jpg",272,182,true]},"uagb_author_info":{"display_name":"tantauco","author_link":"https:\/\/parquetantauco.cl\/pt\/author\/parque-tantauco\/"},"uagb_comment_info":0,"uagb_excerpt":"VOLUNTARIADO EN TANTAUCO Un proyecto de conservaci\u00f3n como Tantauco requiere de la colaboraci\u00f3n de todos y si est\u00e1s en b\u00fasqueda de un lugar para hacer un voluntariado, escr\u00edbenos! Env\u00edanos tu Curr\u00edculum, una carta motivacional de m\u00e1ximo una plana al correo mailto:secretaria@parquetantauco.cl","_links":{"self":[{"href":"https:\/\/parquetantauco.cl\/pt\/wp-json\/wp\/v2\/pages\/3995","targetHints":{"allow":["GET"]}}],"collection":[{"href":"https:\/\/parquetantauco.cl\/pt\/wp-json\/wp\/v2\/pages"}],"about":[{"href":"https:\/\/parquetantauco.cl\/pt\/wp-json\/wp\/v2\/types\/page"}],"author":[{"embeddable":true,"href":"https:\/\/parquetantauco.cl\/pt\/wp-json\/wp\/v2\/users\/1"}],"replies":[{"embeddable":true,"href":"https:\/\/parquetantauco.cl\/pt\/wp-json\/wp\/v2\/comments?post=3995"}],"version-history":[{"count":6,"href":"https:\/\/parquetantauco.cl\/pt\/wp-json\/wp\/v2\/pages\/3995\/revisions"}],"predecessor-version":[{"id":4099,"href":"https:\/\/parquetantauco.cl\/pt\/wp-json\/wp\/v2\/pages\/3995\/revisions\/4099"}],"wp:featuredmedia":[{"embeddable":true,"href":"https:\/\/parquetantauco.cl\/pt\/wp-json\/wp\/v2\/media\/3997"}],"wp:attachment":[{"href":"https:\/\/parquetantauco.cl\/pt\/wp-json\/wp\/v2\/media?parent=3995"}],"curies":[{"name":"wp","href":"https:\/\/api.w.org\/{rel}","templated":true}]}}