{"id":4075,"date":"2023-03-02T20:29:57","date_gmt":"2023-03-02T20:29:57","guid":{"rendered":"https:\/\/www.parquetantauco.cl\/?page_id=4075"},"modified":"2023-03-22T20:32:54","modified_gmt":"2023-03-22T20:32:54","slug":"desafios-del-patrimonio-mundial","status":"publish","type":"page","link":"https:\/\/parquetantauco.cl\/pt\/programas-comunitarios\/parque-a-tu-encuentro\/desafios-del-patrimonio-mundial\/","title":{"rendered":"Como chegar?"},"content":{"rendered":"<div id=\"pl-4075\"  class=\"panel-layout\" ><div id=\"pg-4075-0\"  class=\"panel-grid panel-no-style\" ><div id=\"pgc-4075-0-0\"  class=\"panel-grid-cell\" ><div id=\"panel-4075-0-0-0\" class=\"so-panel widget widget_sow-editor panel-first-child\" data-index=\"0\" ><div\n\t\t\t\n\t\t\tclass=\"so-widget-sow-editor so-widget-sow-editor-base\"\n\t\t\t\n\t\t>\n<div class=\"siteorigin-widget-tinymce textwidget\">\n\t<p><span style=\"font-weight: 400;\">Fundaci\u00f3n Futuro y Parque Tantauco, en colaboraci\u00f3n con el Instituto de Desarrollo Agropecuario INDAP (\u00e1rea SIPAM Chilo\u00e9) y la Fundaci\u00f3n de las Iglesias Patrimoniales de Chilo\u00e9, lo invitan a visitar est\u00e1 muestra que destaca los atributos patrimoniales m\u00e1s propios del archipi\u00e9lago. <\/span><\/p>\n<p><span style=\"font-weight: 400;\">Chilo\u00e9 es el \u00fanico territorio que posee un doble reconocimiento mundial, tanto de la FAO como la UNESCO, por su patrimonio agr\u00edcola y arquitect\u00f3nico. La fuerte identidad chilota, fomentada por su insularidad, tradiciones ancestrales y cultura del mestizaje, converge en estilos de vida y pr\u00e1cticas comunitarias cuya materializaci\u00f3n es un estilo arquitect\u00f3nico \u00fanico reconocido en las 16 Iglesias patrimoniales y en agroecosistemas habitados por comunidades que viven en una relaci\u00f3n intr\u00ednseca con la tierra y lo llevaron a ser reconocido como sitio SIPAM (Sistemas Importante de Patrimonio Agr\u00edcola Mundial)\u00a0<\/span><\/p>\n<\/div>\n<\/div><\/div><div id=\"panel-4075-0-0-1\" class=\"so-panel widget widget_sow-button\" data-index=\"1\" ><div\n\t\t\t\n\t\t\tclass=\"so-widget-sow-button so-widget-sow-button-flat-6e6104286043-4075\"\n\t\t\t\n\t\t><div class=\"ow-button-base ow-button-align-left\"\n>\n\t\t\t<a\n\t\t\t\t\thref=\"https:\/\/www.parquetantauco.cl\/wp-content\/uploads\/2023\/03\/EXPO-SIPAM.pdf\"\n\t\t\t\t\tclass=\"sowb-button ow-icon-placement-left ow-button-hover\" target=\"_blank\" rel=\"noopener noreferrer\" \t>\n\t\t<span>\n\t\t\t\n\t\t\tDesaf\u00edos patrimonio \u2013 Expo sipam\t\t<\/span>\n\t\t\t<\/a>\n\t<\/div>\n<\/div><\/div><div id=\"panel-4075-0-0-2\" class=\"so-panel widget widget_sow-button\" data-index=\"2\" ><div\n\t\t\t\n\t\t\tclass=\"so-widget-sow-button so-widget-sow-button-flat-6e6104286043-4075\"\n\t\t\t\n\t\t><div class=\"ow-button-base ow-button-align-left\"\n>\n\t\t\t<a\n\t\t\t\t\thref=\"https:\/\/www.parquetantauco.cl\/wp-content\/uploads\/2023\/03\/EXPO-IGLESIAS.pdf\"\n\t\t\t\t\tclass=\"sowb-button ow-icon-placement-left ow-button-hover\" target=\"_blank\" rel=\"noopener noreferrer\" \t>\n\t\t<span>\n\t\t\t\n\t\t\tExpo Iglesias\t\t<\/span>\n\t\t\t<\/a>\n\t<\/div>\n<\/div><\/div><div id=\"panel-4075-0-0-3\" class=\"so-panel widget widget_sow-button\" data-index=\"3\" ><div\n\t\t\t\n\t\t\tclass=\"so-widget-sow-button so-widget-sow-button-flat-6e6104286043-4075\"\n\t\t\t\n\t\t><div class=\"ow-button-base ow-button-align-left\"\n>\n\t\t\t<a\n\t\t\t\t\thref=\"https:\/\/www.parquetantauco.cl\/wp-content\/uploads\/2023\/03\/EXPO-FLORA-Y-FAUNA_Quellon.pdf\"\n\t\t\t\t\tclass=\"sowb-button ow-icon-placement-left ow-button-hover\" target=\"_blank\" rel=\"noopener noreferrer\" \t>\n\t\t<span>\n\t\t\t\n\t\t\tExpo Flora y Fauna\t\t<\/span>\n\t\t\t<\/a>\n\t<\/div>\n<\/div><\/div><div id=\"panel-4075-0-0-4\" class=\"so-panel widget widget_media_gallery panel-last-child\" data-index=\"4\" >\n\t\t<style type=\"text\/css\">\n\t\t\t#gallery-1 {\n\t\t\t\tmargin: auto;\n\t\t\t}\n\t\t\t#gallery-1 .gallery-item {\n\t\t\t\tfloat: left;\n\t\t\t\tmargin-top: 10px;\n\t\t\t\ttext-align: center;\n\t\t\t\twidth: 33%;\n\t\t\t}\n\t\t\t#gallery-1 img {\n\t\t\t\tborder: 2px solid #cfcfcf;\n\t\t\t}\n\t\t\t#gallery-1 .gallery-caption {\n\t\t\t\tmargin-left: 0;\n\t\t\t}\n\t\t\t\/* see gallery_shortcode() in wp-includes\/media.php *\/\n\t\t<\/style>\n\t\t<div id='gallery-1' class='gallery galleryid-4075 gallery-columns-3 gallery-size-thumbnail'><dl class='gallery-item'>\n\t\t\t<dt class='gallery-icon landscape'>\n\t\t\t\t<a href='https:\/\/parquetantauco.cl\/pt\/programas-comunitarios\/parque-a-tu-encuentro\/descubro-mi-quellon\/img_5872\/#main'><img loading=\"lazy\" decoding=\"async\" width=\"150\" height=\"150\" src=\"https:\/\/parquetantauco.cl\/wp-content\/uploads\/2022\/07\/IMG_5872-150x150.jpg\" class=\"attachment-thumbnail size-thumbnail\" alt=\"\" \/><\/a>\n\t\t\t<\/dt><\/dl><dl class='gallery-item'>\n\t\t\t<dt class='gallery-icon landscape'>\n\t\t\t\t<a href='https:\/\/parquetantauco.cl\/pt\/programas-comunitarios\/parque-a-tu-encuentro\/descubro-mi-quellon\/img_5874\/#main'><img loading=\"lazy\" decoding=\"async\" width=\"150\" height=\"150\" src=\"https:\/\/parquetantauco.cl\/wp-content\/uploads\/2022\/07\/IMG_5874-150x150.jpg\" class=\"attachment-thumbnail size-thumbnail\" alt=\"\" \/><\/a>\n\t\t\t<\/dt><\/dl><dl class='gallery-item'>\n\t\t\t<dt class='gallery-icon landscape'>\n\t\t\t\t<a href='https:\/\/parquetantauco.cl\/pt\/programas-comunitarios\/parque-a-tu-encuentro\/descubro-mi-quellon\/img_6050\/#main'><img loading=\"lazy\" decoding=\"async\" width=\"150\" height=\"150\" src=\"https:\/\/parquetantauco.cl\/wp-content\/uploads\/2022\/07\/IMG_6050-150x150.jpg\" class=\"attachment-thumbnail size-thumbnail\" alt=\"\" \/><\/a>\n\t\t\t<\/dt><\/dl><br style=\"clear: both\" \/>\n\t\t<\/div>\n<\/div><\/div><\/div><div id=\"pg-4075-1\"  class=\"panel-grid panel-no-style\" ><div id=\"pgc-4075-1-0\"  class=\"panel-grid-cell panel-grid-cell-empty\" ><\/div><div id=\"pgc-4075-1-1\"  class=\"panel-grid-cell panel-grid-cell-empty panel-grid-cell-mobile-last\" ><\/div><div id=\"pgc-4075-1-2\"  class=\"panel-grid-cell panel-grid-cell-empty\" ><\/div><\/div><\/div>","protected":false},"excerpt":{"rendered":"<p>Fundaci\u00f3n Futuro y Parque Tantauco, en colaboraci\u00f3n con el Instituto de Desarrollo Agropecuario INDAP (\u00e1rea SIPAM Chilo\u00e9) y la Fundaci\u00f3n de las Iglesias Patrimoniales de Chilo\u00e9, lo invitan a visitar est\u00e1 muestra que destaca los atributos patrimoniales m\u00e1s propios del archipi\u00e9lago. Chilo\u00e9 es el \u00fanico territorio que posee un doble reconocimiento mundial, tanto de la [&hellip;]<\/p>\n","protected":false},"author":1,"featured_media":4414,"parent":3690,"menu_order":0,"comment_status":"closed","ping_status":"closed","template":"","meta":{"_acf_changed":false,"inline_featured_image":false,"_uag_custom_page_level_css":"","ngg_post_thumbnail":0,"footnotes":""},"class_list":["post-4075","page","type-page","status-publish","has-post-thumbnail","hentry"],"acf":[],"aioseo_notices":[],"uagb_featured_image_src":{"full":["https:\/\/parquetantauco.cl\/wp-content\/uploads\/2023\/03\/Desafios_patrimonio_mundial_Header.jpg",1336,725,false],"thumbnail":["https:\/\/parquetantauco.cl\/wp-content\/uploads\/2023\/03\/Desafios_patrimonio_mundial_Header-150x150.jpg",150,150,true],"medium":["https:\/\/parquetantauco.cl\/wp-content\/uploads\/2023\/03\/Desafios_patrimonio_mundial_Header-300x163.jpg",300,163,true],"medium_large":["https:\/\/parquetantauco.cl\/wp-content\/uploads\/2023\/03\/Desafios_patrimonio_mundial_Header-768x417.jpg",768,417,true],"large":["https:\/\/parquetantauco.cl\/wp-content\/uploads\/2023\/03\/Desafios_patrimonio_mundial_Header-1024x556.jpg",770,418,true],"1536x1536":["https:\/\/parquetantauco.cl\/wp-content\/uploads\/2023\/03\/Desafios_patrimonio_mundial_Header.jpg",1336,725,false],"2048x2048":["https:\/\/parquetantauco.cl\/wp-content\/uploads\/2023\/03\/Desafios_patrimonio_mundial_Header.jpg",1336,725,false],"multimedia":["https:\/\/parquetantauco.cl\/wp-content\/uploads\/2023\/03\/Desafios_patrimonio_mundial_Header-480x360.jpg",480,360,true],"multimedia-big":["https:\/\/parquetantauco.cl\/wp-content\/uploads\/2023\/03\/Desafios_patrimonio_mundial_Header-770x725.jpg",770,725,true],"sow-carousel-default":["https:\/\/parquetantauco.cl\/wp-content\/uploads\/2023\/03\/Desafios_patrimonio_mundial_Header-272x182.jpg",272,182,true]},"uagb_author_info":{"display_name":"tantauco","author_link":"https:\/\/parquetantauco.cl\/pt\/author\/parque-tantauco\/"},"uagb_comment_info":0,"uagb_excerpt":"Fundaci\u00f3n Futuro y Parque Tantauco, en colaboraci\u00f3n con el Instituto de Desarrollo Agropecuario INDAP (\u00e1rea SIPAM Chilo\u00e9) y la Fundaci\u00f3n de las Iglesias Patrimoniales de Chilo\u00e9, lo invitan a visitar est\u00e1 muestra que destaca los atributos patrimoniales m\u00e1s propios del archipi\u00e9lago. Chilo\u00e9 es el \u00fanico territorio que posee un doble reconocimiento mundial, tanto de la&hellip;","_links":{"self":[{"href":"https:\/\/parquetantauco.cl\/pt\/wp-json\/wp\/v2\/pages\/4075","targetHints":{"allow":["GET"]}}],"collection":[{"href":"https:\/\/parquetantauco.cl\/pt\/wp-json\/wp\/v2\/pages"}],"about":[{"href":"https:\/\/parquetantauco.cl\/pt\/wp-json\/wp\/v2\/types\/page"}],"author":[{"embeddable":true,"href":"https:\/\/parquetantauco.cl\/pt\/wp-json\/wp\/v2\/users\/1"}],"replies":[{"embeddable":true,"href":"https:\/\/parquetantauco.cl\/pt\/wp-json\/wp\/v2\/comments?post=4075"}],"version-history":[{"count":10,"href":"https:\/\/parquetantauco.cl\/pt\/wp-json\/wp\/v2\/pages\/4075\/revisions"}],"predecessor-version":[{"id":4416,"href":"https:\/\/parquetantauco.cl\/pt\/wp-json\/wp\/v2\/pages\/4075\/revisions\/4416"}],"up":[{"embeddable":true,"href":"https:\/\/parquetantauco.cl\/pt\/wp-json\/wp\/v2\/pages\/3690"}],"wp:featuredmedia":[{"embeddable":true,"href":"https:\/\/parquetantauco.cl\/pt\/wp-json\/wp\/v2\/media\/4414"}],"wp:attachment":[{"href":"https:\/\/parquetantauco.cl\/pt\/wp-json\/wp\/v2\/media?parent=4075"}],"curies":[{"name":"wp","href":"https:\/\/api.w.org\/{rel}","templated":true}]}}