{"id":4803,"date":"2023-12-11T18:52:25","date_gmt":"2023-12-11T18:52:25","guid":{"rendered":"https:\/\/www.parquetantauco.cl\/?page_id=4803"},"modified":"2024-01-09T15:55:05","modified_gmt":"2024-01-09T15:55:05","slug":"hongos-de-chiloe","status":"publish","type":"page","link":"https:\/\/parquetantauco.cl\/pt\/programas-comunitarios\/parque-a-tu-encuentro\/hongos-de-chiloe\/","title":{"rendered":"Como chegar?"},"content":{"rendered":"<div id=\"pl-4803\"  class=\"panel-layout\" ><div id=\"pg-4803-0\"  class=\"panel-grid panel-no-style\" ><div id=\"pgc-4803-0-0\"  class=\"panel-grid-cell\" ><div id=\"panel-4803-0-0-0\" class=\"so-panel widget widget_sow-editor panel-first-child\" data-index=\"0\" ><div\n\t\t\t\n\t\t\tclass=\"so-widget-sow-editor so-widget-sow-editor-base\"\n\t\t\t\n\t\t><h3 class=\"widget-title\">EXPOSICI\u00d3N ITINERANTE HONGOS DE CHILO\u00c9\u00a0<\/h3>\n<div class=\"siteorigin-widget-tinymce textwidget\">\n\t<p><strong>EXPOSICI\u00d3N ITINERANTE HONGOS DE CHILO\u00c9\u00a0<\/strong><\/p>\n<p>\u00bfTe gustan los hongos? \u00bfQuieres aprender sobre el Universo Fungi que vive en Chilo\u00e9? \u00bfSabes cu\u00e1les son las principales callampas comestibles, t\u00f3xicas o m\u00e1s frecuentes de ver en este territorio insular? Bueno, eso y mucho m\u00e1s ya lleg\u00f3 a tu plaza, ya lo puedes conocer en el centro de tu ciudad.<\/p>\n<p>En un esfuerzo conjunto, Parque Tantauco, Fundaci\u00f3n Futuro y Alexander Rehbein, mic\u00f3logo y divulgador a cargo de la cuenta @HongosdeChiloe, te invitan a descubrir y maravillarte con el sorprendente mundo de los hongos de Chilo\u00e9, a proteger y valorar ecosistemas donde crecen, viven y juegan un rol ecol\u00f3gico fundamental para la conservaci\u00f3n y buena salud del bosque y todos sus habitantes.<\/p>\n<p>En esta tierra m\u00e1gica habitan una gran variedad de especies del Reino Fungi; con formas, colores y texturas alucinantes, que esperamos puedas conocer y proteger. \u00a0Atr\u00e9vete a internarte en los diversos parques y espacios de conservaci\u00f3n ambiental presentes en todo el ecosistema insular y vive la experiencia f\u00fangica. Aprende a reconocerlos, fotografiarlos, identificar sus principales caracter\u00edsticas y usos ancestrales.<\/p>\n<p>Esta muestra itinerante, gratuita y ciudadana, que se presentar\u00e1 en diversos espacios p\u00fablicos de la Provincia de Chilo\u00e9, tiene por objetivo sacar a la luz la enorme diversidad de hongos existentes en la isla, potenciar el turismo de intereses especiales, sobre todo en la \u00e9poca de marzo y abril que es el mejor momento para avistar setas, callampas y una multiplicidad de hongos, algunos de los cuales solo han sido identificados en el archipi\u00e9lago. La muestra se presentar\u00e1 en todas las comunas de Chilo\u00e9, estar\u00e1 en Castro hasta fin de a\u00f1o, visitar\u00e1 Ancud en enero para continuar su itinerancia durante el 2024.<\/p>\n<p>PARQUES DE CHILO\u00c9<\/p>\n<p>Adem\u00e1s, a trav\u00e9s del inter\u00e9s por los hongos, te invitamos a comprometerte con la conservaci\u00f3n de los principales h\u00e1bitats en peligro. Para ello contamos con la colaboraci\u00f3n de @conaf_minagri @parque.tepuhueico @ahuenco\u00a0<strong>@<\/strong>bosqueenlamontana @reservapindal @sumiealsurdelmundo\u00a0@casasmartinpescador @experiencialemu @bosquepiedra\u00a0con quienes elaboramos el primer mapa de la conservaci\u00f3n en Chilo\u00e9, para poner en relieve el enorme trabajo de muchas instituciones, p\u00fablicas y privadas, que d\u00eda a d\u00eda trabajan en el cuidado y futuro de este maritorio.<\/p>\n<p><strong>Con mucho orgullo chilote podemos afirmar que las fotos de todas las especies de hongos presentes en esta exposici\u00f3n fueron tomadas en el archipi\u00e9lago de Chilo\u00e9. Por lo que ahora es tu turno para salir al encuentro de toda la magia f\u00fangica.<\/strong><\/p>\n<\/div>\n<\/div><\/div><div id=\"panel-4803-0-0-1\" class=\"so-panel widget widget_sow-button\" data-index=\"1\" ><div\n\t\t\t\n\t\t\tclass=\"so-widget-sow-button so-widget-sow-button-flat-6e6104286043-4803\"\n\t\t\t\n\t\t><div class=\"ow-button-base ow-button-align-left\"\n>\n\t\t\t<a\n\t\t\t\t\thref=\"https:\/\/www.parquetantauco.cl\/wp-content\/uploads\/2023\/12\/1-HongosdeChiloe-marcadeagua.pdf\"\n\t\t\t\t\tclass=\"sowb-button ow-icon-placement-left ow-button-hover\" target=\"_blank\" rel=\"noopener noreferrer\" \t>\n\t\t<span>\n\t\t\t\n\t\t\tHONGOS DE CHILO\u00c9\t\t<\/span>\n\t\t\t<\/a>\n\t<\/div>\n<\/div><\/div><div id=\"panel-4803-0-0-2\" class=\"so-panel widget widget_sow-button\" data-index=\"2\" ><div\n\t\t\t\n\t\t\tclass=\"so-widget-sow-button so-widget-sow-button-flat-6e6104286043-4803\"\n\t\t\t\n\t\t><div class=\"ow-button-base ow-button-align-left\"\n>\n\t\t\t<a\n\t\t\t\t\thref=\"https:\/\/www.parquetantauco.cl\/wp-content\/uploads\/2023\/12\/2-Parquesdechiloe.pdf\"\n\t\t\t\t\tclass=\"sowb-button ow-icon-placement-left ow-button-hover\" target=\"_blank\" rel=\"noopener noreferrer\" \t>\n\t\t<span>\n\t\t\t\n\t\t\tPARQUES DE CHILO\u00c9\t\t<\/span>\n\t\t\t<\/a>\n\t<\/div>\n<\/div><\/div><div id=\"panel-4803-0-0-3\" class=\"so-panel widget widget_sow-button\" data-index=\"3\" ><div\n\t\t\t\n\t\t\tclass=\"so-widget-sow-button so-widget-sow-button-flat-6e6104286043-4803\"\n\t\t\t\n\t\t><div class=\"ow-button-base ow-button-align-left\"\n>\n\t\t\t<a\n\t\t\t\t\thref=\"https:\/\/www.parquetantauco.cl\/wp-content\/uploads\/2023\/12\/3-Hongoscomestibles-marcadeagua.pdf\"\n\t\t\t\t\tclass=\"sowb-button ow-icon-placement-left ow-button-hover\" target=\"_blank\" rel=\"noopener noreferrer\" \t>\n\t\t<span>\n\t\t\t\n\t\t\tHONGOS COMESTIBLES\t\t<\/span>\n\t\t\t<\/a>\n\t<\/div>\n<\/div><\/div><div id=\"panel-4803-0-0-4\" class=\"so-panel widget widget_sow-button\" data-index=\"4\" ><div\n\t\t\t\n\t\t\tclass=\"so-widget-sow-button so-widget-sow-button-flat-6e6104286043-4803\"\n\t\t\t\n\t\t><div class=\"ow-button-base ow-button-align-left\"\n>\n\t\t\t<a\n\t\t\t\t\thref=\"https:\/\/www.parquetantauco.cl\/wp-content\/uploads\/2023\/12\/4-Hongostoxicos-marcadeagua.pdf\"\n\t\t\t\t\tclass=\"sowb-button ow-icon-placement-left ow-button-hover\" target=\"_blank\" rel=\"noopener noreferrer\" \t>\n\t\t<span>\n\t\t\t\n\t\t\tHONGOS T\u00d3XICOS\t\t<\/span>\n\t\t\t<\/a>\n\t<\/div>\n<\/div><\/div><div id=\"panel-4803-0-0-5\" class=\"so-panel widget widget_sow-button\" data-index=\"5\" ><div\n\t\t\t\n\t\t\tclass=\"so-widget-sow-button so-widget-sow-button-flat-6e6104286043-4803\"\n\t\t\t\n\t\t><div class=\"ow-button-base ow-button-align-left\"\n>\n\t\t\t<a\n\t\t\t\t\thref=\"https:\/\/www.parquetantauco.cl\/wp-content\/uploads\/2023\/12\/5-Hongos-mas-vistosos-y-frecuentes-marcadeagua.pdf\"\n\t\t\t\t\tclass=\"sowb-button ow-icon-placement-left ow-button-hover\" target=\"_blank\" rel=\"noopener noreferrer\" \t>\n\t\t<span>\n\t\t\t\n\t\t\tHONGOS M\u00c1S VISTOSOS Y FRECUENTES \t\t<\/span>\n\t\t\t<\/a>\n\t<\/div>\n<\/div><\/div><div id=\"panel-4803-0-0-6\" class=\"so-panel widget widget_sow-button\" data-index=\"6\" ><div\n\t\t\t\n\t\t\tclass=\"so-widget-sow-button so-widget-sow-button-flat-6e6104286043-4803\"\n\t\t\t\n\t\t><div class=\"ow-button-base ow-button-align-left\"\n>\n\t\t\t<a\n\t\t\t\t\thref=\"https:\/\/www.parquetantauco.cl\/wp-content\/uploads\/2023\/12\/6-tiposdehongos-marcadeagua.pdf\"\n\t\t\t\t\tclass=\"sowb-button ow-icon-placement-left ow-button-hover\" target=\"_blank\" rel=\"noopener noreferrer\" \t>\n\t\t<span>\n\t\t\t\n\t\t\tROLES ECOL\u00d3GICOS\t\t<\/span>\n\t\t\t<\/a>\n\t<\/div>\n<\/div><\/div><div id=\"panel-4803-0-0-7\" class=\"so-panel widget widget_sow-button panel-last-child\" data-index=\"7\" ><div\n\t\t\t\n\t\t\tclass=\"so-widget-sow-button so-widget-sow-button-flat-6e6104286043-4803\"\n\t\t\t\n\t\t><div class=\"ow-button-base ow-button-align-left\"\n>\n\t\t\t<a\n\t\t\t\t\thref=\"https:\/\/www.parquetantauco.cl\/wp-content\/uploads\/2024\/01\/Todo-Parques.pdf\"\n\t\t\t\t\tclass=\"sowb-button ow-icon-placement-left ow-button-hover\" target=\"_blank\" rel=\"noopener noreferrer\" \t>\n\t\t<span>\n\t\t\t\n\t\t\tINFO PARQUES GENERAL\t\t<\/span>\n\t\t\t<\/a>\n\t<\/div>\n<\/div><\/div><\/div><\/div><\/div>","protected":false},"excerpt":{"rendered":"<p>EXPOSICI\u00d3N ITINERANTE HONGOS DE CHILO\u00c9\u00a0 \u00bfTe gustan los hongos? \u00bfQuieres aprender sobre el Universo Fungi que vive en Chilo\u00e9? \u00bfSabes cu\u00e1les son las principales callampas comestibles, t\u00f3xicas o m\u00e1s frecuentes de ver en este territorio insular? Bueno, eso y mucho m\u00e1s ya lleg\u00f3 a tu plaza, ya lo puedes conocer en el centro de tu [&hellip;]<\/p>\n","protected":false},"author":1,"featured_media":4853,"parent":3690,"menu_order":0,"comment_status":"closed","ping_status":"closed","template":"","meta":{"_acf_changed":false,"inline_featured_image":false,"_uag_custom_page_level_css":"","ngg_post_thumbnail":0,"footnotes":""},"class_list":["post-4803","page","type-page","status-publish","has-post-thumbnail","hentry"],"acf":[],"aioseo_notices":[],"uagb_featured_image_src":{"full":["https:\/\/parquetantauco.cl\/wp-content\/uploads\/2023\/12\/castro-1.jpg",2016,1512,false],"thumbnail":["https:\/\/parquetantauco.cl\/wp-content\/uploads\/2023\/12\/castro-1-150x150.jpg",150,150,true],"medium":["https:\/\/parquetantauco.cl\/wp-content\/uploads\/2023\/12\/castro-1-300x225.jpg",300,225,true],"medium_large":["https:\/\/parquetantauco.cl\/wp-content\/uploads\/2023\/12\/castro-1-768x576.jpg",768,576,true],"large":["https:\/\/parquetantauco.cl\/wp-content\/uploads\/2023\/12\/castro-1-1024x768.jpg",770,578,true],"1536x1536":["https:\/\/parquetantauco.cl\/wp-content\/uploads\/2023\/12\/castro-1-1536x1152.jpg",1536,1152,true],"2048x2048":["https:\/\/parquetantauco.cl\/wp-content\/uploads\/2023\/12\/castro-1.jpg",2016,1512,false],"multimedia":["https:\/\/parquetantauco.cl\/wp-content\/uploads\/2023\/12\/castro-1-480x360.jpg",480,360,true],"multimedia-big":["https:\/\/parquetantauco.cl\/wp-content\/uploads\/2023\/12\/castro-1-770x770.jpg",770,770,true],"sow-carousel-default":["https:\/\/parquetantauco.cl\/wp-content\/uploads\/2023\/12\/castro-1-272x182.jpg",272,182,true]},"uagb_author_info":{"display_name":"tantauco","author_link":"https:\/\/parquetantauco.cl\/pt\/author\/parque-tantauco\/"},"uagb_comment_info":0,"uagb_excerpt":"EXPOSICI\u00d3N ITINERANTE HONGOS DE CHILO\u00c9\u00a0 \u00bfTe gustan los hongos? \u00bfQuieres aprender sobre el Universo Fungi que vive en Chilo\u00e9? \u00bfSabes cu\u00e1les son las principales callampas comestibles, t\u00f3xicas o m\u00e1s frecuentes de ver en este territorio insular? Bueno, eso y mucho m\u00e1s ya lleg\u00f3 a tu plaza, ya lo puedes conocer en el centro de tu&hellip;","_links":{"self":[{"href":"https:\/\/parquetantauco.cl\/pt\/wp-json\/wp\/v2\/pages\/4803","targetHints":{"allow":["GET"]}}],"collection":[{"href":"https:\/\/parquetantauco.cl\/pt\/wp-json\/wp\/v2\/pages"}],"about":[{"href":"https:\/\/parquetantauco.cl\/pt\/wp-json\/wp\/v2\/types\/page"}],"author":[{"embeddable":true,"href":"https:\/\/parquetantauco.cl\/pt\/wp-json\/wp\/v2\/users\/1"}],"replies":[{"embeddable":true,"href":"https:\/\/parquetantauco.cl\/pt\/wp-json\/wp\/v2\/comments?post=4803"}],"version-history":[{"count":9,"href":"https:\/\/parquetantauco.cl\/pt\/wp-json\/wp\/v2\/pages\/4803\/revisions"}],"predecessor-version":[{"id":4902,"href":"https:\/\/parquetantauco.cl\/pt\/wp-json\/wp\/v2\/pages\/4803\/revisions\/4902"}],"up":[{"embeddable":true,"href":"https:\/\/parquetantauco.cl\/pt\/wp-json\/wp\/v2\/pages\/3690"}],"wp:featuredmedia":[{"embeddable":true,"href":"https:\/\/parquetantauco.cl\/pt\/wp-json\/wp\/v2\/media\/4853"}],"wp:attachment":[{"href":"https:\/\/parquetantauco.cl\/pt\/wp-json\/wp\/v2\/media?parent=4803"}],"curies":[{"name":"wp","href":"https:\/\/api.w.org\/{rel}","templated":true}]}}