{"id":4903,"date":"2024-01-11T15:05:16","date_gmt":"2024-01-11T15:05:16","guid":{"rendered":"https:\/\/www.parquetantauco.cl\/?page_id=4903"},"modified":"2024-01-12T17:25:46","modified_gmt":"2024-01-12T17:25:46","slug":"fundacion-parque-tantauco-rinde-cuenta","status":"publish","type":"page","link":"https:\/\/parquetantauco.cl\/pt\/fundacion-parque-tantauco-rinde-cuenta\/","title":{"rendered":"(Espa\u00f1ol) Fundaci\u00f3n Parque Tantauco Rinde Cuentas"},"content":{"rendered":"<p class=\"qtranxs-available-languages-message qtranxs-available-languages-message-pt\">Desculpe, este conte\u00fado s\u00f3 est\u00e1 dispon\u00edvel em <a href=\"https:\/\/parquetantauco.cl\/es\/wp-json\/wp\/v2\/pages\/4903\" class=\"qtranxs-available-language-link qtranxs-available-language-link-es\" title=\"Espa\u00f1ol\">Espa\u00f1ol<\/a>.<\/p>","protected":false},"excerpt":{"rendered":"<p>Desculpe, este conte\u00fado s\u00f3 est\u00e1 dispon\u00edvel em Espa\u00f1ol.<\/p>\n","protected":false},"author":1,"featured_media":4840,"parent":0,"menu_order":0,"comment_status":"closed","ping_status":"closed","template":"","meta":{"_acf_changed":false,"inline_featured_image":false,"_uag_custom_page_level_css":"","ngg_post_thumbnail":0,"footnotes":""},"class_list":["post-4903","page","type-page","status-publish","has-post-thumbnail","hentry"],"acf":[],"aioseo_notices":[],"uagb_featured_image_src":{"full":["https:\/\/parquetantauco.cl\/wp-content\/uploads\/2023\/12\/JILGUERO-Spinus-barbatus.jpg",1920,1080,false],"thumbnail":["https:\/\/parquetantauco.cl\/wp-content\/uploads\/2023\/12\/JILGUERO-Spinus-barbatus-150x150.jpg",150,150,true],"medium":["https:\/\/parquetantauco.cl\/wp-content\/uploads\/2023\/12\/JILGUERO-Spinus-barbatus-300x169.jpg",300,169,true],"medium_large":["https:\/\/parquetantauco.cl\/wp-content\/uploads\/2023\/12\/JILGUERO-Spinus-barbatus-768x432.jpg",768,432,true],"large":["https:\/\/parquetantauco.cl\/wp-content\/uploads\/2023\/12\/JILGUERO-Spinus-barbatus-1024x576.jpg",770,433,true],"1536x1536":["https:\/\/parquetantauco.cl\/wp-content\/uploads\/2023\/12\/JILGUERO-Spinus-barbatus-1536x864.jpg",1536,864,true],"2048x2048":["https:\/\/parquetantauco.cl\/wp-content\/uploads\/2023\/12\/JILGUERO-Spinus-barbatus.jpg",1920,1080,false],"multimedia":["https:\/\/parquetantauco.cl\/wp-content\/uploads\/2023\/12\/JILGUERO-Spinus-barbatus-480x360.jpg",480,360,true],"multimedia-big":["https:\/\/parquetantauco.cl\/wp-content\/uploads\/2023\/12\/JILGUERO-Spinus-barbatus-770x770.jpg",770,770,true],"sow-carousel-default":["https:\/\/parquetantauco.cl\/wp-content\/uploads\/2023\/12\/JILGUERO-Spinus-barbatus-272x182.jpg",272,182,true]},"uagb_author_info":{"display_name":"tantauco","author_link":"https:\/\/parquetantauco.cl\/pt\/author\/parque-tantauco\/"},"uagb_comment_info":0,"uagb_excerpt":"Desculpe, este conte\u00fado s\u00f3 est\u00e1 dispon\u00edvel em Espa\u00f1ol.","_links":{"self":[{"href":"https:\/\/parquetantauco.cl\/pt\/wp-json\/wp\/v2\/pages\/4903","targetHints":{"allow":["GET"]}}],"collection":[{"href":"https:\/\/parquetantauco.cl\/pt\/wp-json\/wp\/v2\/pages"}],"about":[{"href":"https:\/\/parquetantauco.cl\/pt\/wp-json\/wp\/v2\/types\/page"}],"author":[{"embeddable":true,"href":"https:\/\/parquetantauco.cl\/pt\/wp-json\/wp\/v2\/users\/1"}],"replies":[{"embeddable":true,"href":"https:\/\/parquetantauco.cl\/pt\/wp-json\/wp\/v2\/comments?post=4903"}],"version-history":[{"count":9,"href":"https:\/\/parquetantauco.cl\/pt\/wp-json\/wp\/v2\/pages\/4903\/revisions"}],"predecessor-version":[{"id":4962,"href":"https:\/\/parquetantauco.cl\/pt\/wp-json\/wp\/v2\/pages\/4903\/revisions\/4962"}],"wp:featuredmedia":[{"embeddable":true,"href":"https:\/\/parquetantauco.cl\/pt\/wp-json\/wp\/v2\/media\/4840"}],"wp:attachment":[{"href":"https:\/\/parquetantauco.cl\/pt\/wp-json\/wp\/v2\/media?parent=4903"}],"curies":[{"name":"wp","href":"https:\/\/api.w.org\/{rel}","templated":true}]}}