{"id":5097,"date":"2024-03-12T20:36:36","date_gmt":"2024-03-12T20:36:36","guid":{"rendered":"https:\/\/www.parquetantauco.cl\/?page_id=5097"},"modified":"2024-03-26T18:20:06","modified_gmt":"2024-03-26T18:20:06","slug":"festival-isla-de-hongos","status":"publish","type":"page","link":"https:\/\/parquetantauco.cl\/pt\/programas-comunitarios\/parque-a-tu-encuentro\/festival-isla-de-hongos\/","title":{"rendered":"Como chegar?"},"content":{"rendered":"<div id=\"pl-5097\"  class=\"panel-layout\" ><div id=\"pg-5097-0\"  class=\"panel-grid panel-no-style\" ><div id=\"pgc-5097-0-0\"  class=\"panel-grid-cell\" ><div id=\"panel-5097-0-0-0\" class=\"so-panel widget widget_sow-editor panel-first-child\" data-index=\"0\" ><div\n\t\t\t\n\t\t\tclass=\"so-widget-sow-editor so-widget-sow-editor-base\"\n\t\t\t\n\t\t>\n<div class=\"siteorigin-widget-tinymce textwidget\">\n\t<p><b>Festival Isla de Hongos: Primer Festival de los Hongos de Chilo\u00e9 <\/b><span style=\"font-weight: 400;\">es un evento familiar que re\u00fane a cient\u00edficos\/as, artistas, dise\u00f1adores\/as, estudiantes, cultivadores\/as, recolectores\/as, cocineros\/as, educadores\/as, turistas y a toda la familia en torno al fascinante Reino Fungi, con el objetivo de visualizar el archipi\u00e9lago de Chilo\u00e9 como un destino para el Fungiturismo. <\/span><\/p>\n<p><b>\u00bfPor qu\u00e9 queremos aportar al FungiTurismo en Chilo\u00e9?<\/b><\/p>\n<p><span style=\"font-weight: 400;\">Tenemos la fortuna de contar con un clima templado lluvioso, con abundantes precipitaciones y que conserva la humedad gran parte del a\u00f1o, lo que permite la fructificaci\u00f3n de una gran diversidad de especies. Adem\u00e1s, gozamos de bosques abundantes de coihue, el cual cuenta con la mayor\u00eda de las asociaciones ectomicorrizicas de nuestros bosques. La isla es un lugar privilegiado para la observaci\u00f3n y estudio del Reino Fungi, as\u00ed como para el turismo de intereses especiales.<\/span><\/p>\n<p><b>\u00bfCu\u00e1ndo?:<\/b><span style=\"font-weight: 400;\"> VIERNES 5 , S\u00c1BADO 6 Y DOMINGO 7 DE ABRIL<\/span><\/p>\n<p><b>\u00bfD\u00f3nde?:<\/b><span style=\"font-weight: 400;\"> GIMNASIO LICEO GALVARINO RIVEROS, CASTRO CHILO\u00c9<\/span><\/p>\n<p><b>\u00bfQuieres participar de este incre\u00edble encuentro? Lee las bases y postula<\/b><\/p>\n<\/div>\n<\/div><\/div><div id=\"panel-5097-0-0-1\" class=\"so-panel widget widget_sow-button\" data-index=\"1\" ><div\n\t\t\t\n\t\t\tclass=\"so-widget-sow-button so-widget-sow-button-flat-6e6104286043-5097\"\n\t\t\t\n\t\t><div class=\"ow-button-base ow-button-align-left\"\n>\n\t\t\t<a\n\t\t\t\t\thref=\"https:\/\/drive.google.com\/file\/d\/1GnxPUp94KmzYR8Y3t3RbOmC2oRvL2Eed\/view?usp=sharing\"\n\t\t\t\t\tclass=\"sowb-button ow-icon-placement-left ow-button-hover\" \t>\n\t\t<span>\n\t\t\t\n\t\t\tBASES STAND FERIA\t\t<\/span>\n\t\t\t<\/a>\n\t<\/div>\n<\/div><\/div><div id=\"panel-5097-0-0-2\" class=\"so-panel widget widget_sow-editor\" data-index=\"2\" ><div\n\t\t\t\n\t\t\tclass=\"so-widget-sow-editor so-widget-sow-editor-base\"\n\t\t\t\n\t\t>\n<div class=\"siteorigin-widget-tinymce textwidget\">\n\t<p><img loading=\"lazy\" decoding=\"async\" class=\"alignright size-large wp-image-5132\" src=\"https:\/\/www.parquetantauco.cl\/wp-content\/uploads\/2024\/03\/Sin-titulo-Tu-historia-3-576x1024.png\" alt=\"\" width=\"576\" height=\"1024\" srcset=\"https:\/\/parquetantauco.cl\/wp-content\/uploads\/2024\/03\/Sin-titulo-Tu-historia-3-576x1024.png 576w, https:\/\/parquetantauco.cl\/wp-content\/uploads\/2024\/03\/Sin-titulo-Tu-historia-3-169x300.png 169w, https:\/\/parquetantauco.cl\/wp-content\/uploads\/2024\/03\/Sin-titulo-Tu-historia-3-768x1365.png 768w, https:\/\/parquetantauco.cl\/wp-content\/uploads\/2024\/03\/Sin-titulo-Tu-historia-3-864x1536.png 864w, https:\/\/parquetantauco.cl\/wp-content\/uploads\/2024\/03\/Sin-titulo-Tu-historia-3.png 1080w\" sizes=\"auto, (max-width: 576px) 100vw, 576px\" \/><\/p>\n<\/div>\n<\/div><\/div><div id=\"panel-5097-0-0-3\" class=\"so-panel widget widget_sow-button panel-last-child\" data-index=\"3\" ><div\n\t\t\t\n\t\t\tclass=\"so-widget-sow-button so-widget-sow-button-flat-6e6104286043-5097\"\n\t\t\t\n\t\t><div class=\"ow-button-base ow-button-align-left\"\n>\n\t\t\t<a\n\t\t\t\t\thref=\"https:\/\/forms.gle\/724mfQzU6iZxCSrd7\"\n\t\t\t\t\tclass=\"sowb-button ow-icon-placement-left ow-button-hover\" target=\"_blank\" rel=\"noopener noreferrer\" \t>\n\t\t<span>\n\t\t\t\n\t\t\tENLACE POSTULACI\u00d3N STAND\t\t<\/span>\n\t\t\t<\/a>\n\t<\/div>\n<\/div><\/div><\/div><\/div><\/div>","protected":false},"excerpt":{"rendered":"<p>Festival Isla de Hongos: Primer Festival de los Hongos de Chilo\u00e9 es un evento familiar que re\u00fane a cient\u00edficos\/as, artistas, dise\u00f1adores\/as, estudiantes, cultivadores\/as, recolectores\/as, cocineros\/as, educadores\/as, turistas y a toda la familia en torno al fascinante Reino Fungi, con el objetivo de visualizar el archipi\u00e9lago de Chilo\u00e9 como un destino para el Fungiturismo. \u00bfPor qu\u00e9 [&hellip;]<\/p>\n","protected":false},"author":1,"featured_media":5098,"parent":3690,"menu_order":0,"comment_status":"closed","ping_status":"closed","template":"","meta":{"_acf_changed":false,"inline_featured_image":false,"_uag_custom_page_level_css":"","ngg_post_thumbnail":0,"footnotes":""},"class_list":["post-5097","page","type-page","status-publish","has-post-thumbnail","hentry"],"acf":[],"aioseo_notices":[],"uagb_featured_image_src":{"full":["https:\/\/parquetantauco.cl\/wp-content\/uploads\/2024\/03\/festival-isla-de-hongos-6.png",2000,2000,false],"thumbnail":["https:\/\/parquetantauco.cl\/wp-content\/uploads\/2024\/03\/festival-isla-de-hongos-6-150x150.png",150,150,true],"medium":["https:\/\/parquetantauco.cl\/wp-content\/uploads\/2024\/03\/festival-isla-de-hongos-6-300x300.png",300,300,true],"medium_large":["https:\/\/parquetantauco.cl\/wp-content\/uploads\/2024\/03\/festival-isla-de-hongos-6-768x768.png",768,768,true],"large":["https:\/\/parquetantauco.cl\/wp-content\/uploads\/2024\/03\/festival-isla-de-hongos-6-1024x1024.png",770,770,true],"1536x1536":["https:\/\/parquetantauco.cl\/wp-content\/uploads\/2024\/03\/festival-isla-de-hongos-6-1536x1536.png",1536,1536,true],"2048x2048":["https:\/\/parquetantauco.cl\/wp-content\/uploads\/2024\/03\/festival-isla-de-hongos-6.png",2000,2000,false],"multimedia":["https:\/\/parquetantauco.cl\/wp-content\/uploads\/2024\/03\/festival-isla-de-hongos-6-480x360.png",480,360,true],"multimedia-big":["https:\/\/parquetantauco.cl\/wp-content\/uploads\/2024\/03\/festival-isla-de-hongos-6-770x770.png",770,770,true],"sow-carousel-default":["https:\/\/parquetantauco.cl\/wp-content\/uploads\/2024\/03\/festival-isla-de-hongos-6-272x182.png",272,182,true]},"uagb_author_info":{"display_name":"tantauco","author_link":"https:\/\/parquetantauco.cl\/pt\/author\/parque-tantauco\/"},"uagb_comment_info":0,"uagb_excerpt":"Festival Isla de Hongos: Primer Festival de los Hongos de Chilo\u00e9 es un evento familiar que re\u00fane a cient\u00edficos\/as, artistas, dise\u00f1adores\/as, estudiantes, cultivadores\/as, recolectores\/as, cocineros\/as, educadores\/as, turistas y a toda la familia en torno al fascinante Reino Fungi, con el objetivo de visualizar el archipi\u00e9lago de Chilo\u00e9 como un destino para el Fungiturismo. \u00bfPor qu\u00e9&hellip;","_links":{"self":[{"href":"https:\/\/parquetantauco.cl\/pt\/wp-json\/wp\/v2\/pages\/5097","targetHints":{"allow":["GET"]}}],"collection":[{"href":"https:\/\/parquetantauco.cl\/pt\/wp-json\/wp\/v2\/pages"}],"about":[{"href":"https:\/\/parquetantauco.cl\/pt\/wp-json\/wp\/v2\/types\/page"}],"author":[{"embeddable":true,"href":"https:\/\/parquetantauco.cl\/pt\/wp-json\/wp\/v2\/users\/1"}],"replies":[{"embeddable":true,"href":"https:\/\/parquetantauco.cl\/pt\/wp-json\/wp\/v2\/comments?post=5097"}],"version-history":[{"count":9,"href":"https:\/\/parquetantauco.cl\/pt\/wp-json\/wp\/v2\/pages\/5097\/revisions"}],"predecessor-version":[{"id":5133,"href":"https:\/\/parquetantauco.cl\/pt\/wp-json\/wp\/v2\/pages\/5097\/revisions\/5133"}],"up":[{"embeddable":true,"href":"https:\/\/parquetantauco.cl\/pt\/wp-json\/wp\/v2\/pages\/3690"}],"wp:featuredmedia":[{"embeddable":true,"href":"https:\/\/parquetantauco.cl\/pt\/wp-json\/wp\/v2\/media\/5098"}],"wp:attachment":[{"href":"https:\/\/parquetantauco.cl\/pt\/wp-json\/wp\/v2\/media?parent=5097"}],"curies":[{"name":"wp","href":"https:\/\/api.w.org\/{rel}","templated":true}]}}