{"id":56,"date":"2015-10-22T04:07:34","date_gmt":"2015-10-22T04:07:34","guid":{"rendered":"https:\/\/www.parquetantauco.cl\/?page_id=56"},"modified":"2021-08-09T14:21:02","modified_gmt":"2021-08-09T14:21:02","slug":"yaldad","status":"publish","type":"page","link":"https:\/\/parquetantauco.cl\/pt\/yaldad\/","title":{"rendered":"Yaldad"},"content":{"rendered":"<div id=\"pl-56\"  class=\"panel-layout\" ><div id=\"pg-56-0\"  class=\"panel-grid panel-has-style\" ><div class=\"siteorigin-panels-stretch panel-row-style panel-row-style-for-56-0\" data-stretch-type=\"full\" ><div id=\"pgc-56-0-0\"  class=\"panel-grid-cell\" ><div id=\"panel-56-0-0-0\" class=\"so-panel widget widget_sow-editor panel-first-child panel-last-child\" data-index=\"0\" ><div class=\"panel-widget-style panel-widget-style-for-56-0-0-0\" ><div\n\t\t\t\n\t\t\tclass=\"so-widget-sow-editor so-widget-sow-editor-base\"\n\t\t\t\n\t\t>\n<div class=\"siteorigin-widget-tinymce textwidget\">\n\t<p>&nbsp;<\/p>\n<p><span style=\"font-weight: 400; color: #636363; line-height: 200%;\">En el sector del Lago Yaldad se encuentra la porter\u00eda del Parque Tantauco y es ideal para hacer paseos por el d\u00eda desde Castro o Quell\u00f3n, ya que est\u00e1 ubicado a 18 km de la Ruta 5 Sur por un camino ripiado y rodeado de un frondoso bosque siempreverde. Te recomendamos traer tu comida para pasar el d\u00eda y dinero en efectivo para pagar la entrada.<\/span><\/p>\n<\/div>\n<\/div><\/div><\/div><\/div><div id=\"pgc-56-0-1\"  class=\"panel-grid-cell\" ><div id=\"panel-56-0-1-0\" class=\"so-panel widget widget_media_image panel-first-child panel-last-child\" data-index=\"1\" ><img loading=\"lazy\" decoding=\"async\" width=\"780\" height=\"380\" src=\"https:\/\/parquetantauco.cl\/wp-content\/uploads\/2018\/10\/y01.png\" class=\"image wp-image-2087 img-responsive attachment-full size-full\" alt=\"\" style=\"max-width: 100%; height: auto;\" srcset=\"https:\/\/parquetantauco.cl\/wp-content\/uploads\/2018\/10\/y01.png 780w, https:\/\/parquetantauco.cl\/wp-content\/uploads\/2018\/10\/y01-300x146.png 300w, https:\/\/parquetantauco.cl\/wp-content\/uploads\/2018\/10\/y01-768x374.png 768w\" sizes=\"auto, (max-width: 780px) 100vw, 780px\" \/><\/div><\/div><\/div><\/div><div id=\"pg-56-1\"  class=\"panel-grid panel-has-style\" ><div class=\"siteorigin-panels-stretch panel-row-style panel-row-style-for-56-1\" data-stretch-type=\"full\" ><div id=\"pgc-56-1-0\"  class=\"panel-grid-cell\" ><div id=\"panel-56-1-0-0\" class=\"so-panel widget widget_media_image panel-first-child panel-last-child\" data-index=\"2\" ><img loading=\"lazy\" decoding=\"async\" width=\"780\" height=\"380\" src=\"https:\/\/parquetantauco.cl\/wp-content\/uploads\/2018\/10\/y02.png\" class=\"image wp-image-2088 img-responsive attachment-full size-full\" alt=\"\" style=\"max-width: 100%; height: auto;\" srcset=\"https:\/\/parquetantauco.cl\/wp-content\/uploads\/2018\/10\/y02.png 780w, https:\/\/parquetantauco.cl\/wp-content\/uploads\/2018\/10\/y02-300x146.png 300w, https:\/\/parquetantauco.cl\/wp-content\/uploads\/2018\/10\/y02-768x374.png 768w\" sizes=\"auto, (max-width: 780px) 100vw, 780px\" \/><\/div><\/div><div id=\"pgc-56-1-1\"  class=\"panel-grid-cell\" ><div id=\"panel-56-1-1-0\" class=\"so-panel widget widget_sow-editor panel-first-child panel-last-child\" data-index=\"3\" ><div class=\"panel-widget-style panel-widget-style-for-56-1-1-0\" ><div\n\t\t\t\n\t\t\tclass=\"so-widget-sow-editor so-widget-sow-editor-base\"\n\t\t\t\n\t\t>\n<div class=\"siteorigin-widget-tinymce textwidget\">\n\t<p><span style=\"font-weight: 400; line-height: 200%; color: #636363;\">Este sector cuenta con tres senderos cortos: R\u00edo Yaldad, Siempreverde y Darwin, donde es posible apreciar la inmensidad de los bosques de esta zona y con un poco de suerte, divisar animales como la gui\u00f1a, el pud\u00fa, el zorro chilote o el carpintero negro.<\/span><\/p>\n<\/div>\n<\/div><\/div><\/div><\/div><\/div><\/div><div id=\"pg-56-2\"  class=\"panel-grid panel-has-style\" ><div class=\"siteorigin-panels-stretch panel-row-style panel-row-style-for-56-2\" data-stretch-type=\"full\" ><div id=\"pgc-56-2-0\"  class=\"panel-grid-cell\" ><div id=\"panel-56-2-0-0\" class=\"so-panel widget widget_sow-editor panel-first-child panel-last-child\" data-index=\"4\" ><div class=\"panel-widget-style panel-widget-style-for-56-2-0-0\" ><div\n\t\t\t\n\t\t\tclass=\"so-widget-sow-editor so-widget-sow-editor-base\"\n\t\t\t\n\t\t>\n<div class=\"siteorigin-widget-tinymce textwidget\">\n\t<p>&nbsp;<\/p>\n<p><span style=\"color: #636363; line-height: 200%;\">El\u00a0imperdible del lugar\u00a0es el Ma\u00f1\u00edo del Abuelo, que tiene al menos unos 500 a\u00f1os.<\/span><\/p>\n<\/div>\n<\/div><\/div><\/div><\/div><div id=\"pgc-56-2-1\"  class=\"panel-grid-cell\" ><div id=\"panel-56-2-1-0\" class=\"so-panel widget widget_media_image panel-first-child panel-last-child\" data-index=\"5\" ><img loading=\"lazy\" decoding=\"async\" width=\"780\" height=\"380\" src=\"https:\/\/parquetantauco.cl\/wp-content\/uploads\/2018\/10\/y03.png\" class=\"image wp-image-2089 img-responsive attachment-full size-full\" alt=\"\" style=\"max-width: 100%; height: auto;\" srcset=\"https:\/\/parquetantauco.cl\/wp-content\/uploads\/2018\/10\/y03.png 780w, https:\/\/parquetantauco.cl\/wp-content\/uploads\/2018\/10\/y03-300x146.png 300w, https:\/\/parquetantauco.cl\/wp-content\/uploads\/2018\/10\/y03-768x374.png 768w\" sizes=\"auto, (max-width: 780px) 100vw, 780px\" \/><\/div><\/div><\/div><\/div><div id=\"pg-56-3\"  class=\"panel-grid panel-has-style\" ><div class=\"siteorigin-panels-stretch panel-row-style panel-row-style-for-56-3\" data-stretch-type=\"full\" ><div id=\"pgc-56-3-0\"  class=\"panel-grid-cell\" ><div id=\"panel-56-3-0-0\" class=\"so-panel widget widget_media_image panel-first-child panel-last-child\" data-index=\"6\" ><img loading=\"lazy\" decoding=\"async\" width=\"780\" height=\"380\" src=\"https:\/\/parquetantauco.cl\/wp-content\/uploads\/2018\/10\/y04.png\" class=\"image wp-image-2090 img-responsive attachment-full size-full\" alt=\"\" style=\"max-width: 100%; height: auto;\" srcset=\"https:\/\/parquetantauco.cl\/wp-content\/uploads\/2018\/10\/y04.png 780w, https:\/\/parquetantauco.cl\/wp-content\/uploads\/2018\/10\/y04-300x146.png 300w, https:\/\/parquetantauco.cl\/wp-content\/uploads\/2018\/10\/y04-768x374.png 768w\" sizes=\"auto, (max-width: 780px) 100vw, 780px\" \/><\/div><\/div><div id=\"pgc-56-3-1\"  class=\"panel-grid-cell\" ><div id=\"panel-56-3-1-0\" class=\"so-panel widget widget_sow-editor panel-first-child panel-last-child\" data-index=\"7\" ><div class=\"panel-widget-style panel-widget-style-for-56-3-1-0\" ><div\n\t\t\t\n\t\t\tclass=\"so-widget-sow-editor so-widget-sow-editor-base\"\n\t\t\t\n\t\t>\n<div class=\"siteorigin-widget-tinymce textwidget\">\n\t<p>&nbsp;<\/p>\n<p><span style=\"font-weight: 400; line-height: 200%; color: #636363;\">Existe una zona de pic nic y un centro de visitantes donde se encuentra una l\u00ednea de tiempo que relata la historia del lugar desde la glaciaci\u00f3n, adem\u00e1s de informaci\u00f3n interesante sobre la fauna, flora y geolog\u00eda del parque.<\/span><\/p>\n<\/div>\n<\/div><\/div><\/div><\/div><\/div><\/div><\/div>","protected":false},"excerpt":{"rendered":"<p>&nbsp; En el sector del Lago Yaldad se encuentra la porter\u00eda del Parque Tantauco y es ideal para hacer paseos por el d\u00eda desde Castro o Quell\u00f3n, ya que est\u00e1 ubicado a 18 km de la Ruta 5 Sur por un camino ripiado y rodeado de un frondoso bosque siempreverde. Te recomendamos traer tu comida [&hellip;]<\/p>\n","protected":false},"author":1,"featured_media":274,"parent":0,"menu_order":0,"comment_status":"closed","ping_status":"closed","template":"","meta":{"_acf_changed":false,"inline_featured_image":false,"_uag_custom_page_level_css":"","ngg_post_thumbnail":0,"footnotes":""},"class_list":["post-56","page","type-page","status-publish","has-post-thumbnail","hentry"],"acf":[],"aioseo_notices":[],"uagb_featured_image_src":{"full":["https:\/\/parquetantauco.cl\/wp-content\/uploads\/2015\/10\/DSC_0330.jpg",1600,1048,false],"thumbnail":["https:\/\/parquetantauco.cl\/wp-content\/uploads\/2015\/10\/DSC_0330-150x150.jpg",150,150,true],"medium":["https:\/\/parquetantauco.cl\/wp-content\/uploads\/2015\/10\/DSC_0330-300x197.jpg",300,197,true],"medium_large":["https:\/\/parquetantauco.cl\/wp-content\/uploads\/2015\/10\/DSC_0330.jpg",768,503,false],"large":["https:\/\/parquetantauco.cl\/wp-content\/uploads\/2015\/10\/DSC_0330-1024x671.jpg",770,505,true],"1536x1536":["https:\/\/parquetantauco.cl\/wp-content\/uploads\/2015\/10\/DSC_0330.jpg",1536,1006,false],"2048x2048":["https:\/\/parquetantauco.cl\/wp-content\/uploads\/2015\/10\/DSC_0330.jpg",1600,1048,false],"multimedia":["https:\/\/parquetantauco.cl\/wp-content\/uploads\/2015\/10\/DSC_0330-480x360.jpg",480,360,true],"multimedia-big":["https:\/\/parquetantauco.cl\/wp-content\/uploads\/2015\/10\/DSC_0330-770x770.jpg",770,770,true],"sow-carousel-default":["https:\/\/parquetantauco.cl\/wp-content\/uploads\/2015\/10\/DSC_0330.jpg",272,178,false]},"uagb_author_info":{"display_name":"tantauco","author_link":"https:\/\/parquetantauco.cl\/pt\/author\/parque-tantauco\/"},"uagb_comment_info":0,"uagb_excerpt":"&nbsp; En el sector del Lago Yaldad se encuentra la porter\u00eda del Parque Tantauco y es ideal para hacer paseos por el d\u00eda desde Castro o Quell\u00f3n, ya que est\u00e1 ubicado a 18 km de la Ruta 5 Sur por un camino ripiado y rodeado de un frondoso bosque siempreverde. Te recomendamos traer tu comida&hellip;","_links":{"self":[{"href":"https:\/\/parquetantauco.cl\/pt\/wp-json\/wp\/v2\/pages\/56","targetHints":{"allow":["GET"]}}],"collection":[{"href":"https:\/\/parquetantauco.cl\/pt\/wp-json\/wp\/v2\/pages"}],"about":[{"href":"https:\/\/parquetantauco.cl\/pt\/wp-json\/wp\/v2\/types\/page"}],"author":[{"embeddable":true,"href":"https:\/\/parquetantauco.cl\/pt\/wp-json\/wp\/v2\/users\/1"}],"replies":[{"embeddable":true,"href":"https:\/\/parquetantauco.cl\/pt\/wp-json\/wp\/v2\/comments?post=56"}],"version-history":[{"count":6,"href":"https:\/\/parquetantauco.cl\/pt\/wp-json\/wp\/v2\/pages\/56\/revisions"}],"predecessor-version":[{"id":2728,"href":"https:\/\/parquetantauco.cl\/pt\/wp-json\/wp\/v2\/pages\/56\/revisions\/2728"}],"wp:featuredmedia":[{"embeddable":true,"href":"https:\/\/parquetantauco.cl\/pt\/wp-json\/wp\/v2\/media\/274"}],"wp:attachment":[{"href":"https:\/\/parquetantauco.cl\/pt\/wp-json\/wp\/v2\/media?parent=56"}],"curies":[{"name":"wp","href":"https:\/\/api.w.org\/{rel}","templated":true}]}}