{"id":5751,"date":"2025-01-21T18:07:49","date_gmt":"2025-01-21T18:07:49","guid":{"rendered":"https:\/\/dev.tallerdigital.cl\/tantauco-dev\/?page_id=5751"},"modified":"2025-09-22T16:13:40","modified_gmt":"2025-09-22T16:13:40","slug":"festivales-medioambientales","status":"publish","type":"page","link":"https:\/\/parquetantauco.cl\/pt\/programas-comunitarios\/festivales-medioambientales\/","title":{"rendered":"Como chegar?"},"content":{"rendered":"<div id=\"pl-5751\"  class=\"panel-layout\" ><div id=\"pg-5751-0\"  class=\"panel-grid panel-no-style\" ><div id=\"pgc-5751-0-0\"  class=\"panel-grid-cell\" ><div id=\"panel-5751-0-0-0\" class=\"so-panel widget widget_sow-editor panel-first-child panel-last-child\" data-index=\"0\" ><div\n\t\t\t\n\t\t\tclass=\"so-widget-sow-editor so-widget-sow-editor-base\"\n\t\t\t\n\t\t>\n<div class=\"siteorigin-widget-tinymce textwidget\">\n\t<p>Como una forma de innovar en la vinculaci\u00f3n con la ciudadan\u00eda en general y el p\u00fablico interesado en materias y problem\u00e1ticas de la conservaci\u00f3n, el Parque Tantauco se ha articulado con diversos actores del territorio, como municipios, instituciones culturales, la comunidad educativa y organizaciones civiles de protecci\u00f3n del medio ambiente, para organizar festivales vinculados a tem\u00e1ticas ambientales. Es el caso del Festival Isla de Hongos y el Chiloecofest, eventos realizados en 2024 que mediante charlas, ferias, salidas a terrenos, desarrollo de eco-talleres y otras actividades, buscaron generar participaci\u00f3n y concienciaci\u00f3n ciudadana sobre las iniciativas de conservaci\u00f3n.<\/p>\n<p>&nbsp;<\/p>\n<p><strong>JEFE DE PROYECTO:\u00a0<\/strong>Dami\u00e1n Vald\u00e9s P.<\/p>\n<p><strong>OBJETIVO<br \/>\n<\/strong>Organizar eventos masivos en torno a tem\u00e1ticas ambientales para reunir a diversos actores del mundo de las ciencias, artes, educaci\u00f3n, emprendimientos, turismo y p\u00fablico general, con el objetivo de visualizar y difundir tem\u00e1ticas medioambientales del archipi\u00e9lago, de una forma l\u00fadica y abierta a toda la ciudadan\u00eda.<\/p>\n<p><strong>DIRIGIDO A:<\/strong><br \/>\nComunidad regional interesada en tem\u00e1ticas socioambientales.<\/p>\n<p><strong>CIFRAS DESTACADAS:<\/strong><br \/>\nEn 2024, participaron m\u00e1s de 4.500 asistentes a los diversos eventos organizados. Para este 2025 se espera consolidar ambos eventos en sus respectivas segundas ediciones, ampliando las tem\u00e1ticas, actividades y p\u00fablico alcanzable<\/p>\n<p>PROYECTO ACOGIDO A LEY DE DONACIONES CULTURALES<\/p>\n<\/div>\n<\/div><\/div><\/div><\/div><div id=\"pg-5751-1\"  class=\"panel-grid panel-no-style\" ><div id=\"pgc-5751-1-0\"  class=\"panel-grid-cell\" ><div id=\"panel-5751-1-0-0\" class=\"so-panel widget widget_sow-editor panel-first-child\" data-index=\"1\" ><div\n\t\t\t\n\t\t\tclass=\"so-widget-sow-editor so-widget-sow-editor-base\"\n\t\t\t\n\t\t>\n<div class=\"siteorigin-widget-tinymce textwidget\">\n\t<\/div>\n<\/div><\/div><div id=\"panel-5751-1-0-1\" class=\"so-panel widget widget_media_gallery panel-last-child\" data-index=\"2\" >\n\t\t<style type=\"text\/css\">\n\t\t\t#gallery-1 {\n\t\t\t\tmargin: auto;\n\t\t\t}\n\t\t\t#gallery-1 .gallery-item {\n\t\t\t\tfloat: left;\n\t\t\t\tmargin-top: 10px;\n\t\t\t\ttext-align: center;\n\t\t\t\twidth: 33%;\n\t\t\t}\n\t\t\t#gallery-1 img {\n\t\t\t\tborder: 2px solid #cfcfcf;\n\t\t\t}\n\t\t\t#gallery-1 .gallery-caption {\n\t\t\t\tmargin-left: 0;\n\t\t\t}\n\t\t\t\/* see gallery_shortcode() in wp-includes\/media.php *\/\n\t\t<\/style>\n\t\t<div id='gallery-1' class='gallery galleryid-5751 gallery-columns-3 gallery-size-thumbnail'><dl class='gallery-item'>\n\t\t\t<dt class='gallery-icon landscape'>\n\t\t\t\t<a href='https:\/\/parquetantauco.cl\/pt\/masiva-participacion-parque-tantauco-participa-de-la-segunda-version-del-festival-isla-de-hongos-de-chiloe\/diseno-sin-titulo-2-3\/#main'><img loading=\"lazy\" decoding=\"async\" width=\"150\" height=\"150\" src=\"https:\/\/parquetantauco.cl\/wp-content\/uploads\/2025\/04\/Diseno-sin-titulo-2-150x150.jpg\" class=\"attachment-thumbnail size-thumbnail\" alt=\"\" \/><\/a>\n\t\t\t<\/dt><\/dl><dl class='gallery-item'>\n\t\t\t<dt class='gallery-icon landscape'>\n\t\t\t\t<a href='https:\/\/parquetantauco.cl\/pt\/masiva-participacion-parque-tantauco-participa-de-la-segunda-version-del-festival-isla-de-hongos-de-chiloe\/diseno-sin-titulo-5-2\/#main'><img loading=\"lazy\" decoding=\"async\" width=\"150\" height=\"150\" src=\"https:\/\/parquetantauco.cl\/wp-content\/uploads\/2025\/04\/Diseno-sin-titulo-5-150x150.jpg\" class=\"attachment-thumbnail size-thumbnail\" alt=\"\" \/><\/a>\n\t\t\t<\/dt><\/dl><dl class='gallery-item'>\n\t\t\t<dt class='gallery-icon landscape'>\n\t\t\t\t<a href='https:\/\/parquetantauco.cl\/pt\/programas-comunitarios\/festivales-medioambientales\/img_4281\/#main'><img loading=\"lazy\" decoding=\"async\" width=\"150\" height=\"150\" src=\"https:\/\/parquetantauco.cl\/wp-content\/uploads\/2025\/05\/IMG_4281-150x150.jpg\" class=\"attachment-thumbnail size-thumbnail\" alt=\"\" srcset=\"https:\/\/parquetantauco.cl\/wp-content\/uploads\/2025\/05\/IMG_4281-150x150.jpg 150w, https:\/\/parquetantauco.cl\/wp-content\/uploads\/2025\/05\/IMG_4281-770x770.jpg 770w\" sizes=\"auto, (max-width: 150px) 100vw, 150px\" \/><\/a>\n\t\t\t<\/dt><\/dl><br style=\"clear: both\" \/><dl class='gallery-item'>\n\t\t\t<dt class='gallery-icon landscape'>\n\t\t\t\t<a href='https:\/\/parquetantauco.cl\/pt\/programas-comunitarios\/festivales-medioambientales\/default-6\/#main'><img loading=\"lazy\" decoding=\"async\" width=\"150\" height=\"150\" src=\"https:\/\/parquetantauco.cl\/wp-content\/uploads\/2025\/05\/DJI_20250426174317_0226_D-150x150.jpg\" class=\"attachment-thumbnail size-thumbnail\" alt=\"\" srcset=\"https:\/\/parquetantauco.cl\/wp-content\/uploads\/2025\/05\/DJI_20250426174317_0226_D-150x150.jpg 150w, https:\/\/parquetantauco.cl\/wp-content\/uploads\/2025\/05\/DJI_20250426174317_0226_D-770x770.jpg 770w\" sizes=\"auto, (max-width: 150px) 100vw, 150px\" \/><\/a>\n\t\t\t<\/dt><\/dl><dl class='gallery-item'>\n\t\t\t<dt class='gallery-icon landscape'>\n\t\t\t\t<a href='https:\/\/parquetantauco.cl\/pt\/masiva-participacion-parque-tantauco-participa-de-la-segunda-version-del-festival-isla-de-hongos-de-chiloe\/diseno-sin-titulo-3-2\/#main'><img loading=\"lazy\" decoding=\"async\" width=\"150\" height=\"150\" src=\"https:\/\/parquetantauco.cl\/wp-content\/uploads\/2025\/04\/Diseno-sin-titulo-3-150x150.jpg\" class=\"attachment-thumbnail size-thumbnail\" alt=\"\" \/><\/a>\n\t\t\t<\/dt><\/dl><dl class='gallery-item'>\n\t\t\t<dt class='gallery-icon landscape'>\n\t\t\t\t<a href='https:\/\/parquetantauco.cl\/pt\/programas-comunitarios\/festivales-medioambientales\/default-7\/#main'><img loading=\"lazy\" decoding=\"async\" width=\"150\" height=\"150\" src=\"https:\/\/parquetantauco.cl\/wp-content\/uploads\/2025\/05\/DJI_20250425094434_0683_D-150x150.jpg\" class=\"attachment-thumbnail size-thumbnail\" alt=\"\" srcset=\"https:\/\/parquetantauco.cl\/wp-content\/uploads\/2025\/05\/DJI_20250425094434_0683_D-150x150.jpg 150w, https:\/\/parquetantauco.cl\/wp-content\/uploads\/2025\/05\/DJI_20250425094434_0683_D-770x770.jpg 770w\" sizes=\"auto, (max-width: 150px) 100vw, 150px\" \/><\/a>\n\t\t\t<\/dt><\/dl><br style=\"clear: both\" \/><dl class='gallery-item'>\n\t\t\t<dt class='gallery-icon landscape'>\n\t\t\t\t<a href='https:\/\/parquetantauco.cl\/pt\/programas-comunitarios\/festivales-medioambientales\/default-8\/#main'><img loading=\"lazy\" decoding=\"async\" width=\"150\" height=\"150\" src=\"https:\/\/parquetantauco.cl\/wp-content\/uploads\/2025\/05\/DJI_20250425164118_0929_D-150x150.jpg\" class=\"attachment-thumbnail size-thumbnail\" alt=\"\" srcset=\"https:\/\/parquetantauco.cl\/wp-content\/uploads\/2025\/05\/DJI_20250425164118_0929_D-150x150.jpg 150w, https:\/\/parquetantauco.cl\/wp-content\/uploads\/2025\/05\/DJI_20250425164118_0929_D-770x770.jpg 770w\" sizes=\"auto, (max-width: 150px) 100vw, 150px\" \/><\/a>\n\t\t\t<\/dt><\/dl><dl class='gallery-item'>\n\t\t\t<dt class='gallery-icon landscape'>\n\t\t\t\t<a href='https:\/\/parquetantauco.cl\/pt\/programas-comunitarios\/festivales-medioambientales\/default-9\/#main'><img loading=\"lazy\" decoding=\"async\" width=\"150\" height=\"150\" src=\"https:\/\/parquetantauco.cl\/wp-content\/uploads\/2025\/05\/DJI_20250426123509_0991_D-150x150.jpg\" class=\"attachment-thumbnail size-thumbnail\" alt=\"\" srcset=\"https:\/\/parquetantauco.cl\/wp-content\/uploads\/2025\/05\/DJI_20250426123509_0991_D-150x150.jpg 150w, https:\/\/parquetantauco.cl\/wp-content\/uploads\/2025\/05\/DJI_20250426123509_0991_D-770x770.jpg 770w\" sizes=\"auto, (max-width: 150px) 100vw, 150px\" \/><\/a>\n\t\t\t<\/dt><\/dl><dl class='gallery-item'>\n\t\t\t<dt class='gallery-icon landscape'>\n\t\t\t\t<a href='https:\/\/parquetantauco.cl\/pt\/programas-comunitarios\/festivales-medioambientales\/default-10\/#main'><img loading=\"lazy\" decoding=\"async\" width=\"150\" height=\"150\" src=\"https:\/\/parquetantauco.cl\/wp-content\/uploads\/2025\/05\/DJI_20250426124859_0045_D-150x150.jpg\" class=\"attachment-thumbnail size-thumbnail\" alt=\"\" srcset=\"https:\/\/parquetantauco.cl\/wp-content\/uploads\/2025\/05\/DJI_20250426124859_0045_D-150x150.jpg 150w, https:\/\/parquetantauco.cl\/wp-content\/uploads\/2025\/05\/DJI_20250426124859_0045_D-770x770.jpg 770w\" sizes=\"auto, (max-width: 150px) 100vw, 150px\" \/><\/a>\n\t\t\t<\/dt><\/dl><br style=\"clear: both\" \/>\n\t\t<\/div>\n<\/div><\/div><\/div><\/div>","protected":false},"excerpt":{"rendered":"<p>Como una forma de innovar en la vinculaci\u00f3n con la ciudadan\u00eda en general y el p\u00fablico interesado en materias y problem\u00e1ticas de la conservaci\u00f3n, el Parque Tantauco se ha articulado con diversos actores del territorio, como municipios, instituciones culturales, la comunidad educativa y organizaciones civiles de protecci\u00f3n del medio ambiente, para organizar festivales vinculados a [&hellip;]<\/p>\n","protected":false},"author":5,"featured_media":6677,"parent":3687,"menu_order":0,"comment_status":"closed","ping_status":"closed","template":"","meta":{"_acf_changed":false,"inline_featured_image":false,"_uag_custom_page_level_css":"","ngg_post_thumbnail":0,"footnotes":""},"class_list":["post-5751","page","type-page","status-publish","has-post-thumbnail","hentry"],"acf":[],"aioseo_notices":[],"uagb_featured_image_src":{"full":["https:\/\/parquetantauco.cl\/wp-content\/uploads\/2025\/09\/ParqueTantauco_Festivales-Medioambientales.jpg",1900,500,false],"thumbnail":["https:\/\/parquetantauco.cl\/wp-content\/uploads\/2025\/09\/ParqueTantauco_Festivales-Medioambientales-150x150.jpg",150,150,true],"medium":["https:\/\/parquetantauco.cl\/wp-content\/uploads\/2025\/09\/ParqueTantauco_Festivales-Medioambientales-300x79.jpg",300,79,true],"medium_large":["https:\/\/parquetantauco.cl\/wp-content\/uploads\/2025\/09\/ParqueTantauco_Festivales-Medioambientales-768x202.jpg",768,202,true],"large":["https:\/\/parquetantauco.cl\/wp-content\/uploads\/2025\/09\/ParqueTantauco_Festivales-Medioambientales-1024x269.jpg",770,202,true],"1536x1536":["https:\/\/parquetantauco.cl\/wp-content\/uploads\/2025\/09\/ParqueTantauco_Festivales-Medioambientales-1536x404.jpg",1536,404,true],"2048x2048":["https:\/\/parquetantauco.cl\/wp-content\/uploads\/2025\/09\/ParqueTantauco_Festivales-Medioambientales.jpg",1900,500,false],"multimedia":["https:\/\/parquetantauco.cl\/wp-content\/uploads\/2025\/09\/ParqueTantauco_Festivales-Medioambientales-480x360.jpg",480,360,true],"multimedia-big":["https:\/\/parquetantauco.cl\/wp-content\/uploads\/2025\/09\/ParqueTantauco_Festivales-Medioambientales-770x500.jpg",770,500,true],"sow-carousel-default":["https:\/\/parquetantauco.cl\/wp-content\/uploads\/2025\/09\/ParqueTantauco_Festivales-Medioambientales-272x182.jpg",272,182,true]},"uagb_author_info":{"display_name":"Nicol\u00e1s Mes\u00edas","author_link":"https:\/\/parquetantauco.cl\/pt\/author\/nicolas-mesias\/"},"uagb_comment_info":0,"uagb_excerpt":"Como una forma de innovar en la vinculaci\u00f3n con la ciudadan\u00eda en general y el p\u00fablico interesado en materias y problem\u00e1ticas de la conservaci\u00f3n, el Parque Tantauco se ha articulado con diversos actores del territorio, como municipios, instituciones culturales, la comunidad educativa y organizaciones civiles de protecci\u00f3n del medio ambiente, para organizar festivales vinculados a&hellip;","_links":{"self":[{"href":"https:\/\/parquetantauco.cl\/pt\/wp-json\/wp\/v2\/pages\/5751","targetHints":{"allow":["GET"]}}],"collection":[{"href":"https:\/\/parquetantauco.cl\/pt\/wp-json\/wp\/v2\/pages"}],"about":[{"href":"https:\/\/parquetantauco.cl\/pt\/wp-json\/wp\/v2\/types\/page"}],"author":[{"embeddable":true,"href":"https:\/\/parquetantauco.cl\/pt\/wp-json\/wp\/v2\/users\/5"}],"replies":[{"embeddable":true,"href":"https:\/\/parquetantauco.cl\/pt\/wp-json\/wp\/v2\/comments?post=5751"}],"version-history":[{"count":8,"href":"https:\/\/parquetantauco.cl\/pt\/wp-json\/wp\/v2\/pages\/5751\/revisions"}],"predecessor-version":[{"id":6251,"href":"https:\/\/parquetantauco.cl\/pt\/wp-json\/wp\/v2\/pages\/5751\/revisions\/6251"}],"up":[{"embeddable":true,"href":"https:\/\/parquetantauco.cl\/pt\/wp-json\/wp\/v2\/pages\/3687"}],"wp:featuredmedia":[{"embeddable":true,"href":"https:\/\/parquetantauco.cl\/pt\/wp-json\/wp\/v2\/media\/6677"}],"wp:attachment":[{"href":"https:\/\/parquetantauco.cl\/pt\/wp-json\/wp\/v2\/media?parent=5751"}],"curies":[{"name":"wp","href":"https:\/\/api.w.org\/{rel}","templated":true}]}}