{"id":6116,"date":"2025-02-18T13:28:35","date_gmt":"2025-02-18T13:28:35","guid":{"rendered":"https:\/\/parquetantauco.cl\/?page_id=6116"},"modified":"2025-02-28T18:03:04","modified_gmt":"2025-02-28T18:03:04","slug":"travesia-cultural-postulacion-2025","status":"publish","type":"page","link":"https:\/\/parquetantauco.cl\/pt\/educacion-ambiental\/travesia-cultural\/travesia-cultural-postulacion-2025\/","title":{"rendered":"Como chegar?"},"content":{"rendered":"<div id=\"pl-6116\"  class=\"panel-layout\" ><div id=\"pg-6116-0\"  class=\"panel-grid panel-no-style\" ><div id=\"pgc-6116-0-0\"  class=\"panel-grid-cell\" ><div id=\"panel-6116-0-0-0\" class=\"so-panel widget widget_sow-editor panel-first-child\" data-index=\"0\" ><div\n\t\t\t\n\t\t\tclass=\"so-widget-sow-editor so-widget-sow-editor-base\"\n\t\t\t\n\t\t>\n<div class=\"siteorigin-widget-tinymce textwidget\">\n\t<p data-pm-slice=\"1 1 []\">El programa Traves\u00eda Cultural al Parque Tantauco est\u00e1 dise\u00f1ado para estudiantes de educaci\u00f3n b\u00e1sica, ofreciendo una experiencia educativa integral a trav\u00e9s de dos talleres que permiten explorar y comprender su entorno natural y cultural. Las actividades se desarrollan tanto en el aula como en terreno, con una visita al sendero Yaldad, ubicado en el sector norte del Parque Tantauco. Este programa destaca la riqueza cultural de los pueblos Chono y Huilliche, as\u00ed como la biodiversidad de Chilo\u00e9 y su conexi\u00f3n con las tradiciones y la vida actual en el archipi\u00e9lago.<\/p>\n<p>Traves\u00eda Cultural al Parque Tantauco es un programa completamente gratuito para los establecimientos seleccionados. Incluye talleres guiados en el aula, interpretaci\u00f3n ambiental en terreno, traslado desde el establecimiento al parque, una gu\u00eda del bosque norpatag\u00f3nico como obsequio para los estudiantes y colaciones para todos los participantes.<\/p>\n<p><a href=\"https:\/\/parquetantauco.cl\/wp-content\/uploads\/2025\/02\/travesia.jpg\"><img loading=\"lazy\" decoding=\"async\" class=\"aligncenter wp-image-6067 size-large\" src=\"https:\/\/parquetantauco.cl\/wp-content\/uploads\/2025\/02\/travesia-1024x269.jpg\" alt=\"\" width=\"770\" height=\"202\" srcset=\"https:\/\/parquetantauco.cl\/wp-content\/uploads\/2025\/02\/travesia-1024x269.jpg 1024w, https:\/\/parquetantauco.cl\/wp-content\/uploads\/2025\/02\/travesia-300x79.jpg 300w, https:\/\/parquetantauco.cl\/wp-content\/uploads\/2025\/02\/travesia-768x202.jpg 768w, https:\/\/parquetantauco.cl\/wp-content\/uploads\/2025\/02\/travesia-1536x404.jpg 1536w, https:\/\/parquetantauco.cl\/wp-content\/uploads\/2025\/02\/travesia.jpg 1900w\" sizes=\"auto, (max-width: 770px) 100vw, 770px\" \/><\/a><\/p>\n<p data-pm-slice=\"1 3 []\"><strong>\u00bfC\u00f3mo postular al programa Traves\u00eda Cultural al Parque Tantauco?<\/strong><\/p>\n<p>Para postular, debe hacer clic en la casilla \u201cFormulario de Postulaci\u00f3n\u201d y completar los siguientes datos: nombre del establecimiento, cantidad de estudiantes de quinto o sexto b\u00e1sico, nombre y contacto de los profesores responsables. Adem\u00e1s, debe adjuntar una <strong><a href=\"https:\/\/parquetantauco.cl\/wp-content\/uploads\/2025\/02\/Carta-Director.a.pdf\" target=\"_blank\" rel=\"noopener\">carta de consentimiento del director (descargue el formato aqu\u00ed)<\/a>.<\/strong> Es importante verificar que toda la informaci\u00f3n y documentaci\u00f3n adjunta sea correcta antes de enviar la postulaci\u00f3n.<\/p>\n<p>Para conocer el contenido de las clases, puede descargar el temario aqu\u00ed: <a href=\"https:\/\/parquetantauco.cl\/wp-content\/uploads\/2025\/02\/Programa-travesiaTantauco.pdf\">\"DETALLE DEL PROGRAMA\"<\/a><\/p>\n<p><a href=\"https:\/\/forms.gle\/csDjxDCyPGu87ej46\"><b>ENLACE AL FORMULARIO DE POSTULACI\u00d3N<\/b><\/a><\/p>\n<p><strong>Requisitos para postular:<\/strong><\/p>\n<ul data-spread=\"false\">\n<li>Ser un colegio municipal o particular subvencionado de la provincia de Chilo\u00e9 que cuente con cursos de quinto y sexto b\u00e1sico.<\/li>\n<li>Disponer de una hora para el taller 1 en aula y de un d\u00eda completo para el taller 2 en terreno.<\/li>\n<li>Compromiso de dos profesores para apoyar las actividades tanto en la sala de clases como durante la visita al Parque Tantauco.<\/li>\n<li>Carta de consentimiento firmada por el director.&nbsp;<\/li>\n<\/ul>\n<p>&nbsp;<\/p>\n<p><strong>Metodolog\u00eda:<\/strong><\/p>\n<p>El programa Traves\u00eda Cultural a Tantauco se realiza en dos sesiones, siendo la primera una presentaci\u00f3n que se realizar\u00e1 en la escuela con el curso seleccionado, se realizar\u00e1 en la sala clase y funcionar\u00e1 como introducci\u00f3n a temas que se revisar\u00e1n durante la segunda clase que se llevar\u00e1 a cabo en terreno, donde los alumnos visitar\u00e1n el sector Yaldad de Parque Tantauco.<\/p>\n<p>El programa no tiene ning\u00fan costo para los establecimientos que sean seleccionados.<\/p>\n<p>Conoce las versiones anteriores:<\/p>\n<p><a href=\"https:\/\/parquetantauco.cl\/educacion-ambiental\/travesia-cultural\/travesia-2022\/\"><strong>Durante el 2022, 670 alumnos participaron del Traves\u00eda Cultural a Tantauco<\/strong><\/a><\/p>\n<p><a href=\"https:\/\/parquetantauco.cl\/educacion-ambiental\/travesia-cultural\/travesia-cultural-2023\/\"><strong>Durante el 2023, 1.040 alumnos participaron del Traves\u00eda Cultural a Tantauco<\/strong><\/a><\/p>\n<p><a href=\"https:\/\/parquetantauco.cl\/educacion-ambiental\/travesia-cultural\/postulaciones-2024\/\"><strong>Durante el 2024, 1.460 alumnos participaron del Traves\u00eda Cultural a Tantauco<\/strong><\/a><\/p>\n<\/div>\n<\/div><\/div><div id=\"panel-6116-0-0-1\" class=\"so-panel widget widget_sow-editor\" data-index=\"1\" ><div class=\"panel-widget-style panel-widget-style-for-6116-0-0-1\" ><div\n\t\t\t\n\t\t\tclass=\"so-widget-sow-editor so-widget-sow-editor-base\"\n\t\t\t\n\t\t>\n<div class=\"siteorigin-widget-tinymce textwidget\">\n\t<p data-pm-slice=\"1 3 []\"><strong>OBJETIVOS DEL PROGRAMA:<\/strong><\/p>\n<ul data-spread=\"false\">\n<li>Brindar contenidos educativos a las comunidades escolares, basados en la cultura local, el cuidado ambiental y las tradiciones de los pueblos originarios Chono y Huilliche, conect\u00e1ndolos con las costumbres actuales del Archipi\u00e9lago de Chilo\u00e9.<\/li>\n<li>Fomentar un v\u00ednculo significativo entre los establecimientos educacionales, la comunidad escolar y los estudiantes con su entorno natural, permiti\u00e9ndoles explorar y conocer la biodiversidad de su propia isla durante las actividades del programa.<\/li>\n<li>Resaltar las vivencias y tradiciones de los pueblos originarios, especialmente del pueblo Chono, y su estrecha relaci\u00f3n con el mar y los bosques, ofreciendo una experiencia al aire libre que inspire a proteger y valorar el entorno natural de Chilo\u00e9.<\/li>\n<li>Promover el respeto y apego de los estudiantes hacia la naturaleza, entregando herramientas para cuidar un medio ambiente amenazado por la intervenci\u00f3n humana, y desarrollando habilidades de observaci\u00f3n de la flora y fauna presentes en el parque, ecosistema donde habitaron estos pueblos originarios.<\/li>\n<\/ul>\n<\/div>\n<\/div><\/div><\/div><div id=\"panel-6116-0-0-2\" class=\"so-panel widget widget_sow-editor\" data-index=\"2\" ><div class=\"panel-widget-style panel-widget-style-for-6116-0-0-2\" ><div\n\t\t\t\n\t\t\tclass=\"so-widget-sow-editor so-widget-sow-editor-base\"\n\t\t\t\n\t\t>\n<div class=\"siteorigin-widget-tinymce textwidget\">\n\t<p>Para dudas y consultas escr\u00edbanos a:&nbsp;<a href=\"mailto:educacionambiental@parquetantauco.cl\"><strong>educacionambiental@parquetantauco.cl<\/strong><\/a><\/p>\n<p><strong>Programa gratuito acogido a la Ley de Donaciones Culturales.<\/strong><\/p>\n<\/div>\n<\/div><\/div><\/div><div id=\"panel-6116-0-0-3\" class=\"so-panel widget widget_sow-button panel-last-child\" data-index=\"3\" ><div\n\t\t\t\n\t\t\tclass=\"so-widget-sow-button so-widget-sow-button-flat-6e6104286043-6116\"\n\t\t\t\n\t\t><div class=\"ow-button-base ow-button-align-left\"\n>\n\t\t\t<a\n\t\t\t\t\thref=\"https:\/\/docs.google.com\/forms\/d\/15OzFJHHmozoejEtgYr6GObG-Il6K0BJlfkr3MbYSzh8\/viewform?edit_requested=true\"\n\t\t\t\t\tclass=\"sowb-button ow-icon-placement-left ow-button-hover\" target=\"_blank\" rel=\"noopener noreferrer\" \t>\n\t\t<span>\n\t\t\t\n\t\t\tFORMULARIO POSTULACI\u00d3N TRAVES\u00cdA CULTURAL 2025\t\t<\/span>\n\t\t\t<\/a>\n\t<\/div>\n<\/div><\/div><\/div><\/div><div id=\"pg-6116-1\"  class=\"panel-grid panel-no-style\" ><div id=\"pgc-6116-1-0\"  class=\"panel-grid-cell panel-grid-cell-empty\" ><\/div><div id=\"pgc-6116-1-1\"  class=\"panel-grid-cell panel-grid-cell-empty panel-grid-cell-mobile-last\" ><\/div><div id=\"pgc-6116-1-2\"  class=\"panel-grid-cell panel-grid-cell-empty\" ><\/div><\/div><\/div>","protected":false},"excerpt":{"rendered":"<p>El programa Traves\u00eda Cultural al Parque Tantauco est\u00e1 dise\u00f1ado para estudiantes de educaci\u00f3n b\u00e1sica, ofreciendo una experiencia educativa integral a trav\u00e9s de dos talleres que permiten explorar y comprender su entorno natural y cultural. Las actividades se desarrollan tanto en el aula como en terreno, con una visita al sendero Yaldad, ubicado en el sector [&hellip;]<\/p>\n","protected":false},"author":5,"featured_media":4780,"parent":3667,"menu_order":0,"comment_status":"closed","ping_status":"closed","template":"","meta":{"_acf_changed":false,"inline_featured_image":false,"_uag_custom_page_level_css":"","ngg_post_thumbnail":0,"footnotes":""},"class_list":["post-6116","page","type-page","status-publish","has-post-thumbnail","hentry"],"acf":[],"aioseo_notices":[],"uagb_featured_image_src":{"full":["https:\/\/parquetantauco.cl\/wp-content\/uploads\/2023\/12\/20230706_111055-scaled.jpg",2560,1153,false],"thumbnail":["https:\/\/parquetantauco.cl\/wp-content\/uploads\/2023\/12\/20230706_111055-150x150.jpg",150,150,true],"medium":["https:\/\/parquetantauco.cl\/wp-content\/uploads\/2023\/12\/20230706_111055-300x135.jpg",300,135,true],"medium_large":["https:\/\/parquetantauco.cl\/wp-content\/uploads\/2023\/12\/20230706_111055-768x346.jpg",768,346,true],"large":["https:\/\/parquetantauco.cl\/wp-content\/uploads\/2023\/12\/20230706_111055-1024x461.jpg",770,347,true],"1536x1536":["https:\/\/parquetantauco.cl\/wp-content\/uploads\/2023\/12\/20230706_111055-1536x692.jpg",1536,692,true],"2048x2048":["https:\/\/parquetantauco.cl\/wp-content\/uploads\/2023\/12\/20230706_111055-2048x922.jpg",2048,922,true],"multimedia":["https:\/\/parquetantauco.cl\/wp-content\/uploads\/2023\/12\/20230706_111055-480x360.jpg",480,360,true],"multimedia-big":["https:\/\/parquetantauco.cl\/wp-content\/uploads\/2023\/12\/20230706_111055-770x770.jpg",770,770,true],"sow-carousel-default":["https:\/\/parquetantauco.cl\/wp-content\/uploads\/2023\/12\/20230706_111055-272x182.jpg",272,182,true]},"uagb_author_info":{"display_name":"Nicol\u00e1s Mes\u00edas","author_link":"https:\/\/parquetantauco.cl\/pt\/author\/nicolas-mesias\/"},"uagb_comment_info":0,"uagb_excerpt":"El programa Traves\u00eda Cultural al Parque Tantauco est\u00e1 dise\u00f1ado para estudiantes de educaci\u00f3n b\u00e1sica, ofreciendo una experiencia educativa integral a trav\u00e9s de dos talleres que permiten explorar y comprender su entorno natural y cultural. Las actividades se desarrollan tanto en el aula como en terreno, con una visita al sendero Yaldad, ubicado en el sector&hellip;","_links":{"self":[{"href":"https:\/\/parquetantauco.cl\/pt\/wp-json\/wp\/v2\/pages\/6116","targetHints":{"allow":["GET"]}}],"collection":[{"href":"https:\/\/parquetantauco.cl\/pt\/wp-json\/wp\/v2\/pages"}],"about":[{"href":"https:\/\/parquetantauco.cl\/pt\/wp-json\/wp\/v2\/types\/page"}],"author":[{"embeddable":true,"href":"https:\/\/parquetantauco.cl\/pt\/wp-json\/wp\/v2\/users\/5"}],"replies":[{"embeddable":true,"href":"https:\/\/parquetantauco.cl\/pt\/wp-json\/wp\/v2\/comments?post=6116"}],"version-history":[{"count":7,"href":"https:\/\/parquetantauco.cl\/pt\/wp-json\/wp\/v2\/pages\/6116\/revisions"}],"predecessor-version":[{"id":6146,"href":"https:\/\/parquetantauco.cl\/pt\/wp-json\/wp\/v2\/pages\/6116\/revisions\/6146"}],"up":[{"embeddable":true,"href":"https:\/\/parquetantauco.cl\/pt\/wp-json\/wp\/v2\/pages\/3667"}],"wp:featuredmedia":[{"embeddable":true,"href":"https:\/\/parquetantauco.cl\/pt\/wp-json\/wp\/v2\/media\/4780"}],"wp:attachment":[{"href":"https:\/\/parquetantauco.cl\/pt\/wp-json\/wp\/v2\/media?parent=6116"}],"curies":[{"name":"wp","href":"https:\/\/api.w.org\/{rel}","templated":true}]}}