{"id":6190,"date":"2025-03-31T18:25:25","date_gmt":"2025-03-31T18:25:25","guid":{"rendered":"https:\/\/parquetantauco.cl\/?page_id=6190"},"modified":"2025-07-23T14:15:05","modified_gmt":"2025-07-23T14:15:05","slug":"descubriendo-tantauco","status":"publish","type":"page","link":"https:\/\/parquetantauco.cl\/pt\/programas-comunitarios\/descubriendo-tantauco\/","title":{"rendered":"Como chegar?"},"content":{"rendered":"<div id=\"pl-6190\"  class=\"panel-layout\" ><div id=\"pg-6190-0\"  class=\"panel-grid panel-no-style\" ><div id=\"pgc-6190-0-0\"  class=\"panel-grid-cell\" ><div id=\"panel-6190-0-0-0\" class=\"so-panel widget widget_sow-editor panel-first-child panel-last-child\" data-index=\"0\" ><div\n\t\t\t\n\t\t\tclass=\"so-widget-sow-editor so-widget-sow-editor-base\"\n\t\t\t\n\t\t>\n<div class=\"siteorigin-widget-tinymce textwidget\">\n\t<p>\"Descubriendo Tantauco\" es una invitaci\u00f3n a vivir el Parque Tantauco desde adentro. A trav\u00e9s de recorridos guiados por el \u00e1rea norte del parque \u2014espec\u00edficamente en el sector de la Porter\u00eda Yaldad\u2014 este programa busca acercar a las personas a la belleza, diversidad y valor ecol\u00f3gico del archipi\u00e9lago de Chilo\u00e9. Los visitantes no solo conocer\u00e1n una de las iniciativas privadas de conservaci\u00f3n m\u00e1s importantes del pa\u00eds, sino que tambi\u00e9n podr\u00e1n recorrer senderos inmersos en un bosque nativo milenario, observar aves, descubrir hongos \u00fanicos y conocer de cerca la flora y fauna que hacen de este lugar un verdadero tesoro natural.<\/p>\n<p>Este espacio de aprendizaje y conexi\u00f3n al aire libre tambi\u00e9n promueve la reflexi\u00f3n sobre las principales amenazas ambientales que enfrenta el territorio insular, y fomenta el compromiso activo con su cuidado.<\/p>\n<p><strong>JEFE DE PROYECTO:\u00a0<\/strong>Dami\u00e1n Vald\u00e9s P.<\/p>\n<p><strong>OBJETIVO<br \/>\n<\/strong><\/p>\n<p>Ofrecer una experiencia educativa y significativa que permita a los participantes conocer el Parque Tantauco y comprender la relevancia del trabajo de conservaci\u00f3n que se realiza en \u00e9l. A trav\u00e9s de caminatas guiadas, el programa busca fortalecer la conciencia ambiental y motivar a los participantes a ser parte de la soluci\u00f3n frente a los desaf\u00edos ecol\u00f3gicos que enfrentamos como sociedad.<\/p>\n<p><strong>DIRIGIDO A:<\/strong><\/p>\n<p>A toda la comunidad: agrupaciones sociales, instituciones p\u00fablicas y privadas, organizaciones comunitarias y cualquier grupo interesado en conocer el Parque Tantauco y fortalecer su v\u00ednculo con la naturaleza.<\/p>\n<p><strong>CIFRAS DESTACADAS:<\/strong><\/p>\n<ul>\n<li><strong>2023:<\/strong> 19 grupos participantes \/ 530 beneficiarios directos.<\/li>\n<li><strong>2024:<\/strong> 18 grupos \/ 610 beneficiarios.<\/li>\n<\/ul>\n<p>&nbsp;<\/p>\n<p><strong>SI TIENES UN GRUPO QUE QUIERE VISITARNOS NO DUDES EN ESCRIBIRNOS A COMUNIDAD@PARQUETANTAUCO.CL Y AGENDAREMOS TU VISITA Y UN RECORRIDO GUIADO POR NUESTROS SENDEROS<\/strong><\/p>\n<p>&nbsp;<\/p>\n<p>PROYECTO ACOGIDO A LEY DE DONACIONES CULTURALES<\/p>\n<\/div>\n<\/div><\/div><\/div><\/div><div id=\"pg-6190-1\"  class=\"panel-grid panel-no-style\" ><div id=\"pgc-6190-1-0\"  class=\"panel-grid-cell\" ><div id=\"panel-6190-1-0-0\" class=\"so-panel widget widget_sow-editor panel-first-child panel-last-child\" data-index=\"1\" ><div\n\t\t\t\n\t\t\tclass=\"so-widget-sow-editor so-widget-sow-editor-base\"\n\t\t\t\n\t\t>\n<div class=\"siteorigin-widget-tinymce textwidget\">\n\tngg_shortcode_0_placeholder\n<\/div>\n<\/div><\/div><\/div><\/div><\/div>","protected":false},"excerpt":{"rendered":"<p>&#8220;Descubriendo Tantauco&#8221; es una invitaci\u00f3n a vivir el Parque Tantauco desde adentro. A trav\u00e9s de recorridos guiados por el \u00e1rea norte del parque \u2014espec\u00edficamente en el sector de la Porter\u00eda Yaldad\u2014 este programa busca acercar a las personas a la belleza, diversidad y valor ecol\u00f3gico del archipi\u00e9lago de Chilo\u00e9. Los visitantes no solo conocer\u00e1n una [&hellip;]<\/p>\n","protected":false},"author":5,"featured_media":6192,"parent":3687,"menu_order":0,"comment_status":"closed","ping_status":"closed","template":"","meta":{"_acf_changed":false,"inline_featured_image":false,"_uag_custom_page_level_css":"","ngg_post_thumbnail":0,"footnotes":""},"class_list":["post-6190","page","type-page","status-publish","has-post-thumbnail","hentry"],"acf":[],"aioseo_notices":[],"uagb_featured_image_src":{"full":["https:\/\/parquetantauco.cl\/wp-content\/uploads\/2025\/03\/Imagen1.jpg",770,577,false],"thumbnail":["https:\/\/parquetantauco.cl\/wp-content\/uploads\/2025\/03\/Imagen1-150x150.jpg",150,150,true],"medium":["https:\/\/parquetantauco.cl\/wp-content\/uploads\/2025\/03\/Imagen1-300x225.jpg",300,225,true],"medium_large":["https:\/\/parquetantauco.cl\/wp-content\/uploads\/2025\/03\/Imagen1-768x576.jpg",768,576,true],"large":["https:\/\/parquetantauco.cl\/wp-content\/uploads\/2025\/03\/Imagen1.jpg",770,577,false],"1536x1536":["https:\/\/parquetantauco.cl\/wp-content\/uploads\/2025\/03\/Imagen1.jpg",770,577,false],"2048x2048":["https:\/\/parquetantauco.cl\/wp-content\/uploads\/2025\/03\/Imagen1.jpg",770,577,false],"multimedia":["https:\/\/parquetantauco.cl\/wp-content\/uploads\/2025\/03\/Imagen1-480x360.jpg",480,360,true],"multimedia-big":["https:\/\/parquetantauco.cl\/wp-content\/uploads\/2025\/03\/Imagen1.jpg",770,577,false],"sow-carousel-default":["https:\/\/parquetantauco.cl\/wp-content\/uploads\/2025\/03\/Imagen1-272x182.jpg",272,182,true]},"uagb_author_info":{"display_name":"Nicol\u00e1s Mes\u00edas","author_link":"https:\/\/parquetantauco.cl\/pt\/author\/nicolas-mesias\/"},"uagb_comment_info":0,"uagb_excerpt":"\"Descubriendo Tantauco\" es una invitaci\u00f3n a vivir el Parque Tantauco desde adentro. A trav\u00e9s de recorridos guiados por el \u00e1rea norte del parque \u2014espec\u00edficamente en el sector de la Porter\u00eda Yaldad\u2014 este programa busca acercar a las personas a la belleza, diversidad y valor ecol\u00f3gico del archipi\u00e9lago de Chilo\u00e9. Los visitantes no solo conocer\u00e1n una&hellip;","_links":{"self":[{"href":"https:\/\/parquetantauco.cl\/pt\/wp-json\/wp\/v2\/pages\/6190","targetHints":{"allow":["GET"]}}],"collection":[{"href":"https:\/\/parquetantauco.cl\/pt\/wp-json\/wp\/v2\/pages"}],"about":[{"href":"https:\/\/parquetantauco.cl\/pt\/wp-json\/wp\/v2\/types\/page"}],"author":[{"embeddable":true,"href":"https:\/\/parquetantauco.cl\/pt\/wp-json\/wp\/v2\/users\/5"}],"replies":[{"embeddable":true,"href":"https:\/\/parquetantauco.cl\/pt\/wp-json\/wp\/v2\/comments?post=6190"}],"version-history":[{"count":5,"href":"https:\/\/parquetantauco.cl\/pt\/wp-json\/wp\/v2\/pages\/6190\/revisions"}],"predecessor-version":[{"id":6596,"href":"https:\/\/parquetantauco.cl\/pt\/wp-json\/wp\/v2\/pages\/6190\/revisions\/6596"}],"up":[{"embeddable":true,"href":"https:\/\/parquetantauco.cl\/pt\/wp-json\/wp\/v2\/pages\/3687"}],"wp:featuredmedia":[{"embeddable":true,"href":"https:\/\/parquetantauco.cl\/pt\/wp-json\/wp\/v2\/media\/6192"}],"wp:attachment":[{"href":"https:\/\/parquetantauco.cl\/pt\/wp-json\/wp\/v2\/media?parent=6190"}],"curies":[{"name":"wp","href":"https:\/\/api.w.org\/{rel}","templated":true}]}}